{"id":247989,"date":"2024-07-30T17:20:57","date_gmt":"2024-07-30T17:20:57","guid":{"rendered":"https:\/\/aguijontheater.org\/abel-gonzalez-melo\/"},"modified":"2024-08-14T00:49:22","modified_gmt":"2024-08-14T00:49:22","slug":"abel-gonzalez-melo","status":"publish","type":"page","link":"https:\/\/aguijontheater.org\/es\/volver-a-casa\/sobre-nosotros\/conjunto\/abel-gonzalez-melo\/","title":{"rendered":"Abel Gonz\u00e1lez Melo"},"content":{"rendered":"<p>[et_pb_section fb_built=\u00bb1&#8243; admin_label=\u00bbHeader\u00bb _builder_version=\u00bb4.27.0&#8243; use_background_color_gradient=\u00bbon\u00bb background_color_gradient_stops=\u00bbrgba(0,0,0,0.5) 0%|#000000 100%\u00bb background_color_gradient_overlays_image=\u00bbon\u00bb background_color_gradient_start=\u00bbrgba(0,0,0,0.5)\u00bb background_color_gradient_end=\u00bb#000000&#8243; background_image=\u00bbhttps:\/\/aguijontheater.org\/wp-content\/uploads\/\u00bb hover_enabled=\u00bb0&#8243; locked=\u00bboff\u00bb global_colors_info=\u00bb{}\u00bb sticky_enabled=\u00bb0&#8243;][et_pb_row _builder_version=\u00bb4.27.0&#8243; min_height=\u00bb150.4px\u00bb custom_margin=\u00bb-37px|auto|-103px|auto|false|false\u00bb custom_padding=\u00bb0px||||false|false\u00bb hover_enabled=\u00bb0&#8243; global_colors_info=\u00bb{}\u00bb disabled_on=\u00bboff|off|off\u00bb sticky_enabled=\u00bb0&#8243;][et_pb_column type=\u00bb4_4&#8243; _builder_version=\u00bb4.16&#8243; global_colors_info=\u00bb{}\u00bb][et_pb_text _builder_version=\u00bb4.24.2&#8243; text_text_color=\u00bbrgba(255,255,255,0.5)\u00bb text_font_size=\u00bb16px\u00bb text_line_height=\u00bb1.8em\u00bb header_font=\u00bbMontserrat|300||on|||||\u00bb header_font_size=\u00bb6vw\u00bb header_line_height=\u00bb1.2em\u00bb header_3_font=\u00bbMontserrat|700||on|||||\u00bb header_3_text_color=\u00bbrgba(255,255,255,0.5)\u00bb header_3_font_size=\u00bb16px\u00bb header_3_letter_spacing=\u00bb2px\u00bb header_3_line_height=\u00bb1.4em\u00bb background_layout=\u00bbdark\u00bb header_3_font_size_tablet=\u00bb14px\u00bb header_3_font_size_phone=\u00bb\u00bb header_3_font_size_last_edited=\u00bbon|phone\u00bb text_text_align=\u00bbleft\u00bb locked=\u00bboff\u00bb global_colors_info=\u00bb{}\u00bb]<\/p>\n<h3><span style=\"color: #ff0000;\">Asociado art\u00edstico<\/span><\/h3>\n<h1><a>Abel Gonz\u00e1lez Melo  <\/a><\/h1>\n<p>[\/et_pb_text][\/et_pb_column][\/et_pb_row][\/et_pb_section][et_pb_section fb_built=\u00bb1&#8243; admin_label=\u00bbCTA\u00bb _builder_version=\u00bb4.27.0&#8243; background_color=\u00bb#000000&#8243; min_height=\u00bb1019.8px\u00bb hover_enabled=\u00bb0&#8243; locked=\u00bboff\u00bb global_colors_info=\u00bb{}\u00bb sticky_enabled=\u00bb0&#8243;][et_pb_row _builder_version=\u00bb4.27.0&#8243; _module_preset=\u00bbdefault\u00bb min_height=\u00bb339.1px\u00bb custom_padding=\u00bb0px|||||\u00bb hover_enabled=\u00bb0&#8243; global_colors_info=\u00bb{}\u00bb disabled_on=\u00bboff|off|off\u00bb sticky_enabled=\u00bb0&#8243;][et_pb_column type=\u00bb4_4&#8243; _builder_version=\u00bb4.16&#8243; _module_preset=\u00bbdefault\u00bb global_colors_info=\u00bb{}\u00bb][et_pb_team_member image_url=\u00bbhttps:\/\/aguijontheater.org\/wp-content\/uploads\/2024\/07\/Screen-Shot-2024-07-30-at-11.33.05.png\u00bb _builder_version=\u00bb4.24.2&#8243; _module_preset=\u00bbdefault\u00bb header_font=\u00bb|800|||||||\u00bb body_font_size=\u00bb18px\u00bb border_radii_image=\u00bboff||||\u00bb border_color_left_image=\u00bbRGBA(0,0,0,0)\u00bb global_colors_info=\u00bb{}\u00bb]<\/p>\n<p style=\"text-align: left;\"><strong>Abel Gonz\u00e1lez Melo<\/strong> (La Habana, 1980) es un dramaturgo, director teatral y educador cubano-espa\u00f1ol.<br \/>\nEs Doctor en Estudios Literarios y M\u00e1ster en Teatro por la Universidad Complutense de Madrid, y Licenciado en Estudios Teatrales por la Universidad de las Artes de Cuba. <\/p>\n<p style=\"text-align: left;\">Entre sus obras, estrenadas y publicadas en m\u00e1s de veinte pa\u00edses y traducidas a doce idiomas, destacan \u00abChamaco\u00bb (Premio Embajada de Espa\u00f1a en Cuba 2005), \u00abTalco\u00bb (Premio Instituto Goethe de Cuba 2009), \u00abMec\u00e1nica\u00bb (Premio Uni\u00f3n de Escritores y Artistas de Cuba 2014), \u00abEpopeya\u00bb (Premio Virgilio Pi\u00f1era 2014), \u00abBayamesa\u00bb (Premio Internacional Casa de las Am\u00e9ricas 2020), \u00abIntemperie\u00bb (Premio Fundaci\u00f3n Ciudad de Santa Clara 2021) y \u00abEn busca de La Peregrina\u00bb (Beca Leonardo BBVA 2022).<\/p>\n<p style=\"text-align: left;\">Ha recibido el Premio Alejo Carpentier de Ensayo 2009, el Premio de Cr\u00edtica Literaria en tres ocasiones, el Premio Villanueva de Cr\u00edtica Teatral en cinco ocasiones y el Premio Cultura Viva 2012 por su obra literaria.<\/p>\n<p style=\"text-align: left;\">Desde 2010, dirige la compa\u00f1\u00eda de teatro de la Universidad Carlos III de Madrid.<br \/>\nActualmente, es colaborador art\u00edstico en Argos Teatro (La Habana) y Aguij\u00f3n Theater (Chicago), y dramaturgo residente en Teatro Avante (Miami).<br \/>\nDesde 2022, forma parte del departamento art\u00edstico del Teatro de La Abad\u00eda (Madrid) y es Coordinador Art\u00edstico del Corral de Comedias de Alcal\u00e1 de Henares.  <\/p>\n<p>[\/et_pb_team_member][\/et_pb_column][\/et_pb_row][et_pb_row _builder_version=\u00bb4.27.0&#8243; _module_preset=\u00bbdefault\u00bb hover_enabled=\u00bb0&#8243; global_colors_info=\u00bb{}\u00bb disabled_on=\u00bboff|off|off\u00bb sticky_enabled=\u00bb0&#8243;][et_pb_column type=\u00bb4_4&#8243; _builder_version=\u00bb4.16&#8243; _module_preset=\u00bbdefault\u00bb global_colors_info=\u00bb{}\u00bb][et_pb_button button_url=\u00bbhttps:\/\/aguijontheater.org\/es\/volver-a-casa\/sobre-nosotros\/conjunto\/\u00bb button_text=\u00bbVOLVER AL ELENCO DE PLANTA\u00bb _builder_version=\u00bb4.16&#8243; custom_button=\u00bbon\u00bb button_text_size=\u00bb14px\u00bb button_text_color=\u00bb#ffffff\u00bb button_bg_color=\u00bb#f9002b\u00bb button_border_width=\u00bb0px\u00bb button_letter_spacing=\u00bb2px\u00bb button_font=\u00bbMontserrat|600||on|||||\u00bb button_icon=\u00bb&#xe08b;||divi||400&#8243; button_icon_color=\u00bb#000000&#8243; button_icon_placement=\u00bbleft\u00bb button_on_hover=\u00bboff\u00bb custom_padding=\u00bb15px|25px|15px|38px|true|false\u00bb locked=\u00bboff\u00bb global_colors_info=\u00bb{}\u00bb button_bg_color__hover=\u00bb#6e42ff\u00bb button_bg_color__hover_enabled=\u00bbon|hover\u00bb button_bg_enable_color__hover=\u00bbon\u00bb][\/et_pb_button][\/et_pb_column][\/et_pb_row][\/et_pb_section]<\/p>\n","protected":false},"excerpt":{"rendered":"<p>Asociado art\u00edstico Abel Gonz\u00e1lez Melo Abel Gonz\u00e1lez Melo (La Habana, 1980) es un dramaturgo, director teatral y educador cubano-espa\u00f1ol. Es Doctor en Estudios Literarios y M\u00e1ster en Teatro por la Universidad Complutense de Madrid, y Licenciado en Estudios Teatrales por la Universidad de las Artes de Cuba. Entre sus obras, estrenadas y publicadas en m\u00e1s [&hellip;]<\/p>\n","protected":false},"author":7,"featured_media":0,"parent":241602,"menu_order":0,"comment_status":"closed","ping_status":"closed","template":"","meta":{"_et_pb_use_builder":"on","_et_pb_old_content":"","_et_gb_content_width":"","footnotes":""},"dipi_cpt_category":[],"class_list":["post-247989","page","type-page","status-publish","hentry"],"_links":{"self":[{"href":"https:\/\/aguijontheater.org\/es\/wp-json\/wp\/v2\/pages\/247989"}],"collection":[{"href":"https:\/\/aguijontheater.org\/es\/wp-json\/wp\/v2\/pages"}],"about":[{"href":"https:\/\/aguijontheater.org\/es\/wp-json\/wp\/v2\/types\/page"}],"author":[{"embeddable":true,"href":"https:\/\/aguijontheater.org\/es\/wp-json\/wp\/v2\/users\/7"}],"replies":[{"embeddable":true,"href":"https:\/\/aguijontheater.org\/es\/wp-json\/wp\/v2\/comments?post=247989"}],"version-history":[{"count":15,"href":"https:\/\/aguijontheater.org\/es\/wp-json\/wp\/v2\/pages\/247989\/revisions"}],"predecessor-version":[{"id":248662,"href":"https:\/\/aguijontheater.org\/es\/wp-json\/wp\/v2\/pages\/247989\/revisions\/248662"}],"up":[{"embeddable":true,"href":"https:\/\/aguijontheater.org\/es\/wp-json\/wp\/v2\/pages\/241602"}],"wp:attachment":[{"href":"https:\/\/aguijontheater.org\/es\/wp-json\/wp\/v2\/media?parent=247989"}],"wp:term":[{"taxonomy":"dipi_cpt_category","embeddable":true,"href":"https:\/\/aguijontheater.org\/es\/wp-json\/wp\/v2\/dipi_cpt_category?post=247989"}],"curies":[{"name":"wp","href":"https:\/\/api.w.org\/{rel}","templated":true}]}}