{"id":247288,"date":"2024-05-31T18:15:14","date_gmt":"2024-05-31T18:15:14","guid":{"rendered":"https:\/\/aguijontheater.org\/alquila-nuestro-espacio\/"},"modified":"2024-08-14T16:46:14","modified_gmt":"2024-08-14T16:46:14","slug":"alquila-nuestro-espacio","status":"publish","type":"page","link":"https:\/\/aguijontheater.org\/es\/alquila-nuestro-espacio\/","title":{"rendered":"ALQUILA NUESTRO ESPACIO"},"content":{"rendered":"<p>[et_pb_section fb_built=\u00bb1&#8243; admin_label=\u00bbHeader\u00bb _builder_version=\u00bb4.16&#8243; use_background_color_gradient=\u00bbon\u00bb background_color_gradient_type=\u00bbcircular\u00bb background_color_gradient_stops=\u00bbrgba(255,255,255,0.52) 0%|#ffffff 100%\u00bb background_color_gradient_overlays_image=\u00bbon\u00bb background_color_gradient_start=\u00bbrgba(255,255,255,0.52)\u00bb background_color_gradient_end=\u00bb#ffffff\u00bb background_image=\u00bbhttps:\/\/aguijontheater.org\/wp-content\/uploads\/2021\/11\/at-bg.png\u00bb background_position=\u00bbtop_center\u00bb top_divider_style=\u00bbslant2&#8243; top_divider_color=\u00bb#000000&#8243; top_divider_flip=\u00bbhorizontal\u00bb bottom_divider_style=\u00bbslant2&#8243; bottom_divider_color=\u00bb#000000&#8243; locked=\u00bboff\u00bb global_colors_info=\u00bb{}\u00bb][et_pb_row disabled_on=\u00bboff|off|off\u00bb _builder_version=\u00bb4.27.0&#8243; custom_padding=\u00bb||9px|||\u00bb hover_enabled=\u00bb0&#8243; global_colors_info=\u00bb{}\u00bb sticky_enabled=\u00bb0&#8243;][et_pb_column type=\u00bb4_4&#8243; _builder_version=\u00bb4.16&#8243; global_colors_info=\u00bb{}\u00bb][et_pb_text _builder_version=\u00bb4.27.0&#8243; text_font=\u00bb||||||||\u00bb text_text_color=\u00bb#000000&#8243; text_font_size=\u00bb16px\u00bb text_line_height=\u00bb1.8em\u00bb header_font=\u00bbMontserrat|600||on|||||\u00bb header_font_size=\u00bb42px\u00bb header_2_font=\u00bbMontserrat|300|||||||\u00bb header_2_text_color=\u00bb#6b6b6b\u00bb header_2_font_size=\u00bb50px\u00bb header_2_line_height=\u00bb1.1em\u00bb header_3_font=\u00bbMontserrat|700||on|||||\u00bb header_3_text_color=\u00bb#fe0000&#8243; header_3_font_size=\u00bb14px\u00bb header_3_letter_spacing=\u00bb2px\u00bb header_3_line_height=\u00bb1.4em\u00bb background_enable_color=\u00bboff\u00bb background_layout=\u00bbdark\u00bb custom_margin=\u00bb||||false|false\u00bb custom_padding=\u00bb13px|15px|13px|15px|false|false\u00bb hover_enabled=\u00bb0&#8243; header_2_font_size_tablet=\u00bb40px\u00bb header_2_font_size_phone=\u00bb30px\u00bb header_2_font_size_last_edited=\u00bbon|phone\u00bb header_3_font_size_tablet=\u00bb14px\u00bb header_3_font_size_phone=\u00bb\u00bb header_3_font_size_last_edited=\u00bbon|phone\u00bb text_text_align=\u00bbleft\u00bb locked=\u00bboff\u00bb global_colors_info=\u00bb{%22gcid-d5593506-794c-4e2e-8fea-c2751d9fe364%22:%91%22header_3_text_color%22%93,%22gcid-6737696d-265b-47ae-8080-27bb358a6235%22:%91%22header_2_text_color%22%93}\u00bb sticky_enabled=\u00bb0&#8243;]<\/p>\n<h2 style=\"text-align: left;\"><span style=\"color: #000000;\">SU PRODUCCI\u00d3N EN NUESTRO TEATRO<\/span><\/h2>\n<p>[\/et_pb_text][\/et_pb_column][\/et_pb_row][et_pb_row column_structure=\u00bb1_3,1_3,1_3&#8243; disabled_on=\u00bboff|off|off\u00bb _builder_version=\u00bb4.27.0&#8243; _module_preset=\u00bbdefault\u00bb global_colors_info=\u00bb{}\u00bb][et_pb_column type=\u00bb1_3&#8243; _builder_version=\u00bb4.24.2&#8243; _module_preset=\u00bbdefault\u00bb global_colors_info=\u00bb{}\u00bb][et_pb_image src=\u00bbhttps:\/\/aguijontheater.org\/wp-content\/uploads\/2024\/06\/IMG_3713.jpg\u00bb title_text=\u00bbIMG_3713&#8243; _builder_version=\u00bb4.24.2&#8243; _module_preset=\u00bbdefault\u00bb global_colors_info=\u00bb{}\u00bb][\/et_pb_image][\/et_pb_column][et_pb_column type=\u00bb1_3&#8243; _builder_version=\u00bb4.24.2&#8243; _module_preset=\u00bbdefault\u00bb global_colors_info=\u00bb{}\u00bb][et_pb_image src=\u00bbhttps:\/\/aguijontheater.org\/wp-content\/uploads\/2024\/06\/IMG_1454.jpg\u00bb title_text=\u00bbIMG_1454&#8243; _builder_version=\u00bb4.24.2&#8243; _module_preset=\u00bbdefault\u00bb global_colors_info=\u00bb{}\u00bb][\/et_pb_image][\/et_pb_column][et_pb_column type=\u00bb1_3&#8243; _builder_version=\u00bb4.24.2&#8243; _module_preset=\u00bbdefault\u00bb global_colors_info=\u00bb{}\u00bb][et_pb_image src=\u00bbhttps:\/\/aguijontheater.org\/wp-content\/uploads\/2024\/06\/IMG_3712.jpg\u00bb title_text=\u00bbIMG_3712&#8243; _builder_version=\u00bb4.24.2&#8243; _module_preset=\u00bbdefault\u00bb global_colors_info=\u00bb{}\u00bb][\/et_pb_image][\/et_pb_column][\/et_pb_row][et_pb_row disabled_on=\u00bboff|off|off\u00bb _builder_version=\u00bb4.27.0&#8243; _module_preset=\u00bbdefault\u00bb background_color=\u00bbrgba(255,255,255,0.81)\u00bb custom_padding=\u00bb9px|||||\u00bb global_colors_info=\u00bb{}\u00bb][et_pb_column type=\u00bb4_4&#8243; _builder_version=\u00bb4.16&#8243; _module_preset=\u00bbdefault\u00bb global_colors_info=\u00bb{}\u00bb][et_pb_text _builder_version=\u00bb4.27.0&#8243; _module_preset=\u00bbad511e44-b2b2-463b-848a-c39b36c14859&#8243; text_font=\u00bb||||||||\u00bb text_text_color=\u00bb#000000&#8243; text_line_height=\u00bb1.8em\u00bb header_font=\u00bbMontserrat|600||on|||||\u00bb header_font_size=\u00bb42px\u00bb header_2_font=\u00bbMontserrat|300|||||||\u00bb header_2_text_color=\u00bb#6b6b6b\u00bb header_2_font_size=\u00bb50px\u00bb header_2_line_height=\u00bb1.1em\u00bb header_3_font=\u00bbMontserrat|700||on|||||\u00bb header_3_text_color=\u00bb#fe0000&#8243; header_3_font_size=\u00bb14px\u00bb header_3_letter_spacing=\u00bb2px\u00bb header_3_line_height=\u00bb1.4em\u00bb header_2_font_size_tablet=\u00bb40px\u00bb header_2_font_size_phone=\u00bb30px\u00bb header_2_font_size_last_edited=\u00bbon|phone\u00bb header_3_font_size_tablet=\u00bb14px\u00bb header_3_font_size_phone=\u00bb\u00bb header_3_font_size_last_edited=\u00bbon|phone\u00bb global_colors_info=\u00bb{%22gcid-d5593506-794c-4e2e-8fea-c2751d9fe364%22:%91%22header_3_text_color%22%93,%22gcid-6737696d-265b-47ae-8080-27bb358a6235%22:%91%22header_2_text_color%22%93}\u00bb]<\/p>\n<p style=\"text-align: left;\">&#8211; Teatro de caja negra con 60 asientos (la capacidad del teatro es de 70)<\/p>\n<p style=\"text-align: left;\"><strong>Qu\u00e9 se proporciona:<\/strong><br \/>&#8211; Camerino\/Escenario<br \/>&#8211; Cabina de iluminaci\u00f3n<br \/>&#8211; Paquete est\u00e1ndar de sonido e iluminaci\u00f3n<br \/>&#8211; Tres d\u00edas de 8 horas antes de la primera representaci\u00f3n para la carga y los ensayos t\u00e9cnicos<br \/><strong>Tarifas de alquiler:<\/strong><br \/>&#8211; 900 $ por 2 actuaciones a la semana<br \/>o (jueves y viernes, viernes y s\u00e1bado, o s\u00e1bado y domingo)<br \/>&#8211; 1.200 $ por 3 actuaciones a la semana<br \/>o (jueves &#8211; s\u00e1bado o viernes &#8211; domingo)<br \/>&#8211; 1.500 $ por 4 actuaciones semanales<br \/>o (jueves &#8211; domingo)<br \/>&#8211; Fianza: 1.500 $ a la firma del contrato<br \/>&#8211; Horario del tel\u00f3n: Jueves, viernes y s\u00e1bado a las 20 h y domingo a las 15 h<br \/>o (Los horarios son negociables)<br \/><strong>Alquileres nocturnos:<\/strong><br \/>&#8211; 550 $ por 2 actuaciones a la semana (jueves\/viernes o viernes\/s\u00e1bado)<br \/>&#8211; Dep\u00f3sito de seguridad: 1.000 $ a la firma del contrato<br \/>&#8211; Horario del tel\u00f3n: Jueves, viernes y s\u00e1bado a las 23.00 h<br \/><strong>Tarifas de ensayo:<\/strong><br \/>Aguij\u00f3n est\u00e1 disponible para ensayos por 20$ la hora con un m\u00ednimo de 70$ (esta cantidad<br \/>cubre 3,5 horas, incluidos 15 minutos de montaje y limpieza antes y despu\u00e9s de 3 horas<br \/>ensayo).<\/p>\n<p style=\"text-align: left;\"><strong>Aguij\u00f3n Theater <\/strong>est\u00e1 localizado en el 2707 al norte de la avenida Laramie, en el coraz\u00f3n del barrio de Cragin. Estamos aproximadamente a 4 cuadras al oeste de la avenida Cicero y una cuadra al sur de la avenida Diversey. Es permitido estacionarse sobre la avenida Laramie.<\/p>\n<p style=\"text-align: left;\"><strong>Para llegar:<\/strong> desde el Kennedy 90\/94, podr\u00e1 salirse en la Diversey e ir hacia el oeste hasta llegar a la Laramie, y voltear hacia el sur (izquierda), y estamos a cuadra y media. <span>Durante la hora pico del tr\u00e1fico, es mejor salirse en la <\/span>Addison e ir al oeste hasta la Laramie, y voltear a la izquierda hasta llegar al teatro.<\/p>\n<p style=\"text-align: left;\"><strong>Recomendaci\u00f3n:<\/strong><span> <\/span>Tambi\u00e9n se puede llegar a Aguij\u00f3n por transporte p\u00fablico, para mayor informaci\u00f3n sobre esta alternativa visite: <span><a href=\"https:\/\/web.archive.org\/web\/20201203001456\/http:\/\/www.transitchicago.com\/assets\/1\/clickable_system_map\/200806N.htm\" target=\"_blank\" rel=\"noopener\">www.transitchicago.com<\/a><\/span><\/p>\n<p style=\"text-align: left;\"><span><\/span><\/p>\n<div class=\"et_pb_text_inner\" style=\"text-align: left;\">\n<div data-shortcode-id=\"3.2.0.0-1717859697804\" data-quickaccess-editable=\"yes\" class=\"et-fb-popover-tinymce\">\n<div class=\"mce-content-body\" contenteditable=\"true\" style=\"position: relative;\">\n<p style=\"text-align: right;\"><strong>Contacte a <\/strong>Augusto Yanacopulos <strong>(312) 806-5644 para m\u00e1s informaci\u00f3n.<\/strong><span><\/span><\/p>\n<\/div>\n<\/div>\n<\/div>\n<p style=\"text-align: left;\">[\/et_pb_text][\/et_pb_column][\/et_pb_row][\/et_pb_section]<\/p>\n","protected":false},"excerpt":{"rendered":"<p>SU PRODUCCI\u00d3N EN NUESTRO TEATRO- Teatro de caja negra con 60 asientos (la capacidad del teatro es de 70) Qu\u00e9 se proporciona:- Camerino\/Escenario- Cabina de iluminaci\u00f3n- Paquete est\u00e1ndar de sonido e iluminaci\u00f3n- Tres d\u00edas de 8 horas antes de la primera representaci\u00f3n para la carga y los ensayos t\u00e9cnicosTarifas de alquiler:- 900 $ por 2 [&hellip;]<\/p>\n","protected":false},"author":7,"featured_media":0,"parent":0,"menu_order":0,"comment_status":"closed","ping_status":"closed","template":"","meta":{"_et_pb_use_builder":"on","_et_pb_old_content":"","_et_gb_content_width":"","footnotes":""},"dipi_cpt_category":[],"class_list":["post-247288","page","type-page","status-publish","hentry"],"_links":{"self":[{"href":"https:\/\/aguijontheater.org\/es\/wp-json\/wp\/v2\/pages\/247288"}],"collection":[{"href":"https:\/\/aguijontheater.org\/es\/wp-json\/wp\/v2\/pages"}],"about":[{"href":"https:\/\/aguijontheater.org\/es\/wp-json\/wp\/v2\/types\/page"}],"author":[{"embeddable":true,"href":"https:\/\/aguijontheater.org\/es\/wp-json\/wp\/v2\/users\/7"}],"replies":[{"embeddable":true,"href":"https:\/\/aguijontheater.org\/es\/wp-json\/wp\/v2\/comments?post=247288"}],"version-history":[{"count":12,"href":"https:\/\/aguijontheater.org\/es\/wp-json\/wp\/v2\/pages\/247288\/revisions"}],"predecessor-version":[{"id":248795,"href":"https:\/\/aguijontheater.org\/es\/wp-json\/wp\/v2\/pages\/247288\/revisions\/248795"}],"wp:attachment":[{"href":"https:\/\/aguijontheater.org\/es\/wp-json\/wp\/v2\/media?parent=247288"}],"wp:term":[{"taxonomy":"dipi_cpt_category","embeddable":true,"href":"https:\/\/aguijontheater.org\/es\/wp-json\/wp\/v2\/dipi_cpt_category?post=247288"}],"curies":[{"name":"wp","href":"https:\/\/api.w.org\/{rel}","templated":true}]}}