{"id":246895,"date":"2024-03-05T17:34:18","date_gmt":"2024-03-05T17:34:18","guid":{"rendered":"https:\/\/aguijontheater.org\/concurso-de-dramaturgia-2024\/"},"modified":"2024-09-19T16:00:35","modified_gmt":"2024-09-19T16:00:35","slug":"concurso-de-dramaturgia-2024","status":"publish","type":"page","link":"https:\/\/aguijontheater.org\/es\/concurso-de-dramaturgia-2024\/","title":{"rendered":"Concurso De Dramaturgia 2024"},"content":{"rendered":"<p>[et_pb_section fb_built=\u00bb1&#8243; admin_label=\u00bbHeader\u00bb _builder_version=\u00bb4.16&#8243; background_color=\u00bb#000000&#8243; background_enable_image=\u00bboff\u00bb background_position=\u00bbtop_left\u00bb custom_padding=\u00bb|||0px||\u00bb top_divider_style=\u00bbwave2&#8243; top_divider_color=\u00bb#DE0100&#8243; top_divider_flip=\u00bbhorizontal\u00bb bottom_divider_style=\u00bbslant2&#8243; bottom_divider_color=\u00bb#000000&#8243; locked=\u00bboff\u00bb global_colors_info=\u00bb{}\u00bb][et_pb_row disabled_on=\u00bboff|off|off\u00bb _builder_version=\u00bb4.27.0&#8243; background_color=\u00bbrgba(255,255,255,0.71)\u00bb width_tablet=\u00bb\u00bb width_phone=\u00bb95%\u00bb width_last_edited=\u00bbon|phone\u00bb custom_margin=\u00bb104px|auto||auto|false|false\u00bb custom_padding=\u00bb16px||5px|||\u00bb hover_enabled=\u00bb0&#8243; global_colors_info=\u00bb{}\u00bb sticky_enabled=\u00bb0&#8243;][et_pb_column type=\u00bb4_4&#8243; _builder_version=\u00bb4.16.1&#8243; custom_padding=\u00bb|20px||20px|false|true\u00bb hover_enabled=\u00bb0&#8243; global_colors_info=\u00bb{}\u00bb sticky_enabled=\u00bb0&#8243;][et_pb_image src=\u00bbhttps:\/\/aguijontheater.org\/wp-content\/uploads\/2024\/03\/Drama24_Poster_Fin.png\u00bb alt=\u00bbvolante concurso-de-dramaturgia-2022&#8243; title_text=\u00bbCONCURSO INTERNACIONAL DE DRAMATURGIA AGUIJ\u00d3N TEATRO 2024&#8243; align=\u00bbcenter\u00bb _builder_version=\u00bb4.27.0&#8243; _module_preset=\u00bbdefault\u00bb width=\u00bb100%\u00bb width_tablet=\u00bb53%\u00bb width_phone=\u00bb100%\u00bb width_last_edited=\u00bbon|phone\u00bb module_alignment=\u00bbcenter\u00bb hover_enabled=\u00bb0&#8243; border_radii=\u00bbon|20px|20px|20px|20px\u00bb global_colors_info=\u00bb{}\u00bb sticky_enabled=\u00bb0&#8243;][\/et_pb_image][et_pb_text _builder_version=\u00bb4.27.0&#8243; _module_preset=\u00bbdefault\u00bb hover_enabled=\u00bb0&#8243; sticky_enabled=\u00bb0&#8243;]<\/p>\n<h2 class=\"et_pb_module_heading\" style=\"text-align: center;\">CONCURSO INTERNACIONAL DE DRAMATURGIA AGUIJ\u00d3N THEATER 2024 <strong><\/strong><\/h2>\n<p>[\/et_pb_text][et_pb_code _builder_version=\u00bb4.24.2&#8243; _module_preset=\u00bbdefault\u00bb global_colors_info=\u00bb{}\u00bb]<\/p>\n<div style=\"display: flex; justify-content: center;\"><!-- [et_pb_line_break_holder] -->    <script src=\"https:\/\/static.elfsight.com\/platform\/platform.js\" data-use-service-core=\"\" defer><\/script><!-- [et_pb_line_break_holder] -->    <\/p>\n<div class=\"elfsight-app-caeb1729-01bf-43ac-83ad-95f663785ba9\" data-elfsight-app-lazy=\"\"><\/div>\n<p><!-- [et_pb_line_break_holder] --><\/div>\n<p><!-- [et_pb_line_break_holder] -->[\/et_pb_code][\/et_pb_column][\/et_pb_row][et_pb_row disabled_on=\u00bboff|off|off\u00bb _builder_version=\u00bb4.27.0&#8243; _module_preset=\u00bbdefault\u00bb hover_enabled=\u00bb0&#8243; global_colors_info=\u00bb{}\u00bb sticky_enabled=\u00bb0&#8243;][et_pb_column type=\u00bb4_4&#8243; _builder_version=\u00bb4.17.6&#8243; _module_preset=\u00bbdefault\u00bb global_colors_info=\u00bb{}\u00bb][et_pb_text _builder_version=\u00bb4.27.0&#8243; text_font=\u00bbMontserrat||||||||\u00bb text_text_color=\u00bb#000000&#8243; text_font_size=\u00bb16px\u00bb text_line_height=\u00bb1.8em\u00bb header_font=\u00bbMontserrat|600||on|||||\u00bb header_text_align=\u00bbcenter\u00bb header_font_size=\u00bb31px\u00bb header_2_font=\u00bbMontserrat|300|||||||\u00bb header_2_text_color=\u00bbgcid-6737696d-265b-47ae-8080-27bb358a6235&#8243; header_2_font_size=\u00bb50px\u00bb header_2_line_height=\u00bb1.1em\u00bb header_3_font=\u00bbMontserrat|700||on|||||\u00bb header_3_text_color=\u00bb#DE0100&#8243; header_3_font_size=\u00bb31px\u00bb header_3_letter_spacing=\u00bb2px\u00bb header_3_line_height=\u00bb1.4em\u00bb background_color=\u00bb#ffffff\u00bb text_orientation=\u00bbcenter\u00bb background_layout=\u00bbdark\u00bb custom_padding=\u00bb20px|20px|20px|20px|true|true\u00bb hover_enabled=\u00bb0&#8243; header_2_font_size_tablet=\u00bb40px\u00bb header_2_font_size_phone=\u00bb30px\u00bb header_2_font_size_last_edited=\u00bbon|phone\u00bb header_3_font_size_tablet=\u00bb14px\u00bb header_3_font_size_phone=\u00bb\u00bb header_3_font_size_last_edited=\u00bbon|phone\u00bb border_radii=\u00bbon|20px|20px|20px|20px\u00bb border_width_all=\u00bb1px\u00bb border_color_all=\u00bbrgba(161,160,157,0.43)\u00bb text_text_align=\u00bbleft\u00bb locked=\u00bboff\u00bb global_colors_info=\u00bb{%22gcid-6737696d-265b-47ae-8080-27bb358a6235%22:%91%22header_2_text_color%22%93}\u00bb sticky_enabled=\u00bb0&#8243;]<\/p>\n<h3><\/h3>\n<p><strong>AGUIJ\u00d3N THEATER COMPANY OF CHICAGO<\/strong><\/p>\n<p style=\"text-align: center;\"><strong>Sobre el Concurso Internacional de Dramaturgia Aguij\u00f3n Theater<\/strong><\/p>\n<p style=\"text-align: justify;\">Ideado y creado en 2014 por Rosario Vargas, Fundadora y Codirectora Art\u00edstica de Aguij\u00f3n Theater of Chicago, este concurso bienal de dramaturgia tiene el prop\u00f3sito de:<\/p>\n<ul style=\"text-align: justify;\">\n<li>Difundir el teatro en espa\u00f1ol dentro de los Estados Unidos<\/li>\n<li>Promover las escrituras esc\u00e9nicas contempor\u00e1neas<\/li>\n<li>Establecer un di\u00e1logo entre los autores y creadores en su b\u00fasqueda de un discurso genuino y de exploraci\u00f3n en las nuevas tendencias de la disciplina teatral.<\/li>\n<\/ul>\n<p style=\"text-align: justify;\">Con la colaboraci\u00f3n del <span style=\"text-decoration: underline;\"><span style=\"color: #000000; text-decoration: underline;\"><a href=\"https:\/\/chicago.cervantes.es\/en\/default.shtm\" target=\"_blank\" rel=\"noopener\" style=\"color: #000000; text-decoration: underline;\">Instituto Cervantes of Chicago<\/a><\/span><\/span><span> <\/span>y el <span style=\"text-decoration: underline;\"><span style=\"color: #000000; text-decoration: underline;\"><a href=\"https:\/\/nationalmuseumofmexicanart.org\/\" target=\"_blank\" rel=\"noopener\" style=\"color: #000000; text-decoration: underline;\">Museo Nacional de Arte Mexicano<\/a><\/span><\/span><\/p>\n<h3 style=\"text-align: justify;\"><strong><\/strong><\/h3>\n<h3><strong>COLABORADORES<\/strong><\/h3>\n<p><strong><\/strong><\/p>\n<p><span style=\"color: #000000;\"><a href=\"https:\/\/chicago.cervantes.es\/en\/default.shtm\" style=\"color: #000000;\" target=\"_blank\" rel=\"noopener\"><strong>INSTITUTO CERVANTES OF CHICAGO\u00a0<\/strong><\/a><\/span><\/p>\n<p style=\"text-align: justify;\">El Instituto Cervantes es la instituci\u00f3n p\u00fablica creada por Espa\u00f1a en 1991 para promover universalmente la ense\u00f1anza, el estudio y el uso del espa\u00f1ol y contribuir a la difusi\u00f3n de las culturas hisp\u00e1nicas en el exterior. Est\u00e1 presente en m\u00e1s de 90 ciudades de 45 pa\u00edses, a trav\u00e9s de sus centros, aulas y extensiones, en los cinco continentes. El Instituto Cervantes de Chicago, constituido como una entidad sin \u00e1nimo de lucro en el a\u00f1o 1996 en Chicago, se dedica fervientemente a la promoci\u00f3n y difusi\u00f3n del idioma espa\u00f1ol y de la rica cultura de los pa\u00edses hispanohablantes en el Medio Oeste de Estados Unidos. A trav\u00e9s de veintis\u00e9is a\u00f1os de trayectoria ininterrumpida ha servido de plataforma para una amplia y enriquecedora gama de manifestaciones culturales, convirti\u00e9ndose en un punto de encuentro para artistas hisp\u00e1nicos de renombre internacional, nacional y del estado de Illinois. Estos creadores han tenido la oportunidad de presentar su innovador trabajo en un abanico de disciplinas que incluye arte, dise\u00f1o, arquitectura, literatura, teatro, m\u00fasica, danza, fotograf\u00eda, cine y ciencias. Este compromiso no solamente evidencia una profunda dedicaci\u00f3n hacia la promoci\u00f3n cultural y educativa, sino que tambi\u00e9n refleja el esp\u00edritu de inclusi\u00f3n y diversidad que distingue a la comunidad a la cual el Instituto Cervantes de Chicago tiene el honor de servir, colaborar y apoyar.<\/p>\n<p><span style=\"color: #000000;\"><a href=\"https:\/\/nationalmuseumofmexicanart.org\/\" style=\"color: #000000;\" target=\"_blank\" rel=\"noopener\"><strong>MUSEO NACIONAL DE ARTE MEXICANO<\/strong><\/a><\/span><\/p>\n<p style=\"text-align: justify;\">Hace cuarenta a\u00f1os, el Museo Nacional de Arte Mexicano (NMMA) fundado por Carlos Tortolero se plante\u00f3 como meta establecer una organizaci\u00f3n de arte y cultura comprometida con la accesibilidad, la educaci\u00f3n y la justicia social. La misi\u00f3n de NMMA es estimular el conocimiento y la apreciaci\u00f3n del arte y la cultura mexicana de ambos lados de la frontera entre Estados Unidos y M\u00e9xico. NMMA hace esto a trav\u00e9s de una importante colecci\u00f3n permanente de arte mexicano, ricos programas de artes visuales y esc\u00e9nicas, programas y recursos de educaci\u00f3n art\u00edstica de alta calidad y desarrollo profesional de artistas mexicanos. El Museo sirve tambi\u00e9n como un aliado cultural para otros grupos art\u00edsticos latinos.<\/p>\n<p>[\/et_pb_text][\/et_pb_column][\/et_pb_row][\/et_pb_section]<\/p>\n","protected":false},"excerpt":{"rendered":"<p>CONCURSO INTERNACIONAL DE DRAMATURGIA AGUIJ\u00d3N THEATER 2024 AGUIJ\u00d3N THEATER COMPANY OF CHICAGO Sobre el Concurso Internacional de Dramaturgia Aguij\u00f3n Theater Ideado y creado en 2014 por Rosario Vargas, Fundadora y Codirectora Art\u00edstica de Aguij\u00f3n Theater of Chicago, este concurso bienal de dramaturgia tiene el prop\u00f3sito de: Difundir el teatro en espa\u00f1ol dentro de los Estados [&hellip;]<\/p>\n","protected":false},"author":1,"featured_media":0,"parent":0,"menu_order":0,"comment_status":"closed","ping_status":"closed","template":"","meta":{"_et_pb_use_builder":"on","_et_pb_old_content":"","_et_gb_content_width":"","footnotes":""},"dipi_cpt_category":[],"class_list":["post-246895","page","type-page","status-publish","hentry"],"_links":{"self":[{"href":"https:\/\/aguijontheater.org\/es\/wp-json\/wp\/v2\/pages\/246895"}],"collection":[{"href":"https:\/\/aguijontheater.org\/es\/wp-json\/wp\/v2\/pages"}],"about":[{"href":"https:\/\/aguijontheater.org\/es\/wp-json\/wp\/v2\/types\/page"}],"author":[{"embeddable":true,"href":"https:\/\/aguijontheater.org\/es\/wp-json\/wp\/v2\/users\/1"}],"replies":[{"embeddable":true,"href":"https:\/\/aguijontheater.org\/es\/wp-json\/wp\/v2\/comments?post=246895"}],"version-history":[{"count":24,"href":"https:\/\/aguijontheater.org\/es\/wp-json\/wp\/v2\/pages\/246895\/revisions"}],"predecessor-version":[{"id":249648,"href":"https:\/\/aguijontheater.org\/es\/wp-json\/wp\/v2\/pages\/246895\/revisions\/249648"}],"wp:attachment":[{"href":"https:\/\/aguijontheater.org\/es\/wp-json\/wp\/v2\/media?parent=246895"}],"wp:term":[{"taxonomy":"dipi_cpt_category","embeddable":true,"href":"https:\/\/aguijontheater.org\/es\/wp-json\/wp\/v2\/dipi_cpt_category?post=246895"}],"curies":[{"name":"wp","href":"https:\/\/api.w.org\/{rel}","templated":true}]}}