{"id":246558,"date":"2023-10-12T17:59:15","date_gmt":"2023-10-12T17:59:15","guid":{"rendered":"https:\/\/aguijontheater.org\/la-pinche-india\/"},"modified":"2024-09-23T17:28:35","modified_gmt":"2024-09-23T17:28:35","slug":"la-pinche-india","status":"publish","type":"page","link":"https:\/\/aguijontheater.org\/es\/la-pinche-india\/","title":{"rendered":"La Pinche India"},"content":{"rendered":"<p>[et_pb_section fb_built=\u00bb1&#8243; disabled_on=\u00bboff|off|off\u00bb _builder_version=\u00bb4.22.2&#8243; _module_preset=\u00bbdefault\u00bb custom_padding=\u00bb|||0px||\u00bb top_divider_color=\u00bb#DE0100&#8243; top_divider_height=\u00bb473px\u00bb top_divider_repeat=\u00bb1x\u00bb bottom_divider_style=\u00bbslant2&#8243; bottom_divider_color=\u00bb#000000&#8243; bottom_divider_height=\u00bb499px\u00bb global_colors_info=\u00bb{}\u00bb background_color=\u00bb#000000&#8243; background_enable_image=\u00bboff\u00bb background_position=\u00bbtop_left\u00bb overflow-x=\u00bbhidden\u00bb overflow-x_tablet=\u00bbhidden\u00bb overflow-x_phone=\u00bbhidden\u00bb overflow-x_last_edited=\u00bbon|desktop\u00bb top_divider_style=\u00bbwave2&#8243; top_divider_flip=\u00bbhorizontal\u00bb bottom_divider_flip=\u00bbhorizontal|vertical\u00bb][et_pb_row disabled_on=\u00bboff|off|off\u00bb _builder_version=\u00bb4.27.0&#8243; _module_preset=\u00bbdefault\u00bb use_background_color_gradient=\u00bbon\u00bb background_color_gradient_type=\u00bbcircular\u00bb background_color_gradient_stops=\u00bbrgba(68,19,25,0.81) 0%|#000000 100%\u00bb background_color_gradient_start=\u00bbrgba(63,63,63,0.39)\u00bb background_color_gradient_end=\u00bbrgba(0,0,0,0.68)\u00bb width=\u00bb100%\u00bb module_alignment=\u00bbcenter\u00bb custom_padding=\u00bb50px|0px|50px|0px|true|false\u00bb hover_enabled=\u00bb0&#8243; border_color_all=\u00bb#FFFFFF\u00bb border_width_top=\u00bb0px\u00bb border_style_top=\u00bbsolid\u00bb border_width_right=\u00bb0px\u00bb border_color_bottom=\u00bb#ffffff\u00bb border_width_left=\u00bb0px\u00bb box_shadow_style=\u00bbpreset1&#8243; box_shadow_color=\u00bb#000000&#8243; locked=\u00bboff\u00bb global_colors_info=\u00bb{}\u00bb border_radii=\u00bbon|20px|20px|20px|20px\u00bb sticky_enabled=\u00bb0&#8243;][et_pb_column type=\u00bb4_4&#8243; _builder_version=\u00bb4.16&#8243; _module_preset=\u00bbdefault\u00bb global_colors_info=\u00bb{}\u00bb][et_pb_text disabled_on=\u00bbon|on|on\u00bb _builder_version=\u00bb4.22.2&#8243; _module_preset=\u00bbdefault\u00bb text_font=\u00bbMontserrat||||||||\u00bb text_font_size=\u00bb16px\u00bb header_2_font=\u00bbMontserrat|700|||||||\u00bb header_2_font_size=\u00bb16px\u00bb text_orientation=\u00bbcenter\u00bb custom_margin=\u00bb||17px||false|false\u00bb custom_padding=\u00bb6px||6px||true|false\u00bb header_2_font_size_tablet=\u00bb20px\u00bb header_2_font_size_phone=\u00bb15px\u00bb header_2_font_size_last_edited=\u00bbon|phone\u00bb disabled=\u00bbon\u00bb global_colors_info=\u00bb{}\u00bb]<\/p>\n<h2>PRESENTADA COMO PARTE DEL 6to FESTIVAL INTERNACIONAL DE TEATRO LATINO DE CHICAGO\u2014DESTINOS<\/h2>\n<p>[\/et_pb_text][et_pb_image src=\u00bbhttps:\/\/aguijontheater.org\/wp-content\/uploads\/2023\/12\/Website_INDIA_PostalPG13_5.25&#215;7.25.jpg\u00bb alt=\u00bbLA PINCHE INDIA\u00bb title_text=\u00bbWebsite_INDIA_PostalPG13_5.25&#215;7.25&#8243; url=\u00bbhttps:\/\/aguijon.ticketleap.com\/lpi\/\u00bb url_new_window=\u00bbon\u00bb show_bottom_space=\u00bboff\u00bb align=\u00bbcenter\u00bb src_tablet=\u00bbhttps:\/\/aguijontheater.org\/wp-content\/uploads\/2023\/04\/3CE07DFD-4B88-43E7-935C-E904BE454AC7-1.jpg\u00bb src_phone=\u00bbhttps:\/\/aguijontheater.org\/wp-content\/uploads\/2023\/12\/Website_INDIA_PostalPG13_5.25&#215;7.25-742&#215;1024.jpg\u00bb src_last_edited=\u00bbon|desktop\u00bb _builder_version=\u00bb4.24.0&#8243; _module_preset=\u00bbdefault\u00bb width=\u00bb50%\u00bb width_tablet=\u00bb50%\u00bb width_phone=\u00bb100%\u00bb width_last_edited=\u00bbon|phone\u00bb module_alignment=\u00bbcenter\u00bb custom_padding=\u00bb0px|0px|0px|0px|false|false\u00bb filter_brightness=\u00bb81%\u00bb animation_style=\u00bbfade\u00bb animation_duration=\u00bb1250ms\u00bb filter_brightness_tablet=\u00bb81%\u00bb filter_brightness_phone=\u00bb81%\u00bb filter_brightness_last_edited=\u00bbon|desktop\u00bb border_width_all=\u00bb10px\u00bb border_color_all=\u00bb#000000&#8243; global_colors_info=\u00bb{}\u00bb filter_brightness__hover_enabled=\u00bbon|hover\u00bb filter_brightness__hover=\u00bb100%\u00bb][\/et_pb_image][et_pb_text _builder_version=\u00bb4.23.1&#8243; _module_preset=\u00bbdefault\u00bb text_font=\u00bbMontserrat||||||||\u00bb text_font_size=\u00bb16px\u00bb header_2_font=\u00bbMontserrat|700|||||||\u00bb text_orientation=\u00bbcenter\u00bb custom_margin=\u00bb35px||3px||false|false\u00bb global_colors_info=\u00bb{}\u00bb]<\/p>\n<p>Por: Mario Cant\u00fa Toscano<br \/>Dirigida por: S\u00e1ndor Men\u00e9ndez<\/p>\n<p><strong>9 de febrero &#8211; 17 de marzo<br \/><\/strong><\/p>\n<p>&nbsp;<\/p>\n<p>[\/et_pb_text][\/et_pb_column][\/et_pb_row][et_pb_row custom_padding_last_edited=\u00bbon|phone\u00bb disabled_on=\u00bboff|off|off\u00bb _builder_version=\u00bb4.27.0&#8243; _module_preset=\u00bbdefault\u00bb use_background_color_gradient=\u00bbon\u00bb background_color_gradient_type=\u00bbcircular\u00bb background_color_gradient_stops=\u00bbrgba(68,19,25,0.81) 0%|#000000 100%\u00bb background_color_gradient_start=\u00bbrgba(63,63,63,0.39)\u00bb background_color_gradient_end=\u00bbrgba(0,0,0,0.68)\u00bb width=\u00bb100%\u00bb module_alignment=\u00bbcenter\u00bb min_height=\u00bb790.5px\u00bb custom_padding=\u00bb24px|50px|17px|50px|false|true\u00bb custom_padding_tablet=\u00bb|50px||50px|false|true\u00bb custom_padding_phone=\u00bb0px|0px||0px|false|true\u00bb box_shadow_style=\u00bbpreset1&#8243; box_shadow_color=\u00bb#000000&#8243; global_colors_info=\u00bb{}\u00bb][et_pb_column type=\u00bb4_4&#8243; _builder_version=\u00bb4.22.2&#8243; _module_preset=\u00bbdefault\u00bb global_colors_info=\u00bb{}\u00bb][et_pb_text _builder_version=\u00bb4.27.0&#8243; _module_preset=\u00bbdefault\u00bb text_font=\u00bbMontserrat||||||||\u00bb text_font_size=\u00bb16px\u00bb header_2_font=\u00bbMontserrat|500|||||||\u00bb header_2_font_size=\u00bb24px\u00bb header_2_line_height=\u00bb1.1em\u00bb background_color=\u00bbrgba(0,0,0,0.55)\u00bb text_orientation=\u00bbcenter\u00bb custom_margin=\u00bb35px||0px||false|false\u00bb custom_padding=\u00bb20px|60px|20px|60px|true|true\u00bb text_font_size_tablet=\u00bb16px\u00bb text_font_size_phone=\u00bb13px\u00bb text_font_size_last_edited=\u00bbon|phone\u00bb header_2_font_size_tablet=\u00bb24px\u00bb header_2_font_size_phone=\u00bb16px\u00bb header_2_font_size_last_edited=\u00bbon|phone\u00bb global_colors_info=\u00bb{}\u00bb]<\/p>\n<h2><span style=\"text-decoration: underline;\">SINOPSIS<br \/><\/span><br \/> Gigi es una chica de clase alta que un d\u00eda se despierta convertida en una mujer ind\u00edgena.<br \/>\nCon su nueva apariencia, su vida cambia por completo y empieza a darse cuenta de todos los privilegios que ten\u00eda como rubia de ojos verdes.<br \/>\nSu b\u00fasqueda de una nueva identidad la lleva a descubrir un gran secreto que siempre hab\u00eda estado ah\u00ed: la discriminaci\u00f3n racial.  <\/h2>\n<p><em>EN ESPA\u00d1OL CON SUPERT\u00cdTULOS EN INGL\u00c9S<\/em><\/p>\n<p><a href=\"https:\/\/nationalmuseumofmexicanart.org\/\"><\/a><\/p>\n<p>[\/et_pb_text][et_pb_text _builder_version=\u00bb4.22.2&#8243; _module_preset=\u00bbdefault\u00bb text_font=\u00bbMontserrat||||||||\u00bb text_font_size=\u00bb16px\u00bb header_2_font=\u00bbMontserrat|500|||||||\u00bb header_2_font_size=\u00bb24px\u00bb header_2_line_height=\u00bb1.1em\u00bb background_color=\u00bbrgba(0,0,0,0.34)\u00bb use_background_color_gradient=\u00bbon\u00bb background_color_gradient_stops=\u00bb#380c11 0%|rgba(36,36,36,0.96) 100%\u00bb background_color_gradient_overlays_image=\u00bbon\u00bb background_image=\u00bbhttps:\/\/aguijontheater.org\/wp-content\/uploads\/2023\/10\/IndiaOnly-bg2.jpg\u00bb text_orientation=\u00bbcenter\u00bb custom_margin=\u00bb-2px||||false|false\u00bb custom_padding=\u00bb20px|60px|20px|60px|true|true\u00bb global_colors_info=\u00bb{}\u00bb]<\/p>\n<p><span style=\"text-decoration: underline;\"><\/span><\/p>\n<p><span style=\"text-decoration: underline;\">ELENCO<\/span><\/p>\n<p>Iris Garc\u00eda &#8211; Gigi<\/p>\n<p><span style=\"text-decoration: underline; color: #ffffff;\"><a href=\"https:\/\/aguijontheater.org\/es\/volver-a-casa\/sobre-nosotros\/conjunto\/stefanie-jara-escobar\/\" style=\"color: #ffffff; text-decoration: underline;\">Stefanie Jara<\/a><\/span>* &#8211; Marcia<\/p>\n<p>Diego F. Salinas &#8211; Fernando<\/p>\n<p><span style=\"text-decoration: underline; color: #ffffff;\"><a href=\"https:\/\/aguijontheater.org\/es\/volver-a-casa\/sobre-nosotros\/conjunto\/carlos-garcia-servin\/\" style=\"color: #ffffff; text-decoration: underline;\">Carlos Garc\u00eda Serv\u00edn<\/a><\/span>* &#8211; Don Rogelio<\/p>\n<p>Tania Gillian &#8211; Do\u00f1a Elsa<\/p>\n<p>Oswaldo Calder\u00f3n &#8211; El Tripas<\/p>\n<p>&nbsp;<\/p>\n<p><span style=\"text-decoration: underline;\">EQUIPO DE PRODUCCI\u00d3N<\/span><\/p>\n<p>Directora de Producci\u00f3n: <span style=\"text-decoration: underline; color: #ffffff;\"><a href=\"https:\/\/aguijontheater.org\/es\/volver-a-casa\/sobre-nosotros\/conjunto\/marcela-munoz\/\" style=\"color: #ffffff; text-decoration: underline;\">Marcela Mu\u00f1oz<\/a><\/span>*<\/p>\n<p>Regidor: Marcopolo Soto*<\/p>\n<p>Asistente del regidor: Nancy Romo<\/p>\n<p>Asistente de producci\u00f3n: Ingrid Valdez<\/p>\n<p>Iluminaci\u00f3n y escenograf\u00eda: <span style=\"text-decoration: underline; color: #ffffff;\"><a href=\"https:\/\/aguijontheater.org\/es\/volver-a-casa\/sobre-nosotros\/conjunto\/augusto-yanacopulos\/\" style=\"color: #ffffff; text-decoration: underline;\">Augusto Yanacopulos<\/a><\/span>*<\/p>\n<p>Dise\u00f1o de sonido: <span style=\"text-decoration: underline;\"><a href=\"https:\/\/aguijontheater.org\/es\/volver-a-casa\/sobre-nosotros\/conjunto\/marcela-munoz\/\"><span style=\"color: #ffffff; text-decoration: underline;\">Marcela Mu\u00f1oz<\/span><\/a><\/span>*<\/p>\n<p>Dise\u00f1o de vestuario|Costume Design: Aguij\u00f3n Theater<\/p>\n<p>Entrenamiento de la voz: <span style=\"text-decoration: underline; color: #ffffff;\"><a href=\"https:\/\/aguijontheater.org\/es\/volver-a-casa\/sobre-nosotros\/conjunto\/ana-santos-sanchez\/\" style=\"color: #ffffff; text-decoration: underline;\">Ana Santos<\/a><\/span>*<\/p>\n<p>Coreograf\u00eda: Jos\u00e9 Rochel De Spaulding<\/p>\n<p>Relaciones p\u00fablicas|Relaciones con los medios de comunicaci\u00f3n: <span style=\"text-decoration: underline; color: #ffffff;\"><a href=\"https:\/\/aguijontheater.org\/es\/volver-a-casa\/sobre-nosotros\/conjunto\/elio-leturia\/\" style=\"color: #ffffff; text-decoration: underline;\">Elio Leturia<\/a><\/span>*<\/p>\n<p>Dise\u00f1o Gr\u00e1fico y Fotograf\u00eda: <span style=\"text-decoration: underline; color: #ffffff;\"><a href=\"https:\/\/aguijontheater.org\/es\/volver-a-casa\/sobre-nosotros\/conjunto\/carlos-garcia-servin\/\" style=\"color: #ffffff; text-decoration: underline;\">Carlos Garc\u00eda Serv\u00edn<\/a><\/span>*<\/p>\n<p>Foto del afiche: Roy Winkelman<\/p>\n<p><em>*Miembro del grupo de planta de Aguij\u00f3n Theater<\/em><\/p>\n<p><a href=\"https:\/\/nationalmuseumofmexicanart.org\/\" target=\"_blank\" rel=\"noopener\"><\/a><\/p>\n<p>[\/et_pb_text][et_pb_button button_url=\u00bbhttps:\/\/aguijon.ticketleap.com\/lpi\/\u00bb url_new_window=\u00bbon\u00bb button_text=\u00bbEntradas\u00bb button_alignment=\u00bbcenter\u00bb disabled_on=\u00bbon|off|off\u00bb _builder_version=\u00bb4.27.0&#8243; custom_button=\u00bbon\u00bb button_text_size=\u00bb14px\u00bb button_text_color=\u00bb#FFFFFF\u00bb button_bg_color=\u00bb#878684&#8243; button_bg_image=\u00bbhttps:\/\/aguijontheater.org\/wp-content\/uploads\/2023\/10\/Xnip2023-10-12_19-50-02.png\u00bb button_border_width=\u00bb5px\u00bb button_border_color=\u00bb#000000&#8243; button_letter_spacing=\u00bb2px\u00bb button_font=\u00bbMontserrat|600||on|||||\u00bb button_use_icon=\u00bboff\u00bb custom_margin=\u00bb||||false|false\u00bb custom_padding=\u00bb15px|38px|15px|38px|true|true\u00bb filter_brightness=\u00bb80%\u00bb locked=\u00bboff\u00bb global_colors_info=\u00bb{}\u00bb button_bg_color__hover=\u00bb#000000&#8243; button_bg_color__hover_enabled=\u00bbon|hover\u00bb button_bg_enable_color__hover=\u00bbon\u00bb button_text_color__hover_enabled=\u00bbon|desktop\u00bb button_text_color__hover=\u00bb#ffffff\u00bb button_border_color__hover=\u00bb#000000&#8243; button_border_color__hover_enabled=\u00bbon|hover\u00bb filter_brightness__hover_enabled=\u00bbon|hover\u00bb filter_brightness__hover=\u00bb100%\u00bb][\/et_pb_button][et_pb_image src=\u00bbhttps:\/\/aguijontheater.org\/wp-content\/uploads\/2023\/10\/DESTINOS_gold.png\u00bb title_text=\u00bbDESTINOS_oro\u00bb align=\u00bbcenter\u00bb _builder_version=\u00bb4.22.2&#8243; _module_preset=\u00bbdefault\u00bb width=\u00bb18%\u00bb width_tablet=\u00bb18%\u00bb width_phone=\u00bb46%\u00bb width_last_edited=\u00bbon|phone\u00bb global_colors_info=\u00bb{}\u00bb][\/et_pb_image][dipi_masonry_gallery _builder_version=\u00bb4.21.0&#8243; _module_preset=\u00bbdefault\u00bb global_colors_info=\u00bb{}\u00bb][\/dipi_masonry_gallery][\/et_pb_column][\/et_pb_row][\/et_pb_section]<\/p>\n","protected":false},"excerpt":{"rendered":"<p>PRESENTADA COMO PARTE DEL 6to FESTIVAL INTERNACIONAL DE TEATRO LATINO DE CHICAGO\u2014DESTINOSPor: Mario Cant\u00fa ToscanoDirigida por: S\u00e1ndor Men\u00e9ndez 9 de febrero &#8211; 17 de marzo &nbsp;SINOPSIS Gigi es una chica de clase alta que un d\u00eda se despierta convertida en una mujer ind\u00edgena. Con su nueva apariencia, su vida cambia por completo y empieza a [&hellip;]<\/p>\n","protected":false},"author":1,"featured_media":0,"parent":0,"menu_order":0,"comment_status":"closed","ping_status":"closed","template":"","meta":{"_et_pb_use_builder":"on","_et_pb_old_content":"","_et_gb_content_width":"","footnotes":""},"dipi_cpt_category":[],"class_list":["post-246558","page","type-page","status-publish","hentry"],"_links":{"self":[{"href":"https:\/\/aguijontheater.org\/es\/wp-json\/wp\/v2\/pages\/246558"}],"collection":[{"href":"https:\/\/aguijontheater.org\/es\/wp-json\/wp\/v2\/pages"}],"about":[{"href":"https:\/\/aguijontheater.org\/es\/wp-json\/wp\/v2\/types\/page"}],"author":[{"embeddable":true,"href":"https:\/\/aguijontheater.org\/es\/wp-json\/wp\/v2\/users\/1"}],"replies":[{"embeddable":true,"href":"https:\/\/aguijontheater.org\/es\/wp-json\/wp\/v2\/comments?post=246558"}],"version-history":[{"count":49,"href":"https:\/\/aguijontheater.org\/es\/wp-json\/wp\/v2\/pages\/246558\/revisions"}],"predecessor-version":[{"id":249668,"href":"https:\/\/aguijontheater.org\/es\/wp-json\/wp\/v2\/pages\/246558\/revisions\/249668"}],"wp:attachment":[{"href":"https:\/\/aguijontheater.org\/es\/wp-json\/wp\/v2\/media?parent=246558"}],"wp:term":[{"taxonomy":"dipi_cpt_category","embeddable":true,"href":"https:\/\/aguijontheater.org\/es\/wp-json\/wp\/v2\/dipi_cpt_category?post=246558"}],"curies":[{"name":"wp","href":"https:\/\/api.w.org\/{rel}","templated":true}]}}