{"id":245608,"date":"2022-09-18T13:41:21","date_gmt":"2022-09-18T13:41:21","guid":{"rendered":"https:\/\/aguijontheater.org\/cintas-de-seda\/"},"modified":"2024-10-04T16:40:47","modified_gmt":"2024-10-04T16:40:47","slug":"cintas-de-seda","status":"publish","type":"page","link":"https:\/\/aguijontheater.org\/es\/cintas-de-seda\/","title":{"rendered":"Cintas de Seda"},"content":{"rendered":"<p>[et_pb_section fb_built=\u00bb1&#8243; disabled_on=\u00bboff|off|off\u00bb _builder_version=\u00bb4.27.0&#8243; _module_preset=\u00bbdefault\u00bb background_color=\u00bb#000000&#8243; background_image=\u00bbhttps:\/\/aguijontheater.org\/wp-content\/uploads\/2022\/09\/cinta_de_seda.jpg\u00bb background_position=\u00bbtop_left\u00bb overflow-x=\u00bbhidden\u00bb custom_padding=\u00bb|||0px||\u00bb top_divider_style=\u00bbslant\u00bb top_divider_color=\u00bb#DE0100&#8243; top_divider_height=\u00bb25px\u00bb top_divider_repeat=\u00bb1x\u00bb top_divider_flip=\u00bbhorizontal\u00bb bottom_divider_style=\u00bbslant2&#8243; bottom_divider_color=\u00bb#000000&#8243; bottom_divider_height=\u00bb499px\u00bb bottom_divider_flip=\u00bbhorizontal|vertical\u00bb overflow-x_tablet=\u00bbhidden\u00bb overflow-x_phone=\u00bbhidden\u00bb overflow-x_last_edited=\u00bbon|desktop\u00bb locked=\u00bboff\u00bb global_colors_info=\u00bb{}\u00bb][et_pb_row column_structure=\u00bb1_2,1_2&#8243; _builder_version=\u00bb4.27.0&#8243; _module_preset=\u00bbdefault\u00bb global_colors_info=\u00bb{}\u00bb][et_pb_column type=\u00bb1_2&#8243; _builder_version=\u00bb4.27.0&#8243; _module_preset=\u00bbdefault\u00bb global_colors_info=\u00bb{}\u00bb][et_pb_text _builder_version=\u00bb4.27.0&#8243; _module_preset=\u00bbdefault\u00bb global_colors_info=\u00bb{}\u00bb]<\/p>\n<p><strong>EN ESPA\u00d1OL<\/strong><span>\u00a0<\/span><em>WITH ENGLISH SUPERTITLES<\/em><\/p>\n<h1>Presentada como parte del<\/h1>\n<h1><strong><em>7th DESTINOS Chicago International Latino Theater Festival<\/em><\/strong><\/h1>\n<p>[\/et_pb_text][\/et_pb_column][et_pb_column type=\u00bb1_2&#8243; _builder_version=\u00bb4.27.0&#8243; _module_preset=\u00bbdefault\u00bb global_colors_info=\u00bb{}\u00bb][et_pb_text _builder_version=\u00bb4.27.0&#8243; _module_preset=\u00bbdefault\u00bb global_colors_info=\u00bb{}\u00bb]<\/p>\n<h3 class=\"event-details__date\"><span class=\"event-details__date-1\"><\/span><\/h3>\n<h3 class=\"event-details__date\"><span class=\"event-details__date-1\"><\/span><\/h3>\n<h3 class=\"event-details__date\"><span class=\"event-details__date-1\">En el <\/span><strong>National Museum of Mexican Art<\/strong>, Chicago, IL<\/h3>\n<h3 class=\"event-details__date\"><span class=\"event-details__date-1\">Nov 7th &#8211; Nov 10th, 2024<span>\u00a0<\/span>CST<\/span><\/h3>\n<p>[\/et_pb_text][\/et_pb_column][\/et_pb_row][et_pb_row column_structure=\u00bb1_2,1_2&#8243; disabled_on=\u00bboff|off|off\u00bb _builder_version=\u00bb4.27.0&#8243; _module_preset=\u00bbdefault\u00bb background_color=\u00bbrgba(0,0,0,0.81)\u00bb background_enable_color=\u00bbon\u00bb use_background_color_gradient=\u00bbon\u00bb background_color_gradient_type=\u00bbcircular\u00bb background_color_gradient_stops=\u00bbrgba(63,63,63,0.39) 25%|rgba(0,0,0,0.68) 40%\u00bb background_color_gradient_start=\u00bbrgba(63,63,63,0.39)\u00bb background_color_gradient_end=\u00bbrgba(0,0,0,0.68)\u00bb width=\u00bb100%\u00bb module_alignment=\u00bbcenter\u00bb custom_padding=\u00bb10px|0px|10px|0px|true|false\u00bb border_radii=\u00bbon|20px|20px|20px|20px\u00bb border_color_all=\u00bb#FFFFFF\u00bb border_width_top=\u00bb0px\u00bb border_style_top=\u00bbsolid\u00bb border_width_right=\u00bb0px\u00bb border_color_bottom=\u00bb#ffffff\u00bb border_width_left=\u00bb0px\u00bb box_shadow_style=\u00bbpreset1&#8243; box_shadow_color=\u00bb#000000&#8243; locked=\u00bboff\u00bb global_colors_info=\u00bb{}\u00bb][et_pb_column type=\u00bb1_2&#8243; _builder_version=\u00bb4.16&#8243; _module_preset=\u00bbdefault\u00bb global_colors_info=\u00bb{}\u00bb][et_pb_image src=\u00bbhttps:\/\/aguijontheater.org\/wp-content\/uploads\/2024\/09\/Cintas8.5&#215;5.5.jpg\u00bb alt=\u00bbLa-gran-tirana flyer\u00bb title_text=\u00bbCintas8.5&#215;5.5&#8243; url_new_window=\u00bbon\u00bb show_bottom_space=\u00bboff\u00bb align=\u00bbcenter\u00bb force_fullwidth=\u00bbon\u00bb src_tablet=\u00bbhttps:\/\/aguijontheater.org\/wp-content\/uploads\/2021\/11\/la-gran-tirana-header.jpg\u00bb src_phone=\u00bbhttps:\/\/aguijontheater.org\/wp-content\/uploads\/2024\/09\/Cintas8.5&#215;5.5.jpg\u00bb src_last_edited=\u00bbon|phone\u00bb _builder_version=\u00bb4.27.0&#8243; _module_preset=\u00bbdefault\u00bb width_tablet=\u00bb50%\u00bb width_phone=\u00bb100%\u00bb width_last_edited=\u00bbon|phone\u00bb max_width_tablet=\u00bb\u00bb max_width_phone=\u00bb\u00bb max_width_last_edited=\u00bbon|phone\u00bb module_alignment=\u00bbcenter\u00bb min_height_tablet=\u00bb\u00bb min_height_phone=\u00bb\u00bb min_height_last_edited=\u00bbon|phone\u00bb height_tablet=\u00bb\u00bb height_phone=\u00bb\u00bb height_last_edited=\u00bbon|phone\u00bb max_height_tablet=\u00bb\u00bb max_height_phone=\u00bb\u00bb max_height_last_edited=\u00bbon|phone\u00bb custom_margin=\u00bb-9px||||false|false\u00bb custom_padding=\u00bb0px|0px|0px|0px|false|false\u00bb border_radii=\u00bbon|20px|20px|20px|20px\u00bb border_width_all=\u00bb10px\u00bb border_color_all=\u00bb#000000&#8243; border_style_all=\u00bbnone\u00bb global_colors_info=\u00bb{}\u00bb][\/et_pb_image][\/et_pb_column][et_pb_column type=\u00bb1_2&#8243; _builder_version=\u00bb4.27.0&#8243; _module_preset=\u00bbdefault\u00bb global_colors_info=\u00bb{}\u00bb][et_pb_text _builder_version=\u00bb4.27.0&#8243; _module_preset=\u00bbdefault\u00bb text_font=\u00bbMontserrat||||||||\u00bb text_font_size=\u00bb16px\u00bb header_2_font=\u00bbMontserrat|700|||||||\u00bb text_orientation=\u00bbcenter\u00bb custom_margin_tablet=\u00bb\u00bb custom_margin_phone=\u00bb|||20px|false|false\u00bb custom_margin_last_edited=\u00bbon|phone\u00bb global_colors_info=\u00bb{}\u00bb]<\/p>\n<h1 style=\"text-align: left;\"><strong><span style=\"color: #ffffff;\">CINTAS DE SEDA<\/span><\/strong><\/h1>\n<p style=\"text-align: left;\">Una obra de: Norge Espinosa<br \/>Direcci\u00f3n: S\u00e1ndor Men\u00e9ndez<\/p>\n<div class=\"event-details\" style=\"text-align: left;\">\n<div class=\"event-details__date\"><span class=\"event-details__date-1\"><\/span><\/div>\n<div class=\"event-details__date\"><span class=\"event-details__date-1\"><\/span><\/div>\n<div class=\"event-details__date\">En el <em>National Museum of Mexican Art,<\/em> Chicago.<\/div>\n<div class=\"event-details__date\"><\/div>\n<div class=\"event-details__date\">Edad m\u00ednima recomendada +<span>15\u00a0<\/span><\/div>\n<\/div>\n<p style=\"text-align: left;\">[\/et_pb_text][et_pb_text _builder_version=\u00bb4.27.0&#8243; _module_preset=\u00bbdefault\u00bb custom_margin=\u00bb|160px|||false|false\u00bb custom_margin_tablet=\u00bb|160px|||false|false\u00bb custom_margin_phone=\u00bb|80px||20px|false|false\u00bb custom_margin_last_edited=\u00bbon|phone\u00bb hover_enabled=\u00bb0&#8243; global_colors_info=\u00bb{}\u00bb content_last_edited=\u00bbon|desktop\u00bb sticky_enabled=\u00bb0&#8243; content_tablet=\u00bb<\/p>\n<h2><\/h2>\n<h2><\/h2>\n<h2>SOBRE LA OBRA<\/h2>\n<p>A la v\u00edspera del D\u00eda de Muertos, dos figuras \u00fanicas y universales por dem\u00e1s, se unen en un di\u00e1logo imposible donde los fantasmas, alucinaciones e im\u00e1genes del pasado se hacen presentes desde la muerte en una representaci\u00f3n po\u00e9tica de la vida.<\/p>\n<p>Con un lenguaje cortante, mordaz y l\u00facido, La Pintora y La Monja se sumergen en un caleidoscopio teatral para revelar los temores, pasiones, colores y versos que las han acompa\u00f1ado en su viaje hacia la trascendencia.<\/p>\n<p>La pieza explora el rol de la mujer en una sociedad agobiante y machista a trav\u00e9s de dos \u00edconos de la cultura mexicana: Frida Kahlo y Sor Juana In\u00e9s de la Cruz.<\/p>\n<p>\u00bb content_phone=\u00bb<\/p>\n<h2><\/h2>\n<h2><\/h2>\n<h2>SOBRE LA OBRA<\/h2>\n<p>A la v\u00edspera del D\u00eda de Muertos, dos figuras \u00fanicas y universales por dem\u00e1s, se unen en un di\u00e1logo imposible donde los fantasmas, alucinaciones e im\u00e1genes del pasado se hacen presentes desde la muerte en una representaci\u00f3n po\u00e9tica de la vida.<\/p>\n<p>Con un lenguaje cortante, mordaz y l\u00facido, La Pintora y La Monja se sumergen en un caleidoscopio teatral para revelar los temores, pasiones, colores y versos que las han acompa\u00f1ado en su viaje hacia la trascendencia.<\/p>\n<p>La pieza explora el rol de la mujer en una sociedad agobiante y machista a trav\u00e9s de dos \u00edconos de la cultura mexicana: Frida Kahlo y Sor Juana In\u00e9s de la Cruz.<\/p>\n<p>\u00ab]<\/p>\n<h2><\/h2>\n<h2><\/h2>\n<h2>SOBRE LA OBRA<\/h2>\n<p>A la v\u00edspera del D\u00eda de Muertos, dos figuras \u00fanicas y universales por dem\u00e1s, se unen en un di\u00e1logo imposible donde los fantasmas, alucinaciones e im\u00e1genes del pasado se hacen presentes desde la muerte en una representaci\u00f3n po\u00e9tica de la vida.<\/p>\n<p>Con un lenguaje cortante, mordaz y l\u00facido, La Pintora y La Monja se sumergen en un caleidoscopio teatral para revelar los temores, pasiones, colores y versos que las han acompa\u00f1ado en su viaje hacia la trascendencia.<\/p>\n<p>La pieza explora el rol de la mujer en una sociedad agobiante y machista a trav\u00e9s de dos \u00edconos de la cultura mexicana: Frida Kahlo y Sor Juana In\u00e9s de la Cruz.<\/p>\n<p>[\/et_pb_text][et_pb_button button_url=\u00bbhttps:\/\/www.ticketleap.events\/tickets\/aguijon-1\/cintas24#\u00bb button_text=\u00bbBOLETOS\u00bb button_alignment=\u00bbleft\u00bb _builder_version=\u00bb4.27.0&#8243; _module_preset=\u00bbdefault\u00bb custom_button=\u00bbon\u00bb button_text_color=\u00bb#FFFFFF\u00bb button_bg_color=\u00bb#DE0100&#8243; button_border_color=\u00bbRGBA(255,255,255,0)\u00bb custom_margin=\u00bb||10px|0px|false|false\u00bb custom_margin_tablet=\u00bb||10px|0px|false|false\u00bb custom_margin_phone=\u00bb||10px|21px|false|false\u00bb custom_margin_last_edited=\u00bbon|phone\u00bb custom_padding=\u00bb||3px||false|false\u00bb global_colors_info=\u00bb{}\u00bb][\/et_pb_button][\/et_pb_column][\/et_pb_row][\/et_pb_section][et_pb_section fb_built=\u00bb1&#8243; disabled_on=\u00bboff|off|off\u00bb _builder_version=\u00bb4.27.0&#8243; _module_preset=\u00bbdefault\u00bb use_background_color_gradient=\u00bbon\u00bb background_color_gradient_type=\u00bbcircular\u00bb background_color_gradient_stops=\u00bb#2b87da 96%|#29c4a9 100%\u00bb background_color_gradient_overlays_image=\u00bbon\u00bb background_image=\u00bbhttps:\/\/aguijontheater.org\/wp-content\/uploads\/2022\/09\/cinta_de_seda.jpg\u00bb top_divider_style=\u00bbslant2&#8243; top_divider_color=\u00bb#DE0100&#8243; locked=\u00bboff\u00bb global_colors_info=\u00bb{}\u00bb][et_pb_row column_structure=\u00bb1_3,1_3,1_3&#8243; disabled_on=\u00bboff|off|off\u00bb _builder_version=\u00bb4.27.0&#8243; _module_preset=\u00bbdefault\u00bb background_color=\u00bbrgba(0,0,0,0.38)\u00bb background_enable_color=\u00bbon\u00bb custom_padding=\u00bb|15px|42px|15px|false|false\u00bb hover_enabled=\u00bb0&#8243; border_radii=\u00bbon|20px|20px|20px|20px\u00bb global_colors_info=\u00bb{}\u00bb sticky_enabled=\u00bb0&#8243;][et_pb_column type=\u00bb1_3&#8243; _builder_version=\u00bb4.27.0&#8243; _module_preset=\u00bbdefault\u00bb global_colors_info=\u00bb{}\u00bb][et_pb_text _builder_version=\u00bb4.27.0&#8243; _module_preset=\u00bbdefault\u00bb header_font=\u00bbAdvent Pro|700|||||||\u00bb hover_enabled=\u00bb0&#8243; global_colors_info=\u00bb{}\u00bb custom_margin=\u00bb-31px||-25px||false|false\u00bb sticky_enabled=\u00bb0&#8243;]<\/p>\n<h1>CAST<\/h1>\n<p>&nbsp;<\/p>\n<p>[\/et_pb_text][et_pb_image src=\u00bbhttps:\/\/aguijontheater.org\/wp-content\/uploads\/2024\/09\/9C8ADA84-FD9B-4329-93F8-037E92BF0083.jpg\u00bb title_text=\u00bb9C8ADA84-FD9B-4329-93F8-037E92BF0083&#8243; _builder_version=\u00bb4.27.0&#8243; _module_preset=\u00bbdefault\u00bb border_radii=\u00bbon|20px|20px|20px|20px\u00bb global_colors_info=\u00bb{}\u00bb][\/et_pb_image][et_pb_text _builder_version=\u00bb4.27.0&#8243; _module_preset=\u00bbdefault\u00bb hover_enabled=\u00bb0&#8243; global_colors_info=\u00bb{}\u00bb content_last_edited=\u00bbon|phone\u00bb sticky_enabled=\u00bb0&#8243; content_tablet=\u00bb<\/p>\n<h1>Rosario Vargas*<\/h1>\n<p>The Painter<\/p>\n<p>\u00bb content_phone=\u00bb<\/p>\n<h1>Rosario Vargas*<\/h1>\n<p>The Painter<\/p>\n<p>\u00ab]<\/p>\n<h1>Rosario Vargas*<\/h1>\n<p>The Painter<\/p>\n<p>[\/et_pb_text][\/et_pb_column][et_pb_column type=\u00bb1_3&#8243; _builder_version=\u00bb4.27.0&#8243; _module_preset=\u00bbdefault\u00bb global_colors_info=\u00bb{}\u00bb][et_pb_image src=\u00bbhttps:\/\/aguijontheater.org\/wp-content\/uploads\/2024\/09\/2A226E4E-284A-4F10-8E55-17AAAF369847.jpg\u00bb title_text=\u00bb2A226E4E-284A-4F10-8E55-17AAAF369847&#8243; _builder_version=\u00bb4.27.0&#8243; _module_preset=\u00bbdefault\u00bb border_radii=\u00bbon|20px|20px|20px|20px\u00bb global_colors_info=\u00bb{}\u00bb][\/et_pb_image][et_pb_text _builder_version=\u00bb4.27.0&#8243; _module_preset=\u00bbdefault\u00bb hover_enabled=\u00bb0&#8243; global_colors_info=\u00bb{}\u00bb sticky_enabled=\u00bb0&#8243;]<\/p>\n<h1>Claudia Renter\u00eda*<\/h1>\n<p>The Nun<\/p>\n<p>[\/et_pb_text][\/et_pb_column][et_pb_column type=\u00bb1_3&#8243; _builder_version=\u00bb4.27.0&#8243; _module_preset=\u00bbdefault\u00bb global_colors_info=\u00bb{}\u00bb][et_pb_image src=\u00bbhttps:\/\/aguijontheater.org\/wp-content\/uploads\/2024\/09\/32F048B7-11C5-469F-B943-8FFFFA1C9615.jpg\u00bb title_text=\u00bb32F048B7-11C5-469F-B943-8FFFFA1C9615&#8243; _builder_version=\u00bb4.27.0&#8243; _module_preset=\u00bbdefault\u00bb border_radii=\u00bbon|20px|20px|20px|20px\u00bb global_colors_info=\u00bb{}\u00bb][\/et_pb_image][et_pb_text _builder_version=\u00bb4.27.0&#8243; _module_preset=\u00bbdefault\u00bb hover_enabled=\u00bb0&#8243; global_colors_info=\u00bb{}\u00bb sticky_enabled=\u00bb0&#8243;]<\/p>\n<h1>Marcopolo Soto*<\/h1>\n<p>The Doctor<\/p>\n<p>[\/et_pb_text][\/et_pb_column][\/et_pb_row][\/et_pb_section][et_pb_section fb_built=\u00bb1&#8243; _builder_version=\u00bb4.27.0&#8243; _module_preset=\u00bbdefault\u00bb background_color=\u00bbrgba(221,104,104,0.11)\u00bb background_enable_image=\u00bboff\u00bb top_divider_style=\u00bbslant\u00bb top_divider_color=\u00bb#DE0100&#8243; bottom_divider_style=\u00bbslant\u00bb bottom_divider_color=\u00bb#DE0100&#8243; locked=\u00bboff\u00bb global_colors_info=\u00bb{}\u00bb][et_pb_row column_structure=\u00bb1_3,2_3&#8243; disabled_on=\u00bboff|off|off\u00bb _builder_version=\u00bb4.27.0&#8243; _module_preset=\u00bbdefault\u00bb background_color=\u00bbrgba(164,192,232,0.13)\u00bb background_enable_color=\u00bbon\u00bb use_background_color_gradient=\u00bbon\u00bb background_color_gradient_type=\u00bbcircular\u00bb background_color_gradient_stops=\u00bbrgba(63,63,63,0.39) 0%|rgba(0,0,0,0.68) 100%\u00bb background_color_gradient_start=\u00bbrgba(63,63,63,0.39)\u00bb background_color_gradient_end=\u00bbrgba(0,0,0,0.68)\u00bb custom_margin=\u00bb-55px||-122px||false|false\u00bb custom_padding=\u00bb12px|15px|43px|15px|false|false\u00bb border_radii=\u00bbon|20px|20px|20px|20px\u00bb global_colors_info=\u00bb{}\u00bb][et_pb_column type=\u00bb1_3&#8243; _builder_version=\u00bb4.27.0&#8243; _module_preset=\u00bbdefault\u00bb global_colors_info=\u00bb{}\u00bb][et_pb_text _builder_version=\u00bb4.27.0&#8243; _module_preset=\u00bbdefault\u00bb header_font=\u00bbAdvent Pro|700|||||||\u00bb global_colors_info=\u00bb{}\u00bb]<\/p>\n<h1>PRODUCTION TEAM<\/h1>\n<p>&nbsp;<\/p>\n<p>[\/et_pb_text][\/et_pb_column][et_pb_column type=\u00bb2_3&#8243; _builder_version=\u00bb4.27.0&#8243; _module_preset=\u00bbdefault\u00bb background_color=\u00bbRGBA(255,255,255,0)\u00bb global_colors_info=\u00bb{}\u00bb][\/et_pb_column][\/et_pb_row][et_pb_row column_structure=\u00bb1_6,1_6,1_6,1_6,1_6,1_6&#8243; disabled_on=\u00bboff|off|off\u00bb _builder_version=\u00bb4.27.0&#8243; _module_preset=\u00bbdefault\u00bb background_color=\u00bb#000000&#8243; background_enable_color=\u00bbon\u00bb custom_margin=\u00bb16px||-1px||false|false\u00bb custom_padding=\u00bb20px|15px|42px|15px|false|false\u00bb border_radii=\u00bbon|20px|20px|20px|20px\u00bb global_colors_info=\u00bb{}\u00bb][et_pb_column type=\u00bb1_6&#8243; _builder_version=\u00bb4.27.0&#8243; _module_preset=\u00bbdefault\u00bb global_colors_info=\u00bb{}\u00bb][et_pb_image src=\u00bbhttps:\/\/aguijontheater.org\/wp-content\/uploads\/2021\/04\/member_marcela.jpg\u00bb title_text=\u00bbmember_marcela\u00bb url=\u00bbhttps:\/\/aguijontheater.org\/es\/volver-a-casa\/sobre-nosotros\/conjunto\/marcela-munoz\/\u00bb _builder_version=\u00bb4.27.0&#8243; _module_preset=\u00bbdefault\u00bb border_radii=\u00bbon|20px|20px|20px|20px\u00bb global_colors_info=\u00bb{}\u00bb][\/et_pb_image][et_pb_text _builder_version=\u00bb4.27.0&#8243; _module_preset=\u00bbdefault\u00bb global_colors_info=\u00bb{}\u00bb]<\/p>\n<p style=\"text-align: center;\">Marcela Mu\u00f1oz<\/p>\n<p>[\/et_pb_text][\/et_pb_column][et_pb_column type=\u00bb1_6&#8243; _builder_version=\u00bb4.27.0&#8243; _module_preset=\u00bbdefault\u00bb global_colors_info=\u00bb{}\u00bb][et_pb_image src=\u00bbhttps:\/\/aguijontheater.org\/wp-content\/uploads\/2024\/07\/AuguWebsite.jpg\u00bb title_text=\u00bbAuguWebsite\u00bb url=\u00bbhttps:\/\/aguijontheater.org\/es\/volver-a-casa\/sobre-nosotros\/conjunto\/augusto-yanacopulos\/\u00bb _builder_version=\u00bb4.27.0&#8243; _module_preset=\u00bbdefault\u00bb border_radii=\u00bbon|20px|20px|20px|20px\u00bb global_colors_info=\u00bb{}\u00bb][\/et_pb_image][et_pb_text _builder_version=\u00bb4.27.0&#8243; _module_preset=\u00bbdefault\u00bb global_colors_info=\u00bb{}\u00bb]<\/p>\n<h5 style=\"text-align: center;\">Augusto Yanacopulos<\/h5>\n<p>[\/et_pb_text][\/et_pb_column][et_pb_column type=\u00bb1_6&#8243; _builder_version=\u00bb4.27.0&#8243; _module_preset=\u00bbdefault\u00bb global_colors_info=\u00bb{}\u00bb][et_pb_image src=\u00bbhttps:\/\/aguijontheater.org\/wp-content\/uploads\/2024\/07\/Calderoi\u0300n-Aguijoi\u0300n_web.jpg\u00bb title_text=\u00bbCalderoi\u0300n Aguijoi\u0300n_web\u00bb url=\u00bbhttps:\/\/aguijontheater.org\/es\/volver-a-casa\/sobre-nosotros\/conjunto\/oswaldo-calderon\/\u00bb _builder_version=\u00bb4.27.0&#8243; _module_preset=\u00bbdefault\u00bb border_radii=\u00bbon|20px|20px|20px|20px\u00bb global_colors_info=\u00bb{}\u00bb][\/et_pb_image][et_pb_text _builder_version=\u00bb4.27.0&#8243; _module_preset=\u00bbdefault\u00bb text_font=\u00bb||||||||\u00bb global_colors_info=\u00bb{}\u00bb]<\/p>\n<h5 style=\"text-align: center;\">Oswaldo Calder\u00f3n<\/h5>\n<p>[\/et_pb_text][\/et_pb_column][et_pb_column type=\u00bb1_6&#8243; _builder_version=\u00bb4.27.0&#8243; _module_preset=\u00bbdefault\u00bb global_colors_info=\u00bb{}\u00bb][et_pb_image src=\u00bbhttps:\/\/aguijontheater.org\/wp-content\/uploads\/2024\/08\/IMG_5873.jpg\u00bb title_text=\u00bbIMG_5873&#8243; url=\u00bbhttps:\/\/aguijontheater.org\/es\/volver-a-casa\/sobre-nosotros\/conjunto\/ana-santos-sanchez\/\u00bb _builder_version=\u00bb4.27.0&#8243; _module_preset=\u00bbdefault\u00bb border_radii=\u00bbon|20px|20px|20px|20px\u00bb global_colors_info=\u00bb{}\u00bb][\/et_pb_image][et_pb_text _builder_version=\u00bb4.27.0&#8243; _module_preset=\u00bbdefault\u00bb text_font=\u00bb||||||||\u00bb global_colors_info=\u00bb{}\u00bb]<\/p>\n<h5 style=\"text-align: center;\">Ana Santos<\/h5>\n<p>[\/et_pb_text][\/et_pb_column][et_pb_column type=\u00bb1_6&#8243; _builder_version=\u00bb4.27.0&#8243; _module_preset=\u00bbdefault\u00bb global_colors_info=\u00bb{}\u00bb][et_pb_image src=\u00bbhttps:\/\/aguijontheater.org\/wp-content\/uploads\/2024\/07\/Elio-Leturia-Aguijon-web.jpg\u00bb title_text=\u00bbElio Leturia Aguijon web\u00bb url=\u00bbhttps:\/\/aguijontheater.org\/es\/volver-a-casa\/sobre-nosotros\/conjunto\/elio-leturia\/\u00bb _builder_version=\u00bb4.27.0&#8243; _module_preset=\u00bbdefault\u00bb border_radii=\u00bbon|20px|20px|20px|20px\u00bb global_colors_info=\u00bb{}\u00bb][\/et_pb_image][et_pb_text _builder_version=\u00bb4.27.0&#8243; _module_preset=\u00bbdefault\u00bb text_font=\u00bb||||||||\u00bb global_colors_info=\u00bb{}\u00bb]<\/p>\n<h5 style=\"text-align: center;\">Elio Leturia<\/h5>\n<p>[\/et_pb_text][\/et_pb_column][et_pb_column type=\u00bb1_6&#8243; _builder_version=\u00bb4.27.0&#8243; _module_preset=\u00bbdefault\u00bb global_colors_info=\u00bb{}\u00bb][et_pb_image src=\u00bbhttps:\/\/aguijontheater.org\/wp-content\/uploads\/2021\/04\/Carlos1.jpg\u00bb title_text=\u00bbCarlos1&#8243; url=\u00bbhttps:\/\/aguijontheater.org\/es\/volver-a-casa\/sobre-nosotros\/conjunto\/carlos-garcia-servin\/\u00bb _builder_version=\u00bb4.27.0&#8243; _module_preset=\u00bbdefault\u00bb border_radii=\u00bbon|20px|20px|20px|20px\u00bb global_colors_info=\u00bb{}\u00bb][\/et_pb_image][et_pb_text _builder_version=\u00bb4.27.0&#8243; _module_preset=\u00bbdefault\u00bb text_font=\u00bb||||||||\u00bb global_colors_info=\u00bb{}\u00bb]<\/p>\n<h5 style=\"text-align: center;\">Carlos Garc\u00eda<\/h5>\n<p>[\/et_pb_text][\/et_pb_column][\/et_pb_row][et_pb_row column_structure=\u00bb1_2,1_2&#8243; disabled_on=\u00bboff|off|off\u00bb _builder_version=\u00bb4.27.0&#8243; _module_preset=\u00bbdefault\u00bb background_color=\u00bbrgba(164,192,232,0.13)\u00bb background_enable_color=\u00bbon\u00bb use_background_color_gradient=\u00bbon\u00bb background_color_gradient_type=\u00bbcircular\u00bb background_color_gradient_stops=\u00bbrgba(63,63,63,0.39) 0%|rgba(0,0,0,0.68) 100%\u00bb background_color_gradient_start=\u00bbrgba(63,63,63,0.39)\u00bb background_color_gradient_end=\u00bbrgba(0,0,0,0.68)\u00bb custom_margin=\u00bb-31px||-1px||false|false\u00bb custom_padding=\u00bb|15px|42px|15px|false|false\u00bb border_radii=\u00bbon|20px|20px|20px|20px\u00bb global_colors_info=\u00bb{}\u00bb][et_pb_column type=\u00bb1_2&#8243; _builder_version=\u00bb4.27.0&#8243; _module_preset=\u00bbdefault\u00bb global_colors_info=\u00bb{}\u00bb][et_pb_text _builder_version=\u00bb4.27.0&#8243; _module_preset=\u00bbdefault\u00bb custom_padding=\u00bb|||19px|false|false\u00bb global_colors_info=\u00bb{}\u00bb]<\/p>\n<p>Producci\u00f3n: Marcela Mu\u00f1oz*<br \/>Regidor: Oswaldo Calder\u00f3n*<br \/>Dise\u00f1o de luces: Marcela Mu\u00f1oz* &amp; Augusto Yanacopulos*<br \/>Escenograf\u00eda: Augusto Yanacopulos*<br \/>Dise\u00f1o de sonido y arreglos musicales: Norberto Guerra Gonz\u00e1lez<\/p>\n<p>[\/et_pb_text][\/et_pb_column][et_pb_column type=\u00bb1_2&#8243; _builder_version=\u00bb4.27.0&#8243; _module_preset=\u00bbdefault\u00bb global_colors_info=\u00bb{}\u00bb][et_pb_text _builder_version=\u00bb4.27.0&#8243; _module_preset=\u00bbdefault\u00bb custom_margin=\u00bb|||19px|false|false\u00bb custom_margin_tablet=\u00bb|||19px|false|false\u00bb custom_margin_phone=\u00bb|||19px|false|false\u00bb custom_margin_last_edited=\u00bbon|phone\u00bb global_colors_info=\u00bb{}\u00bb]<\/p>\n<div class=\"et_pb_text_inner\">\n<div data-shortcode-id=\"4.0.1.0-1727401274347\" data-quickaccess-editable=\"yes\" class=\"et-fb-popover-tinymce\">\n<div class=\"mce-content-body\" contenteditable=\"true\" style=\"position: relative;\">\n<p>Entrenamiento de voz: Ana Santos*<br \/>Vestuario: Eduardo Sosa<br \/>Coreograf\u00eda y movimiento: Nelson Reyes<br \/>Relaciones p\u00fablicas: Elio Leturia*<br \/>Dise\u00f1o Gr\u00e1fico: Carlos Garc\u00eda Serv\u00edn*<\/p>\n<p>*Miembro del elenco de planta de Aguij\u00f3n Theater<\/p>\n<\/div>\n<\/div>\n<\/div>\n<div class=\"et-fb-mousetrap et-fb-mousetrap--module et-fb-mousetrap-pointer\" style=\"background: rgba(76, 88, 102, 0.1); pointer-events: auto;\"><\/div>\n<p>[\/et_pb_text][\/et_pb_column][\/et_pb_row][\/et_pb_section]<\/p>\n","protected":false},"excerpt":{"rendered":"<p>EN ESPA\u00d1OL\u00a0WITH ENGLISH SUPERTITLES Presentada como parte del 7th DESTINOS Chicago International Latino Theater Festival En el National Museum of Mexican Art, Chicago, IL Nov 7th &#8211; Nov 10th, 2024\u00a0CSTCINTAS DE SEDA Una obra de: Norge EspinosaDirecci\u00f3n: S\u00e1ndor Men\u00e9ndez En el National Museum of Mexican Art, Chicago. Edad m\u00ednima recomendada +15\u00a0 SOBRE LA OBRA A [&hellip;]<\/p>\n","protected":false},"author":1,"featured_media":245614,"parent":0,"menu_order":0,"comment_status":"closed","ping_status":"closed","template":"","meta":{"_et_pb_use_builder":"on","_et_pb_old_content":"","_et_gb_content_width":"","footnotes":""},"dipi_cpt_category":[],"class_list":["post-245608","page","type-page","status-publish","has-post-thumbnail","hentry"],"_links":{"self":[{"href":"https:\/\/aguijontheater.org\/es\/wp-json\/wp\/v2\/pages\/245608"}],"collection":[{"href":"https:\/\/aguijontheater.org\/es\/wp-json\/wp\/v2\/pages"}],"about":[{"href":"https:\/\/aguijontheater.org\/es\/wp-json\/wp\/v2\/types\/page"}],"author":[{"embeddable":true,"href":"https:\/\/aguijontheater.org\/es\/wp-json\/wp\/v2\/users\/1"}],"replies":[{"embeddable":true,"href":"https:\/\/aguijontheater.org\/es\/wp-json\/wp\/v2\/comments?post=245608"}],"version-history":[{"count":76,"href":"https:\/\/aguijontheater.org\/es\/wp-json\/wp\/v2\/pages\/245608\/revisions"}],"predecessor-version":[{"id":249982,"href":"https:\/\/aguijontheater.org\/es\/wp-json\/wp\/v2\/pages\/245608\/revisions\/249982"}],"wp:featuredmedia":[{"embeddable":true,"href":"https:\/\/aguijontheater.org\/es\/wp-json\/wp\/v2\/media\/245614"}],"wp:attachment":[{"href":"https:\/\/aguijontheater.org\/es\/wp-json\/wp\/v2\/media?parent=245608"}],"wp:term":[{"taxonomy":"dipi_cpt_category","embeddable":true,"href":"https:\/\/aguijontheater.org\/es\/wp-json\/wp\/v2\/dipi_cpt_category?post=245608"}],"curies":[{"name":"wp","href":"https:\/\/api.w.org\/{rel}","templated":true}]}}