{"id":244756,"date":"2021-11-10T14:41:25","date_gmt":"2021-11-10T14:41:25","guid":{"rendered":"https:\/\/aguijon.xblu.com\/gustavo\/"},"modified":"2021-11-10T14:41:25","modified_gmt":"2021-11-10T14:41:25","slug":"gustavo","status":"publish","type":"page","link":"https:\/\/aguijontheater.org\/es\/gustavo\/","title":{"rendered":"Gustavo"},"content":{"rendered":"<p>[et_pb_section fb_built=\u00bb1&#8243; admin_label=\u00bbHeader\u00bb _builder_version=\u00bb4.13.0&#8243; background_color=\u00bb#FFFFFF\u00bb use_background_color_gradient=\u00bbon\u00bb background_color_gradient_start=\u00bbrgba(255,255,255,0.35)\u00bb background_color_gradient_end=\u00bb#ffffff\u00bb background_color_gradient_overlays_image=\u00bbon\u00bb background_image=\u00bbhttps:\/\/aguijontheater.org\/wp-content\/uploads\/2021\/11\/at-bg.png\u00bb top_divider_style=\u00bbslant2&#8243; top_divider_color=\u00bb#000000&#8243; locked=\u00bboff\u00bb global_colors_info=\u00bb{}\u00bb][et_pb_row _builder_version=\u00bb4.0.6&#8243; custom_padding=\u00bb||8px|||\u00bb global_colors_info=\u00bb{}\u00bb][et_pb_column type=\u00bb4_4&#8243; _builder_version=\u00bb3.27.3&#8243; global_colors_info=\u00bb{}\u00bb][et_pb_text _builder_version=\u00bb4.13.0&#8243; text_text_color=\u00bbrgba(255,255,255,0.5)\u00bb text_font_size=\u00bb16px\u00bb text_line_height=\u00bb1.8em\u00bb header_font=\u00bbMontserrat|600||on|||||\u00bb header_font_size=\u00bb4vw\u00bb header_line_height=\u00bb1.2em\u00bb header_3_font=\u00bbMontserrat|700||on|||||\u00bb header_3_text_color=\u00bb#DE0100&#8243; header_3_font_size=\u00bb16px\u00bb header_3_letter_spacing=\u00bb2px\u00bb header_3_line_height=\u00bb1.4em\u00bb background_layout=\u00bbdark\u00bb header_3_font_size_tablet=\u00bb14px\u00bb header_3_font_size_phone=\u00bb\u00bb header_3_font_size_last_edited=\u00bbon|phone\u00bb text_text_align=\u00bbleft\u00bb locked=\u00bboff\u00bb global_colors_info=\u00bb{}\u00bb]<\/p>\n<h3><span style=\"color: #de0100\">PERCUSI\u00d3N<\/span><\/h3>\n<h1><span style=\"color: #000000\">Gustavo<\/span><\/h1>\n<p>[\/et_pb_text][\/et_pb_column][\/et_pb_row][et_pb_row _builder_version=\u00bb4.9.4&#8243; _module_preset=\u00bbdefault\u00bb custom_padding=\u00bb19px|||||\u00bb global_colors_info=\u00bb{}\u00bb][et_pb_column type=\u00bb4_4&#8243; _builder_version=\u00bb4.9.4&#8243; _module_preset=\u00bbdefault\u00bb global_colors_info=\u00bb{}\u00bb][et_pb_team_member image_url=\u00bbhttps:\/\/aguijontheater.org\/wp-content\/uploads\/2021\/11\/gustavo.jpg\u00bb _builder_version=\u00bb4.13.0&#8243; _module_preset=\u00bbdefault\u00bb header_font=\u00bb|800|||||||\u00bb body_text_align=\u00bbleft\u00bb body_text_color=\u00bb#000000&#8243; body_font_size=\u00bb18px\u00bb background_color=\u00bbrgba(255,255,255,0.29)\u00bb custom_padding=\u00bb20px|20px|20px|20px|true|true\u00bb hover_enabled=\u00bb0&#8243; global_colors_info=\u00bb{}\u00bb sticky_enabled=\u00bb0&#8243;]Vino de Juncos, Puerto Rico en 1965. En 1970, comenz\u00f3 a tocar m\u00fasica con David Hernandez &amp; Street Sounds, un grupo folcl\u00f3rico de poes\u00eda y m\u00fasica. A trav\u00e9s de su trabajo en la Asociaci\u00f3n de Artistas El Taller, Gustavo inspir\u00f3 a muchos j\u00f3venes a tocar m\u00fasica. En los 80 graba con la banda La Modulason. Ha tocado y viajado con la banda disco Al Coco y la banda espa\u00f1ola de rock fusi\u00f3n Agave Live. Actualmente toca bongos con la famosa banda Frankie&#8217;s People.[\/et_pb_team_member][et_pb_button button_url=\u00bb@ET-DC@eyJkeW5hbWljIjp0cnVlLCJjb250ZW50IjoicG9zdF9saW5rX3VybF9wYWdlIiwic2V0dGluZ3MiOnsicG9zdF9pZCI6IjI2MSJ9fQ==@\u00bb button_text=\u00bbIr al conjunto completo\u00bb button_alignment=\u00bbleft\u00bb _builder_version=\u00bb4.11.2&#8243; _dynamic_attributes=\u00bbbutton_url\u00bb _module_preset=\u00bb3d27804a-489e-4691-9eca-095a6fb0f1fb\u00bb button_bg_color=\u00bb#DE0100&#8243; custom_padding=\u00bb15px|25px|15px|38px|true|false\u00bb locked=\u00bboff\u00bb global_colors_info=\u00bb{}\u00bb button_bg_color__hover=\u00bb#000000&#8243; button_bg_color__hover_enabled=\u00bbon|hover\u00bb button_bg_enable_color__hover=\u00bbon\u00bb button_text_color__hover_enabled=\u00bbon|hover\u00bb button_text_color__hover=\u00bb#FFFFFF\u00bb][\/et_pb_button][\/et_pb_column][\/et_pb_row][\/et_pb_section]<\/p>\n","protected":false},"excerpt":{"rendered":"<p>PERCUSI\u00d3N GustavoVino de Juncos, Puerto Rico en 1965. En 1970, comenz\u00f3 a tocar m\u00fasica con David Hernandez &amp; Street Sounds, un grupo folcl\u00f3rico de poes\u00eda y m\u00fasica. A trav\u00e9s de su trabajo en la Asociaci\u00f3n de Artistas El Taller, Gustavo inspir\u00f3 a muchos j\u00f3venes a tocar m\u00fasica. En los 80 graba con la banda La [&hellip;]<\/p>\n","protected":false},"author":1,"featured_media":0,"parent":0,"menu_order":0,"comment_status":"closed","ping_status":"closed","template":"","meta":{"_et_pb_use_builder":"on","_et_pb_old_content":"","_et_gb_content_width":"","footnotes":""},"dipi_cpt_category":[],"class_list":["post-244756","page","type-page","status-publish","hentry"],"_links":{"self":[{"href":"https:\/\/aguijontheater.org\/es\/wp-json\/wp\/v2\/pages\/244756"}],"collection":[{"href":"https:\/\/aguijontheater.org\/es\/wp-json\/wp\/v2\/pages"}],"about":[{"href":"https:\/\/aguijontheater.org\/es\/wp-json\/wp\/v2\/types\/page"}],"author":[{"embeddable":true,"href":"https:\/\/aguijontheater.org\/es\/wp-json\/wp\/v2\/users\/1"}],"replies":[{"embeddable":true,"href":"https:\/\/aguijontheater.org\/es\/wp-json\/wp\/v2\/comments?post=244756"}],"version-history":[{"count":3,"href":"https:\/\/aguijontheater.org\/es\/wp-json\/wp\/v2\/pages\/244756\/revisions"}],"predecessor-version":[{"id":244760,"href":"https:\/\/aguijontheater.org\/es\/wp-json\/wp\/v2\/pages\/244756\/revisions\/244760"}],"wp:attachment":[{"href":"https:\/\/aguijontheater.org\/es\/wp-json\/wp\/v2\/media?parent=244756"}],"wp:term":[{"taxonomy":"dipi_cpt_category","embeddable":true,"href":"https:\/\/aguijontheater.org\/es\/wp-json\/wp\/v2\/dipi_cpt_category?post=244756"}],"curies":[{"name":"wp","href":"https:\/\/api.w.org\/{rel}","templated":true}]}}