{"id":243801,"date":"2021-10-13T14:31:02","date_gmt":"2021-10-13T14:31:02","guid":{"rendered":"https:\/\/aguijon.xblu.com\/volver-a-casa\/sobre-nosotros\/conjunto\/stefanie-jara-escobar\/"},"modified":"2024-09-17T15:33:09","modified_gmt":"2024-09-17T15:33:09","slug":"stefanie-jara-escobar","status":"publish","type":"page","link":"https:\/\/aguijontheater.org\/es\/volver-a-casa\/sobre-nosotros\/conjunto\/stefanie-jara-escobar\/","title":{"rendered":"Stefanie Jara Escobar"},"content":{"rendered":"<p>[et_pb_section fb_built=\u00bb1&#8243; admin_label=\u00bbHeader\u00bb _builder_version=\u00bb4.27.0&#8243; background_color=\u00bb#000000&#8243; background_enable_image=\u00bboff\u00bb top_divider_style=\u00bbwave\u00bb top_divider_color=\u00bb#DE0100&#8243; top_divider_height=\u00bb87px\u00bb top_divider_flip=\u00bbvertical\u00bb locked=\u00bboff\u00bb global_colors_info=\u00bb{}\u00bb][et_pb_row disabled_on=\u00bboff|off|off\u00bb _builder_version=\u00bb4.27.0&#8243; custom_padding=\u00bb||8px|||\u00bb global_colors_info=\u00bb{}\u00bb][et_pb_column type=\u00bb4_4&#8243; _builder_version=\u00bb4.16&#8243; global_colors_info=\u00bb{}\u00bb][et_pb_text _builder_version=\u00bb4.27.0&#8243; text_text_color=\u00bbrgba(255,255,255,0.5)\u00bb text_font_size=\u00bb16px\u00bb text_line_height=\u00bb1.8em\u00bb header_font=\u00bbMontserrat|600||on|||||\u00bb header_font_size=\u00bb4vw\u00bb header_line_height=\u00bb1.2em\u00bb header_3_font=\u00bbMontserrat|700||on|||||\u00bb header_3_text_color=\u00bb#DE0100&#8243; header_3_font_size=\u00bb16px\u00bb header_3_letter_spacing=\u00bb2px\u00bb header_3_line_height=\u00bb1.4em\u00bb background_layout=\u00bbdark\u00bb hover_enabled=\u00bb0&#8243; header_3_font_size_tablet=\u00bb14px\u00bb header_3_font_size_phone=\u00bb\u00bb header_3_font_size_last_edited=\u00bbon|phone\u00bb text_text_align=\u00bbleft\u00bb locked=\u00bboff\u00bb global_colors_info=\u00bb{}\u00bb sticky_enabled=\u00bb0&#8243;]<\/p>\n<h1><span style=\"color: #ffffff;\">stefanie jara escobar<\/span><\/h1>\n<p>[\/et_pb_text][\/et_pb_column][\/et_pb_row][et_pb_row disabled_on=\u00bboff|off|off\u00bb _builder_version=\u00bb4.27.0&#8243; _module_preset=\u00bbdefault\u00bb custom_padding=\u00bb19px|||||\u00bb global_colors_info=\u00bb{}\u00bb][et_pb_column type=\u00bb4_4&#8243; _builder_version=\u00bb4.16&#8243; _module_preset=\u00bbdefault\u00bb global_colors_info=\u00bb{}\u00bb][et_pb_team_member image_url=\u00bbhttps:\/\/aguijontheater.org\/wp-content\/uploads\/2021\/04\/Stefy-e1716666202862.jpg\u00bb _builder_version=\u00bb4.27.0&#8243; _module_preset=\u00bbdefault\u00bb header_font=\u00bb|800|||||||\u00bb body_text_align=\u00bbleft\u00bb body_text_color=\u00bb#000000&#8243; body_font_size=\u00bb18px\u00bb background_color=\u00bb#DE0100&#8243; background_enable_image=\u00bboff\u00bb background_blend=\u00bbluminosity\u00bb custom_padding=\u00bb20px|20px|20px|20px|true|true\u00bb hover_enabled=\u00bb0&#8243; border_radii=\u00bbon|20px|20px|20px|20px\u00bb border_radii_image=\u00bbon|20px|20px|20px|20px\u00bb global_colors_info=\u00bb{}\u00bb sticky_enabled=\u00bb0&#8243; title_text=\u00bbStefy\u00bb]<\/p>\n<p>Nacida en Ecuador comenz\u00f3 su formaci\u00f3n acad\u00e9mica en el Instituto Superior de Televisi\u00f3n de Guayaquil, donde se gradu\u00f3 en actuaci\u00f3n para televisi\u00f3n con especializaci\u00f3n en direcci\u00f3n esc\u00e9nica.<\/p>\n<p>Su carrera actoral incluye interpretaciones en obras como<span>\u00a0<\/span><strong>Un barco viene de ti<\/strong>,<span>\u00a0<\/span><strong>La casa de Bernarda Alba<\/strong>,<span>\u00a0<\/span><strong>La casa del qu\u00e9 dir\u00e1n<\/strong><span>\u00a0<\/span>y<span>\u00a0<\/span><strong>Cerca<\/strong>, adem\u00e1s de su participaci\u00f3n en el proyecto cinematogr\u00e1fico<span>\u00a0<\/span><strong>Leyendas del sur<\/strong><span>\u00a0<\/span>en Loja, Ecuador. Como integrante del elenco de planta de Aguij\u00f3n Theater, Jara Escobar ha destacado en producciones tales como<span>\u00a0<\/span><strong>La Chunga<\/strong><span>\u00a0<\/span>de Mario Vargas Llosa,<span>\u00a0<\/span><strong>La<span>\u00a0<\/span><\/strong><strong>casa de Bernarda Alba<\/strong><span>\u00a0<\/span>de Federico Garc\u00eda Lorca,<span>\u00a0<\/span><strong>Adverses<\/strong><span>\u00a0<\/span>de Rey And\u00fajar,<span>\u00a0<\/span><strong>Casa propia<span>\u00a0<\/span><\/strong>de Dolores Prida y<span>\u00a0<\/span><strong>La p*nche<span>\u00a0<\/span><\/strong><strong>india<\/strong><span>\u00a0<\/span>de Mario Cant\u00fa Toscano.<\/p>\n<p>Su talento trasciende la actuaci\u00f3n, desempe\u00f1\u00e1ndose tambi\u00e9n en roles detr\u00e1s de bambalinas como asistente de producci\u00f3n y direcci\u00f3n de escena, y como operadora de luz y sonido, demostrando su versatilidad y compromiso con el arte esc\u00e9nico.<\/p>\n<p>En 2025 Jara Escobar se grad\u00faa con un BFA en arquitectura de interiores en Columbia College Chicago, complementando su formaci\u00f3n con grados asociados en bellas artes obtenidos en el Wilbur Wright College, y en arquitectura del Harold Washington College. Con miras a un futuro donde el arte y el dise\u00f1o se entrelazan, ella planea dedicarse al dise\u00f1o de escenograf\u00edas, fusionando su pasi\u00f3n por la arquitectura con el mundo del teatro.<\/p>\n<p>[\/et_pb_team_member][et_pb_button button_url=\u00bb@ET-DC@eyJkeW5hbWljIjp0cnVlLCJjb250ZW50IjoicG9zdF9saW5rX3VybF9wYWdlIiwic2V0dGluZ3MiOnsicG9zdF9pZCI6IjI2MSJ9fQ==@\u00bb button_text=\u00bbVolver a elenco\u00bb button_alignment=\u00bbleft\u00bb _builder_version=\u00bb4.27.0&#8243; _dynamic_attributes=\u00bbbutton_url\u00bb _module_preset=\u00bb3d27804a-489e-4691-9eca-095a6fb0f1fb\u00bb button_bg_color=\u00bb#DE0100&#8243; custom_padding=\u00bb15px|25px|15px|38px|true|false\u00bb locked=\u00bboff\u00bb global_colors_info=\u00bb{}\u00bb button_bg_color__hover=\u00bb#000000&#8243; button_bg_enable_color__hover=\u00bbon\u00bb button_text_color__hover=\u00bb#FFFFFF\u00bb][\/et_pb_button][\/et_pb_column][\/et_pb_row][\/et_pb_section]<\/p>\n","protected":false},"excerpt":{"rendered":"<p>stefanie jara escobarNacida en Ecuador comenz\u00f3 su formaci\u00f3n acad\u00e9mica en el Instituto Superior de Televisi\u00f3n de Guayaquil, donde se gradu\u00f3 en actuaci\u00f3n para televisi\u00f3n con especializaci\u00f3n en direcci\u00f3n esc\u00e9nica. Su carrera actoral incluye interpretaciones en obras como\u00a0Un barco viene de ti,\u00a0La casa de Bernarda Alba,\u00a0La casa del qu\u00e9 dir\u00e1n\u00a0y\u00a0Cerca, adem\u00e1s de su participaci\u00f3n en el [&hellip;]<\/p>\n","protected":false},"author":1,"featured_media":0,"parent":241602,"menu_order":0,"comment_status":"closed","ping_status":"closed","template":"","meta":{"_et_pb_use_builder":"on","_et_pb_old_content":"","_et_gb_content_width":"","footnotes":""},"dipi_cpt_category":[],"class_list":["post-243801","page","type-page","status-publish","hentry"],"_links":{"self":[{"href":"https:\/\/aguijontheater.org\/es\/wp-json\/wp\/v2\/pages\/243801"}],"collection":[{"href":"https:\/\/aguijontheater.org\/es\/wp-json\/wp\/v2\/pages"}],"about":[{"href":"https:\/\/aguijontheater.org\/es\/wp-json\/wp\/v2\/types\/page"}],"author":[{"embeddable":true,"href":"https:\/\/aguijontheater.org\/es\/wp-json\/wp\/v2\/users\/1"}],"replies":[{"embeddable":true,"href":"https:\/\/aguijontheater.org\/es\/wp-json\/wp\/v2\/comments?post=243801"}],"version-history":[{"count":9,"href":"https:\/\/aguijontheater.org\/es\/wp-json\/wp\/v2\/pages\/243801\/revisions"}],"predecessor-version":[{"id":249591,"href":"https:\/\/aguijontheater.org\/es\/wp-json\/wp\/v2\/pages\/243801\/revisions\/249591"}],"up":[{"embeddable":true,"href":"https:\/\/aguijontheater.org\/es\/wp-json\/wp\/v2\/pages\/241602"}],"wp:attachment":[{"href":"https:\/\/aguijontheater.org\/es\/wp-json\/wp\/v2\/media?parent=243801"}],"wp:term":[{"taxonomy":"dipi_cpt_category","embeddable":true,"href":"https:\/\/aguijontheater.org\/es\/wp-json\/wp\/v2\/dipi_cpt_category?post=243801"}],"curies":[{"name":"wp","href":"https:\/\/api.w.org\/{rel}","templated":true}]}}