{"id":243792,"date":"2021-10-13T14:31:01","date_gmt":"2021-10-13T14:31:01","guid":{"rendered":"https:\/\/aguijon.xblu.com\/volver-a-casa\/sobre-nosotros\/conjunto\/erica-cruz-hernandez\/"},"modified":"2024-09-17T16:59:19","modified_gmt":"2024-09-17T16:59:19","slug":"rey-andujar","status":"publish","type":"page","link":"https:\/\/aguijontheater.org\/es\/volver-a-casa\/sobre-nosotros\/conjunto\/rey-andujar\/","title":{"rendered":"Rey And\u00fajar"},"content":{"rendered":"<p>[et_pb_section fb_built=\u00bb1&#8243; admin_label=\u00bbHeader\u00bb _builder_version=\u00bb4.27.0&#8243; background_color=\u00bb#000000&#8243; background_enable_image=\u00bboff\u00bb top_divider_style=\u00bbwave\u00bb top_divider_color=\u00bb#DE0100&#8243; top_divider_height=\u00bb87px\u00bb top_divider_flip=\u00bbvertical\u00bb locked=\u00bboff\u00bb global_colors_info=\u00bb{}\u00bb][et_pb_row disabled_on=\u00bboff|off|off\u00bb _builder_version=\u00bb4.27.0&#8243; custom_padding=\u00bb||8px|||\u00bb global_colors_info=\u00bb{}\u00bb][et_pb_column type=\u00bb4_4&#8243; _builder_version=\u00bb4.16&#8243; global_colors_info=\u00bb{}\u00bb][et_pb_text _builder_version=\u00bb4.27.0&#8243; text_text_color=\u00bbrgba(255,255,255,0.5)\u00bb text_font_size=\u00bb16px\u00bb text_line_height=\u00bb1.8em\u00bb header_font=\u00bbMontserrat|600||on|||||\u00bb header_font_size=\u00bb4vw\u00bb header_line_height=\u00bb1.2em\u00bb header_3_font=\u00bbMontserrat|700||on|||||\u00bb header_3_text_color=\u00bb#DE0100&#8243; header_3_font_size=\u00bb16px\u00bb header_3_letter_spacing=\u00bb2px\u00bb header_3_line_height=\u00bb1.4em\u00bb background_layout=\u00bbdark\u00bb hover_enabled=\u00bb0&#8243; header_3_font_size_tablet=\u00bb14px\u00bb header_3_font_size_phone=\u00bb\u00bb header_3_font_size_last_edited=\u00bbon|phone\u00bb text_text_align=\u00bbleft\u00bb locked=\u00bboff\u00bb global_colors_info=\u00bb{}\u00bb sticky_enabled=\u00bb0&#8243;]<\/p>\n<h1><span style=\"color: #ffffff;\">rey and\u00fajar<\/span><\/h1>\n<p>[\/et_pb_text][\/et_pb_column][\/et_pb_row][et_pb_row disabled_on=\u00bboff|off|off\u00bb _builder_version=\u00bb4.27.0&#8243; _module_preset=\u00bbdefault\u00bb custom_padding=\u00bb19px|||||\u00bb global_colors_info=\u00bb{}\u00bb][et_pb_column type=\u00bb4_4&#8243; _builder_version=\u00bb4.16&#8243; _module_preset=\u00bbdefault\u00bb global_colors_info=\u00bb{}\u00bb][et_pb_team_member image_url=\u00bbhttps:\/\/aguijontheater.org\/wp-content\/uploads\/2021\/11\/REY-ANDUJAR.jpg\u00bb _builder_version=\u00bb4.27.0&#8243; _module_preset=\u00bbdefault\u00bb header_font=\u00bb|800|||||||\u00bb body_text_align=\u00bbleft\u00bb body_text_color=\u00bb#000000&#8243; body_font_size=\u00bb18px\u00bb background_color=\u00bb#DE0100&#8243; background_enable_image=\u00bboff\u00bb background_blend=\u00bbluminosity\u00bb custom_padding=\u00bb20px|20px|20px|20px|true|true\u00bb hover_enabled=\u00bb0&#8243; border_radii=\u00bbon|20px|20px|20px|20px\u00bb border_radii_image=\u00bbon|20px|20px|20px|20px\u00bb global_colors_info=\u00bb{}\u00bb title_text=\u00bbREY-ANDUJAR\u00bb sticky_enabled=\u00bb0&#8243; alt=\u00bbREY ANDUJAR\u00bb]<\/p>\n<p><strong>Rey And\u00fajar<\/strong><span>\u00a0<\/span>es autor de varios libros de ficci\u00f3n en donde destacan<span>\u00a0<\/span><strong>El hombre tri\u00e1ngulo<\/strong><span>\u00a0<\/span>y<span>\u00a0<\/span><strong>Candela<\/strong>, galardonada en el Premio Pen Club de Puerto Rico y llevada al cine por el director Andr\u00e9s Far\u00edas Cintr\u00f3n. Esta producci\u00f3n ha participado y recibido reconocimientos en m\u00faltiples festivales, entre los que destaca el Gran Premio del Jurado en el Festival de Cine Latinoamericano en Biarritz. Ha publicado las colecciones de cuentos<span>\u00a0<\/span><strong>Amoricidio<\/strong>, merecedora del Premio de Cuento Joven de la Feria del Libro en 2007, y<span>\u00a0<\/span><strong>Saturnario<\/strong>, traducida al ingl\u00e9s y ganadora del Premio Letras de Ultramar en 2010. Su performance<span>\u00a0<\/span><strong>Ciudadano Cero<\/strong><span>\u00a0<\/span>particip\u00f3 en el Festival Internacional de Teatro Santo Domingo 2006 y fue la pieza inaugural del Teatro Victoria Espinoza en Santurce y del Festival Internacional de Teatro en Puerto Rico, 2007.<\/p>\n<p>Es artista asociado del Teatro Aguij\u00f3n, donde ha actuado, impartido talleres, y escrito piezas como<span>\u00a0<\/span><strong>Adverses<\/strong><span>\u00a0<\/span>y<span>\u00a0<\/span><strong>La Gran Tirana<\/strong>. Ha escrito guiones para los documentales Isla de Dos Rep\u00fablicas de H\u00e9ctor Mont\u00e1s y Frank Moya Pons y Di\u00e1spora de H\u00e9ctor Vald\u00e9z. Rey es Doctor en Filosof\u00eda y Letras Caribe\u00f1as por el Centro de Estudios Avanzados de Puerto Rico y el Caribe. Su tesis Formas del ascenso: estructura mitol\u00f3gica en Escalera para Electra de A\u00edda Cartagena Portalat\u00edn, ha sido publicada por Isla Negra Editores y la Universidad APEC. And\u00fajar funge como Enlace Cultural del Ministerio de Cultura de la Rep\u00fablica Dominicana en el Exterior y Profesor Asociado de Espa\u00f1ol en la universidad Governors State de Chicago. Su novela<span>\u00a0<\/span><strong>Los gestos in\u00fatiles<\/strong><span>\u00a0<\/span>recibi\u00f3 el VI Premio Alba de Narrativa Latinoamericana y Caribe\u00f1a durante la Feria del Libro de la Habana 2015.<\/p>\n<p>[\/et_pb_team_member][et_pb_button button_url=\u00bb@ET-DC@eyJkeW5hbWljIjp0cnVlLCJjb250ZW50IjoicG9zdF9saW5rX3VybF9wYWdlIiwic2V0dGluZ3MiOnsicG9zdF9pZCI6IjI2MSJ9fQ==@\u00bb button_text=\u00bbVolver a elenco\u00bb button_alignment=\u00bbleft\u00bb _builder_version=\u00bb4.27.0&#8243; _dynamic_attributes=\u00bbbutton_url\u00bb _module_preset=\u00bb3d27804a-489e-4691-9eca-095a6fb0f1fb\u00bb button_bg_color=\u00bb#DE0100&#8243; custom_padding=\u00bb15px|25px|15px|38px|true|false\u00bb locked=\u00bboff\u00bb global_colors_info=\u00bb{}\u00bb button_bg_color__hover=\u00bb#000000&#8243; button_bg_enable_color__hover=\u00bbon\u00bb button_text_color__hover=\u00bb#FFFFFF\u00bb][\/et_pb_button][\/et_pb_column][\/et_pb_row][\/et_pb_section]<\/p>\n","protected":false},"excerpt":{"rendered":"<p>rey and\u00fajarRey And\u00fajar\u00a0es autor de varios libros de ficci\u00f3n en donde destacan\u00a0El hombre tri\u00e1ngulo\u00a0y\u00a0Candela, galardonada en el Premio Pen Club de Puerto Rico y llevada al cine por el director Andr\u00e9s Far\u00edas Cintr\u00f3n. Esta producci\u00f3n ha participado y recibido reconocimientos en m\u00faltiples festivales, entre los que destaca el Gran Premio del Jurado en el Festival [&hellip;]<\/p>\n","protected":false},"author":7,"featured_media":0,"parent":241602,"menu_order":0,"comment_status":"closed","ping_status":"closed","template":"","meta":{"_et_pb_use_builder":"on","_et_pb_old_content":"","_et_gb_content_width":"","footnotes":""},"dipi_cpt_category":[],"class_list":["post-243792","page","type-page","status-publish","hentry"],"_links":{"self":[{"href":"https:\/\/aguijontheater.org\/es\/wp-json\/wp\/v2\/pages\/243792"}],"collection":[{"href":"https:\/\/aguijontheater.org\/es\/wp-json\/wp\/v2\/pages"}],"about":[{"href":"https:\/\/aguijontheater.org\/es\/wp-json\/wp\/v2\/types\/page"}],"author":[{"embeddable":true,"href":"https:\/\/aguijontheater.org\/es\/wp-json\/wp\/v2\/users\/7"}],"replies":[{"embeddable":true,"href":"https:\/\/aguijontheater.org\/es\/wp-json\/wp\/v2\/comments?post=243792"}],"version-history":[{"count":9,"href":"https:\/\/aguijontheater.org\/es\/wp-json\/wp\/v2\/pages\/243792\/revisions"}],"predecessor-version":[{"id":249612,"href":"https:\/\/aguijontheater.org\/es\/wp-json\/wp\/v2\/pages\/243792\/revisions\/249612"}],"up":[{"embeddable":true,"href":"https:\/\/aguijontheater.org\/es\/wp-json\/wp\/v2\/pages\/241602"}],"wp:attachment":[{"href":"https:\/\/aguijontheater.org\/es\/wp-json\/wp\/v2\/media?parent=243792"}],"wp:term":[{"taxonomy":"dipi_cpt_category","embeddable":true,"href":"https:\/\/aguijontheater.org\/es\/wp-json\/wp\/v2\/dipi_cpt_category?post=243792"}],"curies":[{"name":"wp","href":"https:\/\/api.w.org\/{rel}","templated":true}]}}