{"id":243774,"date":"2021-10-13T14:31:00","date_gmt":"2021-10-13T14:31:00","guid":{"rendered":"https:\/\/aguijon.xblu.com\/volver-a-casa\/sobre-nosotros\/conjunto\/nydia-castillo\/"},"modified":"2024-09-17T15:23:55","modified_gmt":"2024-09-17T15:23:55","slug":"nydia-castillo","status":"publish","type":"page","link":"https:\/\/aguijontheater.org\/es\/volver-a-casa\/sobre-nosotros\/conjunto\/nydia-castillo\/","title":{"rendered":"Nydia Castillo"},"content":{"rendered":"<p>[et_pb_section fb_built=\u00bb1&#8243; admin_label=\u00bbHeader\u00bb _builder_version=\u00bb4.27.0&#8243; background_color=\u00bb#000000&#8243; background_enable_image=\u00bboff\u00bb top_divider_style=\u00bbwave\u00bb top_divider_color=\u00bb#DE0100&#8243; top_divider_height=\u00bb87px\u00bb top_divider_flip=\u00bbvertical\u00bb locked=\u00bboff\u00bb global_colors_info=\u00bb{}\u00bb][et_pb_row disabled_on=\u00bboff|off|off\u00bb _builder_version=\u00bb4.27.0&#8243; custom_padding=\u00bb||8px|||\u00bb global_colors_info=\u00bb{}\u00bb][et_pb_column type=\u00bb4_4&#8243; _builder_version=\u00bb4.16&#8243; global_colors_info=\u00bb{}\u00bb][et_pb_text _builder_version=\u00bb4.27.0&#8243; text_text_color=\u00bbrgba(255,255,255,0.5)\u00bb text_font_size=\u00bb16px\u00bb text_line_height=\u00bb1.8em\u00bb header_font=\u00bbMontserrat|600||on|||||\u00bb header_font_size=\u00bb4vw\u00bb header_line_height=\u00bb1.2em\u00bb header_3_font=\u00bbMontserrat|700||on|||||\u00bb header_3_text_color=\u00bb#DE0100&#8243; header_3_font_size=\u00bb16px\u00bb header_3_letter_spacing=\u00bb2px\u00bb header_3_line_height=\u00bb1.4em\u00bb background_layout=\u00bbdark\u00bb hover_enabled=\u00bb0&#8243; header_3_font_size_tablet=\u00bb14px\u00bb header_3_font_size_phone=\u00bb\u00bb header_3_font_size_last_edited=\u00bbon|phone\u00bb text_text_align=\u00bbleft\u00bb locked=\u00bboff\u00bb global_colors_info=\u00bb{}\u00bb sticky_enabled=\u00bb0&#8243;]<\/p>\n<h1><span style=\"color: #ffffff;\">nydia castillo<\/span><\/h1>\n<p>[\/et_pb_text][\/et_pb_column][\/et_pb_row][et_pb_row disabled_on=\u00bboff|off|off\u00bb _builder_version=\u00bb4.27.0&#8243; _module_preset=\u00bbdefault\u00bb custom_padding=\u00bb19px|||||\u00bb global_colors_info=\u00bb{}\u00bb][et_pb_column type=\u00bb4_4&#8243; _builder_version=\u00bb4.16&#8243; _module_preset=\u00bbdefault\u00bb global_colors_info=\u00bb{}\u00bb][et_pb_team_member image_url=\u00bbhttps:\/\/aguijontheater.org\/wp-content\/uploads\/2024\/05\/Screenshot_20231228_031616-e1716660112934.jpg\u00bb _builder_version=\u00bb4.27.0&#8243; _module_preset=\u00bbdefault\u00bb header_font=\u00bb|800|||||||\u00bb body_text_align=\u00bbleft\u00bb body_text_color=\u00bb#000000&#8243; body_font_size=\u00bb18px\u00bb background_color=\u00bb#DE0100&#8243; background_enable_image=\u00bboff\u00bb background_blend=\u00bbluminosity\u00bb custom_padding=\u00bb20px|20px|20px|20px|true|true\u00bb hover_enabled=\u00bb0&#8243; border_radii=\u00bbon|20px|20px|20px|20px\u00bb border_radii_image=\u00bbon|20px|20px|20px|20px\u00bb global_colors_info=\u00bb{}\u00bb sticky_enabled=\u00bb0&#8243; title_text=\u00bbScreenshot_20231228_031616&#8243;]<\/p>\n<p>Actriz puertorrique\u00f1a radicada en Chicago, Nydia Castillo es integrante del elenco de planta de Aguij\u00f3n Theater desde 2001. Su extenso repertorio incluye roles en m\u00e1s de 15 obras, entre ellas,<span>\u00a0<\/span><strong>La casa de Bernarda Alba<\/strong>,<span>\u00a0<\/span><strong>Yerma<\/strong>,<span>\u00a0<\/span><strong>La lujuria seg\u00fan Ramiro<\/strong>,<span>\u00a0<\/span><strong>El lunes de Le\u00f3n Rodr\u00edguez<\/strong>,<br \/><strong>Er\u00e9ndira<\/strong>,<span>\u00a0<\/span><strong>Adverses<\/strong>, y<span>\u00a0<\/span><strong>No se vende<\/strong>. Su talento interpretativo se extiende a otros prominentes escenarios de Chicago con participaciones en<span>\u00a0<\/span><strong>Bodas de Sangre<\/strong>, y<span>\u00a0<\/span><strong>\u00a1Lorca Vive!<\/strong><span>\u00a0<\/span>a trav\u00e9s de su colaboraci\u00f3n con Water People Theater.<\/p>\n<p>Desde 2015, Castillo ha sido miembro integral de Urban Theater Company (UTC), participando en varias producciones aclamadas a nivel nacional tales como<span>\u00a0<\/span><strong>La Gringa<\/strong>, y<span>\u00a0<\/span><strong>Ashes of Light<\/strong><span>\u00a0<\/span>recibiendo por esta \u00faltima una nominaci\u00f3n a la mejor actriz por parte de ALTA, una organizaci\u00f3n de artes esc\u00e9nicas con sede en Chicago. Con esta obra hizo su debut off Broadway en 2019, y en 2022 retom\u00f3 dicho papel con el Teatro Dallas en Texas.<\/p>\n<p>En el 2021, Castillo desempe\u00f1\u00f3 un rol crucial en la inauguraci\u00f3n del LatinUs Theater, el primer espacio teatral latino en Cleveland, Ohio, donde fue invitada a interpretar el personaje protag\u00f3nico en<span>\u00a0<\/span><strong>La casa de Bernarda Alba<\/strong>. Dos a\u00f1os despu\u00e9s, regres\u00f3 a LatinUs Theater para<br \/>la producci\u00f3n de<span>\u00a0<\/span><strong>Los soles truncos<\/strong>, un cl\u00e1sico puertorrique\u00f1o de Ren\u00e9 Marqu\u00e9s, seguido de<span>\u00a0<\/span><strong>Quincea\u00f1era<\/strong><span>\u00a0<\/span><strong>\u2013 The Inmersive Experience<\/strong>, escrita por el galardonado dramaturgo Rick Najera, que se present\u00f3 en Chicago.<\/p>\n<p>En el 2024, comparti\u00f3 el escenario con el reconocido comediante puertorrique\u00f1o Elizardi Castro en su obra<span>\u00a0<\/span><strong>The Clinic<\/strong>. En su Puerto Rico natal, Castillo fue conocida como modelo de pasarela, actriz y personalidad de radio, y sus cr\u00e9ditos actorales incluyen:<span>\u00a0<\/span><strong>Puerto Rico Fu\u00e1<\/strong>,<span>\u00a0<\/span><strong>Cat on a Hot Tin Roof<\/strong>, y<span>\u00a0<\/span><strong>Fela, the<span>\u00a0<\/span><\/strong><strong>musical!<\/strong>, entre otros.<\/p>\n<p>Graduada de la Universidad de Puerto Rico, con una amplia carrera en el campo de la educaci\u00f3n, Castillo posee maestr\u00edas en consejer\u00eda de la Universidad de Puerto Rico, y en liderazgo educativo de la Northeastern Illinois University. Desde 2020, es productora y presentadora de<span>\u00a0<\/span><strong>Cocina Castillo<\/strong>, un popular programa de YouTube que explora la cocina, los viajes y cultura.<\/p>\n<p>[\/et_pb_team_member][et_pb_button button_url=\u00bb@ET-DC@eyJkeW5hbWljIjp0cnVlLCJjb250ZW50IjoicG9zdF9saW5rX3VybF9wYWdlIiwic2V0dGluZ3MiOnsicG9zdF9pZCI6IjI2MSJ9fQ==@\u00bb button_text=\u00bbVolver a elenco\u00bb button_alignment=\u00bbleft\u00bb _builder_version=\u00bb4.27.0&#8243; _dynamic_attributes=\u00bbbutton_url\u00bb _module_preset=\u00bb3d27804a-489e-4691-9eca-095a6fb0f1fb\u00bb button_bg_color=\u00bb#DE0100&#8243; custom_padding=\u00bb15px|25px|15px|38px|true|false\u00bb locked=\u00bboff\u00bb global_colors_info=\u00bb{}\u00bb button_bg_color__hover=\u00bb#000000&#8243; button_bg_enable_color__hover=\u00bbon\u00bb button_text_color__hover=\u00bb#FFFFFF\u00bb][\/et_pb_button][\/et_pb_column][\/et_pb_row][\/et_pb_section]<\/p>\n","protected":false},"excerpt":{"rendered":"<p>nydia castilloActriz puertorrique\u00f1a radicada en Chicago, Nydia Castillo es integrante del elenco de planta de Aguij\u00f3n Theater desde 2001. Su extenso repertorio incluye roles en m\u00e1s de 15 obras, entre ellas,\u00a0La casa de Bernarda Alba,\u00a0Yerma,\u00a0La lujuria seg\u00fan Ramiro,\u00a0El lunes de Le\u00f3n Rodr\u00edguez,Er\u00e9ndira,\u00a0Adverses, y\u00a0No se vende. Su talento interpretativo se extiende a otros prominentes escenarios de [&hellip;]<\/p>\n","protected":false},"author":1,"featured_media":0,"parent":241602,"menu_order":0,"comment_status":"closed","ping_status":"closed","template":"","meta":{"_et_pb_use_builder":"on","_et_pb_old_content":"","_et_gb_content_width":"","footnotes":""},"dipi_cpt_category":[],"class_list":["post-243774","page","type-page","status-publish","hentry"],"_links":{"self":[{"href":"https:\/\/aguijontheater.org\/es\/wp-json\/wp\/v2\/pages\/243774"}],"collection":[{"href":"https:\/\/aguijontheater.org\/es\/wp-json\/wp\/v2\/pages"}],"about":[{"href":"https:\/\/aguijontheater.org\/es\/wp-json\/wp\/v2\/types\/page"}],"author":[{"embeddable":true,"href":"https:\/\/aguijontheater.org\/es\/wp-json\/wp\/v2\/users\/1"}],"replies":[{"embeddable":true,"href":"https:\/\/aguijontheater.org\/es\/wp-json\/wp\/v2\/comments?post=243774"}],"version-history":[{"count":13,"href":"https:\/\/aguijontheater.org\/es\/wp-json\/wp\/v2\/pages\/243774\/revisions"}],"predecessor-version":[{"id":249588,"href":"https:\/\/aguijontheater.org\/es\/wp-json\/wp\/v2\/pages\/243774\/revisions\/249588"}],"up":[{"embeddable":true,"href":"https:\/\/aguijontheater.org\/es\/wp-json\/wp\/v2\/pages\/241602"}],"wp:attachment":[{"href":"https:\/\/aguijontheater.org\/es\/wp-json\/wp\/v2\/media?parent=243774"}],"wp:term":[{"taxonomy":"dipi_cpt_category","embeddable":true,"href":"https:\/\/aguijontheater.org\/es\/wp-json\/wp\/v2\/dipi_cpt_category?post=243774"}],"curies":[{"name":"wp","href":"https:\/\/api.w.org\/{rel}","templated":true}]}}