{"id":243672,"date":"2021-10-13T14:30:56","date_gmt":"2021-10-13T14:30:56","guid":{"rendered":"https:\/\/aguijon.xblu.com\/volver-a-casa\/sobre-nosotros\/conjunto\/sandor-menendez\/"},"modified":"2024-09-17T15:40:37","modified_gmt":"2024-09-17T15:40:37","slug":"sandor-menendez","status":"publish","type":"page","link":"https:\/\/aguijontheater.org\/es\/volver-a-casa\/sobre-nosotros\/conjunto\/sandor-menendez\/","title":{"rendered":"S\u00e1ndor Men\u00e9ndez"},"content":{"rendered":"<p>[et_pb_section fb_built=\u00bb1&#8243; admin_label=\u00bbHeader\u00bb _builder_version=\u00bb4.27.0&#8243; background_color=\u00bb#000000&#8243; background_enable_image=\u00bboff\u00bb top_divider_style=\u00bbwave\u00bb top_divider_color=\u00bb#DE0100&#8243; top_divider_height=\u00bb87px\u00bb top_divider_flip=\u00bbvertical\u00bb locked=\u00bboff\u00bb global_colors_info=\u00bb{}\u00bb][et_pb_row disabled_on=\u00bboff|off|off\u00bb _builder_version=\u00bb4.27.0&#8243; custom_padding=\u00bb||8px|||\u00bb global_colors_info=\u00bb{}\u00bb][et_pb_column type=\u00bb4_4&#8243; _builder_version=\u00bb4.16&#8243; global_colors_info=\u00bb{}\u00bb][et_pb_text _builder_version=\u00bb4.27.0&#8243; text_text_color=\u00bbrgba(255,255,255,0.5)\u00bb text_font_size=\u00bb16px\u00bb text_line_height=\u00bb1.8em\u00bb header_font=\u00bbMontserrat|600||on|||||\u00bb header_font_size=\u00bb4vw\u00bb header_line_height=\u00bb1.2em\u00bb header_3_font=\u00bbMontserrat|700||on|||||\u00bb header_3_text_color=\u00bb#DE0100&#8243; header_3_font_size=\u00bb16px\u00bb header_3_letter_spacing=\u00bb2px\u00bb header_3_line_height=\u00bb1.4em\u00bb background_layout=\u00bbdark\u00bb hover_enabled=\u00bb0&#8243; header_3_font_size_tablet=\u00bb14px\u00bb header_3_font_size_phone=\u00bb\u00bb header_3_font_size_last_edited=\u00bbon|phone\u00bb text_text_align=\u00bbleft\u00bb locked=\u00bboff\u00bb global_colors_info=\u00bb{}\u00bb sticky_enabled=\u00bb0&#8243;]<\/p>\n<h1><span style=\"color: #ffffff;\">s\u00e1ndor men\u00e9ndez<\/span><\/h1>\n<p>[\/et_pb_text][\/et_pb_column][\/et_pb_row][et_pb_row disabled_on=\u00bboff|off|off\u00bb _builder_version=\u00bb4.27.0&#8243; _module_preset=\u00bbdefault\u00bb custom_padding=\u00bb19px|||||\u00bb global_colors_info=\u00bb{}\u00bb][et_pb_column type=\u00bb4_4&#8243; _builder_version=\u00bb4.16&#8243; _module_preset=\u00bbdefault\u00bb global_colors_info=\u00bb{}\u00bb][et_pb_team_member image_url=\u00bbhttps:\/\/aguijontheater.org\/wp-content\/uploads\/2021\/04\/Sandor4.jpg\u00bb _builder_version=\u00bb4.27.0&#8243; _module_preset=\u00bbdefault\u00bb header_font=\u00bb|800|||||||\u00bb body_text_align=\u00bbleft\u00bb body_text_color=\u00bb#000000&#8243; body_font_size=\u00bb18px\u00bb background_color=\u00bb#DE0100&#8243; background_enable_image=\u00bboff\u00bb background_blend=\u00bbluminosity\u00bb custom_padding=\u00bb20px|20px|20px|20px|true|true\u00bb hover_enabled=\u00bb0&#8243; border_radii=\u00bbon|20px|20px|20px|20px\u00bb border_radii_image=\u00bbon|20px|20px|20px|20px\u00bb global_colors_info=\u00bb{}\u00bb title_text=\u00bbSandor4&#8243; sticky_enabled=\u00bb0&#8243;]<\/p>\n<p style=\"text-align: left;\"><span>Actor, director y docente cubano graduado del Instituto Superior de Arte de La Habana. Durante m\u00e1s de diez a\u00f1os form\u00f3 parte del Teatro Buend\u00eda, donde actu\u00f3 en diversas producciones y con el que particip\u00f3 en varios festivales internacionales en Colombia, Ecuador, Brasil, Rep\u00fablica Dominicana, Grecia, Polonia, Eslovenia, Italia, Dinamarca y Alemania. <\/span><\/p>\n<p style=\"text-align: left;\"><span>Desde 2010 forma parte del elenco de planta de Aguij\u00f3n Theater, donde trabaja como actor e instructor y donde ha desarrollado su carrera como director, <\/span><span>creando, hasta la fecha m\u00e1s de diez producciones: los estrenos mundiales de <strong>Adentro<\/strong> y <strong>Epopeya<\/strong> de Abel Gonz\u00e1lez Melo, <strong>Romeo y Julieta<\/strong> de William Shakespeare, adaptado por Gerardo C\u00e1rdenas, <strong>La muerte y la doncella<\/strong> de Ariel Dorfman, <strong>Las penas saben nadar<\/strong> de Abelarado Estorino, <strong>Orqu\u00eddeas a la luz de la luna<\/strong> de Carlos Fuentes, <strong>Casa propia<\/strong> de Dolores Prida, <strong>Cintas de seda<\/strong> de Norge Espinosa Mendoza, <strong>La pinche india<\/strong> de Mario Cant\u00fa Toscano y los estrenos de <strong>Adverses<\/strong> y <strong>La Gran Tirana: Descarga Dram\u00e1tica<\/strong> en colaboraci\u00f3n con Rey And\u00fajar. <\/span><\/p>\n<p style=\"text-align: left;\"><span>Otros cr\u00e9ditos teatrales de Chicago incluyen Water People Theater, Goodman Theater y Chicago Shakespeare Theater. Un educador apasionado, S\u00e1ndor <\/span><span>tiene m\u00e1s de veinte a\u00f1os de experiencia como artista y maestro, comenzando su carrera en la Escuela Nacional de Teatro de La Habana, donde form\u00f3 e inspir\u00f3 a futuros actores. En Aguij\u00f3n Theater es uno de los instructores del Programa de Teatro Nuestra Cultura, en alianza con After School Matters.<\/span><\/p>\n<p>[\/et_pb_team_member][et_pb_button button_url=\u00bb@ET-DC@eyJkeW5hbWljIjp0cnVlLCJjb250ZW50IjoicG9zdF9saW5rX3VybF9wYWdlIiwic2V0dGluZ3MiOnsicG9zdF9pZCI6IjI2MSJ9fQ==@\u00bb button_text=\u00bbVolver a elenco\u00bb button_alignment=\u00bbleft\u00bb _builder_version=\u00bb4.27.0&#8243; _dynamic_attributes=\u00bbbutton_url\u00bb _module_preset=\u00bb3d27804a-489e-4691-9eca-095a6fb0f1fb\u00bb button_bg_color=\u00bb#DE0100&#8243; custom_padding=\u00bb15px|25px|15px|38px|true|false\u00bb locked=\u00bboff\u00bb global_colors_info=\u00bb{}\u00bb button_bg_color__hover=\u00bb#000000&#8243; button_bg_enable_color__hover=\u00bbon\u00bb button_text_color__hover=\u00bb#FFFFFF\u00bb][\/et_pb_button][\/et_pb_column][\/et_pb_row][\/et_pb_section]<\/p>\n","protected":false},"excerpt":{"rendered":"<p>s\u00e1ndor men\u00e9ndezActor, director y docente cubano graduado del Instituto Superior de Arte de La Habana. Durante m\u00e1s de diez a\u00f1os form\u00f3 parte del Teatro Buend\u00eda, donde actu\u00f3 en diversas producciones y con el que particip\u00f3 en varios festivales internacionales en Colombia, Ecuador, Brasil, Rep\u00fablica Dominicana, Grecia, Polonia, Eslovenia, Italia, Dinamarca y Alemania. Desde 2010 forma [&hellip;]<\/p>\n","protected":false},"author":1,"featured_media":0,"parent":241602,"menu_order":0,"comment_status":"closed","ping_status":"closed","template":"","meta":{"_et_pb_use_builder":"on","_et_pb_old_content":"","_et_gb_content_width":"","footnotes":""},"dipi_cpt_category":[],"class_list":["post-243672","page","type-page","status-publish","hentry"],"_links":{"self":[{"href":"https:\/\/aguijontheater.org\/es\/wp-json\/wp\/v2\/pages\/243672"}],"collection":[{"href":"https:\/\/aguijontheater.org\/es\/wp-json\/wp\/v2\/pages"}],"about":[{"href":"https:\/\/aguijontheater.org\/es\/wp-json\/wp\/v2\/types\/page"}],"author":[{"embeddable":true,"href":"https:\/\/aguijontheater.org\/es\/wp-json\/wp\/v2\/users\/1"}],"replies":[{"embeddable":true,"href":"https:\/\/aguijontheater.org\/es\/wp-json\/wp\/v2\/comments?post=243672"}],"version-history":[{"count":19,"href":"https:\/\/aguijontheater.org\/es\/wp-json\/wp\/v2\/pages\/243672\/revisions"}],"predecessor-version":[{"id":249595,"href":"https:\/\/aguijontheater.org\/es\/wp-json\/wp\/v2\/pages\/243672\/revisions\/249595"}],"up":[{"embeddable":true,"href":"https:\/\/aguijontheater.org\/es\/wp-json\/wp\/v2\/pages\/241602"}],"wp:attachment":[{"href":"https:\/\/aguijontheater.org\/es\/wp-json\/wp\/v2\/media?parent=243672"}],"wp:term":[{"taxonomy":"dipi_cpt_category","embeddable":true,"href":"https:\/\/aguijontheater.org\/es\/wp-json\/wp\/v2\/dipi_cpt_category?post=243672"}],"curies":[{"name":"wp","href":"https:\/\/api.w.org\/{rel}","templated":true}]}}