{"id":243651,"date":"2021-10-13T14:30:56","date_gmt":"2021-10-13T14:30:56","guid":{"rendered":"https:\/\/aguijon.xblu.com\/volver-a-casa\/sobre-nosotros\/conjunto\/elio-leturia\/"},"modified":"2024-09-17T15:36:21","modified_gmt":"2024-09-17T15:36:21","slug":"elio-leturia","status":"publish","type":"page","link":"https:\/\/aguijontheater.org\/es\/volver-a-casa\/sobre-nosotros\/conjunto\/elio-leturia\/","title":{"rendered":"Elio Leturia"},"content":{"rendered":"<p>[et_pb_section fb_built=\u00bb1&#8243; admin_label=\u00bbHeader\u00bb _builder_version=\u00bb4.27.0&#8243; background_color=\u00bb#000000&#8243; background_enable_image=\u00bboff\u00bb top_divider_style=\u00bbwave\u00bb top_divider_color=\u00bb#DE0100&#8243; top_divider_height=\u00bb87px\u00bb top_divider_flip=\u00bbvertical\u00bb locked=\u00bboff\u00bb global_colors_info=\u00bb{}\u00bb][et_pb_row disabled_on=\u00bboff|off|off\u00bb _builder_version=\u00bb4.27.0&#8243; custom_padding=\u00bb||8px|||\u00bb global_colors_info=\u00bb{}\u00bb][et_pb_column type=\u00bb4_4&#8243; _builder_version=\u00bb4.16&#8243; global_colors_info=\u00bb{}\u00bb][et_pb_text _builder_version=\u00bb4.27.0&#8243; text_text_color=\u00bbrgba(255,255,255,0.5)\u00bb text_font_size=\u00bb16px\u00bb text_line_height=\u00bb1.8em\u00bb header_font=\u00bbMontserrat|600||on|||||\u00bb header_font_size=\u00bb4vw\u00bb header_line_height=\u00bb1.2em\u00bb header_3_font=\u00bbMontserrat|700||on|||||\u00bb header_3_text_color=\u00bb#DE0100&#8243; header_3_font_size=\u00bb16px\u00bb header_3_letter_spacing=\u00bb2px\u00bb header_3_line_height=\u00bb1.4em\u00bb background_layout=\u00bbdark\u00bb hover_enabled=\u00bb0&#8243; header_3_font_size_tablet=\u00bb14px\u00bb header_3_font_size_phone=\u00bb\u00bb header_3_font_size_last_edited=\u00bbon|phone\u00bb text_text_align=\u00bbleft\u00bb locked=\u00bboff\u00bb global_colors_info=\u00bb{}\u00bb sticky_enabled=\u00bb0&#8243;]<\/p>\n<h1><span style=\"color: #ffffff;\">Elio Leturia<\/span><\/h1>\n<p>[\/et_pb_text][\/et_pb_column][\/et_pb_row][et_pb_row disabled_on=\u00bboff|off|off\u00bb _builder_version=\u00bb4.27.0&#8243; _module_preset=\u00bbdefault\u00bb custom_padding=\u00bb19px|||||\u00bb global_colors_info=\u00bb{}\u00bb][et_pb_column type=\u00bb4_4&#8243; _builder_version=\u00bb4.16&#8243; _module_preset=\u00bbdefault\u00bb global_colors_info=\u00bb{}\u00bb][et_pb_team_member image_url=\u00bbhttps:\/\/aguijontheater.org\/wp-content\/uploads\/2024\/07\/Elio-Leturia-Aguijon-web.jpg\u00bb _builder_version=\u00bb4.27.0&#8243; _module_preset=\u00bbdefault\u00bb header_font=\u00bb|800|||||||\u00bb body_text_align=\u00bbleft\u00bb body_text_color=\u00bb#000000&#8243; body_font_size=\u00bb18px\u00bb background_color=\u00bb#DE0100&#8243; background_enable_image=\u00bboff\u00bb background_blend=\u00bbluminosity\u00bb custom_padding=\u00bb20px|20px|20px|20px|true|true\u00bb hover_enabled=\u00bb0&#8243; border_radii=\u00bbon|20px|20px|20px|20px\u00bb border_radii_image=\u00bbon|20px|20px|20px|20px\u00bb global_colors_info=\u00bb{}\u00bb title_text=\u00bbElio Leturia Aguijon web\u00bb sticky_enabled=\u00bb0&#8243;]<\/p>\n<p>Nacido en Lima, Per\u00fa. Comenz\u00f3 a actuar a los 16 a\u00f1os bajo la direcci\u00f3n de Carlos Padilla en el Teatro de la Universidad de Lima (TUL) con la obra griega ErosOrestiada. Con el Teatro Comunidad de Lima regres\u00f3 a los escenarios con Cuando las marionetas hablaron del Teatro Taller de Colombia. Escribi\u00f3 y protagoniz\u00f3 la adaptaci\u00f3n teatral de la novela de Gabriel Garc\u00eda M\u00e1rquez La incre\u00edble y triste historia de la c\u00e1ndida Er\u00e9ndira y su abuela desalmada, recibiendo excelentes cr\u00edticas por su interpretaci\u00f3n de la abuela, seguida por Pedrosa en Mariana Pineda de Garc\u00eda Lorca. En 2009, con Aguij\u00f3n Theater, Leturia interpret\u00f3 al vendedor en El lunes de Le\u00f3n Rodr\u00edguez de Ra\u00fal Dorantes inspirada en Muerte de un viajante de Arthur Miller. Es miembro del elenco de planta desde el 2010, otros cr\u00e9ditos incluyen Ant\u00edgona de S\u00f3focles, La pasi\u00f3n seg\u00fan Ant\u00edgona P\u00e9rez de Luis Rafael S\u00e1nchez, La fulana respetuosa de Jean-Paul Sartre, Orqu\u00eddeas a la luz de la luna de Carlos Fuentes y Exquisita agon\u00eda de Nilo Cruz.<\/p>\n<p>Con ocasi\u00f3n del trig\u00e9simo aniversario de Aguij\u00f3n Theater en 2019, Leturia estuvo a cargo de la edici\u00f3n y dise\u00f1o del libro ilustrado biling\u00fce Aguij\u00f3n 30 a\u00f1os. Desde la pandemia del COVID-19, \u00e9l se encuentra a cargo del programa de entrevistas Aguizo\u00f3m, Hablemos de teatro con Aguij\u00f3n, una iniciativa para cubrir el largo periodo del cierre de actividades teatrales p\u00fablicas. Leturia es graduado en comunicaciones por la Universidad de Lima, y en periodismo visual por la Universidad de Illinois en Urbana-Champaign, maestr\u00eda que obtuvo a trav\u00e9s de una beca Fulbright para estudiantes extranjeros. Con una larga trayectoria como dise\u00f1ador y director de arte en peri\u00f3dicos y revistas de Per\u00fa y Estados Unidos, Leturia combina la producci\u00f3n period\u00edstica escrita y visual con la docencia universitaria. Desde 2005, es profesor de dise\u00f1o gr\u00e1fico y periodismo multimedia en Columbia College Chicago. En el 2022 obtuvo una beca Fulbright para ense\u00f1ar en la Universidad de M\u00e1laga, Espa\u00f1a.<\/p>\n<p>[\/et_pb_team_member][et_pb_button button_url=\u00bb@ET-DC@eyJkeW5hbWljIjp0cnVlLCJjb250ZW50IjoicG9zdF9saW5rX3VybF9wYWdlIiwic2V0dGluZ3MiOnsicG9zdF9pZCI6IjI2MSJ9fQ==@\u00bb button_text=\u00bbVolver a elenco\u00bb button_alignment=\u00bbleft\u00bb _builder_version=\u00bb4.27.0&#8243; _dynamic_attributes=\u00bbbutton_url\u00bb _module_preset=\u00bb3d27804a-489e-4691-9eca-095a6fb0f1fb\u00bb button_bg_color=\u00bb#DE0100&#8243; custom_padding=\u00bb15px|25px|15px|38px|true|false\u00bb locked=\u00bboff\u00bb global_colors_info=\u00bb{}\u00bb button_bg_color__hover=\u00bb#000000&#8243; button_bg_enable_color__hover=\u00bbon\u00bb button_text_color__hover=\u00bb#FFFFFF\u00bb][\/et_pb_button][\/et_pb_column][\/et_pb_row][\/et_pb_section]<\/p>\n","protected":false},"excerpt":{"rendered":"<p>Elio LeturiaNacido en Lima, Per\u00fa. Comenz\u00f3 a actuar a los 16 a\u00f1os bajo la direcci\u00f3n de Carlos Padilla en el Teatro de la Universidad de Lima (TUL) con la obra griega ErosOrestiada. Con el Teatro Comunidad de Lima regres\u00f3 a los escenarios con Cuando las marionetas hablaron del Teatro Taller de Colombia. Escribi\u00f3 y protagoniz\u00f3 [&hellip;]<\/p>\n","protected":false},"author":1,"featured_media":0,"parent":241602,"menu_order":0,"comment_status":"closed","ping_status":"closed","template":"","meta":{"_et_pb_use_builder":"on","_et_pb_old_content":"","_et_gb_content_width":"","footnotes":""},"dipi_cpt_category":[],"class_list":["post-243651","page","type-page","status-publish","hentry"],"_links":{"self":[{"href":"https:\/\/aguijontheater.org\/es\/wp-json\/wp\/v2\/pages\/243651"}],"collection":[{"href":"https:\/\/aguijontheater.org\/es\/wp-json\/wp\/v2\/pages"}],"about":[{"href":"https:\/\/aguijontheater.org\/es\/wp-json\/wp\/v2\/types\/page"}],"author":[{"embeddable":true,"href":"https:\/\/aguijontheater.org\/es\/wp-json\/wp\/v2\/users\/1"}],"replies":[{"embeddable":true,"href":"https:\/\/aguijontheater.org\/es\/wp-json\/wp\/v2\/comments?post=243651"}],"version-history":[{"count":16,"href":"https:\/\/aguijontheater.org\/es\/wp-json\/wp\/v2\/pages\/243651\/revisions"}],"predecessor-version":[{"id":249593,"href":"https:\/\/aguijontheater.org\/es\/wp-json\/wp\/v2\/pages\/243651\/revisions\/249593"}],"up":[{"embeddable":true,"href":"https:\/\/aguijontheater.org\/es\/wp-json\/wp\/v2\/pages\/241602"}],"wp:attachment":[{"href":"https:\/\/aguijontheater.org\/es\/wp-json\/wp\/v2\/media?parent=243651"}],"wp:term":[{"taxonomy":"dipi_cpt_category","embeddable":true,"href":"https:\/\/aguijontheater.org\/es\/wp-json\/wp\/v2\/dipi_cpt_category?post=243651"}],"curies":[{"name":"wp","href":"https:\/\/api.w.org\/{rel}","templated":true}]}}