{"id":243644,"date":"2021-10-13T14:30:56","date_gmt":"2021-10-13T14:30:56","guid":{"rendered":"https:\/\/aguijon.xblu.com\/volver-a-casa\/sobre-nosotros\/conjunto\/rey-andujar\/"},"modified":"2024-09-17T15:43:21","modified_gmt":"2024-09-17T15:43:21","slug":"claudia-renteria","status":"publish","type":"page","link":"https:\/\/aguijontheater.org\/es\/volver-a-casa\/sobre-nosotros\/conjunto\/claudia-renteria\/","title":{"rendered":"Claudia Renteria"},"content":{"rendered":"<p>[et_pb_section fb_built=\u00bb1&#8243; admin_label=\u00bbHeader\u00bb _builder_version=\u00bb4.27.0&#8243; background_color=\u00bb#000000&#8243; background_enable_image=\u00bboff\u00bb top_divider_style=\u00bbwave\u00bb top_divider_color=\u00bb#DE0100&#8243; top_divider_height=\u00bb87px\u00bb top_divider_flip=\u00bbvertical\u00bb locked=\u00bboff\u00bb global_colors_info=\u00bb{}\u00bb][et_pb_row disabled_on=\u00bboff|off|off\u00bb _builder_version=\u00bb4.27.0&#8243; custom_padding=\u00bb||8px|||\u00bb global_colors_info=\u00bb{}\u00bb][et_pb_column type=\u00bb4_4&#8243; _builder_version=\u00bb4.16&#8243; global_colors_info=\u00bb{}\u00bb][et_pb_text _builder_version=\u00bb4.27.0&#8243; text_text_color=\u00bbrgba(255,255,255,0.5)\u00bb text_font_size=\u00bb16px\u00bb text_line_height=\u00bb1.8em\u00bb header_font=\u00bbMontserrat|600||on|||||\u00bb header_font_size=\u00bb4vw\u00bb header_line_height=\u00bb1.2em\u00bb header_3_font=\u00bbMontserrat|700||on|||||\u00bb header_3_text_color=\u00bb#DE0100&#8243; header_3_font_size=\u00bb16px\u00bb header_3_letter_spacing=\u00bb2px\u00bb header_3_line_height=\u00bb1.4em\u00bb background_layout=\u00bbdark\u00bb hover_enabled=\u00bb0&#8243; header_3_font_size_tablet=\u00bb14px\u00bb header_3_font_size_phone=\u00bb\u00bb header_3_font_size_last_edited=\u00bbon|phone\u00bb text_text_align=\u00bbleft\u00bb locked=\u00bboff\u00bb global_colors_info=\u00bb{}\u00bb sticky_enabled=\u00bb0&#8243;]<\/p>\n<h1><span style=\"color: #ffffff;\">claudia renteria<\/span><\/h1>\n<p>&nbsp;<\/p>\n<p>[\/et_pb_text][\/et_pb_column][\/et_pb_row][et_pb_row disabled_on=\u00bboff|off|off\u00bb _builder_version=\u00bb4.27.0&#8243; _module_preset=\u00bbdefault\u00bb custom_padding=\u00bb19px|||||\u00bb global_colors_info=\u00bb{}\u00bb][et_pb_column type=\u00bb4_4&#8243; _builder_version=\u00bb4.16&#8243; _module_preset=\u00bbdefault\u00bb global_colors_info=\u00bb{}\u00bb][et_pb_team_member image_url=\u00bbhttps:\/\/aguijontheater.org\/wp-content\/uploads\/2024\/07\/IMG_5543-1.jpg\u00bb _builder_version=\u00bb4.27.0&#8243; _module_preset=\u00bbdefault\u00bb header_font=\u00bb|800|||||||\u00bb body_text_align=\u00bbleft\u00bb body_text_color=\u00bb#000000&#8243; body_font_size=\u00bb18px\u00bb background_color=\u00bb#DE0100&#8243; background_enable_image=\u00bboff\u00bb background_blend=\u00bbluminosity\u00bb custom_padding=\u00bb20px|20px|20px|20px|true|true\u00bb hover_enabled=\u00bb0&#8243; border_radii=\u00bbon|20px|20px|20px|20px\u00bb border_radii_image=\u00bbon|20px|20px|20px|20px\u00bb global_colors_info=\u00bb{}\u00bb title_text=\u00bbIMG_5543 (1)\u00bb sticky_enabled=\u00bb0&#8243;]<\/p>\n<p>Originaria de Morelia, Michoac\u00e1n, M\u00e9xico, Claudia descubre su inter\u00e9s por el teatro en la Casa de la Cultura de Morelia. En 1992, se integra a los talleres de actuaci\u00f3n de Aguij\u00f3n Theater, dando inicio a su formaci\u00f3n actoral. Tras un per\u00edodo de ausencia, Claudia regres\u00f3 a la compa\u00f1\u00eda en 2021, cuando fue oficialmente invitada a ser parte del elenco de planta. Entre sus destacadas actuaciones para Aguij\u00f3n Theater se encuentra <strong>Cintas de seda<\/strong> de Norge Espinosa, obra aclamada por la cr\u00edtica especializada y estrenada en 2022 en el V Festival Internacional de Teatro Latino de Chicago, <em>Destinos<\/em>, seguida por su participaci\u00f3n en el XI Festival Internacional de Teatro de la Rep\u00fablica Dominicana (XI FITE-RD 2023) en Santiago de los Caballeros al a\u00f1o siguiente.<\/p>\n<p>Anteriormente, los cr\u00e9ditos actorales de Claudia para la compa\u00f1\u00eda incluyen: <strong>La bruja<\/strong> de Pontezuela de Juan Zapata Olivella, <strong>El sol subterr\u00e1neo<\/strong> de Jairo An\u00edbal Ni\u00f1o, <strong>La Chunga<\/strong> de Mario Vargas Llosa, <strong>La casa de Bernarda Alba<\/strong>, <strong>Yerma<\/strong>, y <strong>Bodas de sangre<\/strong> de Federico Garc\u00eda Lorca, <strong>La hija de la llorona<\/strong> de Teresa Dovalpage, y <strong>Perversiones<\/strong> de Jos\u00e9 Castro Urioste y Eduardo Cabrera.<\/p>\n<p>Otros papeles interpretados por ella en otras agrupaciones figuran <strong>Generic Latina<\/strong> con Teatro Luna, y <strong>Al son que me toques Lorca<\/strong> con La Mol\u00e9cula Art\u00edstica Nido de Mar.<\/p>\n<p>Claudia ha participado con Aguij\u00f3n Theater en el Festival Internacional de Teatro Latino del Goodman Theatre en 2003 con <strong>La casa de Bernarda Alba<\/strong>. En 2004, particip\u00f3 en <strong>Perversiones<\/strong> y <strong>\u00a1Lorca!<\/strong> \u2014un tour de danza, m\u00fasica y teatro a trav\u00e9s de la poes\u00eda del escritor y poeta granadino\u2014 tanto en el V Encuentro Internacional M\u00e1scaras del Tiempo en Arequipa, Per\u00fa, como en el V Festival Latinoamericano de Teatro Qosqo en Cuzco, Per\u00fa. En 2005, regres\u00f3 al VI Festival Internacional de Teatro en Cuzco con <strong>La casa de Bernarda Alba<\/strong>, que tambi\u00e9n se present\u00f3 en el I Encuentro Internacional de Teatro Lorquiano de la Universidad General Sarmiento en San Miguel, Argentina. En 2006, form\u00f3 parte de Yerma en el III Festival Internacional de Teatro Latino del Goodman Theatre.<\/p>\n<p>Claudia ha estado trabajando en el proyecto Las Cartas de Frida, del cual es cofundadora, participando en lecturas dramatizadas de cartas de mujeres que cuentan sus experiencias de vida, en colaboraci\u00f3n con Las Promotoras, un grupo de mujeres de la comunidad del suburbio de Evanston, Illinois. Ella agradece a Aguij\u00f3n Theater, a su familia y amigos por animarla a continuar en lo que tanto ama, el teatro.<\/p>\n<p>[\/et_pb_team_member][et_pb_button button_url=\u00bb@ET-DC@eyJkeW5hbWljIjp0cnVlLCJjb250ZW50IjoicG9zdF9saW5rX3VybF9wYWdlIiwic2V0dGluZ3MiOnsicG9zdF9pZCI6IjI2MSJ9fQ==@\u00bb button_text=\u00bbVolver a elenco\u00bb button_alignment=\u00bbleft\u00bb _builder_version=\u00bb4.27.0&#8243; _dynamic_attributes=\u00bbbutton_url\u00bb _module_preset=\u00bb3d27804a-489e-4691-9eca-095a6fb0f1fb\u00bb button_bg_color=\u00bb#DE0100&#8243; custom_padding=\u00bb15px|25px|15px|38px|true|false\u00bb locked=\u00bboff\u00bb global_colors_info=\u00bb{}\u00bb button_bg_color__hover=\u00bb#000000&#8243; button_bg_enable_color__hover=\u00bbon\u00bb button_text_color__hover=\u00bb#FFFFFF\u00bb][\/et_pb_button][\/et_pb_column][\/et_pb_row][\/et_pb_section]<\/p>\n","protected":false},"excerpt":{"rendered":"<p>claudia renteria &nbsp;Originaria de Morelia, Michoac\u00e1n, M\u00e9xico, Claudia descubre su inter\u00e9s por el teatro en la Casa de la Cultura de Morelia. En 1992, se integra a los talleres de actuaci\u00f3n de Aguij\u00f3n Theater, dando inicio a su formaci\u00f3n actoral. Tras un per\u00edodo de ausencia, Claudia regres\u00f3 a la compa\u00f1\u00eda en 2021, cuando fue oficialmente [&hellip;]<\/p>\n","protected":false},"author":1,"featured_media":0,"parent":241602,"menu_order":0,"comment_status":"closed","ping_status":"closed","template":"","meta":{"_et_pb_use_builder":"on","_et_pb_old_content":"","_et_gb_content_width":"","footnotes":""},"dipi_cpt_category":[],"class_list":["post-243644","page","type-page","status-publish","hentry"],"_links":{"self":[{"href":"https:\/\/aguijontheater.org\/es\/wp-json\/wp\/v2\/pages\/243644"}],"collection":[{"href":"https:\/\/aguijontheater.org\/es\/wp-json\/wp\/v2\/pages"}],"about":[{"href":"https:\/\/aguijontheater.org\/es\/wp-json\/wp\/v2\/types\/page"}],"author":[{"embeddable":true,"href":"https:\/\/aguijontheater.org\/es\/wp-json\/wp\/v2\/users\/1"}],"replies":[{"embeddable":true,"href":"https:\/\/aguijontheater.org\/es\/wp-json\/wp\/v2\/comments?post=243644"}],"version-history":[{"count":17,"href":"https:\/\/aguijontheater.org\/es\/wp-json\/wp\/v2\/pages\/243644\/revisions"}],"predecessor-version":[{"id":249596,"href":"https:\/\/aguijontheater.org\/es\/wp-json\/wp\/v2\/pages\/243644\/revisions\/249596"}],"up":[{"embeddable":true,"href":"https:\/\/aguijontheater.org\/es\/wp-json\/wp\/v2\/pages\/241602"}],"wp:attachment":[{"href":"https:\/\/aguijontheater.org\/es\/wp-json\/wp\/v2\/media?parent=243644"}],"wp:term":[{"taxonomy":"dipi_cpt_category","embeddable":true,"href":"https:\/\/aguijontheater.org\/es\/wp-json\/wp\/v2\/dipi_cpt_category?post=243644"}],"curies":[{"name":"wp","href":"https:\/\/api.w.org\/{rel}","templated":true}]}}