{"id":243632,"date":"2021-10-13T14:30:55","date_gmt":"2021-10-13T14:30:55","guid":{"rendered":"https:\/\/aguijon.xblu.com\/volver-a-casa\/sobre-nosotros\/conjunto\/kris-tori\/"},"modified":"2024-09-17T16:50:59","modified_gmt":"2024-09-17T16:50:59","slug":"kris-tori","status":"publish","type":"page","link":"https:\/\/aguijontheater.org\/es\/volver-a-casa\/sobre-nosotros\/conjunto\/kris-tori\/","title":{"rendered":"Kris Tori"},"content":{"rendered":"<p>[et_pb_section fb_built=\u00bb1&#8243; admin_label=\u00bbHeader\u00bb _builder_version=\u00bb4.27.0&#8243; background_color=\u00bb#000000&#8243; background_enable_image=\u00bboff\u00bb top_divider_style=\u00bbwave\u00bb top_divider_color=\u00bb#DE0100&#8243; top_divider_height=\u00bb87px\u00bb top_divider_flip=\u00bbvertical\u00bb locked=\u00bboff\u00bb global_colors_info=\u00bb{}\u00bb][et_pb_row disabled_on=\u00bboff|off|off\u00bb _builder_version=\u00bb4.27.0&#8243; custom_padding=\u00bb||8px|||\u00bb global_colors_info=\u00bb{}\u00bb][et_pb_column type=\u00bb4_4&#8243; _builder_version=\u00bb4.16&#8243; global_colors_info=\u00bb{}\u00bb][et_pb_text _builder_version=\u00bb4.27.0&#8243; text_text_color=\u00bbrgba(255,255,255,0.5)\u00bb text_font_size=\u00bb16px\u00bb text_line_height=\u00bb1.8em\u00bb header_font=\u00bbMontserrat|600||on|||||\u00bb header_font_size=\u00bb4vw\u00bb header_line_height=\u00bb1.2em\u00bb header_3_font=\u00bbMontserrat|700||on|||||\u00bb header_3_text_color=\u00bb#DE0100&#8243; header_3_font_size=\u00bb16px\u00bb header_3_letter_spacing=\u00bb2px\u00bb header_3_line_height=\u00bb1.4em\u00bb background_layout=\u00bbdark\u00bb hover_enabled=\u00bb0&#8243; header_3_font_size_tablet=\u00bb14px\u00bb header_3_font_size_phone=\u00bb\u00bb header_3_font_size_last_edited=\u00bbon|phone\u00bb text_text_align=\u00bbleft\u00bb locked=\u00bboff\u00bb global_colors_info=\u00bb{}\u00bb sticky_enabled=\u00bb0&#8243;]<\/p>\n<h1><span style=\"color: #ffffff;\">kris tori<\/span><\/h1>\n<p>[\/et_pb_text][\/et_pb_column][\/et_pb_row][et_pb_row disabled_on=\u00bboff|off|off\u00bb _builder_version=\u00bb4.27.0&#8243; _module_preset=\u00bbdefault\u00bb custom_padding=\u00bb19px|||||\u00bb global_colors_info=\u00bb{}\u00bb][et_pb_column type=\u00bb4_4&#8243; _builder_version=\u00bb4.16&#8243; _module_preset=\u00bbdefault\u00bb global_colors_info=\u00bb{}\u00bb][et_pb_team_member image_url=\u00bbhttps:\/\/aguijontheater.org\/wp-content\/uploads\/2021\/04\/Kris-Tori.png\u00bb _builder_version=\u00bb4.27.0&#8243; _module_preset=\u00bbdefault\u00bb header_font=\u00bb|800|||||||\u00bb body_text_align=\u00bbleft\u00bb body_text_color=\u00bb#000000&#8243; body_font_size=\u00bb18px\u00bb background_color=\u00bb#DE0100&#8243; background_enable_image=\u00bboff\u00bb background_blend=\u00bbluminosity\u00bb custom_padding=\u00bb20px|20px|20px|20px|true|true\u00bb hover_enabled=\u00bb0&#8243; border_radii=\u00bbon|20px|20px|20px|20px\u00bb border_radii_image=\u00bbon|20px|20px|20px|20px\u00bb global_colors_info=\u00bb{}\u00bb title_text=\u00bbKris-Tori\u00bb sticky_enabled=\u00bb0&#8243;]<\/p>\n<p><span><span id=\"m_6626701599397243564ydp282326ccdocs-internal-guid-efcbdedb-7fff-d522-d270-30bea224ea3e\"><strong><span class=\"il\">Kris<\/span>\u00a0Tori<\/strong> naci\u00f3 en Pogradec, Albania y lleg\u00f3 a Chicago cuando ten\u00eda 10 a\u00f1os. Comenz\u00f3 su formaci\u00f3n actoral como parte de Nuestra Cultura Theater Program, dirigido por Aguij\u00f3n Theater en colaboraci\u00f3n con After School Matters. Kris obtuvo su licenciatura en Columbia College Chicago y se gradu\u00f3 de la University of Illinois in Chicago (UIC) con una maestr\u00eda en Estudios Latinos y Latinoamericanos, su tesis, Recreando la comunidad a trav\u00e9s del teatro (Memoria y lugar): \u00bfQu\u00e9 pasa con la memoria cuando un lugar desaparece?, se bas\u00f3 en la obra La Habana Madrid en la cual se desempe\u00f1\u00f3 como asistente de investigaci\u00f3n. Actualmente es miembro del elenco de planta de <strong>Aguij\u00f3n Theater<\/strong> y de <strong>Theater Y<\/strong>. <\/span><\/span><\/p>\n<p><span>Sus cr\u00e9ditos teatrales, con <\/span><span><strong>Water People Theater <\/strong>incluyen: North and Sur, Lorca: Living the Experience; con <strong>Theater Y<\/strong>: We Are Proud To Present\u2026, Little Carl, The Emerald Camino Project, The Camino Project, Self Accusation, Stories of the Body, Macbeth; con <strong>Aguij\u00f3n Theater<\/strong>: Yerma; \u00a0Mano a Mano: Cervantes &amp; Shakespeare, <span id=\"m_6626701599397243564ydp282326ccdocs-internal-guid-efcbdedb-7fff-d522-d270-30bea224ea3e\">La Casa de Bernarda Alba, Blowout, Yerma, Las Soldaderas, Criaturas Nocturnas, Tren Al Sur, No Se Vende; con <strong>Columbia College Chicago<\/strong> Delirio, H\u00e9cuba, Marisol. <\/span><\/span><\/p>\n<p><span><span id=\"m_6626701599397243564ydp282326ccdocs-internal-guid-efcbdedb-7fff-d522-d270-30bea224ea3e\">Kris est\u00e1 muy emocionada de llevar el teatro y las artes en general a las comunidades donde los adolescentes y jovenes puedan tener acceso a los puntos de vista de distintas historias.\u00a0<\/span><\/span><\/p>\n<p>[\/et_pb_team_member][et_pb_button button_url=\u00bb@ET-DC@eyJkeW5hbWljIjp0cnVlLCJjb250ZW50IjoicG9zdF9saW5rX3VybF9wYWdlIiwic2V0dGluZ3MiOnsicG9zdF9pZCI6IjI2MSJ9fQ==@\u00bb button_text=\u00bbVolver a elenco\u00bb button_alignment=\u00bbleft\u00bb _builder_version=\u00bb4.27.0&#8243; _dynamic_attributes=\u00bbbutton_url\u00bb _module_preset=\u00bb3d27804a-489e-4691-9eca-095a6fb0f1fb\u00bb button_bg_color=\u00bb#DE0100&#8243; custom_padding=\u00bb15px|25px|15px|38px|true|false\u00bb locked=\u00bboff\u00bb global_colors_info=\u00bb{}\u00bb button_bg_color__hover=\u00bb#000000&#8243; button_bg_enable_color__hover=\u00bbon\u00bb button_text_color__hover=\u00bb#FFFFFF\u00bb][\/et_pb_button][\/et_pb_column][\/et_pb_row][\/et_pb_section]<\/p>\n","protected":false},"excerpt":{"rendered":"<p>kris toriKris\u00a0Tori naci\u00f3 en Pogradec, Albania y lleg\u00f3 a Chicago cuando ten\u00eda 10 a\u00f1os. Comenz\u00f3 su formaci\u00f3n actoral como parte de Nuestra Cultura Theater Program, dirigido por Aguij\u00f3n Theater en colaboraci\u00f3n con After School Matters. Kris obtuvo su licenciatura en Columbia College Chicago y se gradu\u00f3 de la University of Illinois in Chicago (UIC) con [&hellip;]<\/p>\n","protected":false},"author":1,"featured_media":0,"parent":241602,"menu_order":0,"comment_status":"closed","ping_status":"closed","template":"","meta":{"_et_pb_use_builder":"on","_et_pb_old_content":"","_et_gb_content_width":"","footnotes":""},"dipi_cpt_category":[],"class_list":["post-243632","page","type-page","status-publish","hentry"],"_links":{"self":[{"href":"https:\/\/aguijontheater.org\/es\/wp-json\/wp\/v2\/pages\/243632"}],"collection":[{"href":"https:\/\/aguijontheater.org\/es\/wp-json\/wp\/v2\/pages"}],"about":[{"href":"https:\/\/aguijontheater.org\/es\/wp-json\/wp\/v2\/types\/page"}],"author":[{"embeddable":true,"href":"https:\/\/aguijontheater.org\/es\/wp-json\/wp\/v2\/users\/1"}],"replies":[{"embeddable":true,"href":"https:\/\/aguijontheater.org\/es\/wp-json\/wp\/v2\/comments?post=243632"}],"version-history":[{"count":16,"href":"https:\/\/aguijontheater.org\/es\/wp-json\/wp\/v2\/pages\/243632\/revisions"}],"predecessor-version":[{"id":249608,"href":"https:\/\/aguijontheater.org\/es\/wp-json\/wp\/v2\/pages\/243632\/revisions\/249608"}],"up":[{"embeddable":true,"href":"https:\/\/aguijontheater.org\/es\/wp-json\/wp\/v2\/pages\/241602"}],"wp:attachment":[{"href":"https:\/\/aguijontheater.org\/es\/wp-json\/wp\/v2\/media?parent=243632"}],"wp:term":[{"taxonomy":"dipi_cpt_category","embeddable":true,"href":"https:\/\/aguijontheater.org\/es\/wp-json\/wp\/v2\/dipi_cpt_category?post=243632"}],"curies":[{"name":"wp","href":"https:\/\/api.w.org\/{rel}","templated":true}]}}