{"id":243057,"date":"2021-10-08T14:47:04","date_gmt":"2021-10-08T14:47:04","guid":{"rendered":"https:\/\/aguijon.xblu.com\/volver-a-casa\/sobre-nosotros\/conjunto\/rosario-vargas\/"},"modified":"2024-09-11T16:48:22","modified_gmt":"2024-09-11T16:48:22","slug":"rosario-vargas","status":"publish","type":"page","link":"https:\/\/aguijontheater.org\/es\/volver-a-casa\/sobre-nosotros\/conjunto\/rosario-vargas\/","title":{"rendered":"Rosario Vargas"},"content":{"rendered":"<p>[et_pb_section fb_built=\u00bb1&#8243; disabled_on=\u00bbon|on|on\u00bb admin_label=\u00bbHeader\u00bb _builder_version=\u00bb4.27.0&#8243; background_enable_color=\u00bboff\u00bb use_background_color_gradient=\u00bbon\u00bb background_color_gradient_stops=\u00bbrgba(255,255,255,0.35) 0%|#ffffff 100%\u00bb background_color_gradient_overlays_image=\u00bbon\u00bb background_color_gradient_start=\u00bbrgba(255,255,255,0.35)\u00bb background_color_gradient_end=\u00bb#ffffff\u00bb background_image=\u00bbhttps:\/\/aguijontheater.org\/wp-content\/uploads\/2021\/11\/at-bg.png\u00bb custom_margin=\u00bb44px||||false|false\u00bb top_divider_style=\u00bbslant2&#8243; top_divider_color=\u00bb#000000&#8243; disabled=\u00bbon\u00bb locked=\u00bboff\u00bb global_colors_info=\u00bb{}\u00bb][\/et_pb_section][et_pb_section fb_built=\u00bb1&#8243; admin_label=\u00bbHeader\u00bb _builder_version=\u00bb4.27.0&#8243; background_color=\u00bb#000000&#8243; background_enable_image=\u00bboff\u00bb top_divider_style=\u00bbwave\u00bb top_divider_color=\u00bb#DE0100&#8243; top_divider_height=\u00bb87px\u00bb top_divider_flip=\u00bbvertical\u00bb locked=\u00bboff\u00bb global_colors_info=\u00bb{}\u00bb][et_pb_row disabled_on=\u00bboff|off|off\u00bb _builder_version=\u00bb4.27.0&#8243; custom_padding=\u00bb||8px|||\u00bb global_colors_info=\u00bb{}\u00bb][et_pb_column type=\u00bb4_4&#8243; _builder_version=\u00bb4.16&#8243; global_colors_info=\u00bb{}\u00bb][et_pb_text _builder_version=\u00bb4.27.0&#8243; text_text_color=\u00bbrgba(255,255,255,0.5)\u00bb text_font_size=\u00bb16px\u00bb text_line_height=\u00bb1.8em\u00bb header_font=\u00bbMontserrat|600||on|||||\u00bb header_font_size=\u00bb4vw\u00bb header_line_height=\u00bb1.2em\u00bb header_3_font=\u00bbMontserrat|700||on|||||\u00bb header_3_text_color=\u00bb#DE0100&#8243; header_3_font_size=\u00bb16px\u00bb header_3_letter_spacing=\u00bb2px\u00bb header_3_line_height=\u00bb1.4em\u00bb background_layout=\u00bbdark\u00bb hover_enabled=\u00bb0&#8243; header_3_font_size_tablet=\u00bb14px\u00bb header_3_font_size_phone=\u00bb\u00bb header_3_font_size_last_edited=\u00bbon|phone\u00bb text_text_align=\u00bbleft\u00bb locked=\u00bboff\u00bb global_colors_info=\u00bb{}\u00bb sticky_enabled=\u00bb0&#8243;]<\/p>\n<h1><span style=\"color: #ffffff;\">rosario vargas<\/span><\/h1>\n<p><span style=\"color: #ffffff;\">co-fundador y co-director art\u00edstico<\/span><\/p>\n<p><span style=\"color: #ffffff;\">\u00a0<\/span><\/p>\n<p>[\/et_pb_text][\/et_pb_column][\/et_pb_row][et_pb_row disabled_on=\u00bboff|off|off\u00bb _builder_version=\u00bb4.27.0&#8243; _module_preset=\u00bbdefault\u00bb custom_padding=\u00bb19px|||||\u00bb global_colors_info=\u00bb{}\u00bb][et_pb_column type=\u00bb4_4&#8243; _builder_version=\u00bb4.16&#8243; _module_preset=\u00bbdefault\u00bb global_colors_info=\u00bb{}\u00bb][et_pb_team_member image_url=\u00bbhttps:\/\/aguijontheater.org\/wp-content\/uploads\/2024\/07\/Screen-Shot-2024-07-18-at-12.24.22.png\u00bb _builder_version=\u00bb4.27.0&#8243; _module_preset=\u00bbdefault\u00bb header_font=\u00bb|800|||||||\u00bb body_text_align=\u00bbleft\u00bb body_text_color=\u00bb#000000&#8243; body_font_size=\u00bb18px\u00bb background_color=\u00bb#DE0100&#8243; background_enable_image=\u00bboff\u00bb background_blend=\u00bbluminosity\u00bb custom_padding=\u00bb20px|20px|20px|20px|true|true\u00bb hover_enabled=\u00bb0&#8243; border_radii=\u00bbon|20px|20px|20px|20px\u00bb border_radii_image=\u00bbon|20px|20px|20px|20px\u00bb global_colors_info=\u00bb{}\u00bb sticky_enabled=\u00bb0&#8243;]<\/p>\n<p><strong>Rosario Vargas<\/strong> naci\u00f3 en Cartagena, Colombia es una dedicada educadora, directora e investigadora teatral. Es la fundadora y codirectora art\u00edstica de Aguij\u00f3n Theater Company. Rosario es egresada de la Escuela Nacional de Arte Dram\u00e1tico en Bogot\u00e1, Colombia y tiene una licenciatura en Arquitectura de la Universidad Jorge Tadeo Lozano en Cartagena, Colombia. La vasta experiencia profesional de Rosario incluye muchas producciones como actriz, directora, y productora, tanto en Chicago como en el extranjero.<\/p>\n<p>Entre sus numerosos cr\u00e9ditos como directora para Aguij\u00f3n est\u00e1n: <strong>Brutality<\/strong>, de Gustavo Ott; <strong>Hasta que el mortgage nos separe<\/strong>, de Teresa DovalPage; <strong>Ceviche en Pittsburgh<\/strong>, de Jos\u00e9 Castro Urioste; <strong>C\u00e1lices vac\u00edos<\/strong> de Judy Veramendi; <strong>La lujuria seg\u00fan Ramiro;<\/strong> de Dino Armas;<strong> La hija de la llorona<\/strong>, de Teresa DovalPage; <strong>El g\u00e9nesis fue ma\u00f1ana<\/strong>, de Jorge Diaz; <strong>Homenaje a sor Juana In\u00e9s de La Cruz<\/strong>, Adaptaci\u00f3n de Rosario Vargas, inspirada en el Eterno femenino de Rosario Castellanos. Algunos de los aspectos m\u00e1s destacados de su larga trayectoria actoral para Aguij\u00f3n Theater incluye: <strong>Cintas de seda,<\/strong> de Norge Espinosa, presentada como parte del V Festival Internacional de Teatro Latino de Chicago, Destinos. Esta producci\u00f3n tambi\u00e9n form\u00f3 parte del XI Festival Internacional de Teatro (FITE-RD 2023), en Santiago de los Caballeros, Rep\u00fablica Dominicana; <strong>Kiev<\/strong>, de Sergio Blanco; <strong>Exquisita agon\u00eda<\/strong>, de Nilo Cruz; <strong>La casa de Bernarda Alba<\/strong> y <strong>Bodas de sangre<\/strong>, de Federico Garc\u00eda Lorca; <strong>Orqu\u00eddeas a la luz de la luna<\/strong>, de Carlos Fuentes; los unipersonales: <strong>El despojamiento<\/strong>, de Griselda G\u00e1mbaro, <strong>Kinsey Report<\/strong>, de Rosario Castellanos; <strong>Las penas saben nadar<\/strong>, de Abelardo Estorino; este \u00faltimo, recibido con elogios por la cr\u00edtica y uno de los favoritos del p\u00fablico en Chicago y Buenos Aires, Argentina, donde se present\u00f3 en 2013, como parte del IX Encuentro de Teatro y Territorio, de la Universidad General Sarmiento; <strong>Johnny Tenorio<\/strong>, de Carlos Morton, <strong>La pasi\u00f3n seg\u00fan Ant\u00edgona P\u00e9rez<\/strong>, de Luis Rafael S\u00e1nchez;\u00a0 <strong>Hasta los gorriones dejan su nido<\/strong>, de Ra\u00fal Dorantes; y <strong>Un tranv\u00eda llamado deseo<\/strong> de Tennessee Williams, para el Writers Theatre.<\/p>\n<p>Rosario siente gran orgullo y satisfacci\u00f3n de haber logrado realizar dos importantes iniciativas en Aguij\u00f3n Theater; El taller de teatro biling\u00fce para adolescentes, Nuestra Cultura, creado en 2007 en asociaci\u00f3n con After School Matters, y hoy dirigido por Marcela Mu\u00f1oz, y la creaci\u00f3n en 2014, del concurso bienal de dramaturgia, Concurso Internacional de Dramaturgia Hispana de Chicago, hoy (Concurso Internacional de Dramaturgia Aguij\u00f3n Theater de Chicago) con la colaboraci\u00f3n del Instituto Cervantes de Chicago y el National Museum of Mexican Art. Recientemente, la Liga de Teatros de Chicago honr\u00f3 a Rosario con el Premio a la Excelencia Art\u00edstica en el oto\u00f1o del 2023. Rosario recibi\u00f3 en 2022 la nominaci\u00f3n a los premios Jeff a Mejor Int\u00e9rprete en un papel principal en la obra Cintas de seda de Norge Espinosa. En 2003, el Museo Nacional de Artes Mexicanas en Chicago, reconoci\u00f3 su labor otorg\u00e1ndole el premio Sor Juana In\u00e9s de la Cruz. Fue reconocida en 2015 en \u201cWho\u2019s Who in Hispanic Chicago\u201d por Negocios Now, una publicaci\u00f3n nacional que cubre a empresarios latinos y l\u00edderes empresariales en Illinois. En 2017, AARP Illinois y Crain\u2019s Custom Media la nombraron una de las homenajeadas 50@50+ Illinois en Arte y Cultura. El Grupo de Teatro Estudio Universidad de Cartagena TEUC, de la Universidad de Cartagena, Colombia, le rindi\u00f3 tributo a su brillante trayectoria con la temporada <strong>Teatral 2018, Homenaje a Rosario Vargas.<\/strong><\/p>\n<p>Rosario ha estado activa en el teatro en Chicago por m\u00e1s de 38 a\u00f1os. Por estos logros y tantas satisfacciones, Rosario siente profundo agradecimiento y gratitud hacia sus seres queridos, a sus muchos colaboradores y amigos que la han impulsado a \u00a1so\u00f1ar en grande!<\/p>\n<p>&nbsp;<\/p>\n<p>[\/et_pb_team_member][et_pb_button button_url=\u00bb@ET-DC@eyJkeW5hbWljIjp0cnVlLCJjb250ZW50IjoicG9zdF9saW5rX3VybF9wYWdlIiwic2V0dGluZ3MiOnsicG9zdF9pZCI6IjI2MSJ9fQ==@\u00bb button_text=\u00bbVolver a elenco\u00bb button_alignment=\u00bbleft\u00bb _builder_version=\u00bb4.27.0&#8243; _dynamic_attributes=\u00bbbutton_url\u00bb _module_preset=\u00bb3d27804a-489e-4691-9eca-095a6fb0f1fb\u00bb button_bg_color=\u00bb#DE0100&#8243; custom_padding=\u00bb15px|25px|15px|38px|true|false\u00bb hover_enabled=\u00bb0&#8243; locked=\u00bboff\u00bb global_colors_info=\u00bb{}\u00bb button_bg_color__hover=\u00bb#000000&#8243; button_bg_enable_color__hover=\u00bbon\u00bb button_text_color__hover=\u00bb#FFFFFF\u00bb sticky_enabled=\u00bb0&#8243;][\/et_pb_button][\/et_pb_column][\/et_pb_row][\/et_pb_section]<\/p>\n","protected":false},"excerpt":{"rendered":"<p>rosario vargas co-fundador y co-director art\u00edstico \u00a0Rosario Vargas naci\u00f3 en Cartagena, Colombia es una dedicada educadora, directora e investigadora teatral. Es la fundadora y codirectora art\u00edstica de Aguij\u00f3n Theater Company. Rosario es egresada de la Escuela Nacional de Arte Dram\u00e1tico en Bogot\u00e1, Colombia y tiene una licenciatura en Arquitectura de la Universidad Jorge Tadeo Lozano [&hellip;]<\/p>\n","protected":false},"author":1,"featured_media":0,"parent":241602,"menu_order":0,"comment_status":"closed","ping_status":"closed","template":"","meta":{"_et_pb_use_builder":"on","_et_pb_old_content":"","_et_gb_content_width":"","footnotes":""},"dipi_cpt_category":[],"class_list":["post-243057","page","type-page","status-publish","hentry"],"_links":{"self":[{"href":"https:\/\/aguijontheater.org\/es\/wp-json\/wp\/v2\/pages\/243057"}],"collection":[{"href":"https:\/\/aguijontheater.org\/es\/wp-json\/wp\/v2\/pages"}],"about":[{"href":"https:\/\/aguijontheater.org\/es\/wp-json\/wp\/v2\/types\/page"}],"author":[{"embeddable":true,"href":"https:\/\/aguijontheater.org\/es\/wp-json\/wp\/v2\/users\/1"}],"replies":[{"embeddable":true,"href":"https:\/\/aguijontheater.org\/es\/wp-json\/wp\/v2\/comments?post=243057"}],"version-history":[{"count":47,"href":"https:\/\/aguijontheater.org\/es\/wp-json\/wp\/v2\/pages\/243057\/revisions"}],"predecessor-version":[{"id":249538,"href":"https:\/\/aguijontheater.org\/es\/wp-json\/wp\/v2\/pages\/243057\/revisions\/249538"}],"up":[{"embeddable":true,"href":"https:\/\/aguijontheater.org\/es\/wp-json\/wp\/v2\/pages\/241602"}],"wp:attachment":[{"href":"https:\/\/aguijontheater.org\/es\/wp-json\/wp\/v2\/media?parent=243057"}],"wp:term":[{"taxonomy":"dipi_cpt_category","embeddable":true,"href":"https:\/\/aguijontheater.org\/es\/wp-json\/wp\/v2\/dipi_cpt_category?post=243057"}],"curies":[{"name":"wp","href":"https:\/\/api.w.org\/{rel}","templated":true}]}}