{"id":242687,"date":"2021-09-28T15:03:29","date_gmt":"2021-09-28T15:03:29","guid":{"rendered":"https:\/\/aguijon.xblu.com\/la-gran-tirana\/"},"modified":"2024-08-13T23:40:55","modified_gmt":"2024-08-13T23:40:55","slug":"la-gran-tirana","status":"publish","type":"page","link":"https:\/\/aguijontheater.org\/es\/la-gran-tirana\/","title":{"rendered":"La Gran Tirana"},"content":{"rendered":"<p>[et_pb_section fb_built=\u00bb1&#8243; disabled_on=\u00bboff|off|off\u00bb _builder_version=\u00bb4.16&#8243; _module_preset=\u00bbdefault\u00bb use_background_color_gradient=\u00bbon\u00bb background_color_gradient_stops=\u00bbrgba(0,0,0,0.75) 0%|#000000 100%\u00bb background_color_gradient_overlays_image=\u00bbon\u00bb background_color_gradient_start=\u00bbrgba(0,0,0,0.75)\u00bb background_color_gradient_end=\u00bb#000000&#8243; background_image=\u00bbhttps:\/\/aguijontheater.org\/wp-content\/uploads\/2021\/09\/lagrantirana-bg-1.jpg\u00bb custom_padding=\u00bb0px||0px||false|false\u00bb top_divider_color=\u00bb#000000&#8243; top_divider_height=\u00bb50px\u00bb top_divider_repeat=\u00bb1x\u00bb bottom_divider_style=\u00bbarrow\u00bb bottom_divider_color=\u00bb#000000&#8243; bottom_divider_height=\u00bb250px\u00bb global_colors_info=\u00bb{}\u00bb][et_pb_row disabled_on=\u00bboff|off|off\u00bb _builder_version=\u00bb4.27.0&#8243; _module_preset=\u00bbdefault\u00bb use_background_color_gradient=\u00bbon\u00bb background_color_gradient_type=\u00bbcircular\u00bb background_color_gradient_stops=\u00bbrgba(63,63,63,0.39) 0%|rgba(0,0,0,0.68) 100%\u00bb background_color_gradient_start=\u00bbrgba(63,63,63,0.39)\u00bb background_color_gradient_end=\u00bbrgba(0,0,0,0.68)\u00bb width=\u00bb100%\u00bb module_alignment=\u00bbcenter\u00bb custom_padding=\u00bb0px|0px|0px|0px|false|false\u00bb hover_enabled=\u00bb0&#8243; border_color_all=\u00bb#FFFFFF\u00bb border_width_top=\u00bb0px\u00bb border_style_top=\u00bbsolid\u00bb border_width_right=\u00bb0px\u00bb border_color_bottom=\u00bb#ffffff\u00bb border_width_left=\u00bb0px\u00bb box_shadow_style=\u00bbpreset1&#8243; box_shadow_color=\u00bb#000000&#8243; locked=\u00bboff\u00bb global_colors_info=\u00bb{}\u00bb sticky_enabled=\u00bb0&#8243;][et_pb_column type=\u00bb4_4&#8243; _builder_version=\u00bb4.16&#8243; _module_preset=\u00bbdefault\u00bb global_colors_info=\u00bb{}\u00bb][et_pb_image src=\u00bbhttps:\/\/aguijontheater.org\/wp-content\/uploads\/2022\/01\/La-gran-tirana-descarga-dramatica-feb18-27-horiz.jpg\u00bb alt=\u00bbFolleto de la-gran-tirana\u00bb title_text=\u00bbLa-gran-tirana-descarga-dramatica-feb18-27&#8243; show_bottom_space=\u00bboff\u00bb src_tablet=\u00bbhttps:\/\/aguijontheater.org\/wp-content\/uploads\/2021\/11\/la-gran-tirana-header.jpg\u00bb src_phone=\u00bbhttps:\/\/aguijontheater.org\/wp-content\/uploads\/2022\/01\/La-gran-tirana-descarga-dramatica-feb18-27.jpg\u00bb src_last_edited=\u00bbon|phone\u00bb _builder_version=\u00bb4.16&#8243; _module_preset=\u00bbdefault\u00bb module_alignment=\u00bbcenter\u00bb custom_padding=\u00bb0px|0px|0px|0px|false|false\u00bb global_colors_info=\u00bb{}\u00bb][\/et_pb_image][\/et_pb_column][\/et_pb_row][et_pb_row custom_padding_last_edited=\u00bbon|phone\u00bb _builder_version=\u00bb4.27.0&#8243; _module_preset=\u00bbdefault\u00bb use_background_color_gradient=\u00bbon\u00bb background_color_gradient_type=\u00bbcircular\u00bb background_color_gradient_stops=\u00bbrgba(63,63,63,0.39) 0%|rgba(155,119,93,0.71) 100%\u00bb background_color_gradient_start=\u00bbrgba(63,63,63,0.39)\u00bb background_color_gradient_end=\u00bbrgba(155,119,93,0.71)\u00bb width=\u00bb100%\u00bb module_alignment=\u00bbcenter\u00bb custom_padding=\u00bb|50px||50px|false|true\u00bb custom_padding_tablet=\u00bb|50px||50px|false|true\u00bb custom_padding_phone=\u00bb0px|0px||0px|false|true\u00bb hover_enabled=\u00bb0&#8243; box_shadow_style=\u00bbpreset1&#8243; box_shadow_color=\u00bb#000000&#8243; global_colors_info=\u00bb{}\u00bb disabled_on=\u00bboff|off|off\u00bb sticky_enabled=\u00bb0&#8243;][et_pb_column type=\u00bb4_4&#8243; _builder_version=\u00bb4.16&#8243; _module_preset=\u00bbdefault\u00bb global_colors_info=\u00bb{}\u00bb][et_pb_gallery gallery_ids=\u00bb244516,244518,244520,244804,244806,244808&#8243; gallery_orderby=\u00bbrand\u00bb fullwidth=\u00bbon\u00bb _builder_version=\u00bb4.16&#8243; _module_preset=\u00bbdefault\u00bb animation_style=\u00bbfade\u00bb auto=\u00bbon\u00bb border_width_all=\u00bb5px\u00bb border_color_all=\u00bb#000000&#8243; global_colors_info=\u00bb{}\u00bb][\/et_pb_gallery][et_pb_accordion open_toggle_text_color=\u00bb#FFFFFF\u00bb open_toggle_background_color=\u00bb#161616&#8243; closed_toggle_background_color=\u00bb#000000&#8243; icon_color=\u00bb#FFFFFF\u00bb use_icon_font_size=\u00bbon\u00bb icon_font_size=\u00bb30px\u00bb module_id=\u00bbtixnow\u00bb _builder_version=\u00bb4.27.0&#8243; _module_preset=\u00bbdefault\u00bb toggle_text_color=\u00bb#DE0100&#8243; toggle_font=\u00bbAnton||||||||\u00bb toggle_font_size=\u00bb27px\u00bb body_font=\u00bbMontserrat||||||||\u00bb body_text_color=\u00bb#FFFFFF\u00bb body_font_size=\u00bb16px\u00bb hover_enabled=\u00bb0&#8243; border_width_all=\u00bb5px\u00bb border_color_all=\u00bb#000000&#8243; global_colors_info=\u00bb{}\u00bb sticky_enabled=\u00bb0&#8243;][et_pb_accordion_item title=\u00bbSINOPSIS\u00bb open=\u00bbon\u00bb _builder_version=\u00bb4.16&#8243; _module_preset=\u00bbdefault\u00bb global_colors_info=\u00bb{}\u00bb]Ana Morgana, inmigrante, desechada, pero sobre todo artista, trasciende su realidad cotidiana imagin\u00e1ndose una estrella: La Lupe. Cantando las canciones de la famosa mujer, volviendo a contar la turbulenta vida de la diva como si fuera la suya propia, Morgana crea su identidad recordando la de otra persona.[\/et_pb_accordion_item][et_pb_accordion_item title=\u00bbELENCO\u00bb _builder_version=\u00bb4.16&#8243; _module_preset=\u00bbdefault\u00bb global_colors_info=\u00bb{}\u00bb open=\u00bboff\u00bb]<\/p>\n<p>Ana Morgana &#8211; <strong>Ana Santos-S\u00e1nchez &#8211; <a href=\"https:\/\/aguijontheater.org\/es\/volver-a-casa\/sobre-nosotros\/conjunto\/ana-santos-sanchez\/\">Biograf\u00eda<\/a><\/strong><br \/>R\u00e9mora Rotunda &#8211; <strong>S\u00e1ndor Men\u00e9ndez &#8211; <a href=\"https:\/\/aguijontheater.org\/es\/volver-a-casa\/sobre-nosotros\/conjunto\/sandor-menendez\/\">Biograf\u00eda<\/a><\/strong><br \/>Piano &#8211; <strong>Adri\u00e1n J. Ruiz &#8211; <a href=\"https:\/\/aguijontheater.org\/es\/adrian-j-riiz\/\">Biograf\u00eda<\/a><\/strong><br \/>Bajo &#8211; <strong>Marcel Bonfim<\/strong><br \/>Percusi\u00f3n &#8211; <strong>Gustavo Pe\u00f1a &#8211; <a href=\"https:\/\/aguijontheater.org\/es\/gustavo\/\">Biograf\u00eda<\/a><\/strong><\/p>\n<p>[\/et_pb_accordion_item][et_pb_accordion_item title=\u00bbPRODUCCI\u00d3N\u00bb _builder_version=\u00bb4.16&#8243; _module_preset=\u00bbdefault\u00bb global_colors_info=\u00bb{}\u00bb open=\u00bboff\u00bb]<\/p>\n<p>Concebida y dirigida por <a href=\"https:\/\/aguijontheater.org\/es\/volver-a-casa\/sobre-nosotros\/conjunto\/sandor-menendez\/\">S\u00e1ndor Men\u00e9ndez<\/a>, escrita por <a href=\"https:\/\/aguijontheater.org\/es\/volver-a-casa\/sobre-nosotros\/conjunto\/rey-andujar\/\">Rey And\u00fajar<\/a> e inspirada en la vida de la incomparable Lupe Victoria Yol\u00ed Raymond, m\u00e1s conocida como La Lupe, la Reina del Soul Latino, La gran tirana (descarga dram\u00e1tica) explora el viaje del artista como inmigrante y del arte, especialmente la m\u00fasica, como patria.<\/p>\n<p>[\/et_pb_accordion_item][\/et_pb_accordion][\/et_pb_column][\/et_pb_row][et_pb_row disabled_on=\u00bboff|off|off\u00bb _builder_version=\u00bb4.16&#8243; _module_preset=\u00bbdefault\u00bb use_background_color_gradient=\u00bbon\u00bb background_color_gradient_type=\u00bbcircular\u00bb background_color_gradient_stops=\u00bbrgba(63,63,63,0.39) 0%|rgba(0,0,0,0.68) 100%\u00bb background_color_gradient_start=\u00bbrgba(63,63,63,0.39)\u00bb background_color_gradient_end=\u00bbrgba(0,0,0,0.68)\u00bb width_tablet=\u00bb\u00bb width_phone=\u00bb99%\u00bb width_last_edited=\u00bbon|phone\u00bb max_width=\u00bb1400px\u00bb module_alignment=\u00bbcenter\u00bb custom_padding=\u00bb30px|20px|30px|20px|true|true\u00bb border_radii=\u00bbon|5px|5px|5px|5px\u00bb border_color_all=\u00bb#FFFFFF\u00bb border_width_top=\u00bb0px\u00bb border_style_top=\u00bbsolid\u00bb border_width_right=\u00bb0px\u00bb border_color_bottom=\u00bbRGBA(0,0,0,0)\u00bb border_width_left=\u00bb0px\u00bb locked=\u00bboff\u00bb global_colors_info=\u00bb{}\u00bb][et_pb_column type=\u00bb4_4&#8243; _builder_version=\u00bb4.16&#8243; _module_preset=\u00bbdefault\u00bb custom_padding=\u00bb|||20px|false|false\u00bb global_colors_info=\u00bb{}\u00bb][et_pb_button button_url=\u00bb@ET-DC@eyJkeW5hbWljIjp0cnVlLCJjb250ZW50IjoicG9zdF9saW5rX3VybF9wYWdlIiwic2V0dGluZ3MiOnsicG9zdF9pZCI6IjI5NSIsImVuYWJsZV9odG1sIjoib2ZmIn19@\u00bb button_text=\u00bbDIRECCIONES \/ CONTACTOS\u00bb button_alignment=\u00bbcenter\u00bb _builder_version=\u00bb4.16&#8243; _dynamic_attributes=\u00bbbutton_url\u00bb _module_preset=\u00bbdefault\u00bb custom_button=\u00bbon\u00bb button_text_size=\u00bb14px\u00bb button_text_color=\u00bb#ffffff\u00bb button_bg_color=\u00bb#DE0100&#8243; button_border_width=\u00bb0px\u00bb button_border_color=\u00bb#FFFFFF\u00bb button_letter_spacing=\u00bb2px\u00bb button_font=\u00bbMontserrat|600||on|||||\u00bb button_use_icon=\u00bboff\u00bb animation_style=\u00bbfade\u00bb animation_duration=\u00bb1600ms\u00bb animation_delay=\u00bb400ms\u00bb global_colors_info=\u00bb{%22gcid-6737696d-265b-47ae-8080-27bb358a6235%22:%91%93}\u00bb button_bg_color__hover_enabled=\u00bbon|hover\u00bb button_bg_color__hover=\u00bb#000000&#8243; button_bg_enable_color__hover=\u00bbon\u00bb button_text_color__hover=\u00bb#FFFFFF\u00bb button_text_color__hover_enabled=\u00bbon|hover\u00bb button_border_color__hover=\u00bb#000000&#8243; button_border_color__hover_enabled=\u00bbon|hover\u00bb][\/et_pb_button][\/et_pb_column][\/et_pb_row][\/et_pb_section][et_pb_section fb_built=\u00bb1&#8243; next_background_color=\u00bb#000000&#8243; _builder_version=\u00bb4.16&#8243; _module_preset=\u00bbdefault\u00bb background_color=\u00bb#FFFFFF\u00bb top_divider_style=\u00bbslant\u00bb top_divider_color=\u00bb#000000&#8243; top_divider_height=\u00bb30px\u00bb top_divider_repeat=\u00bb1x\u00bb top_divider_flip=\u00bbhorizontal\u00bb bottom_divider_style=\u00bbslant\u00bb bottom_divider_height=\u00bb50px\u00bb bottom_divider_flip=\u00bbhorizontal\u00bb global_colors_info=\u00bb{}\u00bb][et_pb_row _builder_version=\u00bb4.27.0&#8243; _module_preset=\u00bbdefault\u00bb custom_padding=\u00bb6px||3px|||\u00bb hover_enabled=\u00bb0&#8243; global_colors_info=\u00bb{}\u00bb sticky_enabled=\u00bb0&#8243;][et_pb_column type=\u00bb4_4&#8243; _builder_version=\u00bb4.16&#8243; _module_preset=\u00bbdefault\u00bb global_colors_info=\u00bb{}\u00bb][et_pb_text _builder_version=\u00bb4.16&#8243; _module_preset=\u00bbdefault\u00bb header_2_font=\u00bbMontserrat|500|||||||\u00bb header_2_text_align=\u00bbcenter\u00bb header_2_text_color=\u00bb#000000&#8243; header_2_font_size=\u00bb30px\u00bb global_colors_info=\u00bb{}\u00bb]<\/p>\n<h2>OPINIONES<\/h2>\n<p>[\/et_pb_text][\/et_pb_column][\/et_pb_row][et_pb_row column_structure=\u00bb1_2,1_2&#8243; _builder_version=\u00bb4.16&#8243; _module_preset=\u00bbdefault\u00bb width=\u00bb63%\u00bb custom_padding=\u00bb5px|||||\u00bb global_colors_info=\u00bb{}\u00bb][et_pb_column type=\u00bb1_2&#8243; _builder_version=\u00bb4.16&#8243; _module_preset=\u00bbdefault\u00bb global_colors_info=\u00bb{}\u00bb][et_pb_image src=\u00bbhttps:\/\/aguijontheater.org\/wp-content\/uploads\/2021\/11\/Jeff-Recommended-Signage-300&#215;115.jpg\u00bb title_text=\u00bbSe\u00f1alizaci\u00f3n recomendada por Jeff\u00bb url=\u00bbhttp:\/\/www.jeffawards.org\/jeffplays\/la-gran-tirana-descarga-dramatica-2022&#8243; url_new_window=\u00bbon\u00bb align=\u00bbcenter\u00bb _builder_version=\u00bb4.16&#8243; _module_preset=\u00bbdefault\u00bb width=\u00bb60%\u00bb global_colors_info=\u00bb{}\u00bb][\/et_pb_image][\/et_pb_column][et_pb_column type=\u00bb1_2&#8243; _builder_version=\u00bb4.16&#8243; _module_preset=\u00bbdefault\u00bb global_colors_info=\u00bb{}\u00bb][et_pb_image src=\u00bbhttps:\/\/aguijontheater.org\/wp-content\/uploads\/2021\/11\/reader-logo-79-1.png\u00bb title_text=\u00bblector-logo-79-1&#8243; url=\u00bbhttps:\/\/chicagoreader.com\/arts-culture\/theater-review\/la-gran-tirana-unpacks-a-divas-baggage\/\u00bb _builder_version=\u00bb4.16&#8243; _module_preset=\u00bbdefault\u00bb width=\u00bb61%\u00bb module_alignment=\u00bbcenter\u00bb global_colors_info=\u00bb{}\u00bb][\/et_pb_image][\/et_pb_column][\/et_pb_row][\/et_pb_section]<\/p>\n","protected":false},"excerpt":{"rendered":"<p>Ana Morgana, inmigrante, desechada, pero sobre todo artista, trasciende su realidad cotidiana imagin\u00e1ndose una estrella: La Lupe. Cantando las canciones de la famosa mujer, volviendo a contar la turbulenta vida de la diva como si fuera la suya propia, Morgana crea su identidad recordando la de otra persona.Ana Morgana &#8211; Ana Santos-S\u00e1nchez &#8211; Biograf\u00edaR\u00e9mora Rotunda [&hellip;]<\/p>\n","protected":false},"author":1,"featured_media":0,"parent":0,"menu_order":0,"comment_status":"closed","ping_status":"closed","template":"","meta":{"_et_pb_use_builder":"on","_et_pb_old_content":"","_et_gb_content_width":"","footnotes":""},"dipi_cpt_category":[],"class_list":["post-242687","page","type-page","status-publish","hentry"],"_links":{"self":[{"href":"https:\/\/aguijontheater.org\/es\/wp-json\/wp\/v2\/pages\/242687"}],"collection":[{"href":"https:\/\/aguijontheater.org\/es\/wp-json\/wp\/v2\/pages"}],"about":[{"href":"https:\/\/aguijontheater.org\/es\/wp-json\/wp\/v2\/types\/page"}],"author":[{"embeddable":true,"href":"https:\/\/aguijontheater.org\/es\/wp-json\/wp\/v2\/users\/1"}],"replies":[{"embeddable":true,"href":"https:\/\/aguijontheater.org\/es\/wp-json\/wp\/v2\/comments?post=242687"}],"version-history":[{"count":112,"href":"https:\/\/aguijontheater.org\/es\/wp-json\/wp\/v2\/pages\/242687\/revisions"}],"predecessor-version":[{"id":248631,"href":"https:\/\/aguijontheater.org\/es\/wp-json\/wp\/v2\/pages\/242687\/revisions\/248631"}],"wp:attachment":[{"href":"https:\/\/aguijontheater.org\/es\/wp-json\/wp\/v2\/media?parent=242687"}],"wp:term":[{"taxonomy":"dipi_cpt_category","embeddable":true,"href":"https:\/\/aguijontheater.org\/es\/wp-json\/wp\/v2\/dipi_cpt_category?post=242687"}],"curies":[{"name":"wp","href":"https:\/\/api.w.org\/{rel}","templated":true}]}}