{"id":241795,"date":"2021-07-27T20:38:59","date_gmt":"2021-07-27T20:38:59","guid":{"rendered":"https:\/\/aguijon.xblu.com\/conjunto\/augusto-yanacopulos\/"},"modified":"2024-09-11T16:58:23","modified_gmt":"2024-09-11T16:58:23","slug":"augusto-yanacopulos","status":"publish","type":"page","link":"https:\/\/aguijontheater.org\/es\/volver-a-casa\/sobre-nosotros\/conjunto\/augusto-yanacopulos\/","title":{"rendered":"Augusto Yanacopulos"},"content":{"rendered":"<p>[et_pb_section fb_built=\u00bb1&#8243; admin_label=\u00bbHeader\u00bb _builder_version=\u00bb4.27.0&#8243; background_color=\u00bb#000000&#8243; background_enable_image=\u00bboff\u00bb top_divider_style=\u00bbwave\u00bb top_divider_color=\u00bb#DE0100&#8243; top_divider_height=\u00bb87px\u00bb top_divider_flip=\u00bbvertical\u00bb hover_enabled=\u00bb0&#8243; locked=\u00bboff\u00bb global_colors_info=\u00bb{}\u00bb sticky_enabled=\u00bb0&#8243;][et_pb_row disabled_on=\u00bboff|off|off\u00bb _builder_version=\u00bb4.27.0&#8243; custom_padding=\u00bb||8px|||\u00bb global_colors_info=\u00bb{}\u00bb][et_pb_column type=\u00bb4_4&#8243; _builder_version=\u00bb4.16&#8243; global_colors_info=\u00bb{}\u00bb][et_pb_text _builder_version=\u00bb4.27.0&#8243; text_text_color=\u00bbrgba(255,255,255,0.5)\u00bb text_font_size=\u00bb16px\u00bb text_line_height=\u00bb1.8em\u00bb header_font=\u00bbMontserrat|600||on|||||\u00bb header_font_size=\u00bb4vw\u00bb header_line_height=\u00bb1.2em\u00bb header_3_font=\u00bbMontserrat|700||on|||||\u00bb header_3_text_color=\u00bb#DE0100&#8243; header_3_font_size=\u00bb16px\u00bb header_3_letter_spacing=\u00bb2px\u00bb header_3_line_height=\u00bb1.4em\u00bb background_layout=\u00bbdark\u00bb header_3_font_size_tablet=\u00bb14px\u00bb header_3_font_size_phone=\u00bb\u00bb header_3_font_size_last_edited=\u00bbon|phone\u00bb text_text_align=\u00bbleft\u00bb locked=\u00bboff\u00bb global_colors_info=\u00bb{}\u00bb]<\/p>\n<h1><span style=\"color: #ffffff;\">Augusto Yanacopulos<\/span><\/h1>\n<p><span style=\"color: #ffffff;\">co-fundador<\/span><\/p>\n<p>[\/et_pb_text][\/et_pb_column][\/et_pb_row][et_pb_row disabled_on=\u00bboff|off|off\u00bb _builder_version=\u00bb4.27.0&#8243; _module_preset=\u00bbdefault\u00bb custom_padding=\u00bb19px|||||\u00bb global_colors_info=\u00bb{}\u00bb][et_pb_column type=\u00bb4_4&#8243; _builder_version=\u00bb4.16&#8243; _module_preset=\u00bbdefault\u00bb global_colors_info=\u00bb{}\u00bb][et_pb_team_member image_url=\u00bbhttps:\/\/aguijontheater.org\/wp-content\/uploads\/2024\/07\/AuguWebsite.jpg\u00bb _builder_version=\u00bb4.27.0&#8243; _module_preset=\u00bbdefault\u00bb header_font=\u00bb|800|||||||\u00bb body_text_align=\u00bbleft\u00bb body_text_color=\u00bb#000000&#8243; body_font_size=\u00bb18px\u00bb background_color=\u00bb#DE0100&#8243; background_enable_image=\u00bboff\u00bb background_blend=\u00bbluminosity\u00bb custom_padding=\u00bb20px|20px|20px|20px|true|true\u00bb border_radii=\u00bbon|20px|20px|20px|20px\u00bb border_radii_image=\u00bbon|20px|20px|20px|20px\u00bb global_colors_info=\u00bb{}\u00bb]<\/p>\n<p>Nacido en Chile y de ascendencia griega, desde muy joven Augusto Yanacopulos se dedic\u00f3 a las artes asistiendo a la Escuela de Bellas Artes de Santiago de Chile donde estudi\u00f3 dibujo y pintura. A su llegada a Chicago se vincul\u00f3 a la American Academy of Art y al Art Institute of Chicago, donde continu\u00f3 perfeccionando sus habilidades en las artes visuales. Paralelamente, como estudiante e int\u00e9rprete de ballet cl\u00e1sico, Yanacopulos form\u00f3 parte del Massi Ballet of Chicago por m\u00e1s de una d\u00e9cada. Adem\u00e1s de la pintura y la danza, su pasi\u00f3n por el el teatro lo condujo a co-fundar junto con Rosario Vargas, Aguij\u00f3n Theater of Chicago en 1989.<\/p>\n<p>Pilar fundamental de la compa\u00f1\u00eda, Yanacopulos, contin\u00faa demostrando su versatilidad y compromiso en m\u00faltiples roles: actor, director de escena, escen\u00f3grafo y luminot\u00e9cnico. Sus aportaciones, especialmente en el dise\u00f1o de iluminaci\u00f3n, pinturas esc\u00e9nicas y realizaciones escenogr\u00e1ficas son consideradas aut\u00e9nticas joyas para Aguij\u00f3n Theater.<\/p>\n<p>Entre las muchas producciones que han recibido el elogio de la cr\u00edtica especializada y el reconocimiento del p\u00fablico destacan <strong>El g\u00e9nesis fue ma\u00f1ana<\/strong> de Jorge D\u00edaz, <strong>Ant\u00edgona<\/strong> de S\u00f3focles, <strong>La casa de Bernarda Alba<\/strong> y <strong>Yerma<\/strong> de Federico Garc\u00eda Lorca, <strong>La pasi\u00f3n seg\u00fan<\/strong><br \/><strong>Ant\u00edgona P\u00e9rez<\/strong> de Luis Rafael S\u00e1nchez, <strong>Adentro<\/strong> de Abel Gonz\u00e1lez Melo, <strong>La fulana respetuosa <\/strong>de Jean Paul Sartre, La Chunga de Mario Vargas Llosa, y <strong>Kiev<\/strong> de Sergio Blanco.<\/p>\n<p>Su excelencia creativa fue reconocida en 2018 con el ALTA Award al mejor dise\u00f1o de utiler\u00eda por <strong>La muerte y la doncella<\/strong> de Ariel Dorfman. M\u00e1s recientemente, en 2023, Yanacopulos fue nominado a dos Jeff Awards (Non-Equity): mejor dise\u00f1o de luces en <strong>Cintas de seda<\/strong> de Norge Espinosa, ganando el Jeff en la categor\u00eda de especializaci\u00f3n art\u00edstica (utiler\u00eda) por <strong>La Gran tirana<\/strong>: <strong>Descarga dram\u00e1tica<\/strong> de Rey And\u00fajar.<\/p>\n<p><strong>Kerry Reid<\/strong> del Chicago Reader destac\u00f3 su ingenio al se\u00f1alar, \u201cA lo largo del escenario se mueven coloridas maletas, astutamente dise\u00f1adas por Augusto Yanacopulos\u2026\u201d<\/p>\n<p>[\/et_pb_team_member][et_pb_button button_url=\u00bb@ET-DC@eyJkeW5hbWljIjp0cnVlLCJjb250ZW50IjoicG9zdF9saW5rX3VybF9wYWdlIiwic2V0dGluZ3MiOnsicG9zdF9pZCI6IjI2MSJ9fQ==@\u00bb button_text=\u00bbVolver a elenco\u00bb button_alignment=\u00bbleft\u00bb _builder_version=\u00bb4.27.0&#8243; _dynamic_attributes=\u00bbbutton_url\u00bb _module_preset=\u00bb3d27804a-489e-4691-9eca-095a6fb0f1fb\u00bb button_bg_color=\u00bb#DE0100&#8243; custom_padding=\u00bb15px|25px|15px|38px|true|false\u00bb locked=\u00bboff\u00bb global_colors_info=\u00bb{}\u00bb button_bg_color__hover=\u00bb#000000&#8243; button_bg_enable_color__hover=\u00bbon\u00bb button_text_color__hover=\u00bb#FFFFFF\u00bb][\/et_pb_button][\/et_pb_column][\/et_pb_row][\/et_pb_section]<\/p>\n","protected":false},"excerpt":{"rendered":"<p>Augusto Yanacopulos co-fundadorNacido en Chile y de ascendencia griega, desde muy joven Augusto Yanacopulos se dedic\u00f3 a las artes asistiendo a la Escuela de Bellas Artes de Santiago de Chile donde estudi\u00f3 dibujo y pintura. A su llegada a Chicago se vincul\u00f3 a la American Academy of Art y al Art Institute of Chicago, donde [&hellip;]<\/p>\n","protected":false},"author":1,"featured_media":0,"parent":241602,"menu_order":0,"comment_status":"closed","ping_status":"closed","template":"","meta":{"_et_pb_use_builder":"on","_et_pb_old_content":"","_et_gb_content_width":"","footnotes":""},"dipi_cpt_category":[],"class_list":["post-241795","page","type-page","status-publish","hentry"],"_links":{"self":[{"href":"https:\/\/aguijontheater.org\/es\/wp-json\/wp\/v2\/pages\/241795"}],"collection":[{"href":"https:\/\/aguijontheater.org\/es\/wp-json\/wp\/v2\/pages"}],"about":[{"href":"https:\/\/aguijontheater.org\/es\/wp-json\/wp\/v2\/types\/page"}],"author":[{"embeddable":true,"href":"https:\/\/aguijontheater.org\/es\/wp-json\/wp\/v2\/users\/1"}],"replies":[{"embeddable":true,"href":"https:\/\/aguijontheater.org\/es\/wp-json\/wp\/v2\/comments?post=241795"}],"version-history":[{"count":39,"href":"https:\/\/aguijontheater.org\/es\/wp-json\/wp\/v2\/pages\/241795\/revisions"}],"predecessor-version":[{"id":249542,"href":"https:\/\/aguijontheater.org\/es\/wp-json\/wp\/v2\/pages\/241795\/revisions\/249542"}],"up":[{"embeddable":true,"href":"https:\/\/aguijontheater.org\/es\/wp-json\/wp\/v2\/pages\/241602"}],"wp:attachment":[{"href":"https:\/\/aguijontheater.org\/es\/wp-json\/wp\/v2\/media?parent=241795"}],"wp:term":[{"taxonomy":"dipi_cpt_category","embeddable":true,"href":"https:\/\/aguijontheater.org\/es\/wp-json\/wp\/v2\/dipi_cpt_category?post=241795"}],"curies":[{"name":"wp","href":"https:\/\/api.w.org\/{rel}","templated":true}]}}