{"id":241768,"date":"2021-07-27T20:17:57","date_gmt":"2021-07-27T20:17:57","guid":{"rendered":"https:\/\/aguijon.xblu.com\/conjunto\/andrea-ojeda\/"},"modified":"2024-09-17T16:54:18","modified_gmt":"2024-09-17T16:54:18","slug":"andrea-ojeda","status":"publish","type":"page","link":"https:\/\/aguijontheater.org\/es\/volver-a-casa\/sobre-nosotros\/conjunto\/andrea-ojeda\/","title":{"rendered":"Andrea Ojeda"},"content":{"rendered":"<p>[et_pb_section fb_built=\u00bb1&#8243; admin_label=\u00bbHeader\u00bb _builder_version=\u00bb4.27.0&#8243; background_color=\u00bb#000000&#8243; background_enable_image=\u00bboff\u00bb top_divider_style=\u00bbwave\u00bb top_divider_color=\u00bb#DE0100&#8243; top_divider_height=\u00bb87px\u00bb top_divider_flip=\u00bbvertical\u00bb locked=\u00bboff\u00bb global_colors_info=\u00bb{}\u00bb][et_pb_row disabled_on=\u00bboff|off|off\u00bb _builder_version=\u00bb4.27.0&#8243; custom_padding=\u00bb||8px|||\u00bb global_colors_info=\u00bb{}\u00bb][et_pb_column type=\u00bb4_4&#8243; _builder_version=\u00bb4.16&#8243; global_colors_info=\u00bb{}\u00bb][et_pb_text _builder_version=\u00bb4.27.0&#8243; text_text_color=\u00bbrgba(255,255,255,0.5)\u00bb text_font_size=\u00bb16px\u00bb text_line_height=\u00bb1.8em\u00bb header_font=\u00bbMontserrat|600||on|||||\u00bb header_font_size=\u00bb4vw\u00bb header_line_height=\u00bb1.2em\u00bb header_3_font=\u00bbMontserrat|700||on|||||\u00bb header_3_text_color=\u00bb#DE0100&#8243; header_3_font_size=\u00bb16px\u00bb header_3_letter_spacing=\u00bb2px\u00bb header_3_line_height=\u00bb1.4em\u00bb background_layout=\u00bbdark\u00bb hover_enabled=\u00bb0&#8243; header_3_font_size_tablet=\u00bb14px\u00bb header_3_font_size_phone=\u00bb\u00bb header_3_font_size_last_edited=\u00bbon|phone\u00bb text_text_align=\u00bbleft\u00bb locked=\u00bboff\u00bb global_colors_info=\u00bb{}\u00bb sticky_enabled=\u00bb0&#8243;]<\/p>\n<h1><span style=\"color: #ffffff;\">andrea ojeda<\/span><\/h1>\n<p>[\/et_pb_text][\/et_pb_column][\/et_pb_row][et_pb_row disabled_on=\u00bboff|off|off\u00bb _builder_version=\u00bb4.27.0&#8243; _module_preset=\u00bbdefault\u00bb custom_padding=\u00bb19px|||||\u00bb global_colors_info=\u00bb{}\u00bb][et_pb_column type=\u00bb4_4&#8243; _builder_version=\u00bb4.16&#8243; _module_preset=\u00bbdefault\u00bb global_colors_info=\u00bb{}\u00bb][et_pb_team_member image_url=\u00bbhttps:\/\/aguijontheater.org\/wp-content\/uploads\/2024\/07\/Screen-Shot-2024-07-30-at-10.24.23.png\u00bb _builder_version=\u00bb4.27.0&#8243; _module_preset=\u00bbdefault\u00bb header_font=\u00bb|800|||||||\u00bb body_text_align=\u00bbleft\u00bb body_text_color=\u00bb#000000&#8243; body_font_size=\u00bb18px\u00bb background_color=\u00bb#DE0100&#8243; background_enable_image=\u00bboff\u00bb background_blend=\u00bbluminosity\u00bb custom_padding=\u00bb20px|20px|20px|20px|true|true\u00bb hover_enabled=\u00bb0&#8243; border_radii=\u00bbon|20px|20px|20px|20px\u00bb border_radii_image=\u00bbon|20px|20px|20px|20px\u00bb global_colors_info=\u00bb{}\u00bb title_text=\u00bbScreen Shot 2024-07-30 at 10.24.23&#8243; sticky_enabled=\u00bb0&#8243;]<\/p>\n<p style=\"text-align: left;\"><span style=\"font-weight: 400;\"><strong>Andrea Ojeda<\/strong> naci\u00f3 y creci\u00f3 en la Ciudad de M\u00e9xico en el seno de una familia art\u00edstica y musical. Estudi\u00f3 Literatura Dram\u00e1tica y Teatro en la UNAM, <\/span><span style=\"font-weight: 400;\">tiempo durante el cual particip\u00f3 en diversos proyectos teatrales y cinematogr\u00e1ficos. Vivi\u00f3 en varios pa\u00edses y ciudades diversas mientras se dedic\u00f3 a su familia, hasta que acab\u00f3 en Chicago donde se uni\u00f3 a Aguij\u00f3n Theater. En Chicago tambi\u00e9n fue miembro del consejo editorial de la revista <em>Contratiempo<\/em>, escribiendo y editando art\u00edculos en espa\u00f1ol sobre la vida, arte y cultura de latines en Estados Unidos, y en su tiempo libre cantaba en un coro y tocaba en una banda de rock.<\/span><\/p>\n<p style=\"text-align: left;\"><span>En Aguij\u00f3n Theater particip\u00f3 en: <\/span><strong><em>La casa de Bernarda Alba<\/em><\/strong><span>, <strong><em>Romeo y Julieta<\/em><\/strong>, <strong><em>Criaturas nocturnas<\/em><\/strong><em>, <\/em><strong>C<\/strong><em><strong>asa propia, y Brutality<\/strong>. <\/em><\/span><span>Adem\u00e1s de sus cr\u00e9ditos actorales, form\u00f3 parte del equipo editorial y comitiva de investigaci\u00f3n historica y es co-editora de libro <strong>Aguij\u00f3n 30 a\u00f1os|Aguij\u00f3n 30 years<\/strong>. Es miembro del elenco de planta de Aguij\u00f3n Theater desde el 2015.<\/span><\/p>\n<p style=\"text-align: left;\"><span><span style=\"font-weight: 400;\">Actualmente vive en Amsterdam, Holanda, donde contin\u00faa con proyectos teatrales y musicales, aprendiendo de historia y cultura holandesa. <\/span><\/span><span><span style=\"font-weight: 400;\">(No dejen de avisarle si quieren un tour)<\/span><\/span><\/p>\n<p>[\/et_pb_team_member][et_pb_button button_url=\u00bb@ET-DC@eyJkeW5hbWljIjp0cnVlLCJjb250ZW50IjoicG9zdF9saW5rX3VybF9wYWdlIiwic2V0dGluZ3MiOnsicG9zdF9pZCI6IjI2MSJ9fQ==@\u00bb button_text=\u00bbVolver a elenco\u00bb button_alignment=\u00bbleft\u00bb _builder_version=\u00bb4.27.0&#8243; _dynamic_attributes=\u00bbbutton_url\u00bb _module_preset=\u00bb3d27804a-489e-4691-9eca-095a6fb0f1fb\u00bb button_bg_color=\u00bb#DE0100&#8243; custom_padding=\u00bb15px|25px|15px|38px|true|false\u00bb locked=\u00bboff\u00bb global_colors_info=\u00bb{}\u00bb button_bg_color__hover=\u00bb#000000&#8243; button_bg_enable_color__hover=\u00bbon\u00bb button_text_color__hover=\u00bb#FFFFFF\u00bb][\/et_pb_button][\/et_pb_column][\/et_pb_row][\/et_pb_section]<\/p>\n","protected":false},"excerpt":{"rendered":"<p>andrea ojedaAndrea Ojeda naci\u00f3 y creci\u00f3 en la Ciudad de M\u00e9xico en el seno de una familia art\u00edstica y musical. Estudi\u00f3 Literatura Dram\u00e1tica y Teatro en la UNAM, tiempo durante el cual particip\u00f3 en diversos proyectos teatrales y cinematogr\u00e1ficos. Vivi\u00f3 en varios pa\u00edses y ciudades diversas mientras se dedic\u00f3 a su familia, hasta que acab\u00f3 [&hellip;]<\/p>\n","protected":false},"author":1,"featured_media":0,"parent":241602,"menu_order":0,"comment_status":"closed","ping_status":"closed","template":"","meta":{"_et_pb_use_builder":"on","_et_pb_old_content":"","_et_gb_content_width":"","footnotes":""},"dipi_cpt_category":[],"class_list":["post-241768","page","type-page","status-publish","hentry"],"_links":{"self":[{"href":"https:\/\/aguijontheater.org\/es\/wp-json\/wp\/v2\/pages\/241768"}],"collection":[{"href":"https:\/\/aguijontheater.org\/es\/wp-json\/wp\/v2\/pages"}],"about":[{"href":"https:\/\/aguijontheater.org\/es\/wp-json\/wp\/v2\/types\/page"}],"author":[{"embeddable":true,"href":"https:\/\/aguijontheater.org\/es\/wp-json\/wp\/v2\/users\/1"}],"replies":[{"embeddable":true,"href":"https:\/\/aguijontheater.org\/es\/wp-json\/wp\/v2\/comments?post=241768"}],"version-history":[{"count":14,"href":"https:\/\/aguijontheater.org\/es\/wp-json\/wp\/v2\/pages\/241768\/revisions"}],"predecessor-version":[{"id":249610,"href":"https:\/\/aguijontheater.org\/es\/wp-json\/wp\/v2\/pages\/241768\/revisions\/249610"}],"up":[{"embeddable":true,"href":"https:\/\/aguijontheater.org\/es\/wp-json\/wp\/v2\/pages\/241602"}],"wp:attachment":[{"href":"https:\/\/aguijontheater.org\/es\/wp-json\/wp\/v2\/media?parent=241768"}],"wp:term":[{"taxonomy":"dipi_cpt_category","embeddable":true,"href":"https:\/\/aguijontheater.org\/es\/wp-json\/wp\/v2\/dipi_cpt_category?post=241768"}],"curies":[{"name":"wp","href":"https:\/\/api.w.org\/{rel}","templated":true}]}}