{"id":241757,"date":"2021-07-27T20:17:46","date_gmt":"2021-07-27T20:17:46","guid":{"rendered":"https:\/\/aguijon.xblu.com\/conjunto\/ana-santos-sanchez\/"},"modified":"2024-09-30T19:35:53","modified_gmt":"2024-09-30T19:35:53","slug":"ana-santos-sanchez","status":"publish","type":"page","link":"https:\/\/aguijontheater.org\/es\/volver-a-casa\/sobre-nosotros\/conjunto\/ana-santos-sanchez\/","title":{"rendered":"Ana Santos-S\u00e1nchez"},"content":{"rendered":"<p>[et_pb_section fb_built=\u00bb1&#8243; admin_label=\u00bbHeader\u00bb _builder_version=\u00bb4.27.0&#8243; background_color=\u00bb#000000&#8243; background_enable_image=\u00bboff\u00bb top_divider_style=\u00bbwave\u00bb top_divider_color=\u00bb#DE0100&#8243; top_divider_height=\u00bb87px\u00bb top_divider_flip=\u00bbvertical\u00bb locked=\u00bboff\u00bb global_colors_info=\u00bb{}\u00bb][et_pb_row disabled_on=\u00bboff|off|off\u00bb _builder_version=\u00bb4.27.0&#8243; custom_padding=\u00bb||8px|||\u00bb global_colors_info=\u00bb{}\u00bb][et_pb_column type=\u00bb4_4&#8243; _builder_version=\u00bb4.16&#8243; global_colors_info=\u00bb{}\u00bb][et_pb_text _builder_version=\u00bb4.27.0&#8243; text_text_color=\u00bbrgba(255,255,255,0.5)\u00bb text_font_size=\u00bb16px\u00bb text_line_height=\u00bb1.8em\u00bb header_font=\u00bbMontserrat|600||on|||||\u00bb header_font_size=\u00bb4vw\u00bb header_line_height=\u00bb1.2em\u00bb header_3_font=\u00bbMontserrat|700||on|||||\u00bb header_3_text_color=\u00bb#DE0100&#8243; header_3_font_size=\u00bb16px\u00bb header_3_letter_spacing=\u00bb2px\u00bb header_3_line_height=\u00bb1.4em\u00bb background_layout=\u00bbdark\u00bb hover_enabled=\u00bb0&#8243; header_3_font_size_tablet=\u00bb14px\u00bb header_3_font_size_phone=\u00bb\u00bb header_3_font_size_last_edited=\u00bbon|phone\u00bb text_text_align=\u00bbleft\u00bb locked=\u00bboff\u00bb global_colors_info=\u00bb{}\u00bb sticky_enabled=\u00bb0&#8243;]<\/p>\n<h1><span style=\"color: #ffffff;\">ana santos<\/span><\/h1>\n<p>[\/et_pb_text][\/et_pb_column][\/et_pb_row][et_pb_row disabled_on=\u00bboff|off|off\u00bb _builder_version=\u00bb4.27.0&#8243; _module_preset=\u00bbdefault\u00bb custom_padding=\u00bb19px|||||\u00bb global_colors_info=\u00bb{}\u00bb][et_pb_column type=\u00bb4_4&#8243; _builder_version=\u00bb4.16&#8243; _module_preset=\u00bbdefault\u00bb global_colors_info=\u00bb{}\u00bb][et_pb_team_member image_url=\u00bbhttps:\/\/aguijontheater.org\/wp-content\/uploads\/2024\/08\/IMG_5873.jpg\u00bb _builder_version=\u00bb4.27.0&#8243; _module_preset=\u00bbdefault\u00bb header_font=\u00bb|800|||||||\u00bb body_text_align=\u00bbleft\u00bb body_text_color=\u00bb#000000&#8243; body_font_size=\u00bb18px\u00bb background_color=\u00bb#DE0100&#8243; background_enable_image=\u00bboff\u00bb background_blend=\u00bbluminosity\u00bb custom_padding=\u00bb20px|20px|20px|20px|true|true\u00bb border_radii=\u00bbon|20px|20px|20px|20px\u00bb border_radii_image=\u00bbon|20px|20px|20px|20px\u00bb global_colors_info=\u00bb{}\u00bb]<\/p>\n<p>De Cidra, Puerto Rico. Actriz, cantante, directora, dise\u00f1adora de vestuario y artista docente. Fue estudiante de Sociolog\u00eda y Teatro en la Universidad de Puerto Rico donde adopt\u00f3 las t\u00e9cnicas de Augusto Boal bajo la mentor\u00eda del actor-mimo Rafael Fuentes y t\u00e9cnica de voz bajo la mentor\u00eda del Dr. Am\u00edlcar Rivera-D\u00edaz.<\/p>\n<p>Particip\u00f3 en el programa de artes esc\u00e9nicas de la Universidad de Nebrija en Espa\u00f1a y del programa de improvisaci\u00f3n en el centro de entrenamiento de The Second City en la ciudad de Chicago. Ha sido parte de festivales de cine, m\u00fasica y teatro en Puerto Rico, Espa\u00f1a, Estados Unidos; y el Festival Internacional de Teatro; Franche Comte, Busan\u00e7on, Francia.<\/p>\n<p>Ana fue solista en el grupo David Hern\u00e1ndez y su Chicago Street Sounds y vocalista del grupo musical de Reggae NuBambu. Ha trabajado en producciones con Grinlight Theatre, Carnaval Festival of New Latin@ Works en DePaul University, Santodomingo Productions, Vision Latino Company, el Instituto Estatal de la Cultura de Guanajuato, LatinUs Theatre Company, Water People y el Chicago Shakespeare Theatre.<\/p>\n<p>Sus cr\u00e9ditos con Aguij\u00f3n Theater incluyen La Chunga, Epopeya, Adverses, Romeo y Julieta, Casa Propia y La Gran Tirana: Descarga Dram\u00e1tica, entre otros. Como miembro de planta contin\u00faa su entrenamiento, utilizando la compa\u00f1\u00eda como incubadora art\u00edstica.<\/p>\n<p>Ana ha sido galardonada con la llave de su ciudad natal, Cidra, 2018 3Arts Make a Wave Artist, 2019 ALTA Award a la Mejor Actuaci\u00f3n como actor solista, 2019 ALTA Award al Mejor Actor en un papel principal, 2020 Latino Awards Chicago al mejor actor en un papel principal en una obra de teatro, 2023 Jeff Awards Non-Equity como actor en un papel principal en una obra de teatro.<\/p>\n<p>[\/et_pb_team_member][et_pb_button button_url=\u00bb@ET-DC@eyJkeW5hbWljIjp0cnVlLCJjb250ZW50IjoicG9zdF9saW5rX3VybF9wYWdlIiwic2V0dGluZ3MiOnsicG9zdF9pZCI6IjI2MSJ9fQ==@\u00bb button_text=\u00bbVolver a elenco\u00bb button_alignment=\u00bbleft\u00bb _builder_version=\u00bb4.27.0&#8243; _dynamic_attributes=\u00bbbutton_url\u00bb _module_preset=\u00bb3d27804a-489e-4691-9eca-095a6fb0f1fb\u00bb button_bg_color=\u00bb#DE0100&#8243; custom_padding=\u00bb15px|25px|15px|38px|true|false\u00bb locked=\u00bboff\u00bb global_colors_info=\u00bb{}\u00bb button_bg_color__hover=\u00bb#000000&#8243; button_bg_enable_color__hover=\u00bbon\u00bb button_text_color__hover=\u00bb#FFFFFF\u00bb][\/et_pb_button][\/et_pb_column][\/et_pb_row][\/et_pb_section]<\/p>\n","protected":false},"excerpt":{"rendered":"<p>ana santosDe Cidra, Puerto Rico. Actriz, cantante, directora, dise\u00f1adora de vestuario y artista docente. Fue estudiante de Sociolog\u00eda y Teatro en la Universidad de Puerto Rico donde adopt\u00f3 las t\u00e9cnicas de Augusto Boal bajo la mentor\u00eda del actor-mimo Rafael Fuentes y t\u00e9cnica de voz bajo la mentor\u00eda del Dr. Am\u00edlcar Rivera-D\u00edaz. Particip\u00f3 en el programa [&hellip;]<\/p>\n","protected":false},"author":1,"featured_media":0,"parent":241602,"menu_order":0,"comment_status":"closed","ping_status":"closed","template":"","meta":{"_et_pb_use_builder":"on","_et_pb_old_content":"","_et_gb_content_width":"","footnotes":""},"dipi_cpt_category":[],"class_list":["post-241757","page","type-page","status-publish","hentry"],"_links":{"self":[{"href":"https:\/\/aguijontheater.org\/es\/wp-json\/wp\/v2\/pages\/241757"}],"collection":[{"href":"https:\/\/aguijontheater.org\/es\/wp-json\/wp\/v2\/pages"}],"about":[{"href":"https:\/\/aguijontheater.org\/es\/wp-json\/wp\/v2\/types\/page"}],"author":[{"embeddable":true,"href":"https:\/\/aguijontheater.org\/es\/wp-json\/wp\/v2\/users\/1"}],"replies":[{"embeddable":true,"href":"https:\/\/aguijontheater.org\/es\/wp-json\/wp\/v2\/comments?post=241757"}],"version-history":[{"count":26,"href":"https:\/\/aguijontheater.org\/es\/wp-json\/wp\/v2\/pages\/241757\/revisions"}],"predecessor-version":[{"id":249960,"href":"https:\/\/aguijontheater.org\/es\/wp-json\/wp\/v2\/pages\/241757\/revisions\/249960"}],"up":[{"embeddable":true,"href":"https:\/\/aguijontheater.org\/es\/wp-json\/wp\/v2\/pages\/241602"}],"wp:attachment":[{"href":"https:\/\/aguijontheater.org\/es\/wp-json\/wp\/v2\/media?parent=241757"}],"wp:term":[{"taxonomy":"dipi_cpt_category","embeddable":true,"href":"https:\/\/aguijontheater.org\/es\/wp-json\/wp\/v2\/dipi_cpt_category?post=241757"}],"curies":[{"name":"wp","href":"https:\/\/api.w.org\/{rel}","templated":true}]}}