{"id":241754,"date":"2021-07-27T20:17:36","date_gmt":"2021-07-27T20:17:36","guid":{"rendered":"https:\/\/aguijon.xblu.com\/conjunto\/alba-guerra\/"},"modified":"2024-09-17T17:04:40","modified_gmt":"2024-09-17T17:04:40","slug":"alba-guerra","status":"publish","type":"page","link":"https:\/\/aguijontheater.org\/es\/volver-a-casa\/sobre-nosotros\/conjunto\/alba-guerra\/","title":{"rendered":"Alba Guerra"},"content":{"rendered":"<p>[et_pb_section fb_built=\u00bb1&#8243; admin_label=\u00bbHeader\u00bb _builder_version=\u00bb4.27.0&#8243; background_color=\u00bb#000000&#8243; background_enable_image=\u00bboff\u00bb top_divider_style=\u00bbwave\u00bb top_divider_color=\u00bb#DE0100&#8243; top_divider_height=\u00bb87px\u00bb top_divider_flip=\u00bbvertical\u00bb locked=\u00bboff\u00bb global_colors_info=\u00bb{}\u00bb][et_pb_row disabled_on=\u00bboff|off|off\u00bb _builder_version=\u00bb4.27.0&#8243; custom_padding=\u00bb||8px|||\u00bb global_colors_info=\u00bb{}\u00bb][et_pb_column type=\u00bb4_4&#8243; _builder_version=\u00bb4.16&#8243; global_colors_info=\u00bb{}\u00bb][et_pb_text _builder_version=\u00bb4.27.0&#8243; text_text_color=\u00bbrgba(255,255,255,0.5)\u00bb text_font_size=\u00bb16px\u00bb text_line_height=\u00bb1.8em\u00bb header_font=\u00bbMontserrat|600||on|||||\u00bb header_font_size=\u00bb4vw\u00bb header_line_height=\u00bb1.2em\u00bb header_3_font=\u00bbMontserrat|700||on|||||\u00bb header_3_text_color=\u00bb#DE0100&#8243; header_3_font_size=\u00bb16px\u00bb header_3_letter_spacing=\u00bb2px\u00bb header_3_line_height=\u00bb1.4em\u00bb background_layout=\u00bbdark\u00bb hover_enabled=\u00bb0&#8243; header_3_font_size_tablet=\u00bb14px\u00bb header_3_font_size_phone=\u00bb\u00bb header_3_font_size_last_edited=\u00bbon|phone\u00bb text_text_align=\u00bbleft\u00bb locked=\u00bboff\u00bb global_colors_info=\u00bb{}\u00bb sticky_enabled=\u00bb0&#8243;]<\/p>\n<h1><span style=\"color: #ffffff;\">alba guerra<\/span><\/h1>\n<p>[\/et_pb_text][\/et_pb_column][\/et_pb_row][et_pb_row disabled_on=\u00bboff|off|off\u00bb _builder_version=\u00bb4.27.0&#8243; _module_preset=\u00bbdefault\u00bb custom_padding=\u00bb19px|||||\u00bb global_colors_info=\u00bb{}\u00bb][et_pb_column type=\u00bb4_4&#8243; _builder_version=\u00bb4.16&#8243; _module_preset=\u00bbdefault\u00bb global_colors_info=\u00bb{}\u00bb][et_pb_team_member image_url=\u00bbhttps:\/\/aguijontheater.org\/wp-content\/uploads\/2021\/04\/Alba2.jpg\u00bb _builder_version=\u00bb4.27.0&#8243; _module_preset=\u00bbdefault\u00bb header_font=\u00bb|800|||||||\u00bb body_text_align=\u00bbleft\u00bb body_text_color=\u00bb#000000&#8243; body_font_size=\u00bb18px\u00bb background_color=\u00bb#DE0100&#8243; background_enable_image=\u00bboff\u00bb background_blend=\u00bbluminosity\u00bb custom_padding=\u00bb20px|20px|20px|20px|true|true\u00bb hover_enabled=\u00bb0&#8243; border_radii=\u00bbon|20px|20px|20px|20px\u00bb border_radii_image=\u00bbon|20px|20px|20px|20px\u00bb global_colors_info=\u00bb{}\u00bb title_text=\u00bbAlba2&#8243; sticky_enabled=\u00bb0&#8243;]<\/p>\n<p>(+ 31 julio, 2019). Naci\u00f3 en Buenos Aires, Argentina y se mud\u00f3 a Chicago, donde comenz\u00f3 su carrera actoral con Opera Factory. En 1991 se uni\u00f3 a Aguij\u00f3n Theater convirti\u00e9ndose en la integrante de mayor permanencia de la compa\u00f1\u00eda. Guerra ha participado en una amplia variedad de producciones teatrales que destacan por su diversidad y profundidad emocional. Entre sus cr\u00e9ditos se incluyen obras como Salom\u00e9, Bodas de sangre, La casa de Bernarda Alba, Yerma, Perversiones, La lujuria seg\u00fan Ramiro, Hasta los gorriones dejan su nido, El lunes de Le\u00f3n Rodr\u00edguez, Ant\u00edgona, Er\u00e9ndira, Querido voyeur, La fulana respetuosa, Blowout, y Casa propia.<\/p>\n<p>Adem\u00e1s de su notable carrera teatral, Guerra fue una destacada cantante de m\u00fasica latinoamericana, ampliamente conocida en los c\u00edrculos art\u00edsticos de Chicago por sus apasionadas interpretaciones de tango. Form\u00f3 parte del Chicago Folklore Ensemble, donde su voz captur\u00f3 la esencia de la m\u00fasica internacional. Guerra tambi\u00e9n se aventur\u00f3 en el mundo de la televisi\u00f3n y la publicidad, apareciendo en comerciales y series como Chicago Fire y Chicago P.D. Su \u00faltima actuaci\u00f3n en teatro fue en la obra The Abuelas de Stephanie Alison Walker, producida por Teatro Vista, cuatro meses antes de su fallecimiento.<\/p>\n<p>Recordada por su versatilidad art\u00edstica, car\u00e1cter alegre y esp\u00edritu gregario y bondadoso, Alba Guerra es reconocida como artista em\u00e9rita de Aguij\u00f3n Theater, dejando un legado perdurable en la comunidad teatral y musical de Chicago.<\/p>\n<p>[\/et_pb_team_member][et_pb_button button_url=\u00bb@ET-DC@eyJkeW5hbWljIjp0cnVlLCJjb250ZW50IjoicG9zdF9saW5rX3VybF9wYWdlIiwic2V0dGluZ3MiOnsicG9zdF9pZCI6IjI2MSJ9fQ==@\u00bb button_text=\u00bbVolver a elenco\u00bb button_alignment=\u00bbleft\u00bb _builder_version=\u00bb4.27.0&#8243; _dynamic_attributes=\u00bbbutton_url\u00bb _module_preset=\u00bb3d27804a-489e-4691-9eca-095a6fb0f1fb\u00bb button_bg_color=\u00bb#DE0100&#8243; custom_padding=\u00bb15px|25px|15px|38px|true|false\u00bb locked=\u00bboff\u00bb global_colors_info=\u00bb{}\u00bb button_bg_color__hover=\u00bb#000000&#8243; button_bg_enable_color__hover=\u00bbon\u00bb button_text_color__hover=\u00bb#FFFFFF\u00bb][\/et_pb_button][\/et_pb_column][\/et_pb_row][\/et_pb_section]<\/p>\n","protected":false},"excerpt":{"rendered":"<p>alba guerra(+ 31 julio, 2019). Naci\u00f3 en Buenos Aires, Argentina y se mud\u00f3 a Chicago, donde comenz\u00f3 su carrera actoral con Opera Factory. En 1991 se uni\u00f3 a Aguij\u00f3n Theater convirti\u00e9ndose en la integrante de mayor permanencia de la compa\u00f1\u00eda. Guerra ha participado en una amplia variedad de producciones teatrales que destacan por su diversidad [&hellip;]<\/p>\n","protected":false},"author":1,"featured_media":0,"parent":241602,"menu_order":0,"comment_status":"closed","ping_status":"closed","template":"","meta":{"_et_pb_use_builder":"on","_et_pb_old_content":"","_et_gb_content_width":"","footnotes":""},"dipi_cpt_category":[],"class_list":["post-241754","page","type-page","status-publish","hentry"],"_links":{"self":[{"href":"https:\/\/aguijontheater.org\/es\/wp-json\/wp\/v2\/pages\/241754"}],"collection":[{"href":"https:\/\/aguijontheater.org\/es\/wp-json\/wp\/v2\/pages"}],"about":[{"href":"https:\/\/aguijontheater.org\/es\/wp-json\/wp\/v2\/types\/page"}],"author":[{"embeddable":true,"href":"https:\/\/aguijontheater.org\/es\/wp-json\/wp\/v2\/users\/1"}],"replies":[{"embeddable":true,"href":"https:\/\/aguijontheater.org\/es\/wp-json\/wp\/v2\/comments?post=241754"}],"version-history":[{"count":12,"href":"https:\/\/aguijontheater.org\/es\/wp-json\/wp\/v2\/pages\/241754\/revisions"}],"predecessor-version":[{"id":249615,"href":"https:\/\/aguijontheater.org\/es\/wp-json\/wp\/v2\/pages\/241754\/revisions\/249615"}],"up":[{"embeddable":true,"href":"https:\/\/aguijontheater.org\/es\/wp-json\/wp\/v2\/pages\/241602"}],"wp:attachment":[{"href":"https:\/\/aguijontheater.org\/es\/wp-json\/wp\/v2\/media?parent=241754"}],"wp:term":[{"taxonomy":"dipi_cpt_category","embeddable":true,"href":"https:\/\/aguijontheater.org\/es\/wp-json\/wp\/v2\/dipi_cpt_category?post=241754"}],"curies":[{"name":"wp","href":"https:\/\/api.w.org\/{rel}","templated":true}]}}