{"id":241748,"date":"2021-07-27T20:16:50","date_gmt":"2021-07-27T20:16:50","guid":{"rendered":"https:\/\/aguijon.xblu.com\/volver-a-casa\/temporada-2019-2020\/kiev\/"},"modified":"2021-07-27T20:18:22","modified_gmt":"2021-07-27T20:18:22","slug":"kiev","status":"publish","type":"page","link":"https:\/\/aguijontheater.org\/es\/volver-a-casa\/kiev\/","title":{"rendered":"Kiev"},"content":{"rendered":"<p>[et_pb_section fb_built=\u00bb1&#8243; admin_label=\u00bbMovie Promo Slider\u00bb _builder_version=\u00bb4.0.6&#8243; background_color=\u00bb#000000&#8243; locked=\u00bboff\u00bb][et_pb_row _builder_version=\u00bb4.9.2&#8243; _module_preset=\u00bbdefault\u00bb][et_pb_column type=\u00bb4_4&#8243; _builder_version=\u00bb4.9.2&#8243; _module_preset=\u00bbdefault\u00bb][et_pb_text _builder_version=\u00bb4.9.4&#8243; text_text_color=\u00bbrgba(255,255,255,0.5)\u00bb text_font_size=\u00bb16px\u00bb text_line_height=\u00bb1.8em\u00bb header_2_font=\u00bbMontserrat|300|||||||\u00bb header_2_text_color=\u00bbgcid-6737696d-265b-47ae-8080-27bb358a6235&#8243; header_2_font_size=\u00bb50px\u00bb header_2_line_height=\u00bb1.1em\u00bb header_3_font=\u00bbMontserrat|700||on|||||\u00bb header_3_text_color=\u00bbgcid-d5593506-794c-4e2e-8fea-c2751d9fe364&#8243; header_3_font_size=\u00bb14px\u00bb header_3_letter_spacing=\u00bb2px\u00bb header_3_line_height=\u00bb1.4em\u00bb background_layout=\u00bbdark\u00bb max_width=\u00bb600px\u00bb hover_enabled=\u00bb0&#8243; header_2_font_size_tablet=\u00bb40px\u00bb header_2_font_size_phone=\u00bb30px\u00bb header_2_font_size_last_edited=\u00bbon|phone\u00bb header_3_font_size_tablet=\u00bb14px\u00bb header_3_font_size_phone=\u00bb\u00bb header_3_font_size_last_edited=\u00bbon|phone\u00bb text_text_align=\u00bbleft\u00bb locked=\u00bboff\u00bb global_colors_info=\u00bb{%22gcid-d5593506-794c-4e2e-8fea-c2751d9fe364%22:%91%22header_3_text_color%22%93,%22gcid-6737696d-265b-47ae-8080-27bb358a6235%22:%91%22header_2_text_color%22%93}\u00bb sticky_enabled=\u00bb0&#8243;]<\/p>\n<h2 class=\"page-title\">Kiev<\/h2>\n<h1><span>Despu\u00e9s de una larga ausencia, Eiren Badenweiler regresa con sus hijos a la residencia de verano familiar abandonada, para reencontrarse con un pasado lleno de fantasmas, rencores y secretos.<\/span><\/h1>\n<h3><span>Teatro Aguij\u00f3n presenta el estreno en Estados Unidos del prestigioso dramaturgo Sergio Blanco.<\/span><\/h3>\n<p>[\/et_pb_text][\/et_pb_column][\/et_pb_row][\/et_pb_section][et_pb_section fb_built=\u00bb1&#8243; prev_background_color=\u00bb#000000&#8243; admin_label=\u00bbCalls to Action\u00bb _builder_version=\u00bb4.9.2&#8243; background_color=\u00bb#000000&#8243; use_background_color_gradient=\u00bbon\u00bb background_color_gradient_start=\u00bb#6b6b6b\u00bb background_color_gradient_end=\u00bb#000000&#8243; top_divider_style=\u00bbasymmetric2&#8243; locked=\u00bboff\u00bb global_colors_info=\u00bb{%22gcid-6737696d-265b-47ae-8080-27bb358a6235%22:%91%22colorEnd%22%93}\u00bb colorEnd=\u00bbgcid-6737696d-265b-47ae-8080-27bb358a6235&#8243;][et_pb_row column_structure=\u00bb1_2,1_2&#8243; _builder_version=\u00bb4.9.4&#8243; _module_preset=\u00bbdefault\u00bb][et_pb_column type=\u00bb1_2&#8243; _builder_version=\u00bb4.9.4&#8243; _module_preset=\u00bbdefault\u00bb][et_pb_image src=\u00bbhttps:\/\/aguijontheater.org\/wp-content\/uploads\/2021\/04\/Kiev-Web1.png\u00bb title_text=\u00bbKiev-Web1&#8243; _builder_version=\u00bb4.9.4&#8243; _module_preset=\u00bbdefault\u00bb hover_enabled=\u00bb0&#8243; sticky_enabled=\u00bb0&#8243;][\/et_pb_image][\/et_pb_column][et_pb_column type=\u00bb1_2&#8243; _builder_version=\u00bb4.9.4&#8243; _module_preset=\u00bbdefault\u00bb][et_pb_tabs active_tab_text_color=\u00bb#B3B3B3&#8243; _builder_version=\u00bb4.9.4&#8243; _module_preset=\u00bbdefault\u00bb hover_enabled=\u00bb0&#8243; sticky_enabled=\u00bb0&#8243;][et_pb_tab title=\u00bbEspa\u00f1ol\u00bb _builder_version=\u00bb4.9.4&#8243; _module_preset=\u00bbdefault\u00bb hover_enabled=\u00bb0&#8243; sticky_enabled=\u00bb0&#8243;]<\/p>\n<div class=\"tag-box tag-box-v1\">\n<div class=\"panel-body\">\n<p>Tras una larga ausencia, Eiren Badenweiler regresa con sus hijos a la abandonada residencia de veraneo familiar, para reencontrarse con un pasado lleno de fantasmas, rencores y secretos. Aguij\u00f3n Theater presenta el estreno absoluto en Estados Unidos del prestigioso dramaturgo franco-uruguayo Sergio Blanco, con esta aclamada obra que se inspira libremente en<span> <\/span><em>El jard\u00edn de los cerezos<\/em><span> <\/span>de Ant\u00f3n Ch\u00e9jov.<\/p>\n<p>por<br \/>SERGIO BLANCO<\/p>\n<p>direccion<br \/>ABEL GONZ\u00c1LEZ MELO<\/p>\n<p>jefe de escena<br \/>MAYDI D\u00cdAZ<\/p>\n<p>jefe de producci\u00f3n<br \/>AUGUSTO YANACOPULOS *<\/p>\n<p>estafa<br \/>ISRAEL BALZA \u2022 OSWALDO CALDER\u00d3N *<br \/>MARCELA MU\u00d1OZ * \u2022 S\u00c1NDOR MEN\u00c9NDEZ *<br \/>ROSARIO VARGAS *<\/p>\n<p><span>* Miembro del grupo de planta de Aguij\u00f3n Teatro<\/span><\/p>\n<hr>\n<\/div>\n<p><strong>EN ESPA\u00d1OL CON SUPERT\u00cdTULOS EN INGL\u00c9S<\/strong><br \/>Aproximadamente 90 minutos sin intermedio<\/p>\n<hr>\n<p><strong>DEL 14 DE FEBRERO AL 15 DE MARZO DE 2020<\/strong><\/p>\n<p>VIERNES Y S\u00c1BADOS A LAS 8PM<br \/>DOMINGOS A LAS 3PM<\/p>\n<p><a href=\"https:\/\/web.archive.org\/web\/20201022211225\/https:\/\/kiev.bpt.me\/\" target=\"_blank\" rel=\"noopener\"><img loading=\"lazy\" decoding=\"async\" class=\"aligncenter wp-image-5883\" src=\"https:\/\/web.archive.org\/web\/20201022211225im_\/http:\/\/aguijontheater.org\/wp-content\/uploads\/2020\/01\/Comprar-boletos-ahora.png\" alt=\"Comprar boletos ahora\" width=\"200\" height=\"54\"><\/a><\/p>\n<hr>\n<p>TODAS LAS FUNCIONES EN<br \/><strong>Teatro Aguij\u00f3n, 2707 N. Laramie Avenue, Chicago<\/strong><\/p>\n<\/div>\n<p>[\/et_pb_tab][et_pb_tab title=\u00bbIngl\u00e9s\u00bb _builder_version=\u00bb4.9.4&#8243; _module_preset=\u00bbdefault\u00bb hover_enabled=\u00bb0&#8243; sticky_enabled=\u00bb0&#8243;]<\/p>\n<div class=\"tag-box tag-box-v1\">\n<p>Despu\u00e9s de una larga ausencia, Eiren Badenweiler regresa con sus hijos a la residencia de verano familiar abandonada, para reencontrarse con un pasado lleno de fantasmas, rencores y secretos. El Teatro Aguij\u00f3n presenta con orgullo el estreno en Estados Unidos del prestigioso dramaturgo franco-uruguayo Sergio Blanco, con esta aclamada obra que est\u00e1 vagamente inspirada en la de Anton Ch\u00e9jov.<span> <\/span><em>El huerto de los cerezos<\/em>.<\/p>\n<p>por<br \/>SERGIO BLANCO<\/p>\n<p>dir<br \/>ABEL GONZ\u00c1LEZ MELO<\/p>\n<p>director de escena<br \/>MAYDI D\u00cdAZ<\/p>\n<p>jefe de producci\u00f3n<br \/>AUGUSTO YANACOPULOS *<\/p>\n<p>presentando<br \/>ISRAEL BALZA \u2022 OSWALDO CALDER\u00d3N *<br \/>MARCELA MU\u00d1OZ * \u2022 S\u00c1NDOR MEN\u00c9NDEZ *<br \/>ROSARIO VARGAS *<\/p>\n<p><span>* Integrante del Conjunto de Teatro Aguij\u00f3n<\/span><\/p>\n<\/div>\n<hr>\n<p><strong>EN ESPA\u00d1OL CON SUPERT\u00cdTULOS EN INGL\u00c9S<br \/><\/strong><em> Aproximadamente 90 minutos sin intermedio<\/em><strong><br \/><\/strong><\/p>\n<hr>\n<p><strong>14 DE FEBRERO &#8211; 15 DE MARZO DE 2020<\/strong><\/p>\n<p>VIERNES Y S\u00c1BADOS A LAS 8PM<br \/>DOMINGOS A LAS 3PM<\/p>\n<p><a href=\"https:\/\/web.archive.org\/web\/20201022211225\/https:\/\/kiev.bpt.me\/\"><img loading=\"lazy\" decoding=\"async\" class=\"aligncenter wp-image-5881\" src=\"https:\/\/web.archive.org\/web\/20201022211225im_\/http:\/\/aguijontheater.org\/wp-content\/uploads\/2020\/01\/Buy-Tickets-300x69.jpg\" alt=\"Comprar boletos\" width=\"200\" height=\"46\"><\/a><\/p>\n<hr>\n<p>TODAS LAS ACTUACIONES EN<br \/><strong><a href=\"https:\/\/web.archive.org\/web\/20201022211225\/https:\/\/www.google.com\/maps\/dir\/41.959638,-87.7182034\/aguijon+theater\/@41.9454635,-87.755112,14z\/data=!3m1!4b1!4m9!4m8!1m1!4e1!1m5!1m1!1s0x880fccf2d5ab64fd:0x7f684210acef98d!2m2!1d-87.7562261!2d41.9298766\" target=\"_blank\" rel=\"noopener\">Teatro Aguij\u00f3n, 2707 N. Laramie Avenue, Chicago<\/a><\/strong><\/p>\n<p>[\/et_pb_tab][\/et_pb_tabs][\/et_pb_column][\/et_pb_row][\/et_pb_section][et_pb_section fb_built=\u00bb1&#8243; admin_label=\u00bbFooter\u00bb _builder_version=\u00bb4.9.2&#8243; use_background_color_gradient=\u00bbon\u00bb background_color_gradient_start=\u00bb#000000&#8243; background_color_gradient_end=\u00bbrgba(0,0,0,0.6)\u00bb background_color_gradient_end_position=\u00bb50%\u00bb background_color_gradient_overlays_image=\u00bbon\u00bb background_image=\u00bbhttps:\/\/aguijontheater.org\/wp-content\/uploads\/2021\/03\/aguijon-theater-hero-sized-mosaic.jpg\u00bb global_module=\u00bb334&#8243; saved_tabs=\u00bball\u00bb locked=\u00bboff\u00bb][et_pb_row column_structure=\u00bb1_4,1_4,1_4,1_4&#8243; make_equal=\u00bbon\u00bb _builder_version=\u00bb3.29.1&#8243; custom_padding=\u00bb||0px|||\u00bb locked=\u00bboff\u00bb][et_pb_column type=\u00bb1_4&#8243; _builder_version=\u00bb3.27.3&#8243;][et_pb_text _builder_version=\u00bb4.8.2&#8243; header_2_font=\u00bbMontserrat|300|||||||\u00bb header_2_font_size=\u00bb40px\u00bb header_2_line_height=\u00bb1.2em\u00bb header_3_font=\u00bbMontserrat|700||on|||||\u00bb header_3_text_color=\u00bb#f9002b\u00bb header_3_font_size=\u00bb16px\u00bb header_3_letter_spacing=\u00bb2px\u00bb header_3_line_height=\u00bb1.4em\u00bb background_layout=\u00bbdark\u00bb max_width=\u00bb600px\u00bb header_2_font_size_tablet=\u00bb30px\u00bb header_2_font_size_phone=\u00bb20px\u00bb header_2_font_size_last_edited=\u00bbon|phone\u00bb header_3_font_size_tablet=\u00bb14px\u00bb header_3_font_size_phone=\u00bb\u00bb header_3_font_size_last_edited=\u00bbon|phone\u00bb locked=\u00bboff\u00bb]<\/p>\n<h2>Aguij\u00f3n <br \/><strong>Teatro <\/strong><\/h2>\n<h3>exploraci\u00f3n cultural<\/h3>\n<p>[\/et_pb_text][\/et_pb_column][et_pb_column type=\u00bb1_4&#8243; _builder_version=\u00bb3.27.3&#8243;][et_pb_text _builder_version=\u00bb4.9.4&#8243; text_font_size=\u00bb13px\u00bb text_line_height=\u00bb1.4em\u00bb link_text_align=\u00bbleft\u00bb link_text_color=\u00bb#ffffff\u00bb header_4_font=\u00bbMontserrat|700||on|||||\u00bb header_4_text_color=\u00bbrgba(255,255,255,0.5)\u00bb header_4_font_size=\u00bb14px\u00bb header_4_letter_spacing=\u00bb2px\u00bb header_4_line_height=\u00bb1.4em\u00bb background_layout=\u00bbdark\u00bb max_width=\u00bb600px\u00bb text_text_shadow_style=\u00bbpreset1&#8243; text_text_shadow_color=\u00bb#000000&#8243; locked=\u00bboff\u00bb]<\/p>\n<h4>Acerca de<\/h4>\n<p><strong>El Teatro Aguij\u00f3n se dedica a crear experiencias teatrales emocionantes y significativas a trav\u00e9s de la exploraci\u00f3n cultural, la discusi\u00f3n y la representaci\u00f3n de obras biling\u00fces y en espa\u00f1ol de alta calidad.<\/strong><\/p>\n<p>[\/et_pb_text][et_pb_text _builder_version=\u00bb4.9.4&#8243; text_font_size=\u00bb13px\u00bb text_line_height=\u00bb1.4em\u00bb link_text_align=\u00bbleft\u00bb link_text_color=\u00bb#ffffff\u00bb header_4_font=\u00bbMontserrat|700||on|||||\u00bb header_4_text_color=\u00bbrgba(255,255,255,0.5)\u00bb header_4_font_size=\u00bb14px\u00bb header_4_letter_spacing=\u00bb2px\u00bb header_4_line_height=\u00bb1.4em\u00bb background_layout=\u00bbdark\u00bb max_width=\u00bb600px\u00bb text_text_shadow_style=\u00bbpreset1&#8243; text_text_shadow_color=\u00bb#000000&#8243; header_4_text_shadow_style=\u00bbpreset1&#8243; header_4_text_shadow_color=\u00bb#000000&#8243; locked=\u00bboff\u00bb]<\/p>\n<h4>Habla a<\/h4>\n<p><strong>2707 N. Laramime Ave.<\/strong><br \/><strong>Chicago, IL 60639<\/strong><\/p>\n<p>[\/et_pb_text][et_pb_text _builder_version=\u00bb4.9.4&#8243; text_font_size=\u00bb13px\u00bb text_line_height=\u00bb1.4em\u00bb link_text_align=\u00bbleft\u00bb link_text_color=\u00bb#ffffff\u00bb header_4_font=\u00bbMontserrat|700||on|||||\u00bb header_4_text_color=\u00bbrgba(255,255,255,0.5)\u00bb header_4_font_size=\u00bb14px\u00bb header_4_letter_spacing=\u00bb2px\u00bb header_4_line_height=\u00bb1.4em\u00bb background_layout=\u00bbdark\u00bb max_width=\u00bb600px\u00bb text_text_shadow_style=\u00bbpreset1&#8243; text_text_shadow_color=\u00bb#000000&#8243; header_4_text_shadow_style=\u00bbpreset1&#8243; header_4_text_shadow_color=\u00bb#000000&#8243; locked=\u00bboff\u00bb]<\/p>\n<h4>Contacto<\/h4>\n<p><strong>(773) 637-5899<\/strong><br \/><strong>info@aguijontheater.org<\/strong><\/p>\n<p>[\/et_pb_text][\/et_pb_column][et_pb_column type=\u00bb1_4&#8243; _builder_version=\u00bb3.27.3&#8243;][et_pb_text _builder_version=\u00bb4.9.4&#8243; text_font_size=\u00bb13px\u00bb text_line_height=\u00bb1.4em\u00bb link_text_align=\u00bbleft\u00bb link_text_color=\u00bb#ffffff\u00bb header_4_font=\u00bbMontserrat|700||on|||||\u00bb header_4_text_color=\u00bbrgba(255,255,255,0.5)\u00bb header_4_font_size=\u00bb14px\u00bb header_4_letter_spacing=\u00bb2px\u00bb header_4_line_height=\u00bb1.4em\u00bb background_layout=\u00bbdark\u00bb max_width=\u00bb600px\u00bb text_text_shadow_style=\u00bbpreset1&#8243; text_text_shadow_color=\u00bb#000000&#8243; header_4_text_shadow_style=\u00bbpreset1&#8243; header_4_text_shadow_color=\u00bb#000000&#8243; locked=\u00bboff\u00bb]<\/p>\n<h4>Producciones actuales<\/h4>\n<p><strong>Lorem ipsum dolor sit amet, consectetuer adipiscing elit.<\/strong><br \/>\n<strong>Aliquam tincidunt mauris eu risus.<\/strong><br \/>\n<strong>Vestibulum auctor dapibus neque.<\/strong><br \/>\n<strong>Nunc dignissim risus id metus.<\/strong><br \/>\n<strong>Cras ornare tristique elit.<\/strong><strong> <\/strong><\/p>\n<p><img loading=\"lazy\" decoding=\"async\" src=\"https:\/\/aguijontheater.org\/wp-content\/uploads\/2021\/04\/Calendar-Icon.png\" width=\"25\" height=\"26\" alt=\"\"> Ver todos los eventos<br \/>\n<img loading=\"lazy\" decoding=\"async\" src=\"https:\/\/aguijontheater.org\/wp-content\/uploads\/2021\/04\/Ticket-Icon.png\" width=\"23\" height=\"25\" alt=\"\"> Comprar entradas[\/et_pb_text][\/et_pb_column][et_pb_column type=\u00bb1_4&#8243; _builder_version=\u00bb3.27.3&#8243;][et_pb_text _builder_version=\u00bb4.9.4&#8243; text_font_size=\u00bb13px\u00bb text_line_height=\u00bb1.4em\u00bb link_text_align=\u00bbleft\u00bb link_text_color=\u00bb#ffffff\u00bb header_4_font=\u00bbMontserrat|700||on|||||\u00bb header_4_text_color=\u00bbrgba(255,255,255,0.5)\u00bb header_4_font_size=\u00bb14px\u00bb header_4_letter_spacing=\u00bb2px\u00bb header_4_line_height=\u00bb1.4em\u00bb background_layout=\u00bbdark\u00bb max_width=\u00bb600px\u00bb text_text_shadow_style=\u00bbpreset1&#8243; text_text_shadow_color=\u00bb#000000&#8243; header_4_text_shadow_style=\u00bbpreset1&#8243; header_4_text_shadow_color=\u00bb#000000&#8243; locked=\u00bboff\u00bb]<\/p>\n<h4>Formaci\u00f3n, clases de actuaci\u00f3n y talleres<\/h4>\n<p><img loading=\"lazy\" decoding=\"async\" src=\"https:\/\/aguijontheater.org\/wp-content\/uploads\/2021\/04\/Acting-Icon.png\" width=\"35\" height=\"25\" alt=\"\" class=\"wp-image-324 alignnone size-full\"> Adultos<br \/>\n<img loading=\"lazy\" decoding=\"async\" src=\"https:\/\/aguijontheater.org\/wp-content\/uploads\/2021\/04\/Acting-Icon.png\" width=\"35\" height=\"25\" alt=\"\" class=\"wp-image-324 alignnone size-full\"> Adolescentes<br \/>\n<img loading=\"lazy\" decoding=\"async\" src=\"https:\/\/aguijontheater.org\/wp-content\/uploads\/2021\/04\/Acting-Icon.png\" width=\"35\" height=\"25\" alt=\"\" class=\"wp-image-324 alignnone size-full\"> Ni\u00f1os[\/et_pb_text][et_pb_text _builder_version=\u00bb4.9.4&#8243; text_font_size=\u00bb13px\u00bb text_line_height=\u00bb1.4em\u00bb link_text_align=\u00bbleft\u00bb link_text_color=\u00bb#ffffff\u00bb header_4_font=\u00bbMontserrat|700||on|||||\u00bb header_4_text_color=\u00bbrgba(255,255,255,0.5)\u00bb header_4_font_size=\u00bb14px\u00bb header_4_letter_spacing=\u00bb2px\u00bb header_4_line_height=\u00bb1.4em\u00bb background_layout=\u00bbdark\u00bb max_width=\u00bb600px\u00bb text_text_shadow_style=\u00bbpreset1&#8243; text_text_shadow_color=\u00bb#000000&#8243; header_4_text_shadow_style=\u00bbpreset1&#8243; header_4_text_shadow_color=\u00bb#000000&#8243; locked=\u00bboff\u00bb]<\/p>\n<h4>Involucrarse<\/h4>\n<p><img loading=\"lazy\" decoding=\"async\" src=\"https:\/\/aguijontheater.org\/wp-content\/uploads\/2021\/04\/Gift-Icon.png\" width=\"23\" height=\"25\" alt=\"\" class=\"wp-image-328 alignnone size-full\"> Donar<br \/><img loading=\"lazy\" decoding=\"async\" src=\"https:\/\/aguijontheater.org\/wp-content\/uploads\/2021\/04\/Gift-Icon.png\" width=\"23\" height=\"25\" alt=\"\" class=\"wp-image-328 alignnone size-full\"> Comprar certificados de regalo<br \/><img loading=\"lazy\" decoding=\"async\" src=\"https:\/\/aguijontheater.org\/wp-content\/uploads\/2021\/04\/Volunteer-Icon.png\" width=\"21\" height=\"25\" alt=\"\" class=\"wp-image-330 alignnone size-full\"> Voluntario<\/p>\n<p>[\/et_pb_text][\/et_pb_column][\/et_pb_row][\/et_pb_section]<\/p>\n","protected":false},"excerpt":{"rendered":"<p>Kiev Despu\u00e9s de una larga ausencia, Eiren Badenweiler regresa con sus hijos a la residencia de verano familiar abandonada, para reencontrarse con un pasado lleno de fantasmas, rencores y secretos. Teatro Aguij\u00f3n presenta el estreno en Estados Unidos del prestigioso dramaturgo Sergio Blanco. Tras una larga ausencia, Eiren Badenweiler regresa con sus hijos a la [&hellip;]<\/p>\n","protected":false},"author":1,"featured_media":0,"parent":66,"menu_order":0,"comment_status":"closed","ping_status":"closed","template":"","meta":{"_et_pb_use_builder":"on","_et_pb_old_content":"","_et_gb_content_width":"","footnotes":""},"dipi_cpt_category":[],"class_list":["post-241748","page","type-page","status-publish","hentry"],"_links":{"self":[{"href":"https:\/\/aguijontheater.org\/es\/wp-json\/wp\/v2\/pages\/241748"}],"collection":[{"href":"https:\/\/aguijontheater.org\/es\/wp-json\/wp\/v2\/pages"}],"about":[{"href":"https:\/\/aguijontheater.org\/es\/wp-json\/wp\/v2\/types\/page"}],"author":[{"embeddable":true,"href":"https:\/\/aguijontheater.org\/es\/wp-json\/wp\/v2\/users\/1"}],"replies":[{"embeddable":true,"href":"https:\/\/aguijontheater.org\/es\/wp-json\/wp\/v2\/comments?post=241748"}],"version-history":[{"count":8,"href":"https:\/\/aguijontheater.org\/es\/wp-json\/wp\/v2\/pages\/241748\/revisions"}],"predecessor-version":[{"id":241780,"href":"https:\/\/aguijontheater.org\/es\/wp-json\/wp\/v2\/pages\/241748\/revisions\/241780"}],"up":[{"embeddable":true,"href":"https:\/\/aguijontheater.org\/es\/wp-json\/wp\/v2\/pages\/66"}],"wp:attachment":[{"href":"https:\/\/aguijontheater.org\/es\/wp-json\/wp\/v2\/media?parent=241748"}],"wp:term":[{"taxonomy":"dipi_cpt_category","embeddable":true,"href":"https:\/\/aguijontheater.org\/es\/wp-json\/wp\/v2\/dipi_cpt_category?post=241748"}],"curies":[{"name":"wp","href":"https:\/\/api.w.org\/{rel}","templated":true}]}}