{"id":241709,"date":"2021-07-27T19:44:12","date_gmt":"2021-07-27T19:44:12","guid":{"rendered":"https:\/\/aguijon.xblu.com\/volver-a-casa\/formacion\/"},"modified":"2024-09-29T02:21:16","modified_gmt":"2024-09-29T02:21:16","slug":"formacion","status":"publish","type":"page","link":"https:\/\/aguijontheater.org\/es\/volver-a-casa\/formacion\/","title":{"rendered":"Cursos y talleres"},"content":{"rendered":"<p>[et_pb_section fb_built=\u00bb1&#8243; admin_label=\u00bbHeader\u00bb _builder_version=\u00bb4.16&#8243; background_color=\u00bb#FFFFFF\u00bb use_background_color_gradient=\u00bbon\u00bb background_color_gradient_stops=\u00bb#ffffff 0%|rgba(255,255,255,0.69) 100%\u00bb background_color_gradient_overlays_image=\u00bbon\u00bb background_color_gradient_start=\u00bb#ffffff\u00bb background_color_gradient_end=\u00bbrgba(255,255,255,0.69)\u00bb background_image=\u00bbhttps:\/\/aguijontheater.org\/wp-content\/uploads\/2021\/11\/at-bg.png\u00bb background_size=\u00bbinitial\u00bb background_repeat=\u00bbrepeat\u00bb custom_padding=\u00bb1px|||0px||\u00bb top_divider_style=\u00bbslant2&#8243; top_divider_color=\u00bb#000000&#8243; top_divider_flip=\u00bbhorizontal\u00bb bottom_divider_style=\u00bbslant2&#8243; bottom_divider_color=\u00bb#000000&#8243; locked=\u00bboff\u00bb global_colors_info=\u00bb{}\u00bb][et_pb_row disabled_on=\u00bboff|off|off\u00bb _builder_version=\u00bb4.27.0&#8243; custom_margin=\u00bb55px||||false|false\u00bb custom_padding=\u00bb46px||42px||false|false\u00bb global_colors_info=\u00bb{}\u00bb][et_pb_column type=\u00bb4_4&#8243; _builder_version=\u00bb4.16&#8243; global_colors_info=\u00bb{}\u00bb][et_pb_text _builder_version=\u00bb4.27.0&#8243; text_font=\u00bb||||||||\u00bb text_text_color=\u00bb#000000&#8243; text_font_size=\u00bb16px\u00bb text_line_height=\u00bb1.8em\u00bb header_font=\u00bbMontserrat|600||on|||||\u00bb header_font_size=\u00bb42px\u00bb header_2_font=\u00bbMontserrat|300|||||||\u00bb header_2_text_color=\u00bbgcid-6737696d-265b-47ae-8080-27bb358a6235&#8243; header_2_font_size=\u00bb50px\u00bb header_2_line_height=\u00bb1.1em\u00bb header_3_font=\u00bbMontserrat|700||on|||||\u00bb header_3_text_color=\u00bbgcid-d5593506-794c-4e2e-8fea-c2751d9fe364&#8243; header_3_font_size=\u00bb14px\u00bb header_3_letter_spacing=\u00bb2px\u00bb header_3_line_height=\u00bb1.4em\u00bb background_layout=\u00bbdark\u00bb header_2_font_size_tablet=\u00bb40px\u00bb header_2_font_size_phone=\u00bb30px\u00bb header_2_font_size_last_edited=\u00bbon|phone\u00bb header_3_font_size_tablet=\u00bb14px\u00bb header_3_font_size_phone=\u00bb\u00bb header_3_font_size_last_edited=\u00bbon|phone\u00bb text_text_align=\u00bbleft\u00bb locked=\u00bboff\u00bb global_colors_info=\u00bb{%22gcid-d5593506-794c-4e2e-8fea-c2751d9fe364%22:%91%22header_3_text_color%22%93,%22gcid-6737696d-265b-47ae-8080-27bb358a6235%22:%91%22header_2_text_color%22%93}\u00bb]<\/p>\n<h3><span style=\"color: #ef0f15;\">Reg\u00edstrese en programas para adultos y j\u00f3venes<\/span><\/h3>\n<h1><span style=\"color: #000000;\">CLASES DE ACTUACI\u00d3N Y TALLERES<\/span><\/h1>\n<p><span><strong>Aguij\u00f3n Theater Company<\/strong>\u00a0ofrece talleres de actuaci\u00f3n y t\u00e9cnicas teatrales para jovenes y adultos de la ciudad de Chicago a trav\u00e9s de programas de alta calidad.<\/span><\/p>\n<pre class=\"tw-data-text tw-text-large XcVN5d tw-ta\" data-placeholder=\"Translation\" id=\"tw-target-text\" dir=\"ltr\"><\/pre>\n<p>[\/et_pb_text][\/et_pb_column][\/et_pb_row][et_pb_row column_structure=\u00bb1_2,1_2&#8243; disabled_on=\u00bboff|off|off\u00bb _builder_version=\u00bb4.27.0&#8243; _module_preset=\u00bbdefault\u00bb global_colors_info=\u00bb{}\u00bb][et_pb_column type=\u00bb1_2&#8243; _builder_version=\u00bb4.16&#8243; _module_preset=\u00bbdefault\u00bb global_colors_info=\u00bb{}\u00bb][et_pb_image src=\u00bbhttps:\/\/aguijontheater.org\/wp-content\/uploads\/2021\/04\/15384399_1144870088916217_6280729352222049118_o.jpg\u00bb title_text=\u00bb15384399_1144870088916217_6280729352222049118_o\u00bb _builder_version=\u00bb4.16&#8243; _module_preset=\u00bbdefault\u00bb global_colors_info=\u00bb{}\u00bb][\/et_pb_image][\/et_pb_column][et_pb_column type=\u00bb1_2&#8243; _builder_version=\u00bb4.16&#8243; _module_preset=\u00bbdefault\u00bb global_colors_info=\u00bb{}\u00bb][et_pb_divider color=\u00bb#EF0F15&#8243; divider_weight=\u00bb4px\u00bb _builder_version=\u00bb4.16&#8243; _module_preset=\u00bbdefault\u00bb global_colors_info=\u00bb{}\u00bb][\/et_pb_divider][et_pb_text _builder_version=\u00bb4.27.0&#8243; text_font=\u00bb||||||||\u00bb text_text_color=\u00bb#000000&#8243; text_font_size=\u00bb16px\u00bb text_line_height=\u00bb1.8em\u00bb header_font=\u00bbMontserrat|600||on|||||\u00bb header_font_size=\u00bb42px\u00bb header_2_font=\u00bbMontserrat|300|||||||\u00bb header_2_text_color=\u00bbgcid-6737696d-265b-47ae-8080-27bb358a6235&#8243; header_2_font_size=\u00bb50px\u00bb header_2_line_height=\u00bb1.1em\u00bb header_3_font=\u00bbMontserrat|700||on|||||\u00bb header_3_text_color=\u00bbgcid-d5593506-794c-4e2e-8fea-c2751d9fe364&#8243; header_3_font_size=\u00bb14px\u00bb header_3_letter_spacing=\u00bb2px\u00bb header_3_line_height=\u00bb1.4em\u00bb background_layout=\u00bbdark\u00bb header_2_font_size_tablet=\u00bb40px\u00bb header_2_font_size_phone=\u00bb30px\u00bb header_2_font_size_last_edited=\u00bbon|phone\u00bb header_3_font_size_tablet=\u00bb14px\u00bb header_3_font_size_phone=\u00bb\u00bb header_3_font_size_last_edited=\u00bbon|phone\u00bb text_text_align=\u00bbleft\u00bb locked=\u00bboff\u00bb global_colors_info=\u00bb{%22gcid-d5593506-794c-4e2e-8fea-c2751d9fe364%22:%91%22header_3_text_color%22,%22header_3_text_color%22%93,%22gcid-6737696d-265b-47ae-8080-27bb358a6235%22:%91%22header_2_text_color%22,%22header_2_text_color%22%93}\u00bb]<\/p>\n<h1 class=\"page-title\"><span style=\"color: #000000;\">Programa de Teatro Nuestra CULTURA<\/span><\/h1>\n<h3><span style=\"color: #000000;\">UN TALLER DE TEATRO REMUNERADO PARA ADOLESCENTES EN ASOCIACI\u00d3N CON AFTER SCHOOL MATTERS<\/span><\/h3>\n<p>Desde 2007, Aguijon Theater asociado con After School Maters (ASM) conduce el programa de teatro Nuestra Cultura, un taller de integraci\u00f3n teatral, remunerado, dise\u00f1ado para adolescentes interesados en explorar y aprender sobre nuestra cultura latina, as\u00ed como familiarizarse con un escenario de teatro profesional.<\/p>\n<p>Durante cada ciclo, los adolescentes entre 14 y 19 a\u00f1os trabajan en el desarrollo de sus capacidades y talento art\u00edstico.<\/p>\n<p><strong>Este programa es gratuito para los participantes elegibles quienes al finalizar el taller reciben un estipendio.<\/strong><\/p>\n<p>[\/et_pb_text][et_pb_button button_url=\u00bbhttps:\/\/www.afterschoolmatters.org\/teens\/apply\/\u00bb url_new_window=\u00bbon\u00bb button_text=\u00bbInscr\u00edbete a After School Matters\u00bb button_alignment=\u00bbleft\u00bb _builder_version=\u00bb4.27.0&#8243; _module_preset=\u00bbdefault\u00bb custom_button=\u00bbon\u00bb button_text_size=\u00bb14px\u00bb button_text_color=\u00bb#ffffff\u00bb button_bg_color=\u00bb#EF0F15&#8243; button_border_width=\u00bb0px\u00bb button_border_color=\u00bb#FE0000&#8243; button_letter_spacing=\u00bb2px\u00bb button_font=\u00bbMontserrat|600||on|||||\u00bb button_use_icon=\u00bboff\u00bb animation_style=\u00bbfade\u00bb animation_duration=\u00bb1600ms\u00bb animation_delay=\u00bb400ms\u00bb locked=\u00bboff\u00bb global_colors_info=\u00bb{%22gcid-6737696d-265b-47ae-8080-27bb358a6235%22:%91%93}\u00bb button_bg_color__hover_enabled=\u00bbon|hover\u00bb button_bg_color__hover=\u00bb#A1A09D\u00bb button_bg_enable_color__hover=\u00bbon\u00bb button_text_color__hover=\u00bb#000000&#8243; button_text_color__hover_enabled=\u00bbon|hover\u00bb button_border_color__hover=\u00bbrgba(0,0,0,0)\u00bb button_border_color__hover_enabled=\u00bbon|hover\u00bb][\/et_pb_button][\/et_pb_column][\/et_pb_row][et_pb_row disabled_on=\u00bboff|off|off\u00bb _builder_version=\u00bb4.27.0&#8243; _module_preset=\u00bbdefault\u00bb global_colors_info=\u00bb{}\u00bb][et_pb_column type=\u00bb4_4&#8243; _builder_version=\u00bb4.16&#8243; _module_preset=\u00bbdefault\u00bb global_colors_info=\u00bb{}\u00bb][et_pb_divider color=\u00bb#E02B20&#8243; divider_weight=\u00bb4px\u00bb _builder_version=\u00bb4.16&#8243; _module_preset=\u00bbdefault\u00bb global_colors_info=\u00bb{}\u00bb][\/et_pb_divider][et_pb_text _builder_version=\u00bb4.24.2&#8243; text_font=\u00bb||||||||\u00bb text_text_color=\u00bb#000000&#8243; text_font_size=\u00bb16px\u00bb text_line_height=\u00bb1.8em\u00bb link_text_color=\u00bb#000000&#8243; header_font=\u00bbMontserrat|600||on|||||\u00bb header_text_color=\u00bb#000000&#8243; header_font_size=\u00bb42px\u00bb header_2_font=\u00bbMontserrat|300|||||||\u00bb header_2_text_color=\u00bb#000000&#8243; header_2_font_size=\u00bb50px\u00bb header_2_line_height=\u00bb1.1em\u00bb header_3_font=\u00bbMontserrat|700||on|||||\u00bb header_3_text_color=\u00bb#000000&#8243; header_3_font_size=\u00bb14px\u00bb header_3_letter_spacing=\u00bb2px\u00bb header_3_line_height=\u00bb1.4em\u00bb background_layout=\u00bbdark\u00bb header_2_font_size_tablet=\u00bb40px\u00bb header_2_font_size_phone=\u00bb30px\u00bb header_2_font_size_last_edited=\u00bbon|phone\u00bb header_3_font_size_tablet=\u00bb14px\u00bb header_3_font_size_phone=\u00bb\u00bb header_3_font_size_last_edited=\u00bbon|phone\u00bb text_text_align=\u00bbleft\u00bb locked=\u00bboff\u00bb global_colors_info=\u00bb{}\u00bb]<\/p>\n<h1 class=\"page-title\"><img loading=\"lazy\" decoding=\"async\" src=\"https:\/\/aguijontheater.org\/wp-content\/uploads\/2021\/04\/ezgif-7-ac7a22f8d9bc.gif\" alt=\"\" class=\"wp-image-731 alignright size-full\" width=\"600\" height=\"381\" \/>Cuerpo y memoria del actor<\/h1>\n<h3><span>Laboratorio acumulativo para el desarrollo de la expresividad del actor en el teatro contempor\u00e1neo<\/span><\/h3>\n<div class=\"panel-body\">\n<p style=\"text-align: left;\"><span>Utilizando diversos tipos de entrenamiento corporal y vocal, y desde un principio psicof\u00edsico y tradici\u00f3n cultural, exploramos las motivaciones del int\u00e9rprete como \u00fanico centro del universo esc\u00e9nico. Un enfoque sistem\u00e1tico para la creaci\u00f3n de im\u00e1genes activas para el escenario. El movimiento como punto de partida en la construcci\u00f3n y desarrollo de una partitura f\u00edsica org\u00e1nica. Este curso es impartido por S\u00e1ndor Men\u00e9ndez desde el 1 de noviembre hasta el 20 de diciembre de 2015 y cuesta $ 300 para inscribirse. Las clases tendr\u00e1n lugar los domingos de 12:00 a 14:00 horas durante ocho semanas.<\/span><\/p>\n<h3><span style=\"color: #ff0000;\"><a style=\"color: #ff0000;\">S\u00e1ndor Men\u00e9ndez<\/a><\/span><\/h3>\n<p><span><span>Actor y profesor de interpretaci\u00f3n cubano y egresado del Instituto Superior de Arte, La Habana, Cuba. Durante diez a\u00f1os fue miembro del Teatro Buend\u00eda donde fue actor destacado en diversas producciones y con el que particip\u00f3 en varios festivales internacionales como el Festival Iberoamericano de Teatro en Bogot\u00e1, Colombia, el Iberoamericano de Santo Domingo y la Segunda Muestra de Teatro, Sao Paul, Brasil entre otros. Su experiencia como docente lo ha motivado a emprender su carrera como director y a abordar el escenario desde una perspectiva diferente. Como director en Aguij\u00f3n Theater su cr\u00e9ditos incluyen: <strong>Cintas de seda<\/strong>, de Norge Espinosa; <strong>La Gran Tirana: Descarga dram\u00e1tica<\/strong>, de Rey And\u00fajar; <strong>Adentro <\/strong>y<strong> Epopeya<\/strong>, de Abel Gonz\u00e1lez Melo; <strong>Las Penas saben nadar<\/strong> de Abelardo Estorino.<\/span><span> Tiene una vasta experiencia en el \u00e1mbito de la creaci\u00f3n colectiva.<\/span><\/span><\/p>\n<\/div>\n<p>[\/et_pb_text][\/et_pb_column][\/et_pb_row][\/et_pb_section]<\/p>\n","protected":false},"excerpt":{"rendered":"<p>Reg\u00edstrese en programas para adultos y j\u00f3venes CLASES DE ACTUACI\u00d3N Y TALLERES Aguij\u00f3n Theater Company\u00a0ofrece talleres de actuaci\u00f3n y t\u00e9cnicas teatrales para jovenes y adultos de la ciudad de Chicago a trav\u00e9s de programas de alta calidad. Programa de Teatro Nuestra CULTURA UN TALLER DE TEATRO REMUNERADO PARA ADOLESCENTES EN ASOCIACI\u00d3N CON AFTER SCHOOL MATTERS [&hellip;]<\/p>\n","protected":false},"author":1,"featured_media":0,"parent":66,"menu_order":0,"comment_status":"closed","ping_status":"closed","template":"","meta":{"_et_pb_use_builder":"on","_et_pb_old_content":"","_et_gb_content_width":"","footnotes":""},"dipi_cpt_category":[],"class_list":["post-241709","page","type-page","status-publish","hentry"],"_links":{"self":[{"href":"https:\/\/aguijontheater.org\/es\/wp-json\/wp\/v2\/pages\/241709"}],"collection":[{"href":"https:\/\/aguijontheater.org\/es\/wp-json\/wp\/v2\/pages"}],"about":[{"href":"https:\/\/aguijontheater.org\/es\/wp-json\/wp\/v2\/types\/page"}],"author":[{"embeddable":true,"href":"https:\/\/aguijontheater.org\/es\/wp-json\/wp\/v2\/users\/1"}],"replies":[{"embeddable":true,"href":"https:\/\/aguijontheater.org\/es\/wp-json\/wp\/v2\/comments?post=241709"}],"version-history":[{"count":73,"href":"https:\/\/aguijontheater.org\/es\/wp-json\/wp\/v2\/pages\/241709\/revisions"}],"predecessor-version":[{"id":249865,"href":"https:\/\/aguijontheater.org\/es\/wp-json\/wp\/v2\/pages\/241709\/revisions\/249865"}],"up":[{"embeddable":true,"href":"https:\/\/aguijontheater.org\/es\/wp-json\/wp\/v2\/pages\/66"}],"wp:attachment":[{"href":"https:\/\/aguijontheater.org\/es\/wp-json\/wp\/v2\/media?parent=241709"}],"wp:term":[{"taxonomy":"dipi_cpt_category","embeddable":true,"href":"https:\/\/aguijontheater.org\/es\/wp-json\/wp\/v2\/dipi_cpt_category?post=241709"}],"curies":[{"name":"wp","href":"https:\/\/api.w.org\/{rel}","templated":true}]}}