{"id":241689,"date":"2021-07-27T19:42:54","date_gmt":"2021-07-27T19:42:54","guid":{"rendered":"https:\/\/aguijon.xblu.com\/volver-a-casa\/eventos\/"},"modified":"2021-11-16T13:31:02","modified_gmt":"2021-11-16T13:31:02","slug":"eventos","status":"publish","type":"page","link":"https:\/\/aguijontheater.org\/es\/volver-a-casa\/eventos\/","title":{"rendered":"Eventos"},"content":{"rendered":"<p>[et_pb_section fb_built=\u00bb1&#8243; _builder_version=\u00bb4.10.8&#8243; _module_preset=\u00bbdefault\u00bb background_color=\u00bb#000000&#8243; use_background_color_gradient=\u00bbon\u00bb background_color_gradient_start=\u00bb#000000&#8243; background_color_gradient_end=\u00bbrgba(135,134,132,0.36)\u00bb background_color_gradient_overlays_image=\u00bbon\u00bb background_image=\u00bbhttps:\/\/aguijontheater.org\/wp-content\/uploads\/2021\/09\/lagrantirana-bg-1.jpg\u00bb background_position=\u00bbtop_center\u00bb custom_padding=\u00bb20px||20px||false|false\u00bb top_divider_style=\u00bbarrow3&#8243; top_divider_color=\u00bb#000000&#8243; top_divider_height=\u00bb277px\u00bb top_divider_repeat=\u00bb1x\u00bb top_divider_flip=\u00bbhorizontal\u00bb bottom_divider_style=\u00bbarrow3&#8243; bottom_divider_color=\u00bb#000000&#8243; bottom_divider_height=\u00bb200px\u00bb bottom_divider_repeat=\u00bb1x\u00bb global_module=\u00bb242629&#8243; saved_tabs=\u00bball\u00bb global_colors_info=\u00bb{}\u00bb][et_pb_row column_structure=\u00bb3_5,2_5&#8243; _builder_version=\u00bb4.10.7&#8243; _module_preset=\u00bbdefault\u00bb module_alignment=\u00bbcenter\u00bb custom_padding=\u00bb61px|||||\u00bb global_colors_info=\u00bb{}\u00bb][et_pb_column type=\u00bb3_5&#8243; _builder_version=\u00bb4.10.7&#8243; _module_preset=\u00bbdefault\u00bb custom_padding=\u00bb|||20px|false|false\u00bb global_colors_info=\u00bb{}\u00bb][et_pb_text _builder_version=\u00bb4.10.8&#8243; _module_preset=\u00bbdefault\u00bb header_font=\u00bbMontserrat||||||||\u00bb header_text_color=\u00bb#A1A09D\u00bb header_font_size=\u00bb24px\u00bb header_2_font=\u00bbAnton|||on|||||\u00bb header_2_text_color=\u00bb#f4e6d3&#8243; header_2_font_size=\u00bb82px\u00bb header_3_font=\u00bbArchitects Daughter||||||||\u00bb header_3_text_color=\u00bb#A1A09D\u00bb header_3_font_size=\u00bb36px\u00bb header_3_line_height=\u00bb0.7em\u00bb global_colors_info=\u00bb{}\u00bb]<\/p>\n<h1>Producci\u00f3n destacada<\/h1>\n<h2><span class=\"name\" id=\"event_name\"><span class=\"value\">La gran tirana<\/span><\/span><\/h2>\n<h3>descarga dram\u00e1tica<\/h3>\n<p>[\/et_pb_text][et_pb_text _builder_version=\u00bb4.10.7&#8243; _module_preset=\u00bbdefault\u00bb text_font_size=\u00bb16px\u00bb global_colors_info=\u00bb{}\u00bb]Ana Morgana, inmigrante, desechada, pero sobre todo artista, trasciende su realidad cotidiana imagin\u00e1ndose una estrella: La Lupe. Cantando las canciones de la famosa mujer, volviendo a contar la turbulenta vida de la diva como si fuera la suya propia, Morgana crea su identidad recordando la de otra persona.<\/p>\n<p>Concebida y dirigida por S\u00e1ndor Men\u00e9ndez, escrita por Rey And\u00fajar, e inspirada en la vida de la incomparable Lupe Victoria Yol\u00ed Raymond, m\u00e1s conocida como La Lupe, la reina del alma latina, La gran tirana (descarga dram\u00e1tica) explora el viaje del artista. como inmigrante y el arte, especialmente la m\u00fasica, como patria. [\/et_pb_text][et_pb_button button_url=\u00bb@ET-DC@eyJkeW5hbWljIjp0cnVlLCJjb250ZW50IjoicG9zdF9saW5rX3VybF9wYWdlIiwic2V0dGluZ3MiOnsicG9zdF9pZCI6IjI0MjY2NyJ9fQ==@\u00bb button_text=\u00bbConseguir entradas\u00bb button_alignment=\u00bbleft\u00bb _builder_version=\u00bb4.10.8&#8243; _dynamic_attributes=\u00bbbutton_url\u00bb _module_preset=\u00bbdefault\u00bb custom_button=\u00bbon\u00bb button_text_size=\u00bb14px\u00bb button_text_color=\u00bb#ffffff\u00bb button_bg_color=\u00bb#DE0100&#8243; button_border_width=\u00bb0px\u00bb button_border_color=\u00bb#FFFFFF\u00bb button_letter_spacing=\u00bb2px\u00bb button_font=\u00bbMontserrat|600||on|||||\u00bb button_use_icon=\u00bboff\u00bb animation_style=\u00bbfade\u00bb animation_duration=\u00bb1600ms\u00bb animation_delay=\u00bb400ms\u00bb global_colors_info=\u00bb{%22gcid-6737696d-265b-47ae-8080-27bb358a6235%22:%91%93}\u00bb button_bg_color__hover_enabled=\u00bbon|hover\u00bb button_bg_color__hover=\u00bb#A1A09D\u00bb button_bg_enable_color__hover=\u00bbon\u00bb button_text_color__hover=\u00bb#000000&#8243; button_text_color__hover_enabled=\u00bbon|hover\u00bb button_border_color__hover=\u00bb#000000&#8243; button_border_color__hover_enabled=\u00bbon|hover\u00bb][\/et_pb_button][\/et_pb_column][et_pb_column type=\u00bb2_5&#8243; _builder_version=\u00bb4.10.7&#8243; _module_preset=\u00bbdefault\u00bb global_colors_info=\u00bb{}\u00bb][et_pb_image src=\u00bbhttps:\/\/aguijontheater.org\/wp-content\/uploads\/2021\/09\/la-gran-tirana-500.jpg\u00bb title_text=\u00bbla-gran-tirana-500&#8243; url=\u00bb@ET-DC@eyJkeW5hbWljIjp0cnVlLCJjb250ZW50IjoicG9zdF9saW5rX3VybF9wYWdlIiwic2V0dGluZ3MiOnsicG9zdF9pZCI6IjI0MjY2NyJ9fQ==@\u00bb _builder_version=\u00bb4.10.8&#8243; _dynamic_attributes=\u00bburl\u00bb _module_preset=\u00bbdefault\u00bb animation_style=\u00bbfade\u00bb animation_duration=\u00bb1700ms\u00bb animation_delay=\u00bb500ms\u00bb border_width_all=\u00bb5px\u00bb border_color_all=\u00bb#000000&#8243; global_colors_info=\u00bb{}\u00bb][\/et_pb_image][\/et_pb_column][\/et_pb_row][\/et_pb_section][et_pb_section fb_built=\u00bb1&#8243; admin_label=\u00bbHeader\u00bb _builder_version=\u00bb4.10.7&#8243; use_background_color_gradient=\u00bbon\u00bb background_color_gradient_start=\u00bb#000000&#8243; background_color_gradient_end=\u00bbrgba(161,160,157,0.49)\u00bb background_color_gradient_overlays_image=\u00bbon\u00bb background_image=\u00bbhttps:\/\/aguijontheater.org\/wp-content\/uploads\/2021\/09\/AGUIJON30_Book_O.png\u00bb parallax=\u00bbon\u00bb locked=\u00bboff\u00bb global_colors_info=\u00bb{}\u00bb][et_pb_row _builder_version=\u00bb4.0.6&#8243; global_colors_info=\u00bb{}\u00bb][et_pb_column type=\u00bb4_4&#8243; _builder_version=\u00bb3.27.3&#8243; global_colors_info=\u00bb{}\u00bb][et_pb_text _builder_version=\u00bb4.9.4&#8243; text_text_color=\u00bbrgba(255,255,255,0.5)\u00bb text_font_size=\u00bb16px\u00bb text_line_height=\u00bb1.8em\u00bb header_font=\u00bbMontserrat|300||on|||||\u00bb header_font_size=\u00bb6vw\u00bb header_line_height=\u00bb1.2em\u00bb header_3_font=\u00bbMontserrat|700||on|||||\u00bb header_3_text_color=\u00bbrgba(255,255,255,0.5)\u00bb header_3_font_size=\u00bb16px\u00bb header_3_letter_spacing=\u00bb2px\u00bb header_3_line_height=\u00bb1.4em\u00bb background_layout=\u00bbdark\u00bb header_3_font_size_tablet=\u00bb14px\u00bb header_3_font_size_phone=\u00bb\u00bb header_3_font_size_last_edited=\u00bbon|phone\u00bb text_text_align=\u00bbleft\u00bb locked=\u00bboff\u00bb global_colors_info=\u00bb{}\u00bb]<\/p>\n<h3><span style=\"color: #ff0000;\"><span>Pr\u00f3ximos eventos y actuaciones<\/span><\/span><\/h3>\n<h1><span style=\"color: #ffffff;\"><a style=\"color: #ffffff;\">Calendario<\/a><\/span><\/h1>\n<p>[\/et_pb_text][et_pb_code _builder_version=\u00bb4.10.7&#8243; _module_preset=\u00bbdefault\u00bb global_colors_info=\u00bb{}\u00bb]<link href=\"https:\/\/widgets.ticketleap.com\/v2\/widget.css\" media=\"screen\" rel=\"stylesheet\" type=\"text\/css\"><script src=\"https:\/\/widgets.ticketleap.com\/v2\/widget.js\" type=\"text\/javascript\"><\/script><\/p>\n<div id=\"tl-widget-wrapper-5423c792-3a60-48bf-83aa-758a36f816ca\"><script type=\"text\/javascript\">tl_widget.update_widget(\"https:\/\/aguijon.ticketleap.com\/widget\/v2\/\", \"5423c792-3a60-48bf-83aa-758a36f816ca\", \"accent_color=#e5422c\");<\/script><!--[if IE 6]>\n\n<div style=\"display:none\"><![endif]--><\/p>\n<div style=\"width: 100%; display: table; height: 200px;\">\n<div style=\"display: table-cell; vertical-align: middle; text-align: center;\"><img decoding=\"async\" src=\"https:\/\/widgets.ticketleap.com\/v2\/loading.gif\"><\/div>\n<\/div>\n<p><!--[if IE 6]><\/div>\n\n<![endif]--><\/div>\n<p><input type=\"hidden\" id=\"tl-affiliate-url-5423c792-3a60-48bf-83aa-758a36f816ca\" name=\"tl-affiliate-url-5423c792-3a60-48bf-83aa-758a36f816ca\" value=\"https:\/\/www.ticketleap.com\/solutions\/sell-tickets-online?rc=WIDGET-STO\"><input type=\"hidden\" id=\"tl-show-event-name-5423c792-3a60-48bf-83aa-758a36f816ca\" name=\"tl-show-event-name-5423c792-3a60-48bf-83aa-758a36f816ca\" value=\"cierto\"><input type=\"hidden\" id=\"tl-show-event-location-5423c792-3a60-48bf-83aa-758a36f816ca\" name=\"tl-show-event-location-5423c792-3a60-48bf-83aa-758a36f816ca\" value=\"cierto\"><input type=\"hidden\" id=\"tl-show-event-dates-5423c792-3a60-48bf-83aa-758a36f816ca\" name=\"tl-show-event-dates-5423c792-3a60-48bf-83aa-758a36f816ca\" value=\"cierto\">[\/et_pb_code][\/et_pb_column][\/et_pb_row][\/et_pb_section]<\/p>\n","protected":false},"excerpt":{"rendered":"<p>Producci\u00f3n destacada La gran tirana descarga dram\u00e1ticaAna Morgana, inmigrante, desechada, pero sobre todo artista, trasciende su realidad cotidiana imagin\u00e1ndose una estrella: La Lupe. Cantando las canciones de la famosa mujer, volviendo a contar la turbulenta vida de la diva como si fuera la suya propia, Morgana crea su identidad recordando la de otra persona. Concebida [&hellip;]<\/p>\n","protected":false},"author":1,"featured_media":0,"parent":66,"menu_order":0,"comment_status":"closed","ping_status":"closed","template":"","meta":{"_et_pb_use_builder":"on","_et_pb_old_content":"","_et_gb_content_width":"","footnotes":""},"dipi_cpt_category":[],"class_list":["post-241689","page","type-page","status-publish","hentry"],"_links":{"self":[{"href":"https:\/\/aguijontheater.org\/es\/wp-json\/wp\/v2\/pages\/241689"}],"collection":[{"href":"https:\/\/aguijontheater.org\/es\/wp-json\/wp\/v2\/pages"}],"about":[{"href":"https:\/\/aguijontheater.org\/es\/wp-json\/wp\/v2\/types\/page"}],"author":[{"embeddable":true,"href":"https:\/\/aguijontheater.org\/es\/wp-json\/wp\/v2\/users\/1"}],"replies":[{"embeddable":true,"href":"https:\/\/aguijontheater.org\/es\/wp-json\/wp\/v2\/comments?post=241689"}],"version-history":[{"count":65,"href":"https:\/\/aguijontheater.org\/es\/wp-json\/wp\/v2\/pages\/241689\/revisions"}],"predecessor-version":[{"id":244963,"href":"https:\/\/aguijontheater.org\/es\/wp-json\/wp\/v2\/pages\/241689\/revisions\/244963"}],"up":[{"embeddable":true,"href":"https:\/\/aguijontheater.org\/es\/wp-json\/wp\/v2\/pages\/66"}],"wp:attachment":[{"href":"https:\/\/aguijontheater.org\/es\/wp-json\/wp\/v2\/media?parent=241689"}],"wp:term":[{"taxonomy":"dipi_cpt_category","embeddable":true,"href":"https:\/\/aguijontheater.org\/es\/wp-json\/wp\/v2\/dipi_cpt_category?post=241689"}],"curies":[{"name":"wp","href":"https:\/\/api.w.org\/{rel}","templated":true}]}}