{"id":241658,"date":"2021-07-27T19:40:46","date_gmt":"2021-07-27T19:40:46","guid":{"rendered":"https:\/\/aguijon.xblu.com\/volver-a-casa\/contactenos\/"},"modified":"2024-08-13T23:17:16","modified_gmt":"2024-08-13T23:17:16","slug":"contactenos","status":"publish","type":"page","link":"https:\/\/aguijontheater.org\/es\/volver-a-casa\/contactenos\/","title":{"rendered":"Comun\u00edcate con nosotros"},"content":{"rendered":"<p>[et_pb_section fb_built=\u00bb1&#8243; admin_label=\u00bbHeader\u00bb _builder_version=\u00bb4.16&#8243; use_background_color_gradient=\u00bbon\u00bb background_color_gradient_stops=\u00bb#000000 0%|rgba(0,0,0,0.49) 100%\u00bb background_color_gradient_overlays_image=\u00bbon\u00bb background_color_gradient_start=\u00bb#000000&#8243; background_color_gradient_end=\u00bbrgba(0,0,0,0.49)\u00bb background_image=\u00bbhttps:\/\/aguijontheater.org\/wp-content\/uploads\/2021\/11\/at-bg.png\u00bb custom_padding=\u00bb|||0px||\u00bb locked=\u00bboff\u00bb global_colors_info=\u00bb{}\u00bb][et_pb_row _builder_version=\u00bb4.27.0&#8243; custom_padding=\u00bb||1px|||\u00bb hover_enabled=\u00bb0&#8243; global_colors_info=\u00bb{}\u00bb disabled_on=\u00bboff|off|off\u00bb sticky_enabled=\u00bb0&#8243;][et_pb_column type=\u00bb4_4&#8243; _builder_version=\u00bb4.16&#8243; global_colors_info=\u00bb{}\u00bb][et_pb_text _builder_version=\u00bb4.16&#8243; text_font=\u00bb||||||||\u00bb text_text_color=\u00bbrgba(255,255,255,0.5)\u00bb text_font_size=\u00bb16px\u00bb text_line_height=\u00bb1.8em\u00bb header_font=\u00bbMontserrat|600||on|||||\u00bb header_font_size=\u00bb42px\u00bb header_2_font=\u00bbMontserrat|300|||||||\u00bb header_2_text_color=\u00bbgcid-6737696d-265b-47ae-8080-27bb358a6235&#8243; header_2_font_size=\u00bb50px\u00bb header_2_line_height=\u00bb1.1em\u00bb header_3_font=\u00bbMontserrat|700||on|||||\u00bb header_3_text_color=\u00bbgcid-d5593506-794c-4e2e-8fea-c2751d9fe364&#8243; header_3_font_size=\u00bb14px\u00bb header_3_letter_spacing=\u00bb2px\u00bb header_3_line_height=\u00bb1.4em\u00bb background_layout=\u00bbdark\u00bb header_2_font_size_tablet=\u00bb40px\u00bb header_2_font_size_phone=\u00bb30px\u00bb header_2_font_size_last_edited=\u00bbon|phone\u00bb header_3_font_size_tablet=\u00bb14px\u00bb header_3_font_size_phone=\u00bb\u00bb header_3_font_size_last_edited=\u00bbon|phone\u00bb text_text_align=\u00bbleft\u00bb locked=\u00bboff\u00bb global_colors_info=\u00bb{%22gcid-d5593506-794c-4e2e-8fea-c2751d9fe364%22:%91%22header_3_text_color%22%93,%22gcid-6737696d-265b-47ae-8080-27bb358a6235%22:%91%22header_2_text_color%22%93}\u00bb]<\/p>\n<h3><span style=\"color: #ff0000;\">\u00a1Nos encantar\u00eda saber de ti!<\/span><\/h3>\n<h1>B\u00fascanos en:<\/h1>\n<div class=\"panel panel-default\">\n<div class=\"panel-heading\"><\/div>\n<\/div>\n<p>[\/et_pb_text][\/et_pb_column][\/et_pb_row][et_pb_row column_structure=\u00bb3_5,2_5&#8243; _builder_version=\u00bb4.27.0&#8243; _module_preset=\u00bbdefault\u00bb custom_padding=\u00bb27px|||||\u00bb hover_enabled=\u00bb0&#8243; global_colors_info=\u00bb{}\u00bb disabled_on=\u00bboff|off|off\u00bb sticky_enabled=\u00bb0&#8243;][et_pb_column type=\u00bb3_5&#8243; _builder_version=\u00bb4.16&#8243; _module_preset=\u00bbdefault\u00bb global_colors_info=\u00bb{}\u00bb][et_pb_text _builder_version=\u00bb4.16&#8243; _module_preset=\u00bbdefault\u00bb text_font=\u00bbMontserrat||||||||\u00bb text_text_color=\u00bb#FFFFFF\u00bb text_font_size=\u00bb18px\u00bb text_line_height=\u00bb1.8em\u00bb header_font=\u00bbMontserrat|600||on|||||\u00bb header_font_size=\u00bb42px\u00bb header_2_font=\u00bbMontserrat|300|||||||\u00bb header_2_text_color=\u00bbgcid-6737696d-265b-47ae-8080-27bb358a6235&#8243; header_2_font_size=\u00bb50px\u00bb header_2_line_height=\u00bb1.1em\u00bb header_3_font=\u00bbMontserrat|700||on|||||\u00bb header_3_text_color=\u00bbgcid-d5593506-794c-4e2e-8fea-c2751d9fe364&#8243; header_3_font_size=\u00bb14px\u00bb header_3_letter_spacing=\u00bb2px\u00bb header_3_line_height=\u00bb1.4em\u00bb background_layout=\u00bbdark\u00bb header_2_font_size_tablet=\u00bb40px\u00bb header_2_font_size_phone=\u00bb30px\u00bb header_2_font_size_last_edited=\u00bbon|phone\u00bb header_3_font_size_tablet=\u00bb14px\u00bb header_3_font_size_phone=\u00bb\u00bb header_3_font_size_last_edited=\u00bbon|phone\u00bb global_colors_info=\u00bb{%22gcid-d5593506-794c-4e2e-8fea-c2751d9fe364%22:%91%22header_3_text_color%22%93,%22gcid-6737696d-265b-47ae-8080-27bb358a6235%22:%91%22header_2_text_color%22%93}\u00bb]<\/p>\n<p><strong>Teatro Aguij\u00f3n Co<\/strong><\/p>\n<p style=\"text-align: left;\"><b>Direcci\u00f3n:<\/b><span> <\/span><br \/> 2707 N.Laramie Ave<br \/>Chicago, IL 60639<br \/><a href=\"https:\/\/goo.gl\/maps\/okc3cM1vhm6LRjxH9\" target=\"_blank\" rel=\"noopener\">Mapa \/ C\u00f3mo llegar<\/a><\/p>\n<p style=\"text-align: left;\"><b>Tel\u00e9fono: <\/b><br \/>(773) 637-5899<\/p>\n<p>[\/et_pb_text][et_pb_map address=\u00bb2707 N Laramie Ave, Chicago, IL 60639, USA\u00bb zoom_level=\u00bb13&#8243; address_lat=\u00bb41.9298766&#8243; address_lng=\u00bb-87.7562261&#8243; mouse_wheel=\u00bboff\u00bb _builder_version=\u00bb4.16&#8243; _module_preset=\u00bbdefault\u00bb height=\u00bb346px\u00bb filter_hue_rotate=\u00bb341deg\u00bb filter_saturate=\u00bb200%\u00bb filter_brightness=\u00bb80%\u00bb border_radii=\u00bbon|5px|5px|5px|5px\u00bb global_colors_info=\u00bb{}\u00bb][et_pb_map_pin title=\u00bbTeatro Aguijon Co\u00bb pin_address=\u00bb2707 N Laramie Ave, Chicago, IL 60639, USA\u00bb pin_address_lat=\u00bb41.9298598&#8243; pin_address_lng=\u00bb-87.7561235&#8243; _builder_version=\u00bb4.9.10&#8243; _module_preset=\u00bbdefault\u00bb global_colors_info=\u00bb{}\u00bb]Direcci\u00f3n: 2707 N Laramie Ave, Chicago, IL 60639 Tel\u00e9fono: (773) 637-5899[\/et_pb_map_pin][\/et_pb_map][et_pb_contact_form use_spam_service=\u00bbon\u00bb recaptcha_list=\u00bbGOOG|GOOG-0&#8243; email=\u00bbcburns@xblu.com, mmunoz@aguijontheater.org\u00bb custom_message=\u00bbNuevo mensaje de la web de la Compa\u00f1\u00eda de Teatro Aguij\u00f3n:||et_pb_line_break_holder||||et_pb_line_break_holder||Nombre: %%name%%: %%phone%% electr\u00f3nico: %%email%%- &#8211; &#8211; &#8211; &#8211; -|et_pb_line_break_holder||||et_pb_line_break_holder|Mensaje: ||Mensaje\u00bb success_message=\u00bbGracias. Nos pondremos en contacto con usted pronto.\u00bb _builder_version=\u00bb4.16&#8243; _module_preset=\u00bbdefault\u00bb _unique_id=\u00bb035096bf-1460-4f7d-a24e-b7faa9d17514&#8243; form_field_focus_background_color=\u00bb#000000&#8243; form_field_focus_text_color=\u00bb#DE0100&#8243; title_font=\u00bb||||||||\u00bb form_field_font=\u00bbMontserrat|500|||||||\u00bb form_field_font_size=\u00bb16px\u00bb custom_button=\u00bbon\u00bb button_text_size=\u00bb14px\u00bb button_text_color=\u00bb#ffffff\u00bb button_bg_color=\u00bb#DE0100&#8243; button_border_width=\u00bb0px\u00bb button_border_color=\u00bb#FFFFFF\u00bb button_letter_spacing=\u00bb2px\u00bb button_font=\u00bbMontserrat|600||on|||||\u00bb button_use_icon=\u00bboff\u00bb global_colors_info=\u00bb{%22gcid-6737696d-265b-47ae-8080-27bb358a6235%22:%91%93}\u00bb button_text_color__hover=\u00bb#FFFFFF\u00bb button_text_color__hover_enabled=\u00bbon|hover\u00bb button_bg_color__hover=\u00bb#000000&#8243; button_bg_color__hover_enabled=\u00bbon|hover\u00bb button_border_color__hover=\u00bb#000000&#8243; button_border_color__hover_enabled=\u00bbon|hover\u00bb][et_pb_contact_field field_id=\u00bbName\u00bb field_title=\u00bbNombre\u00bb fullwidth_field=\u00bbon\u00bb _builder_version=\u00bb4.16&#8243; global_colors_info=\u00bb{}\u00bb button_text_size__hover_enabled=\u00bboff\u00bb button_one_text_size__hover_enabled=\u00bboff\u00bb button_two_text_size__hover_enabled=\u00bboff\u00bb button_text_color__hover_enabled=\u00bboff\u00bb button_one_text_color__hover_enabled=\u00bboff\u00bb button_two_text_color__hover_enabled=\u00bboff\u00bb button_border_width__hover_enabled=\u00bboff\u00bb button_one_border_width__hover_enabled=\u00bboff\u00bb button_two_border_width__hover_enabled=\u00bboff\u00bb button_border_color__hover_enabled=\u00bboff\u00bb button_one_border_color__hover_enabled=\u00bboff\u00bb button_two_border_color__hover_enabled=\u00bboff\u00bb button_border_radius__hover_enabled=\u00bboff\u00bb button_one_border_radius__hover_enabled=\u00bboff\u00bb button_two_border_radius__hover_enabled=\u00bboff\u00bb button_letter_spacing__hover_enabled=\u00bboff\u00bb button_one_letter_spacing__hover_enabled=\u00bboff\u00bb button_two_letter_spacing__hover_enabled=\u00bboff\u00bb button_bg_color__hover_enabled=\u00bboff\u00bb button_one_bg_color__hover_enabled=\u00bboff\u00bb button_two_bg_color__hover_enabled=\u00bboff\u00bb][\/et_pb_contact_field][et_pb_contact_field field_id=\u00bbPhone\u00bb field_title=\u00bbN\u00famero de tel\u00e9fono\u00bb required_mark=\u00bboff\u00bb _builder_version=\u00bb4.16&#8243; global_colors_info=\u00bb{}\u00bb button_text_size__hover_enabled=\u00bboff\u00bb button_one_text_size__hover_enabled=\u00bboff\u00bb button_two_text_size__hover_enabled=\u00bboff\u00bb button_text_color__hover_enabled=\u00bboff\u00bb button_one_text_color__hover_enabled=\u00bboff\u00bb button_two_text_color__hover_enabled=\u00bboff\u00bb button_border_width__hover_enabled=\u00bboff\u00bb button_one_border_width__hover_enabled=\u00bboff\u00bb button_two_border_width__hover_enabled=\u00bboff\u00bb button_border_color__hover_enabled=\u00bboff\u00bb button_one_border_color__hover_enabled=\u00bboff\u00bb button_two_border_color__hover_enabled=\u00bboff\u00bb button_border_radius__hover_enabled=\u00bboff\u00bb button_one_border_radius__hover_enabled=\u00bboff\u00bb button_two_border_radius__hover_enabled=\u00bboff\u00bb button_letter_spacing__hover_enabled=\u00bboff\u00bb button_one_letter_spacing__hover_enabled=\u00bboff\u00bb button_two_letter_spacing__hover_enabled=\u00bboff\u00bb button_bg_color__hover_enabled=\u00bboff\u00bb button_one_bg_color__hover_enabled=\u00bboff\u00bb button_two_bg_color__hover_enabled=\u00bboff\u00bb][\/et_pb_contact_field][et_pb_contact_field field_id=\u00bbEmail\u00bb field_title=\u00bbCorreo electr\u00f3nico\u00bb field_type=\u00bbemail\u00bb _builder_version=\u00bb4.16&#8243; _module_preset=\u00bbdefault\u00bb global_colors_info=\u00bb{}\u00bb][\/et_pb_contact_field][et_pb_contact_field field_id=\u00bbMessage\u00bb field_title=\u00bbMensaje\u00bb field_type=\u00bbtext\u00bb fullwidth_field=\u00bbon\u00bb _builder_version=\u00bb4.16&#8243; global_colors_info=\u00bb{}\u00bb button_text_size__hover_enabled=\u00bboff\u00bb button_one_text_size__hover_enabled=\u00bboff\u00bb button_two_text_size__hover_enabled=\u00bboff\u00bb button_text_color__hover_enabled=\u00bboff\u00bb button_one_text_color__hover_enabled=\u00bboff\u00bb button_two_text_color__hover_enabled=\u00bboff\u00bb button_border_width__hover_enabled=\u00bboff\u00bb button_one_border_width__hover_enabled=\u00bboff\u00bb button_two_border_width__hover_enabled=\u00bboff\u00bb button_border_color__hover_enabled=\u00bboff\u00bb button_one_border_color__hover_enabled=\u00bboff\u00bb button_two_border_color__hover_enabled=\u00bboff\u00bb button_border_radius__hover_enabled=\u00bboff\u00bb button_one_border_radius__hover_enabled=\u00bboff\u00bb button_two_border_radius__hover_enabled=\u00bboff\u00bb button_letter_spacing__hover_enabled=\u00bboff\u00bb button_one_letter_spacing__hover_enabled=\u00bboff\u00bb button_two_letter_spacing__hover_enabled=\u00bboff\u00bb button_bg_color__hover_enabled=\u00bboff\u00bb button_one_bg_color__hover_enabled=\u00bboff\u00bb button_two_bg_color__hover_enabled=\u00bboff\u00bb][\/et_pb_contact_field][\/et_pb_contact_form][\/et_pb_column][et_pb_column type=\u00bb2_5&#8243; _builder_version=\u00bb4.16&#8243; _module_preset=\u00bbdefault\u00bb global_colors_info=\u00bb{}\u00bb][et_pb_image src=\u00bbhttps:\/\/aguijontheater.org\/wp-content\/uploads\/2021\/11\/FullSizeRender-905&#215;1024.jpeg\u00bb alt=\u00bbMirando a la Compa\u00f1\u00eda de Teatro Aguij\u00f3n desde la calle\u00bb title_text=\u00bbFrente de la Compa\u00f1\u00eda de Teatro Aguij\u00f3n  \u00bb align=\u00bbcenter\u00bb _builder_version=\u00bb4.16&#8243; _module_preset=\u00bbdefault\u00bb background_color=\u00bbRGBA(0,0,0,0)\u00bb custom_margin=\u00bb||||false|false\u00bb custom_padding=\u00bb10px|10px|10px|10px|false|false\u00bb border_width_all=\u00bb5px\u00bb border_color_all=\u00bb#FFFFFF\u00bb global_colors_info=\u00bb{}\u00bb][\/et_pb_image][et_pb_text _builder_version=\u00bb4.16&#8243; _module_preset=\u00bbad511e44-b2b2-463b-848a-c39b36c14859&#8243; text_text_color=\u00bb#FFFFFF\u00bb header_font=\u00bbMontserrat|600||on|||||\u00bb header_font_size=\u00bb42px\u00bb header_2_font=\u00bbMontserrat|300|||||||\u00bb header_2_text_color=\u00bbgcid-6737696d-265b-47ae-8080-27bb358a6235&#8243; header_2_font_size=\u00bb50px\u00bb header_2_line_height=\u00bb1.1em\u00bb header_3_font=\u00bbMontserrat|700||on|||||\u00bb header_3_text_color=\u00bbgcid-d5593506-794c-4e2e-8fea-c2751d9fe364&#8243; header_3_font_size=\u00bb14px\u00bb header_3_letter_spacing=\u00bb2px\u00bb header_3_line_height=\u00bb1.4em\u00bb header_2_font_size_tablet=\u00bb40px\u00bb header_2_font_size_phone=\u00bb30px\u00bb header_2_font_size_last_edited=\u00bbon|phone\u00bb header_3_font_size_tablet=\u00bb14px\u00bb header_3_font_size_phone=\u00bb\u00bb header_3_font_size_last_edited=\u00bbon|phone\u00bb global_colors_info=\u00bb{%22gcid-d5593506-794c-4e2e-8fea-c2751d9fe364%22:%91%22header_3_text_color%22%93,%22gcid-6737696d-265b-47ae-8080-27bb358a6235%22:%91%22header_2_text_color%22%93}\u00bb]<\/p>\n<p>El Teatro Aguij\u00f3n est\u00e1 ubicado en 2707 North Laramie Avenue, en el coraz\u00f3n del vecindario Cragin de Chicago, aproximadamente 4 cuadras al oeste de Cicero Avenue y una cuadra al sur de Diversey Road. Hay estacionamiento en la calle disponible. Desde Kennedy 90\/94, salga en Diversey y dir\u00edjase hacia el oeste hacia Laramie, gire a la izquierda (sur).<\/p>\n<p><strong>CONSEJOS:<\/strong> Durante las horas pico es mejor salir en Addison y dirigirse al oeste hacia Laramie, girar a la izquierda (sur). Tambi\u00e9n se puede acceder a Aguij\u00f3n en trenes y autobuses de la CTA. Para mapas y horarios de CTA, visite<span> <\/span><span style=\"color: #ef0f15;\"><a href=\"https:\/\/web.archive.org\/web\/20201203001456\/http:\/\/www.transitchicago.com\/assets\/1\/clickable_system_map\/200806N.htm\" target=\"_blank\" rel=\"noopener\" style=\"color: #ef0f15;\">www.transitchicago.com<\/a><\/span><\/p>\n<p>[\/et_pb_text][et_pb_text _builder_version=\u00bb4.16&#8243; _module_preset=\u00bbad511e44-b2b2-463b-848a-c39b36c14859&#8243; background_color=\u00bbrgba(255,255,255,0.03)\u00bb background_enable_color=\u00bbon\u00bb global_colors_info=\u00bb{}\u00bb]<\/p>\n<p style=\"text-align: center;\"><strong>Rosario Vargas<\/strong><br \/><em>Cofundadora y Codirectora Art\u00edstica<\/em><br \/><a href=\"https:\/\/web.archive.org\/web\/20201203001456\/mailto:rvargas@aguijontheater.org\"><span style=\"color: #ef0f15;\">rvargas@aguijontheater.org<\/span><\/a><\/p>\n<p style=\"text-align: center;\"><strong>Marcela Mu\u00f1oz<\/strong><br \/><em>Directora Ejecutiva y Codirectora Art\u00edstica<\/em><br \/><span style=\"color: #ef0f15;\"><a href=\"https:\/\/web.archive.org\/web\/20201203001456\/mailto:mmunoz@aguijontheater.org\" style=\"color: #ef0f15;\">mmunoz@aguijontheater.org<\/a><\/span><\/p>\n<p>[\/et_pb_text][\/et_pb_column][\/et_pb_row][\/et_pb_section]<\/p>\n","protected":false},"excerpt":{"rendered":"<p>\u00a1Nos encantar\u00eda saber de ti! B\u00fascanos en: Teatro Aguij\u00f3n Co Direcci\u00f3n: 2707 N.Laramie AveChicago, IL 60639Mapa \/ C\u00f3mo llegar Tel\u00e9fono: (773) 637-5899Direcci\u00f3n: 2707 N Laramie Ave, Chicago, IL 60639 Tel\u00e9fono: (773) 637-5899El Teatro Aguij\u00f3n est\u00e1 ubicado en 2707 North Laramie Avenue, en el coraz\u00f3n del vecindario Cragin de Chicago, aproximadamente 4 cuadras al oeste de [&hellip;]<\/p>\n","protected":false},"author":1,"featured_media":0,"parent":66,"menu_order":0,"comment_status":"closed","ping_status":"closed","template":"","meta":{"_et_pb_use_builder":"on","_et_pb_old_content":"","_et_gb_content_width":"","footnotes":""},"dipi_cpt_category":[],"class_list":["post-241658","page","type-page","status-publish","hentry"],"_links":{"self":[{"href":"https:\/\/aguijontheater.org\/es\/wp-json\/wp\/v2\/pages\/241658"}],"collection":[{"href":"https:\/\/aguijontheater.org\/es\/wp-json\/wp\/v2\/pages"}],"about":[{"href":"https:\/\/aguijontheater.org\/es\/wp-json\/wp\/v2\/types\/page"}],"author":[{"embeddable":true,"href":"https:\/\/aguijontheater.org\/es\/wp-json\/wp\/v2\/users\/1"}],"replies":[{"embeddable":true,"href":"https:\/\/aguijontheater.org\/es\/wp-json\/wp\/v2\/comments?post=241658"}],"version-history":[{"count":55,"href":"https:\/\/aguijontheater.org\/es\/wp-json\/wp\/v2\/pages\/241658\/revisions"}],"predecessor-version":[{"id":248607,"href":"https:\/\/aguijontheater.org\/es\/wp-json\/wp\/v2\/pages\/241658\/revisions\/248607"}],"up":[{"embeddable":true,"href":"https:\/\/aguijontheater.org\/es\/wp-json\/wp\/v2\/pages\/66"}],"wp:attachment":[{"href":"https:\/\/aguijontheater.org\/es\/wp-json\/wp\/v2\/media?parent=241658"}],"wp:term":[{"taxonomy":"dipi_cpt_category","embeddable":true,"href":"https:\/\/aguijontheater.org\/es\/wp-json\/wp\/v2\/dipi_cpt_category?post=241658"}],"curies":[{"name":"wp","href":"https:\/\/api.w.org\/{rel}","templated":true}]}}