{"id":241646,"date":"2021-07-27T19:38:52","date_gmt":"2021-07-27T19:38:52","guid":{"rendered":"https:\/\/aguijon.xblu.com\/volver-a-casa\/sobre-nosotros\/mision\/"},"modified":"2021-11-17T19:13:17","modified_gmt":"2021-11-17T19:13:17","slug":"mision","status":"publish","type":"page","link":"https:\/\/aguijontheater.org\/es\/volver-a-casa\/sobre-nosotros\/mision\/","title":{"rendered":"Missionxx"},"content":{"rendered":"<p>[et_pb_section fb_built=\u00bb1&#8243; admin_label=\u00bbHeader\u00bb _builder_version=\u00bb4.0.6&#8243; use_background_color_gradient=\u00bbon\u00bb background_color_gradient_start=\u00bbrgba(0,0,0,0.5)\u00bb background_color_gradient_end=\u00bb#000000&#8243; background_color_gradient_overlays_image=\u00bbon\u00bb background_image=\u00bbhttps:\/\/aguijontheater.org\/wp-content\/uploads\/\u00bb locked=\u00bboff\u00bb][et_pb_row _builder_version=\u00bb4.0.6&#8243;][et_pb_column type=\u00bb4_4&#8243; _builder_version=\u00bb3.27.3&#8243;][et_pb_text _builder_version=\u00bb4.9.4&#8243; text_text_color=\u00bbrgba(255,255,255,0.5)\u00bb text_font_size=\u00bb16px\u00bb text_line_height=\u00bb1.8em\u00bb header_font=\u00bbMontserrat|300||on|||||\u00bb header_font_size=\u00bb6vw\u00bb header_line_height=\u00bb1.2em\u00bb header_3_font=\u00bbMontserrat|700||on|||||\u00bb header_3_text_color=\u00bbrgba(255,255,255,0.5)\u00bb header_3_font_size=\u00bb16px\u00bb header_3_letter_spacing=\u00bb2px\u00bb header_3_line_height=\u00bb1.4em\u00bb background_layout=\u00bbdark\u00bb header_3_font_size_tablet=\u00bb14px\u00bb header_3_font_size_phone=\u00bb\u00bb header_3_font_size_last_edited=\u00bbon|phone\u00bb text_text_align=\u00bbleft\u00bb locked=\u00bboff\u00bb]<\/p>\n<h3><span style=\"color: #ff0000;\">Acerca de Aguison Theatre<\/span><\/h3>\n<h1>Misi\u00f3n<\/h1>\n<p>[\/et_pb_text][et_pb_button button_text=\u00bbBuscar horarios\u00bb _builder_version=\u00bb4.0.6&#8243; custom_button=\u00bbon\u00bb button_text_size=\u00bb14px\u00bb button_text_color=\u00bb#ffffff\u00bb button_bg_color=\u00bb#f9002b\u00bb button_border_width=\u00bb0px\u00bb button_letter_spacing=\u00bb2px\u00bb button_font=\u00bbMontserrat|600||on|||||\u00bb button_icon=\u00bb%%129%%\u00bb button_icon_placement=\u00bbleft\u00bb button_on_hover=\u00bboff\u00bb custom_padding=\u00bb15px|25px|15px|38px|true|false\u00bb locked=\u00bboff\u00bb button_bg_color__hover=\u00bb#6e42ff\u00bb button_bg_color__hover_enabled=\u00bbon|hover\u00bb button_bg_enable_color__hover=\u00bbon\u00bb][\/et_pb_button][\/et_pb_column][\/et_pb_row][\/et_pb_section][et_pb_section fb_built=\u00bb1&#8243; admin_label=\u00bbCTA\u00bb _builder_version=\u00bb3.27.3&#8243; background_color=\u00bb#000000&#8243; locked=\u00bboff\u00bb][et_pb_row _builder_version=\u00bb3.27.3&#8243; max_width=\u00bb600px\u00bb][et_pb_column type=\u00bb4_4&#8243; _builder_version=\u00bb3.27.3&#8243;][et_pb_text _builder_version=\u00bb4.9.4&#8243; text_text_color=\u00bbrgba(255,255,255,0.5)\u00bb text_font_size=\u00bb16px\u00bb text_line_height=\u00bb1.8em\u00bb header_3_font=\u00bbMontserrat|700||on|||||\u00bb header_3_text_color=\u00bb#f9002b\u00bb header_3_font_size=\u00bb16px\u00bb header_3_letter_spacing=\u00bb2px\u00bb header_3_line_height=\u00bb1.4em\u00bb text_orientation=\u00bbcenter\u00bb background_layout=\u00bbdark\u00bb max_width=\u00bb600px\u00bb module_alignment=\u00bbcenter\u00bb hover_enabled=\u00bb0&#8243; text_font_size_tablet=\u00bb15px\u00bb text_font_size_phone=\u00bb14px\u00bb text_font_size_last_edited=\u00bbon|phone\u00bb header_3_font_size_tablet=\u00bb14px\u00bb header_3_font_size_phone=\u00bb\u00bb header_3_font_size_last_edited=\u00bbon|phone\u00bb sticky_enabled=\u00bb0&#8243;]El Teatro Aguij\u00f3n se dedica a crear experiencias teatrales emocionantes y significativas a trav\u00e9s de la exploraci\u00f3n cultural, la discusi\u00f3n y la representaci\u00f3n de obras biling\u00fces y en espa\u00f1ol de alta calidad. Con un trabajo art\u00edstico impactante, Aguij\u00f3n promueve la diversidad al desafiar e inspirar a su audiencia a superar las barreras idiom\u00e1ticas y cruzar las fronteras culturales.<\/p>\n<p>La misi\u00f3n de Aguij\u00f3n es promover y fomentar el teatro que aborde los problemas sociales que afectan espec\u00edficamente a la comunidad latina de los Estados Unidos ya la poblaci\u00f3n en general; y construir puentes de comunicaci\u00f3n y entendimiento entre las nuevas generaciones latinas, inculc\u00e1ndoles el orgullo por la riqueza de su herencia cultural. La Compa\u00f1\u00eda produce obras de teatro cl\u00e1sicas y contempor\u00e1neas y, a trav\u00e9s de colaboraciones art\u00edsticas, adaptaciones literarias y obras originales, expone al p\u00fablico latino y no latino al teatro en espa\u00f1ol de alta calidad con fines educativos y literarios.<\/p>\n<p>Aguij\u00f3n no discrimina por motivos de nacionalidad, raza, religi\u00f3n, sexo, orientaci\u00f3n sexual o credo pol\u00edtico. La Compa\u00f1\u00eda se esfuerza por aumentar las oportunidades creativas y econ\u00f3micas para actores, directores y trabajadores del teatro de diferentes or\u00edgenes raciales y \u00e9tnicos y proporcionar un foro en el que mostrar sus talentos.[\/et_pb_text][\/et_pb_column][\/et_pb_row][et_pb_row _builder_version=\u00bb4.9.4&#8243; _module_preset=\u00bbdefault\u00bb][et_pb_column type=\u00bb4_4&#8243; _builder_version=\u00bb4.9.4&#8243; _module_preset=\u00bbdefault\u00bb][\/et_pb_column][\/et_pb_row][et_pb_row _builder_version=\u00bb4.9.4&#8243; _module_preset=\u00bbdefault\u00bb][et_pb_column type=\u00bb4_4&#8243; _builder_version=\u00bb4.9.4&#8243; _module_preset=\u00bbdefault\u00bb][\/et_pb_column][\/et_pb_row][\/et_pb_section]<\/p>\n","protected":false},"excerpt":{"rendered":"<p>Acerca de Aguison Theatre Misi\u00f3nEl Teatro Aguij\u00f3n se dedica a crear experiencias teatrales emocionantes y significativas a trav\u00e9s de la exploraci\u00f3n cultural, la discusi\u00f3n y la representaci\u00f3n de obras biling\u00fces y en espa\u00f1ol de alta calidad. Con un trabajo art\u00edstico impactante, Aguij\u00f3n promueve la diversidad al desafiar e inspirar a su audiencia a superar las [&hellip;]<\/p>\n","protected":false},"author":1,"featured_media":0,"parent":241625,"menu_order":0,"comment_status":"closed","ping_status":"closed","template":"","meta":{"_et_pb_use_builder":"on","_et_pb_old_content":"","_et_gb_content_width":"","footnotes":""},"dipi_cpt_category":[],"class_list":["post-241646","page","type-page","status-publish","hentry"],"_links":{"self":[{"href":"https:\/\/aguijontheater.org\/es\/wp-json\/wp\/v2\/pages\/241646"}],"collection":[{"href":"https:\/\/aguijontheater.org\/es\/wp-json\/wp\/v2\/pages"}],"about":[{"href":"https:\/\/aguijontheater.org\/es\/wp-json\/wp\/v2\/types\/page"}],"author":[{"embeddable":true,"href":"https:\/\/aguijontheater.org\/es\/wp-json\/wp\/v2\/users\/1"}],"replies":[{"embeddable":true,"href":"https:\/\/aguijontheater.org\/es\/wp-json\/wp\/v2\/comments?post=241646"}],"version-history":[{"count":14,"href":"https:\/\/aguijontheater.org\/es\/wp-json\/wp\/v2\/pages\/241646\/revisions"}],"predecessor-version":[{"id":245092,"href":"https:\/\/aguijontheater.org\/es\/wp-json\/wp\/v2\/pages\/241646\/revisions\/245092"}],"up":[{"embeddable":true,"href":"https:\/\/aguijontheater.org\/es\/wp-json\/wp\/v2\/pages\/241625"}],"wp:attachment":[{"href":"https:\/\/aguijontheater.org\/es\/wp-json\/wp\/v2\/media?parent=241646"}],"wp:term":[{"taxonomy":"dipi_cpt_category","embeddable":true,"href":"https:\/\/aguijontheater.org\/es\/wp-json\/wp\/v2\/dipi_cpt_category?post=241646"}],"curies":[{"name":"wp","href":"https:\/\/api.w.org\/{rel}","templated":true}]}}