{"id":241643,"date":"2021-07-27T19:38:43","date_gmt":"2021-07-27T19:38:43","guid":{"rendered":"https:\/\/aguijon.xblu.com\/volver-a-casa\/aguizoom\/"},"modified":"2024-08-14T16:35:33","modified_gmt":"2024-08-14T16:35:33","slug":"aguizoom","status":"publish","type":"page","link":"https:\/\/aguijontheater.org\/es\/volver-a-casa\/aguizoom\/","title":{"rendered":"Aguizo\u00f3m"},"content":{"rendered":"<p>[et_pb_section fb_built=\u00bb1&#8243; admin_label=\u00bbHeader\u00bb _builder_version=\u00bb4.16&#8243; use_background_color_gradient=\u00bbon\u00bb background_color_gradient_stops=\u00bbrgba(255,255,255,0.72) 0%|#ffffff 100%\u00bb background_color_gradient_overlays_image=\u00bbon\u00bb background_color_gradient_start=\u00bbrgba(255,255,255,0.72)\u00bb background_color_gradient_end=\u00bb#ffffff\u00bb background_image=\u00bbhttps:\/\/aguijontheater.org\/wp-content\/uploads\/2021\/11\/at-bg.png\u00bb custom_padding=\u00bb|||0px||\u00bb top_divider_style=\u00bbslant2&#8243; top_divider_color=\u00bb#000000&#8243; top_divider_flip=\u00bbhorizontal\u00bb bottom_divider_style=\u00bbslant2&#8243; bottom_divider_color=\u00bb#000000&#8243; bottom_divider_flip=\u00bbhorizontal\u00bb locked=\u00bboff\u00bb global_colors_info=\u00bb{}\u00bb][et_pb_row column_structure=\u00bb1_2,1_2&#8243; _builder_version=\u00bb4.27.0&#8243; custom_margin=\u00bb55px||||false|false\u00bb hover_enabled=\u00bb0&#8243; global_colors_info=\u00bb{}\u00bb disabled_on=\u00bboff|off|off\u00bb sticky_enabled=\u00bb0&#8243;][et_pb_column type=\u00bb1_2&#8243; _builder_version=\u00bb4.16&#8243; global_colors_info=\u00bb{}\u00bb][et_pb_text _builder_version=\u00bb4.24.2&#8243; text_font=\u00bb||||||||\u00bb text_text_color=\u00bb#000000&#8243; text_font_size=\u00bb16px\u00bb text_line_height=\u00bb1.8em\u00bb header_font=\u00bbMontserrat|600||on|||||\u00bb header_text_color=\u00bb#000000&#8243; header_font_size=\u00bb3vw\u00bb header_line_height=\u00bb1.2em\u00bb header_3_font=\u00bbMontserrat|700||on|||||\u00bb header_3_text_color=\u00bbrgba(255,255,255,0.5)\u00bb header_3_font_size=\u00bb16px\u00bb header_3_letter_spacing=\u00bb2px\u00bb header_3_line_height=\u00bb1.4em\u00bb background_layout=\u00bbdark\u00bb header_3_font_size_tablet=\u00bb14px\u00bb header_3_font_size_phone=\u00bb\u00bb header_3_font_size_last_edited=\u00bbon|phone\u00bb text_text_align=\u00bbleft\u00bb locked=\u00bboff\u00bb global_colors_info=\u00bb{}\u00bb]<\/p>\n<h1>HABLEMOS DE TEATRO<\/h1>\n<p><span>Desde nuestros inicios hemos mantenido una conversaci\u00f3n constante con nuestros colegas, por eso establecimos una reuni\u00f3n mensual denominada: HABLEMOS DE TEATRO CON AGUIJ\u00d3N. Donde nos reun\u00edamos con directores, actores, dramaturgos, dise\u00f1adores y, otros artistas escenicos para discutir temas especif\u00edcos, brindando un espacio al artista donde pudiera exhibir su trabajo y establecer un di\u00e1logo directo con el p\u00fablico. Las charlas se celebraban el \u00faltimo martes de cada mes, pero a partir del a\u00f1o 2020 fueron suspendidas por la pandemia, por lo cual creamos: AGUIZO\u00d3M, -una plataforma virtual para reanudar la conversaci\u00f3n-.<\/span><\/p>\n<p><span>Con AGUIZO\u00d3M <\/span><span>realizaremos entrevistas en directo sobre temas concretos con invitados expertos. Estas reuniones son realizadas a trav\u00e9s de Zoom y tienen una duraci\u00f3n de 40 minutos. incluyen comentarios, testimonios de los panelistas, elementos visuales (fotos, videos, multimedia, gr\u00e1ficos) y una secci\u00f3n de preguntas y respuestas a trav\u00e9s del chat. Cada programa es subtitulado, grabado, y archivado en esta p\u00e1gina para que el p\u00fablico que no asisti\u00f3, en vivo, pueda verlo en el momento que lo desee.<\/span><\/p>\n<p><span>Las reuniones son gratuitas, abiertas al p\u00fablico y pueden verse y compartirse en vivo en nuestras plataformas sociales y posteriormente en el historial de esta p\u00e1gina.<\/span><\/p>\n<p>[\/et_pb_text][\/et_pb_column][et_pb_column type=\u00bb1_2&#8243; _builder_version=\u00bb4.16&#8243; global_colors_info=\u00bb{}\u00bb][et_pb_video_slider _builder_version=\u00bb4.16&#8243; _module_preset=\u00bbdefault\u00bb global_colors_info=\u00bb{}\u00bb][et_pb_video_slider_item src=\u00bbhttps:\/\/www.youtube.com\/watch?v=NdvatfeYhxM&#038;t=45s\u00bb _builder_version=\u00bb4.9.4&#8243; _module_preset=\u00bbdefault\u00bb global_colors_info=\u00bb{}\u00bb show_image_overlay=\u00bboff\u00bb][\/et_pb_video_slider_item][et_pb_video_slider_item src=\u00bbhttps:\/\/www.youtube.com\/watch?v=bbn74qNuz2U&#038;t=128s\u00bb _builder_version=\u00bb4.9.4&#8243; _module_preset=\u00bbdefault\u00bb global_colors_info=\u00bb{}\u00bb show_image_overlay=\u00bboff\u00bb][\/et_pb_video_slider_item][et_pb_video_slider_item src=\u00bbhttps:\/\/www.youtube.com\/watch?v=bbn74qNuz2U&#038;t=128s\u00bb _builder_version=\u00bb4.9.4&#8243; _module_preset=\u00bbdefault\u00bb global_colors_info=\u00bb{}\u00bb show_image_overlay=\u00bboff\u00bb][\/et_pb_video_slider_item][\/et_pb_video_slider][\/et_pb_column][\/et_pb_row][et_pb_row column_structure=\u00bb1_2,1_2&#8243; _builder_version=\u00bb4.27.0&#8243; _module_preset=\u00bbdefault\u00bb hover_enabled=\u00bb0&#8243; global_colors_info=\u00bb{}\u00bb disabled_on=\u00bboff|off|off\u00bb sticky_enabled=\u00bb0&#8243;][et_pb_column type=\u00bb1_2&#8243; _builder_version=\u00bb4.16&#8243; _module_preset=\u00bbdefault\u00bb global_colors_info=\u00bb{}\u00bb][et_pb_divider color=\u00bb#DE0100&#8243; divider_weight=\u00bb4px\u00bb _builder_version=\u00bb4.16&#8243; _module_preset=\u00bbdefault\u00bb global_colors_info=\u00bb{}\u00bb][\/et_pb_divider][et_pb_text _builder_version=\u00bb4.24.2&#8243; text_font=\u00bb||||||||\u00bb text_text_color=\u00bb#000000&#8243; text_font_size=\u00bb16px\u00bb text_line_height=\u00bb1.8em\u00bb header_font=\u00bbMontserrat|600||on|||||\u00bb header_text_color=\u00bb#000000&#8243; header_font_size=\u00bb3vw\u00bb header_line_height=\u00bb1.2em\u00bb header_3_font=\u00bbMontserrat|700||on|||||\u00bb header_3_text_color=\u00bb#000000&#8243; header_3_font_size=\u00bb16px\u00bb header_3_letter_spacing=\u00bb2px\u00bb header_3_line_height=\u00bb1.4em\u00bb background_layout=\u00bbdark\u00bb header_3_font_size_tablet=\u00bb14px\u00bb header_3_font_size_phone=\u00bb\u00bb header_3_font_size_last_edited=\u00bbon|phone\u00bb text_text_align=\u00bbleft\u00bb locked=\u00bboff\u00bb global_colors_info=\u00bb{%22gcid-d5593506-794c-4e2e-8fea-c2751d9fe364%22:%91%93,%22gcid-6737696d-265b-47ae-8080-27bb358a6235%22:%91%22header_2_text_color%22%93}\u00bb]<\/p>\n<h1 class=\"page-title\"><span style=\"color: #000000;\">Los ganadores<\/span><\/h1>\n<h3><span style=\"color: #000000;\">CONCURSO INTERNACIONAL DE DRAMATURGIA AGUIJ\u00d3N THEATER 2020<\/span><\/h3>\n<p><span style=\"color: #000000;\">Conozca a los ganadores del 2020<\/span><\/p>\n<ul>\n<li><span style=\"color: #000000;\"><strong>1er premio<\/strong>: Jose Manuel Hidalgo <em>El no lugar<\/em><\/span><\/li>\n<li><span style=\"color: #000000;\"><strong>Menci\u00f3n honor\u00edfica:<\/strong>\u00a0Teresa D\u00edaz del Guante <em>Monstruo bajo Tierra<\/em><em><\/em><\/span><\/li>\n<\/ul>\n<p><span style=\"color: #000000;\">Entrevistados por Andrea Ojeda.\u00a0<\/span><\/p>\n<p>[\/et_pb_text][et_pb_button button_url=\u00bbhttps:\/\/aguijontheater.org\/es\/aguizoom-conoce-a-los-ganadores-del-premio-internacional-de-drama-hispano-de-chicago-2020\/\u00bb button_text=\u00bbVer la discusi\u00f3n completa en Aguizo\u00f3m\u00bb button_alignment=\u00bbleft\u00bb _builder_version=\u00bb4.27.0&#8243; _module_preset=\u00bbdefault\u00bb custom_button=\u00bbon\u00bb button_text_size=\u00bb14px\u00bb button_text_color=\u00bb#ffffff\u00bb button_bg_color=\u00bb#EF0F15&#8243; button_border_width=\u00bb0px\u00bb button_border_color=\u00bb#FE0000&#8243; button_letter_spacing=\u00bb2px\u00bb button_font=\u00bbMontserrat|600||on|||||\u00bb button_use_icon=\u00bboff\u00bb animation_style=\u00bbfade\u00bb animation_duration=\u00bb1600ms\u00bb animation_delay=\u00bb400ms\u00bb hover_enabled=\u00bb0&#8243; global_colors_info=\u00bb{%22gcid-6737696d-265b-47ae-8080-27bb358a6235%22:%91%93}\u00bb button_bg_color__hover_enabled=\u00bbon|hover\u00bb button_bg_color__hover=\u00bb#A1A09D\u00bb button_bg_enable_color__hover=\u00bbon\u00bb button_text_color__hover=\u00bb#000000&#8243; button_text_color__hover_enabled=\u00bbon|hover\u00bb button_border_color__hover=\u00bbrgba(0,0,0,0)\u00bb button_border_color__hover_enabled=\u00bbon|hover\u00bb disabled_on=\u00bbon|off|off\u00bb sticky_enabled=\u00bb0&#8243;][\/et_pb_button][\/et_pb_column][et_pb_column type=\u00bb1_2&#8243; _builder_version=\u00bb4.16&#8243; _module_preset=\u00bbdefault\u00bb global_colors_info=\u00bb{}\u00bb][et_pb_image src=\u00bbhttps:\/\/aguijontheater.org\/wp-content\/uploads\/2021\/03\/Ganadores.jpg\u00bb title_text=\u00bbGanadores\u00bb _builder_version=\u00bb4.16&#8243; _module_preset=\u00bbdefault\u00bb global_colors_info=\u00bb{}\u00bb][\/et_pb_image][\/et_pb_column][\/et_pb_row][et_pb_row column_structure=\u00bb1_2,1_2&#8243; _builder_version=\u00bb4.27.0&#8243; _module_preset=\u00bbdefault\u00bb hover_enabled=\u00bb0&#8243; global_colors_info=\u00bb{}\u00bb disabled_on=\u00bboff|off|off\u00bb sticky_enabled=\u00bb0&#8243;][et_pb_column type=\u00bb1_2&#8243; _builder_version=\u00bb4.16&#8243; _module_preset=\u00bbdefault\u00bb global_colors_info=\u00bb{}\u00bb][et_pb_image src=\u00bbhttps:\/\/aguijontheater.org\/wp-content\/uploads\/2021\/04\/CLATA.png\u00bb title_text=\u00bbCLATA\u00bb _builder_version=\u00bb4.16&#8243; _module_preset=\u00bbdefault\u00bb global_colors_info=\u00bb{}\u00bb][\/et_pb_image][\/et_pb_column][et_pb_column type=\u00bb1_2&#8243; _builder_version=\u00bb4.16&#8243; _module_preset=\u00bbdefault\u00bb global_colors_info=\u00bb{}\u00bb][et_pb_divider color=\u00bb#DE0100&#8243; divider_weight=\u00bb4px\u00bb _builder_version=\u00bb4.16&#8243; _module_preset=\u00bbdefault\u00bb global_colors_info=\u00bb{}\u00bb][\/et_pb_divider][et_pb_text _builder_version=\u00bb4.16&#8243; text_font=\u00bb||||||||\u00bb text_text_color=\u00bb#000000&#8243; text_font_size=\u00bb16px\u00bb text_line_height=\u00bb1.8em\u00bb header_font=\u00bbMontserrat|600||on|||||\u00bb header_text_color=\u00bb#000000&#8243; header_font_size=\u00bb3vw\u00bb header_line_height=\u00bb1.2em\u00bb header_3_font=\u00bbMontserrat|700||on|||||\u00bb header_3_text_color=\u00bbrgba(255,255,255,0.5)\u00bb header_3_font_size=\u00bb16px\u00bb header_3_letter_spacing=\u00bb2px\u00bb header_3_line_height=\u00bb1.4em\u00bb background_layout=\u00bbdark\u00bb header_3_font_size_tablet=\u00bb14px\u00bb header_3_font_size_phone=\u00bb\u00bb header_3_font_size_last_edited=\u00bbon|phone\u00bb text_text_align=\u00bbleft\u00bb locked=\u00bboff\u00bb global_colors_info=\u00bb{%22gcid-d5593506-794c-4e2e-8fea-c2751d9fe364%22:%91%22header_3_text_color%22%93,%22gcid-6737696d-265b-47ae-8080-27bb358a6235%22:%91%22header_2_text_color%22%93}\u00bb]<\/p>\n<h1 class=\"page-title\">Destinos de teatro latino<\/h1>\n<h3><span style=\"color: #000000;\">El CONCURSO INTERNACIONAL DE DRAMATURGIA AGUIJ\u00d3N THEATER 2020<\/span><\/h3>\n<div class=\"panel-body\">\n<p><span style=\"color: #000000;\">Una conversaci\u00f3n sobre la <a href=\"https:\/\/web.archive.org\/web\/20201203015436\/https:\/\/www.clata.org\/\" style=\"color: #000000;\">Alianza Latina de Teatro de Chicago<\/a> y su Festival Internacional de Teatro Latino de Chicago &#8211; <em>Destinos<\/em>. Nos acompa\u00f1ar\u00e1n la fundadora y directora ejecutiva Myrna Salazar y su equipo Christine P\u00e9rez, Sara Carranza y Esteban Schemberg.<\/span><\/p>\n<p><span style=\"color: #000000;\">El Chicago Latino Theater Alliance (CLATA) se compromete a atraer, fomentar y exhibir nuevas obras que inviten a la reflexi\u00f3n de dramaturgos latinos emergentes, al tiempo que preserva y promueve las mejores obras de artistas cl\u00e1sicos y contempor\u00e1neos, para inspirar a una audiencia intercultural.<\/span><\/p>\n<p><span style=\"color: #000000;\">CLATA trabaja para mostrar a los dramaturgos, actores y directores latinos de EE. UU. Nuevos y actuales que invitan a la reflexi\u00f3n, principalmente en Chicago, junto con sus hom\u00f3logos nacionales e internacionales. CLATA se esfuerza por preservar el patrimonio cultural y servir como un conducto para promover e identificar obras nuevas y temerarias.<\/span><\/p>\n<\/div>\n<p>[\/et_pb_text][et_pb_button button_url=\u00bbhttps:\/\/aguijontheater.org\/es\/aguizoom-festival-internacional-de-teatro-latino-de-chicago-2020-de-la-chicago-theatre-alliance\/\u00bb button_text=\u00bbVer la discusi\u00f3n completa en Aguizo\u00f3m\u00bb button_alignment=\u00bbleft\u00bb _builder_version=\u00bb4.27.0&#8243; _module_preset=\u00bbdefault\u00bb custom_button=\u00bbon\u00bb button_text_size=\u00bb14px\u00bb button_text_color=\u00bb#ffffff\u00bb button_bg_color=\u00bb#EF0F15&#8243; button_border_width=\u00bb0px\u00bb button_border_color=\u00bb#FE0000&#8243; button_letter_spacing=\u00bb2px\u00bb button_font=\u00bbMontserrat|600||on|||||\u00bb button_use_icon=\u00bboff\u00bb animation_style=\u00bbfade\u00bb animation_duration=\u00bb1600ms\u00bb animation_delay=\u00bb400ms\u00bb hover_enabled=\u00bb0&#8243; locked=\u00bboff\u00bb global_colors_info=\u00bb{%22gcid-6737696d-265b-47ae-8080-27bb358a6235%22:%91%93}\u00bb button_bg_color__hover_enabled=\u00bbon|hover\u00bb button_bg_color__hover=\u00bb#A1A09D\u00bb button_bg_enable_color__hover=\u00bbon\u00bb button_text_color__hover=\u00bb#000000&#8243; button_text_color__hover_enabled=\u00bbon|hover\u00bb button_border_color__hover=\u00bbrgba(0,0,0,0)\u00bb button_border_color__hover_enabled=\u00bbon|hover\u00bb disabled_on=\u00bbon|off|off\u00bb sticky_enabled=\u00bb0&#8243;][\/et_pb_button][\/et_pb_column][\/et_pb_row][et_pb_row column_structure=\u00bb1_2,1_2&#8243; _builder_version=\u00bb4.27.0&#8243; _module_preset=\u00bbdefault\u00bb hover_enabled=\u00bb0&#8243; global_colors_info=\u00bb{}\u00bb disabled_on=\u00bboff|off|off\u00bb sticky_enabled=\u00bb0&#8243;][et_pb_column type=\u00bb1_2&#8243; _builder_version=\u00bb4.16&#8243; _module_preset=\u00bbdefault\u00bb global_colors_info=\u00bb{}\u00bb][et_pb_divider color=\u00bb#E02B20&#8243; divider_weight=\u00bb4px\u00bb _builder_version=\u00bb4.16&#8243; _module_preset=\u00bbdefault\u00bb global_colors_info=\u00bb{}\u00bb][\/et_pb_divider][et_pb_text _builder_version=\u00bb4.16&#8243; text_font=\u00bb||||||||\u00bb text_text_color=\u00bb#000000&#8243; text_font_size=\u00bb16px\u00bb text_line_height=\u00bb1.8em\u00bb header_font=\u00bbMontserrat|600||on|||||\u00bb header_text_color=\u00bb#000000&#8243; header_font_size=\u00bb3vw\u00bb header_line_height=\u00bb1.2em\u00bb header_3_font=\u00bbMontserrat|700||on|||||\u00bb header_3_text_color=\u00bbrgba(255,255,255,0.5)\u00bb header_3_font_size=\u00bb16px\u00bb header_3_letter_spacing=\u00bb2px\u00bb header_3_line_height=\u00bb1.4em\u00bb background_layout=\u00bbdark\u00bb header_3_font_size_tablet=\u00bb14px\u00bb header_3_font_size_phone=\u00bb\u00bb header_3_font_size_last_edited=\u00bbon|phone\u00bb text_text_align=\u00bbleft\u00bb locked=\u00bboff\u00bb global_colors_info=\u00bb{%22gcid-d5593506-794c-4e2e-8fea-c2751d9fe364%22:%91%22header_3_text_color%22,%22header_3_text_color%22%93,%22gcid-6737696d-265b-47ae-8080-27bb358a6235%22:%91%22header_2_text_color%22,%22header_2_text_color%22%93}\u00bb]<\/p>\n<h1 class=\"page-title\">Cuatro comienzos<\/h1>\n<h3><span style=\"color: #000000;\">Conoce a cuatro dramaturgos y sus inicios<\/span><\/h3>\n<div class=\"panel-body\">\n<p><span style=\"color: #000000;\">Escuche y participe en la conversaci\u00f3n con nuestros invitados, los escritores Rey And\u00fajar, Guadal\u00eds del Carmen, Ra\u00fal Dorantes y Teresa Dovalpage, quienes hablar\u00e1n sobre sus inicios en la dramaturgia con Teatro Aguij\u00f3n, su trabajo actual y otros detalles sobre su proceso.<\/span><\/p>\n<\/div>\n<p>[\/et_pb_text][et_pb_button button_url=\u00bbhttps:\/\/aguijontheater.org\/es\/aguizoom-festival-internacional-de-teatro-latino-de-chicago-2020-de-la-chicago-theatre-alliance\/\u00bb button_text=\u00bbVer la discusi\u00f3n completa en Aguizo\u00f3m\u00bb button_alignment=\u00bbleft\u00bb _builder_version=\u00bb4.27.0&#8243; _module_preset=\u00bbdefault\u00bb custom_button=\u00bbon\u00bb button_text_size=\u00bb14px\u00bb button_text_color=\u00bb#ffffff\u00bb button_bg_color=\u00bb#EF0F15&#8243; button_border_width=\u00bb0px\u00bb button_border_color=\u00bb#FE0000&#8243; button_letter_spacing=\u00bb2px\u00bb button_font=\u00bbMontserrat|600||on|||||\u00bb button_use_icon=\u00bboff\u00bb animation_style=\u00bbfade\u00bb animation_duration=\u00bb1600ms\u00bb animation_delay=\u00bb400ms\u00bb hover_enabled=\u00bb0&#8243; locked=\u00bboff\u00bb global_colors_info=\u00bb{%22gcid-6737696d-265b-47ae-8080-27bb358a6235%22:%91%93}\u00bb button_bg_color__hover_enabled=\u00bbon|hover\u00bb button_bg_color__hover=\u00bb#A1A09D\u00bb button_bg_enable_color__hover=\u00bbon\u00bb button_text_color__hover=\u00bb#000000&#8243; button_text_color__hover_enabled=\u00bbon|hover\u00bb button_border_color__hover=\u00bbrgba(0,0,0,0)\u00bb button_border_color__hover_enabled=\u00bbon|hover\u00bb disabled_on=\u00bbon|off|off\u00bb sticky_enabled=\u00bb0&#8243;][\/et_pb_button][\/et_pb_column][et_pb_column type=\u00bb1_2&#8243; _builder_version=\u00bb4.16&#8243; _module_preset=\u00bbdefault\u00bb global_colors_info=\u00bb{}\u00bb][et_pb_image src=\u00bbhttps:\/\/aguijontheater.org\/wp-content\/uploads\/2021\/04\/4-Dramaturgos_Invitacion.png\u00bb title_text=\u00bb4-Dramaturgos_Invitacion\u00bb _builder_version=\u00bb4.16&#8243; _module_preset=\u00bbdefault\u00bb global_colors_info=\u00bb{}\u00bb][\/et_pb_image][\/et_pb_column][\/et_pb_row][\/et_pb_section]<\/p>\n","protected":false},"excerpt":{"rendered":"<p>HABLEMOS DE TEATRO Desde nuestros inicios hemos mantenido una conversaci\u00f3n constante con nuestros colegas, por eso establecimos una reuni\u00f3n mensual denominada: HABLEMOS DE TEATRO CON AGUIJ\u00d3N. Donde nos reun\u00edamos con directores, actores, dramaturgos, dise\u00f1adores y, otros artistas escenicos para discutir temas especif\u00edcos, brindando un espacio al artista donde pudiera exhibir su trabajo y establecer un [&hellip;]<\/p>\n","protected":false},"author":1,"featured_media":0,"parent":66,"menu_order":0,"comment_status":"closed","ping_status":"closed","template":"","meta":{"_et_pb_use_builder":"on","_et_pb_old_content":"","_et_gb_content_width":"","footnotes":""},"dipi_cpt_category":[],"class_list":["post-241643","page","type-page","status-publish","hentry"],"_links":{"self":[{"href":"https:\/\/aguijontheater.org\/es\/wp-json\/wp\/v2\/pages\/241643"}],"collection":[{"href":"https:\/\/aguijontheater.org\/es\/wp-json\/wp\/v2\/pages"}],"about":[{"href":"https:\/\/aguijontheater.org\/es\/wp-json\/wp\/v2\/types\/page"}],"author":[{"embeddable":true,"href":"https:\/\/aguijontheater.org\/es\/wp-json\/wp\/v2\/users\/1"}],"replies":[{"embeddable":true,"href":"https:\/\/aguijontheater.org\/es\/wp-json\/wp\/v2\/comments?post=241643"}],"version-history":[{"count":143,"href":"https:\/\/aguijontheater.org\/es\/wp-json\/wp\/v2\/pages\/241643\/revisions"}],"predecessor-version":[{"id":248788,"href":"https:\/\/aguijontheater.org\/es\/wp-json\/wp\/v2\/pages\/241643\/revisions\/248788"}],"up":[{"embeddable":true,"href":"https:\/\/aguijontheater.org\/es\/wp-json\/wp\/v2\/pages\/66"}],"wp:attachment":[{"href":"https:\/\/aguijontheater.org\/es\/wp-json\/wp\/v2\/media?parent=241643"}],"wp:term":[{"taxonomy":"dipi_cpt_category","embeddable":true,"href":"https:\/\/aguijontheater.org\/es\/wp-json\/wp\/v2\/dipi_cpt_category?post=241643"}],"curies":[{"name":"wp","href":"https:\/\/api.w.org\/{rel}","templated":true}]}}