{"id":241618,"date":"2021-07-27T19:36:14","date_gmt":"2021-07-27T19:36:14","guid":{"rendered":"https:\/\/aguijon.xblu.com\/tablero\/"},"modified":"2024-09-17T18:13:28","modified_gmt":"2024-09-17T18:13:28","slug":"tablero","status":"publish","type":"page","link":"https:\/\/aguijontheater.org\/es\/volver-a-casa\/sobre-nosotros\/tablero\/","title":{"rendered":"Mesa directiva"},"content":{"rendered":"<p>[et_pb_section fb_built=\u00bb1&#8243; admin_label=\u00bbHeader\u00bb _builder_version=\u00bb4.16&#8243; custom_padding=\u00bb|||0px||\u00bb top_divider_style=\u00bbwave2&#8243; top_divider_color=\u00bb#DE0100&#8243; top_divider_flip=\u00bbhorizontal\u00bb bottom_divider_style=\u00bbslant2&#8243; bottom_divider_color=\u00bb#000000&#8243; locked=\u00bboff\u00bb global_colors_info=\u00bb{}\u00bb background_color=\u00bb#000000&#8243; background_enable_image=\u00bboff\u00bb background_position=\u00bbtop_left\u00bb top_divider_height=\u00bb150px\u00bb][et_pb_row disabled_on=\u00bboff|off|off\u00bb _builder_version=\u00bb4.27.0&#8243; global_colors_info=\u00bb{}\u00bb][et_pb_column type=\u00bb4_4&#8243; _builder_version=\u00bb4.16&#8243; global_colors_info=\u00bb{}\u00bb][et_pb_text _builder_version=\u00bb4.27.0&#8243; text_font=\u00bb||||||||\u00bb text_text_color=\u00bbrgba(255,255,255,0.5)\u00bb text_font_size=\u00bb16px\u00bb text_line_height=\u00bb1.8em\u00bb header_font=\u00bbMontserrat|600||on|||||\u00bb header_font_size=\u00bb42px\u00bb header_2_font=\u00bbMontserrat|300|||||||\u00bb header_2_text_color=\u00bbgcid-6737696d-265b-47ae-8080-27bb358a6235&#8243; header_2_font_size=\u00bb50px\u00bb header_2_line_height=\u00bb1.1em\u00bb header_3_font=\u00bbMontserrat|700||on|||||\u00bb header_3_text_color=\u00bbgcid-d5593506-794c-4e2e-8fea-c2751d9fe364&#8243; header_3_font_size=\u00bb14px\u00bb header_3_letter_spacing=\u00bb2px\u00bb header_3_line_height=\u00bb1.4em\u00bb background_layout=\u00bbdark\u00bb hover_enabled=\u00bb0&#8243; header_2_font_size_tablet=\u00bb40px\u00bb header_2_font_size_phone=\u00bb30px\u00bb header_2_font_size_last_edited=\u00bbon|phone\u00bb header_3_font_size_tablet=\u00bb14px\u00bb header_3_font_size_phone=\u00bb\u00bb header_3_font_size_last_edited=\u00bbon|phone\u00bb text_text_align=\u00bbleft\u00bb locked=\u00bboff\u00bb global_colors_info=\u00bb{%22gcid-d5593506-794c-4e2e-8fea-c2751d9fe364%22:%91%22header_3_text_color%22%93,%22gcid-6737696d-265b-47ae-8080-27bb358a6235%22:%91%22header_2_text_color%22%93}\u00bb sticky_enabled=\u00bb0&#8243;]<\/p>\n<h1 style=\"text-align: center;\"><strong><span style=\"color: #ff0000;\">Junta Directiva de Aguij\u00f3n<\/span><\/strong><\/h1>\n<h1><\/h1>\n<p>[\/et_pb_text][\/et_pb_column][\/et_pb_row][et_pb_row disabled_on=\u00bboff|off|off\u00bb _builder_version=\u00bb4.27.0&#8243; _module_preset=\u00bbdefault\u00bb global_colors_info=\u00bb{}\u00bb][et_pb_column type=\u00bb4_4&#8243; _builder_version=\u00bb4.16&#8243; _module_preset=\u00bbdefault\u00bb global_colors_info=\u00bb{}\u00bb][et_pb_team_member name=\u00bbMar\u00eda J. Vargas\u00bb position=\u00bbBOARD PRESIDENT\u00bb name_tablet=\u00bbMar\u00eda J. Vargas\u00bb name_phone=\u00bbMar\u00eda J. Vargas\u00bb name_last_edited=\u00bbon|phone\u00bb content_tablet=\u00bb<\/p>\n<p style=%22text-align: left;%22>Mar\u00eda J. Vargas, Ph.D. is a distinguished Professor Emerita, St. Augustine College in Chicago. She is currently is the Education Coordinator for the Head Start Program at Mary Crane League. Dr. Vargas earned a doctorate degree in Educational Leadership from DePaul University, Chicago. Dr. Vargas\u2019 research interest lies in examining policies, services, and programs that impact the educational opportunities of bilingual students. She is a former member of the Chicago Board of Education (1990-1995). Dr. Vargas is an active member of the National Association for the Education of Young Children (NAEYC), Illinois Early Learning Council, Multilingual Chicago, Association for Childhood Education International (ACEI), World Organization for Early Childhood Education (OMEP), and National Association for Bilingual Education (NABE). Dr. Vargas has participated in and made presentations on topics related to bilingual education at various conferences at the local, state, national, and international level.<\/p>\n<p>\u00bb content_phone=\u00bb<\/p>\n<p style=%22text-align: left;%22>Mar\u00eda J. Vargas, Ph.D. is a distinguished Professor Emerita, St. Augustine College in Chicago. She is currently is the Education Coordinator for the Head Start Program at Mary Crane League. Dr. Vargas earned a doctorate degree in Educational Leadership from DePaul University, Chicago. Dr. Vargas\u2019 research interest lies in examining policies, services, and programs that impact the educational opportunities of bilingual students. She is a former member of the Chicago Board of Education (1990-1995). Dr. Vargas is an active member of the National Association for the Education of Young Children (NAEYC), Illinois Early Learning Council, Multilingual Chicago, Association for Childhood Education International (ACEI), World Organization for Early Childhood Education (OMEP), and National Association for Bilingual Education (NABE). Dr. Vargas has participated in and made presentations on topics related to bilingual education at various conferences at the local, state, national, and international level.<\/p>\n<p>\u00bb content_last_edited=\u00bbon|phone\u00bb _builder_version=\u00bb4.27.0&#8243; _module_preset=\u00bbdefault\u00bb header_text_color=\u00bb#FFFFFF\u00bb header_font_size=\u00bb20px\u00bb header_line_height=\u00bb0.6em\u00bb body_text_color=\u00bb#FFFFFF\u00bb body_font_size=\u00bb16px\u00bb position_font=\u00bb|600|||||||\u00bb position_font_size=\u00bb16px\u00bb background_color=\u00bb#000000&#8243; custom_padding=\u00bb20px|30px|20px|30px|true|true\u00bb global_colors_info=\u00bb{}\u00bb]<\/p>\n<p style=\"text-align: left;\">Mar\u00eda J. Vargas, Ph.D. es una distinguida profesora em\u00e9rita del St. Augustine College de Chicago. La Dra. Vargas obtuvo un doctorado en Liderazgo Educativo de la Universidad DePaul, Chicago. El inter\u00e9s de investigaci\u00f3n de la Dra. Vargas radica en examinar pol\u00edticas, servicios y programas que impactan las oportunidades educativas de los estudiantes biling\u00fces. Es ex miembro de la Junta de Educaci\u00f3n de Chicago (1990 1995). La Dra. Vargas es miembro activo de la Asociaci\u00f3n Nacional para la Educaci\u00f3n de Ni\u00f1os Peque\u00f1os (NAEYC), el Consejo de Aprendizaje Temprano de Illinois, Chicago Multiling\u00fce, la Asociaci\u00f3n Internacional para la Educaci\u00f3n Infantil (ACEI), la Organizaci\u00f3n Mundial para la Educaci\u00f3n Infantil (OMEP) y la Asociaci\u00f3n Nacional para la Educaci\u00f3n Infantil (NAEYC). Asociaci\u00f3n para la Educaci\u00f3n Biling\u00fce (NABE). La Dra. Vargas ha participado y realizado presentaciones sobre temas relacionados con la educaci\u00f3n biling\u00fce en diversos congresos a nivel local, estatal, nacional e internacional.<\/p>\n<p>[\/et_pb_team_member][et_pb_team_member name=\u00bbBernadette (Berni) Townsley\u00bb position=\u00bbBOARD TREASURER\u00bb _builder_version=\u00bb4.27.0&#8243; _module_preset=\u00bbdefault\u00bb header_text_color=\u00bb#FFFFFF\u00bb header_font_size=\u00bb20px\u00bb header_line_height=\u00bb0.6em\u00bb body_text_color=\u00bb#FFFFFF\u00bb body_font_size=\u00bb16px\u00bb position_font=\u00bb|600|||||||\u00bb position_font_size=\u00bb14px\u00bb background_color=\u00bb#000000&#8243; custom_padding=\u00bb20px|30px|20px|30px|true|true\u00bb text_orientation_tablet=\u00bb\u00bb text_orientation_phone=\u00bb\u00bb text_orientation_last_edited=\u00bbon|phone\u00bb global_colors_info=\u00bb{}\u00bb]<\/p>\n<p style=\"text-align: left;\">Berni Townsley currently works for Capital One Corporate Banking in Chicago as AVP\/Senior Manager of Strategic Programs. She is part of the Strategic Investments Group. She works with private funds and their asset managers on middle-market healthcare deals based on investment guidelines. She provides guidance to internal Capital One deal teams based on each Program\u2019s eligibility criteria. She manages co-investment portfolios from deal investment to repayment and is the main point of contact for portfolio needs. Prior to joining Capital One, she was the Agency Desk Manager for GE Capital. She led the creation of the Agency team for GE Capital and managed it for over 8 years. The team grew from 4 team members to 30 under her leadership. The four cross-functional teams across three different sites (Chicago, Norwalk, and Jaipur, India) were responsible for settling and processing all trading activity. They served 8 different Lines of Business under GE Capital. Originally from the Philippines, Berni joined the board in 2006.<\/p>\n<p>[\/et_pb_team_member][et_pb_team_member name=\u00bbMarco Polo Soto\u00bb position=\u00bbSECRETARIO\u00bb _builder_version=\u00bb4.27.0&#8243; _module_preset=\u00bbdefault\u00bb header_text_color=\u00bb#FFFFFF\u00bb header_font_size=\u00bb20px\u00bb header_line_height=\u00bb0.6em\u00bb body_text_color=\u00bb#FFFFFF\u00bb body_font_size=\u00bb16px\u00bb position_font=\u00bb|600|||||||\u00bb position_font_size=\u00bb14px\u00bb background_color=\u00bb#000000&#8243; custom_padding=\u00bb20px|30px|20px|30px|true|true\u00bb global_colors_info=\u00bb{}\u00bb]<\/p>\n<p style=\"text-align: left;\"><span>Marcopolo Soto, es miembro del elenco de planta de Aguij\u00f3n Theater desde el 2014. Adem\u00e1s de su desempe\u00f1o actoral ha servido a la compa\u00f1\u00eda en diferentes roles.\u00a0 En el 2019, fue el Coordinador Editorial y co-editor del libro Aguij\u00f3n <strong>30 a\u00f1os|Aguij\u00f3n 30 years<\/strong> y en la actualidad en miembro de la mesa directiva de Aguij\u00f3n Theater Company of Chicago.\u00a0<\/span><\/p>\n<p style=\"text-align: left;\"><span>Del 2018 al 2020 fue el Director Editorial de la revista Contratiempo de Chicago, (edici\u00f3n impresa).\u00a0\u00a0<\/span><\/p>\n<p style=\"text-align: left;\">[\/et_pb_team_member][et_pb_team_member name=\u00bbOliver Aldape\u00bb _builder_version=\u00bb4.27.0&#8243; _module_preset=\u00bbdefault\u00bb header_text_color=\u00bb#FFFFFF\u00bb header_font_size=\u00bb20px\u00bb header_line_height=\u00bb0.6em\u00bb body_text_color=\u00bb#FFFFFF\u00bb body_font_size=\u00bb16px\u00bb position_font=\u00bb|600|||||||\u00bb position_font_size=\u00bb20px\u00bb background_color=\u00bb#000000&#8243; custom_padding=\u00bb20px|30px|20px|30px|true|true\u00bb global_colors_info=\u00bb{}\u00bb]<\/p>\n<p style=\"text-align: left;\"><span>Nacido en M\u00e9xico y criado en Chicago, Oliver tiene una licenciatura en teatro, con especializaci\u00f3n en actuaci\u00f3n de Columbia College, en Chicago. <\/span><span>Desde el 2008 forma parte del elenco de planta de Aguij\u00f3n Theater, donde adem\u00e1s de su desempe\u00f1o como actor, Oliver ha servido a esta compa\u00f1\u00eda en m\u00faltiples tareas. En la actualidad es miembro de la junta directiva de Aguij\u00f3n Theater Company of Chicago.\u00a0<\/span><\/p>\n<p style=\"text-align: left;\"><span>Paralela a su carrera teatral, Oliver se desempe\u00f1a como Gerente y Agente publicitario en Lily&#8217;s Talent Agency, prestigiosa agencia de publicidad de Chicago.\u00a0<\/span><\/p>\n<p>[\/et_pb_team_member][et_pb_team_member name=\u00bbJESSIE ZAVALA\u00bb _builder_version=\u00bb4.27.0&#8243; _module_preset=\u00bbdefault\u00bb header_text_color=\u00bb#FFFFFF\u00bb header_font_size=\u00bb20px\u00bb header_line_height=\u00bb0.6em\u00bb body_text_color=\u00bb#FFFFFF\u00bb body_font_size=\u00bb16px\u00bb position_font=\u00bb|600|||||||\u00bb position_font_size=\u00bb20px\u00bb background_color=\u00bb#000000&#8243; custom_padding=\u00bb20px|30px|20px|30px|true|true\u00bb global_colors_info=\u00bb{}\u00bb]<\/p>\n<div dir=\"auto\">\n<div>\n<p style=\"text-align: left;\">Jesse Zavala naci\u00f3 y creci\u00f3 en Chicago, Illinois, donde asisti\u00f3 a la Universidad de Saint Xavier y obtuvo una Licenciatura en Finanzas. Con una extensa carrera en la industria bancaria, tiene experiencia en contabilidad comercial, empresarial y fiscal y en banca minorista. Su profunda pasi\u00f3n por las artes, y el teatro en particular, lo llev\u00f3 a Aguij\u00f3n Theater donde ahora es miembro de su junta directiva.<\/p>\n<\/div>\n<\/div>\n<div dir=\"auto\">\n<div dir=\"ltr\" class=\"gmail_signature\" data-smartmail=\"gmail_signature\">\n<div dir=\"ltr\">\n<div dir=\"ltr\">\n<div dir=\"ltr\">\n<div dir=\"ltr\">\n<div dir=\"ltr\">\n<div dir=\"ltr\">\n<div dir=\"ltr\">\n<div dir=\"ltr\">\n<div dir=\"ltr\">\n<div dir=\"ltr\">\n<div dir=\"ltr\">\n<div dir=\"ltr\">\n<div dir=\"ltr\">\n<div dir=\"ltr\">\n<p style=\"text-align: left;\">\n<\/div>\n<\/div>\n<\/div>\n<\/div>\n<\/div>\n<\/div>\n<\/div>\n<\/div>\n<\/div>\n<\/div>\n<\/div>\n<\/div>\n<\/div>\n<\/div>\n<\/div>\n<\/div>\n<p>[\/et_pb_team_member][\/et_pb_column][\/et_pb_row][\/et_pb_section]<\/p>\n","protected":false},"excerpt":{"rendered":"<p>Junta Directiva de Aguij\u00f3n Mar\u00eda J. Vargas, Ph.D. es una distinguida profesora em\u00e9rita del St. Augustine College de Chicago. La Dra. Vargas obtuvo un doctorado en Liderazgo Educativo de la Universidad DePaul, Chicago. El inter\u00e9s de investigaci\u00f3n de la Dra. Vargas radica en examinar pol\u00edticas, servicios y programas que impactan las oportunidades educativas de los [&hellip;]<\/p>\n","protected":false},"author":1,"featured_media":0,"parent":241625,"menu_order":0,"comment_status":"closed","ping_status":"closed","template":"","meta":{"_et_pb_use_builder":"on","_et_pb_old_content":"","_et_gb_content_width":"","footnotes":""},"dipi_cpt_category":[],"class_list":["post-241618","page","type-page","status-publish","hentry"],"_links":{"self":[{"href":"https:\/\/aguijontheater.org\/es\/wp-json\/wp\/v2\/pages\/241618"}],"collection":[{"href":"https:\/\/aguijontheater.org\/es\/wp-json\/wp\/v2\/pages"}],"about":[{"href":"https:\/\/aguijontheater.org\/es\/wp-json\/wp\/v2\/types\/page"}],"author":[{"embeddable":true,"href":"https:\/\/aguijontheater.org\/es\/wp-json\/wp\/v2\/users\/1"}],"replies":[{"embeddable":true,"href":"https:\/\/aguijontheater.org\/es\/wp-json\/wp\/v2\/comments?post=241618"}],"version-history":[{"count":70,"href":"https:\/\/aguijontheater.org\/es\/wp-json\/wp\/v2\/pages\/241618\/revisions"}],"predecessor-version":[{"id":249632,"href":"https:\/\/aguijontheater.org\/es\/wp-json\/wp\/v2\/pages\/241618\/revisions\/249632"}],"up":[{"embeddable":true,"href":"https:\/\/aguijontheater.org\/es\/wp-json\/wp\/v2\/pages\/241625"}],"wp:attachment":[{"href":"https:\/\/aguijontheater.org\/es\/wp-json\/wp\/v2\/media?parent=241618"}],"wp:term":[{"taxonomy":"dipi_cpt_category","embeddable":true,"href":"https:\/\/aguijontheater.org\/es\/wp-json\/wp\/v2\/dipi_cpt_category?post=241618"}],"curies":[{"name":"wp","href":"https:\/\/api.w.org\/{rel}","templated":true}]}}