{"id":241609,"date":"2021-07-27T19:35:39","date_gmt":"2021-07-27T19:35:39","guid":{"rendered":"https:\/\/aguijon.xblu.com\/conjunto\/marcela-munoz\/"},"modified":"2024-09-11T17:05:31","modified_gmt":"2024-09-11T17:05:31","slug":"marcela-munoz","status":"publish","type":"page","link":"https:\/\/aguijontheater.org\/es\/volver-a-casa\/sobre-nosotros\/conjunto\/marcela-munoz\/","title":{"rendered":"Marcela Mu\u00f1oz"},"content":{"rendered":"<p>[et_pb_section fb_built=\u00bb1&#8243; admin_label=\u00bbHeader\u00bb _builder_version=\u00bb4.27.0&#8243; background_color=\u00bb#000000&#8243; background_enable_image=\u00bboff\u00bb top_divider_style=\u00bbwave\u00bb top_divider_color=\u00bb#DE0100&#8243; top_divider_height=\u00bb87px\u00bb top_divider_flip=\u00bbvertical\u00bb hover_enabled=\u00bb0&#8243; locked=\u00bboff\u00bb global_colors_info=\u00bb{}\u00bb sticky_enabled=\u00bb0&#8243; theme_builder_area=\u00bbpost_content\u00bb][et_pb_row disabled_on=\u00bboff|off|off\u00bb _builder_version=\u00bb4.27.0&#8243; custom_padding=\u00bb||8px|||\u00bb global_colors_info=\u00bb{}\u00bb theme_builder_area=\u00bbpost_content\u00bb][et_pb_column type=\u00bb4_4&#8243; _builder_version=\u00bb4.16&#8243; global_colors_info=\u00bb{}\u00bb theme_builder_area=\u00bbpost_content\u00bb][et_pb_text _builder_version=\u00bb4.27.0&#8243; text_text_color=\u00bbrgba(255,255,255,0.5)\u00bb text_font_size=\u00bb16px\u00bb text_line_height=\u00bb1.8em\u00bb header_font=\u00bbMontserrat|600||on|||||\u00bb header_font_size=\u00bb4vw\u00bb header_line_height=\u00bb1.2em\u00bb header_3_font=\u00bbMontserrat|700||on|||||\u00bb header_3_text_color=\u00bb#DE0100&#8243; header_3_font_size=\u00bb16px\u00bb header_3_letter_spacing=\u00bb2px\u00bb header_3_line_height=\u00bb1.4em\u00bb background_layout=\u00bbdark\u00bb header_3_font_size_tablet=\u00bb14px\u00bb header_3_font_size_phone=\u00bb\u00bb header_3_font_size_last_edited=\u00bbon|phone\u00bb text_text_align=\u00bbleft\u00bb locked=\u00bboff\u00bb global_colors_info=\u00bb{}\u00bb theme_builder_area=\u00bbpost_content\u00bb]<\/p>\n<h1><span style=\"color: #ffffff;\">Marcela Mu\u00f1oz<\/span><\/h1>\n<p><span style=\"color: #ffffff;\">Director ejecutivo y co-director art\u00edstico<\/span><\/p>\n<p>&nbsp;<\/p>\n<p>[\/et_pb_text][\/et_pb_column][\/et_pb_row][et_pb_row disabled_on=\u00bboff|off|off\u00bb _builder_version=\u00bb4.27.0&#8243; _module_preset=\u00bbdefault\u00bb custom_padding=\u00bb19px|||||\u00bb global_colors_info=\u00bb{}\u00bb theme_builder_area=\u00bbpost_content\u00bb][et_pb_column type=\u00bb4_4&#8243; _builder_version=\u00bb4.16&#8243; _module_preset=\u00bbdefault\u00bb global_colors_info=\u00bb{}\u00bb theme_builder_area=\u00bbpost_content\u00bb][et_pb_team_member image_url=\u00bbhttps:\/\/aguijontheater.org\/wp-content\/uploads\/2021\/04\/member_marcela.jpg\u00bb _builder_version=\u00bb4.27.0&#8243; _module_preset=\u00bbdefault\u00bb header_font=\u00bb|800|||||||\u00bb body_text_align=\u00bbleft\u00bb body_text_color=\u00bb#000000&#8243; body_font_size=\u00bb18px\u00bb background_color=\u00bb#DE0100&#8243; background_enable_image=\u00bboff\u00bb background_blend=\u00bbluminosity\u00bb custom_padding=\u00bb20px|20px|20px|20px|true|true\u00bb hover_enabled=\u00bb0&#8243; border_radii=\u00bbon|20px|20px|20px|20px\u00bb border_radii_image=\u00bbon|20px|20px|20px|20px\u00bb global_colors_info=\u00bb{}\u00bb theme_builder_area=\u00bbpost_content\u00bb sticky_enabled=\u00bb0&#8243; title_text=\u00bbmember_marcela\u00bb]<\/p>\n<p>La huella art\u00edstica de Marcela se extiende mucho m\u00e1s all\u00e1 de Aguij\u00f3n Theater y Chicago. Ella ha dejado su huella en la escena teatral de Chicago a trav\u00e9s de sus actuaciones y trabajo visionario de direcci\u00f3n. Sus cr\u00e9ditos teatrales incluyen actuaciones en teatros de renombre como Teatro Luna, Teatro Vista, Victory Gardens Theatre y Goodman Theatre, donde brilla su talento y versatilidad.<\/p>\n<p>Como directora, Marcela ha dirigido producciones en lugares de renombre como UrbanTheater Company, Chicago Dramatists y la Universidad de Illinois en Chicago. Su destreza como directora ha sido reconocida y buscada por instituciones respetadas como Writers Theatre y Steppenwolf Theatre Company, donde se ha desempe\u00f1ado como Asistente de Direcci\u00f3n.<\/p>\n<p>El recorrido art\u00edstico de Marcela tambi\u00e9n la ha llevado a escenarios internacionales. Su trabajo ha sido presentado en prestigiosos festivales de teatro en Per\u00fa, Argentina y Colombia, donde su talento ha resonado en diversas audiencias.<\/p>\n<p>Impulsada por un compromiso profundamente arraigado de ayudar a construir la pr\u00f3xima generaci\u00f3n de artistas latinos teatrales, Marcela ha sido pionera en iniciativas como el programa de teatro Nuestra Cultura en el Teatro Aguij\u00f3n, con el apoyo de After School Matters. A trav\u00e9s de este programa, Marcela capacita a j\u00f3venes artistas latinos para explorar su creatividad y perfeccionar su oficio, fomentando un legado de excelencia art\u00edstica y expresi\u00f3n cultural.<\/p>\n<p>La formaci\u00f3n acad\u00e9mica de Marcela en Comunicaciones de la Universidad DePaul, combinada con su formaci\u00f3n en The School at Steppenwolf, le ha proporcionado una base s\u00f3lida tanto en la teor\u00eda como en la pr\u00e1ctica. Su dedicaci\u00f3n a su oficio ha sido reconocida con varios reconocimientos, incluido el prestigioso Premio 3Arts, que celebra artistas excepcionales.<\/p>\n<p>Adem\u00e1s de su labor art\u00edstica, Marcela es una activa defensora de la comunidad teatral, sirviendo en la Junta de la Liga de Teatros de Chicago. Su liderazgo y los esfuerzos de promoci\u00f3n contribuyen a la vitalidad, la inclusi\u00f3n y la lucha por la equidad en el panorama teatral de Chicago, asegurando que diversas historias latinas sigan siendo contadas, amplificadas y celebradas.<\/p>\n<p>[\/et_pb_team_member][et_pb_button button_url=\u00bb@ET-DC@eyJkeW5hbWljIjp0cnVlLCJjb250ZW50IjoicG9zdF9saW5rX3VybF9wYWdlIiwic2V0dGluZ3MiOnsicG9zdF9pZCI6IjI2MSJ9fQ==@\u00bb button_text=\u00bbVolver a elenco\u00bb button_alignment=\u00bbleft\u00bb _builder_version=\u00bb4.27.0&#8243; _dynamic_attributes=\u00bbbutton_url\u00bb _module_preset=\u00bb3d27804a-489e-4691-9eca-095a6fb0f1fb\u00bb button_bg_color=\u00bb#DE0100&#8243; custom_padding=\u00bb15px|25px|15px|38px|true|false\u00bb locked=\u00bboff\u00bb global_colors_info=\u00bb{}\u00bb button_bg_color__hover=\u00bb#000000&#8243; button_bg_enable_color__hover=\u00bbon\u00bb button_text_color__hover=\u00bb#FFFFFF\u00bb theme_builder_area=\u00bbpost_content\u00bb][\/et_pb_button][\/et_pb_column][\/et_pb_row][\/et_pb_section]<\/p>\n","protected":false},"excerpt":{"rendered":"<p>Marcela Mu\u00f1oz Director ejecutivo y co-director art\u00edstico &nbsp;La huella art\u00edstica de Marcela se extiende mucho m\u00e1s all\u00e1 de Aguij\u00f3n Theater y Chicago. Ella ha dejado su huella en la escena teatral de Chicago a trav\u00e9s de sus actuaciones y trabajo visionario de direcci\u00f3n. Sus cr\u00e9ditos teatrales incluyen actuaciones en teatros de renombre como Teatro Luna, [&hellip;]<\/p>\n","protected":false},"author":1,"featured_media":0,"parent":241602,"menu_order":0,"comment_status":"closed","ping_status":"closed","template":"","meta":{"_et_pb_use_builder":"on","_et_pb_old_content":"","_et_gb_content_width":"","footnotes":""},"dipi_cpt_category":[],"class_list":["post-241609","page","type-page","status-publish","hentry"],"_links":{"self":[{"href":"https:\/\/aguijontheater.org\/es\/wp-json\/wp\/v2\/pages\/241609"}],"collection":[{"href":"https:\/\/aguijontheater.org\/es\/wp-json\/wp\/v2\/pages"}],"about":[{"href":"https:\/\/aguijontheater.org\/es\/wp-json\/wp\/v2\/types\/page"}],"author":[{"embeddable":true,"href":"https:\/\/aguijontheater.org\/es\/wp-json\/wp\/v2\/users\/1"}],"replies":[{"embeddable":true,"href":"https:\/\/aguijontheater.org\/es\/wp-json\/wp\/v2\/comments?post=241609"}],"version-history":[{"count":20,"href":"https:\/\/aguijontheater.org\/es\/wp-json\/wp\/v2\/pages\/241609\/revisions"}],"predecessor-version":[{"id":249544,"href":"https:\/\/aguijontheater.org\/es\/wp-json\/wp\/v2\/pages\/241609\/revisions\/249544"}],"up":[{"embeddable":true,"href":"https:\/\/aguijontheater.org\/es\/wp-json\/wp\/v2\/pages\/241602"}],"wp:attachment":[{"href":"https:\/\/aguijontheater.org\/es\/wp-json\/wp\/v2\/media?parent=241609"}],"wp:term":[{"taxonomy":"dipi_cpt_category","embeddable":true,"href":"https:\/\/aguijontheater.org\/es\/wp-json\/wp\/v2\/dipi_cpt_category?post=241609"}],"curies":[{"name":"wp","href":"https:\/\/api.w.org\/{rel}","templated":true}]}}