{"id":241595,"date":"2021-07-27T19:34:18","date_gmt":"2021-07-27T19:34:18","guid":{"rendered":"https:\/\/aguijon.xblu.com\/volver-a-casa\/temporada-2019-2020\/exquisita-agonia\/"},"modified":"2025-10-20T22:32:31","modified_gmt":"2025-10-20T16:32:31","slug":"exquisita-agonia","status":"publish","type":"page","link":"https:\/\/aguijontheater.org\/es\/volver-a-casa\/exquisita-agonia\/","title":{"rendered":"Exquisita Agon\u00eda"},"content":{"rendered":"<p>[et_pb_section fb_built=\u00bb1&#8243; admin_label=\u00bbMovie Promo Slider\u00bb _builder_version=\u00bb4.16&#8243; background_color=\u00bb#000000&#8243; locked=\u00bboff\u00bb global_colors_info=\u00bb{}\u00bb][et_pb_row _builder_version=\u00bb4.16&#8243; _module_preset=\u00bbdefault\u00bb global_colors_info=\u00bb{}\u00bb][et_pb_column type=\u00bb4_4&#8243; _builder_version=\u00bb4.16&#8243; _module_preset=\u00bbdefault\u00bb global_colors_info=\u00bb{}\u00bb][et_pb_text _builder_version=\u00bb4.16&#8243; text_text_color=\u00bbrgba(255,255,255,0.5)\u00bb text_font_size=\u00bb16px\u00bb text_line_height=\u00bb1.8em\u00bb header_2_font=\u00bbMontserrat|300|||||||\u00bb header_2_text_color=\u00bbgcid-6737696d-265b-47ae-8080-27bb358a6235&#8243; header_2_font_size=\u00bb50px\u00bb header_2_line_height=\u00bb1.1em\u00bb header_3_font=\u00bbMontserrat|700||on|||||\u00bb header_3_text_color=\u00bbgcid-d5593506-794c-4e2e-8fea-c2751d9fe364&#8243; header_3_font_size=\u00bb14px\u00bb header_3_letter_spacing=\u00bb2px\u00bb header_3_line_height=\u00bb1.4em\u00bb background_layout=\u00bbdark\u00bb max_width=\u00bb600px\u00bb header_2_font_size_tablet=\u00bb40px\u00bb header_2_font_size_phone=\u00bb30px\u00bb header_2_font_size_last_edited=\u00bbon|phone\u00bb header_3_font_size_tablet=\u00bb14px\u00bb header_3_font_size_phone=\u00bb\u00bb header_3_font_size_last_edited=\u00bbon|phone\u00bb text_text_align=\u00bbleft\u00bb locked=\u00bboff\u00bb global_colors_info=\u00bb{%22gcid-d5593506-794c-4e2e-8fea-c2751d9fe364%22:%91%22header_3_text_color%22%93,%22gcid-6737696d-265b-47ae-8080-27bb358a6235%22:%91%22header_2_text_color%22%93}\u00bb]<\/p>\n<h2 class=\"entry-title\">Exquisita Agon\u00eda<\/h2>\n<h1><span>Despu\u00e9s de perder a su famoso esposo Lorenzo, m\u00fasico cl\u00e1sico, en un fatal accidente automovil\u00edstico, la cantante de \u00f3pera Millie Marcel se entrega a su dolor y obsesi\u00f3n rom\u00e1ntica al perseguir sin descanso al agradecido receptor de su coraz\u00f3n trasplantado.<\/span><\/h1>\n<h3><span>El dramaturgo ganador del premio Pulitzer Nilo Cruz teje una historia de amor y p\u00e9rdida en su obra m\u00e1s reciente<\/span><\/h3>\n<p>[\/et_pb_text][\/et_pb_column][\/et_pb_row][\/et_pb_section][et_pb_section fb_built=\u00bb1&#8243; prev_background_color=\u00bb#000000&#8243; admin_label=\u00bbCalls to Action\u00bb _builder_version=\u00bb4.16&#8243; background_color=\u00bb#000000&#8243; use_background_color_gradient=\u00bbon\u00bb background_color_gradient_stops=\u00bb#6b6b6b 0%|#000000 100%\u00bb background_color_gradient_start=\u00bb#6b6b6b\u00bb background_color_gradient_end=\u00bb#000000&#8243; top_divider_style=\u00bbasymmetric2&#8243; locked=\u00bboff\u00bb global_colors_info=\u00bb{%22gcid-6737696d-265b-47ae-8080-27bb358a6235%22:%91%22colorEnd%22%93}\u00bb][et_pb_row column_structure=\u00bb1_2,1_2&#8243; _builder_version=\u00bb4.16&#8243; _module_preset=\u00bbdefault\u00bb global_colors_info=\u00bb{}\u00bb][et_pb_column type=\u00bb1_2&#8243; _builder_version=\u00bb4.16&#8243; _module_preset=\u00bbdefault\u00bb global_colors_info=\u00bb{}\u00bb][et_pb_image src=\u00bbhttps:\/\/aguijontheater.org\/wp-content\/uploads\/2021\/03\/Exquisita-Poster.jpg\u00bb title_text=\u00bbExquisita-P\u00f3ster\u00bb _builder_version=\u00bb4.27.4&#8243; _module_preset=\u00bbdefault\u00bb hover_enabled=\u00bb0&#8243; global_colors_info=\u00bb{}\u00bb sticky_enabled=\u00bb0&#8243;][\/et_pb_image][\/et_pb_column][et_pb_column type=\u00bb1_2&#8243; _builder_version=\u00bb4.16&#8243; _module_preset=\u00bbdefault\u00bb global_colors_info=\u00bb{}\u00bb][et_pb_tabs active_tab_text_color=\u00bb#B3B3B3&#8243; _builder_version=\u00bb4.16&#8243; _module_preset=\u00bbdefault\u00bb global_colors_info=\u00bb{}\u00bb][et_pb_tab title=\u00bbEspa\u00f1ol\u00bb _builder_version=\u00bb4.16&#8243; _module_preset=\u00bbdefault\u00bb global_colors_info=\u00bb{}\u00bb]<\/p>\n<div class=\"tag-box tag-box-v1\">\n<div class=\"panel-body\">\n<div class=\"panel-body\">\n<p>Despu\u00e9s de perder a su esposo Lorenzo, un famoso m\u00fasico cl\u00e1sico, en un accidente automovil\u00edstico, la cantante de \u00f3pera Millie Marcel le da rienda suelta a su dolor y obsesi\u00f3n rom\u00e1ntica al perseguir implacablemente al agradecido receptor de su coraz\u00f3n trasplantado. Nilo Cruz, ganador del premio Pulitzer en dramaturgia, teje una historia de amor y p\u00e9rdida en su obra m\u00e1s reciente.<\/p>\n<p>por<br \/>NILO CRUZ<\/p>\n<p>direccion<br \/>MARCELA MU\u00d1OZ *<\/p>\n<p>jefe de escena<br \/>MARCOPOLO SOTO<\/p>\n<p>jefe de producci\u00f3n<br \/>OSWALDO CALDER\u00d3N<\/p>\n<p>estafa<br \/>ROSARIO VARGAS * \u2022 ISRAEL BALZA<br \/>S\u00c1NDOR MEN\u00c9NDEZ * \u2022 ELIO LETURIA *<br \/>V\u00cdCTOR SALINAS \u2022 ANDREA LEGUIZAM\u00d3N<\/p>\n<p><span>* Miembro del grupo de planta de Aguij\u00f3n Teatro<\/span><\/p>\n<hr>\n<\/div>\n<p><strong>EN ESPA\u00d1OL CON SUPERT\u00cdTULOS EN INGL\u00c9S<\/strong><br \/>Aproximadamente 90 minutos sin intermedio<\/p>\n<hr>\n<p><strong>DEL 17 AL 24 DE OCTUBRE DE 2019<\/strong><\/p>\n<p>como parte del <span><a href=\"https:\/\/web.archive.org\/web\/20201127002602\/http:\/\/www.clata.org\/destinos\" target=\"_blank\" rel=\"noopener\">3. <sup>er<\/sup> Festival Internacional de Teatro Latino: <em>DESTINOS<\/em><\/a> <br \/> <\/span> de <a href=\"https:\/\/web.archive.org\/web\/20201127002602\/http:\/\/www.clata.org\/\" target=\"_blank\" rel=\"noopener\">Chicago Latino Theatre Alliance<\/a><\/p>\n<p>JUEVES, VIERNES Y S\u00c1BADOS A LAS 8PM<br \/>DOMINGOS A LAS 6PM<\/p>\n<p><a href=\"https:\/\/web.archive.org\/web\/20201127002602\/https:\/\/tickets.vendini.com\/ticket-software.html?t=tix&amp;e=0d7520f53736d5696866b65f22774c4a&amp;vqitq=86bc8054-0326-401f-9201-b964f9945ed9&amp;vqitp=ee698669-949c-4d9e-8962-c498339473f7&amp;vqitts=1568666772&amp;vqitc=vendini&amp;vqite=itl&amp;vqitrt=Safetynet&amp;vqith=658b081bf3e567bb8a2d3ccfaeced527\" target=\"_blank\" rel=\"noopener\"><img loading=\"lazy\" decoding=\"async\" class=\"alignnone wp-image-5299\" src=\"https:\/\/web.archive.org\/web\/20201127002602im_\/http:\/\/aguijontheater.org\/wp-content\/uploads\/2018\/09\/Comprar-boletos-ahora-300x82.png\" alt=\"\" width=\"175\" height=\"48\"><\/a><\/p>\n<hr>\n<p><strong>DEL 1 AL 24 DE NOVIEMBRE DE 2019<br \/><\/strong><\/p>\n<p>VIERNES Y SABADOS A LAS 8PM<br \/>DOMINGOS A LAS 6 PM *<\/p>\n<p><strong>* La \u00faltima funci\u00f3n el domingo, 24 de noviembre es a las 3PM<\/strong><\/p>\n<p><a href=\"https:\/\/web.archive.org\/web\/20201127002602\/https:\/\/www.brownpapertickets.com\/event\/4325259\" target=\"_blank\" rel=\"noopener\"><img loading=\"lazy\" decoding=\"async\" class=\"alignnone wp-image-5299\" src=\"https:\/\/web.archive.org\/web\/20201127002602im_\/http:\/\/aguijontheater.org\/wp-content\/uploads\/2018\/09\/Comprar-boletos-ahora-300x82.png\" alt=\"\" width=\"175\" height=\"48\"><\/a><\/p>\n<hr>\n<p>TODAS LAS FUNCIONES EN<br \/><strong>Teatro Aguij\u00f3n, 2707 N. Laramie Avenue, Chicago<\/strong><\/p>\n<\/div>\n<\/div>\n<p>[\/et_pb_tab][et_pb_tab title=\u00bbIngl\u00e9s\u00bb _builder_version=\u00bb4.16&#8243; _module_preset=\u00bbdefault\u00bb global_colors_info=\u00bb{}\u00bb]<\/p>\n<div class=\"tag-box tag-box-v1\">\n<div class=\"tag-box tag-box-v1\">\n<p>Despu\u00e9s de perder a su famoso esposo Lorenzo, m\u00fasico cl\u00e1sico, en un fatal accidente automovil\u00edstico, la cantante de \u00f3pera Millie Marcel se entrega a su dolor y obsesi\u00f3n rom\u00e1ntica al perseguir sin descanso al agradecido receptor de su coraz\u00f3n trasplantado. El dramaturgo ganador del premio Pulitzer, Nilo Cruz, teje una historia de amor y p\u00e9rdida en su obra m\u00e1s reciente.<\/p>\n<p>por<br \/>NILO CRUZ<\/p>\n<p>dir<br \/>MARCELA MU\u00d1OZ *<\/p>\n<p>director de escena<br \/>MARCOPOLO SOTO *<\/p>\n<p>jefe de producci\u00f3n<br \/>OSWALDO CALDER\u00d3N *<\/p>\n<p>presentando<br \/>ROSARIO VARGAS * \u2022 ISRAEL BALZA<br \/>S\u00c1NDOR MEN\u00c9NDEZ * \u2022 ELIO LETURIA *<br \/>V\u00cdCTOR SALINAS \u2022 ANDREA LEGUIZAM\u00d3N<\/p>\n<p><span>* Integrante del Conjunto de Teatro Aguij\u00f3n<\/span><\/p>\n<\/div>\n<hr>\n<p><strong>EN ESPA\u00d1OL CON SUPERT\u00cdTULOS EN INGL\u00c9S<br \/><\/strong><em> Aproximadamente 90 minutos sin intermedio<\/em><strong><br \/><\/strong><\/p>\n<hr>\n<p><strong>17-27 DE OCTUBRE DE 2019<\/strong><\/p>\n<p>Presentado como parte del<span> <\/span><a href=\"https:\/\/web.archive.org\/web\/20201127002602\/http:\/\/www.clata.org\/\" target=\"_blank\" rel=\"noopener\">Alianza de Teatro Latino de Chicago<\/a> &#8216;s<br \/><a href=\"https:\/\/web.archive.org\/web\/20201127002602\/http:\/\/www.clata.org\/destinos\" target=\"_blank\" rel=\"noopener\">3er Festival Internacional de Teatro Latino: DESTINOS<\/a><\/p>\n<p>JUEVES, VIERNES Y S\u00c1BADOS A LAS 8PM<br \/>DOMINGOS A LAS 6 PM<\/p>\n<p><a href=\"https:\/\/web.archive.org\/web\/20201127002602\/https:\/\/tickets.vendini.com\/ticket-software.html?t=tix&amp;e=0d7520f53736d5696866b65f22774c4a&amp;vqitq=86bc8054-0326-401f-9201-b964f9945ed9&amp;vqitp=ee698669-949c-4d9e-8962-c498339473f7&amp;vqitts=1568666772&amp;vqitc=vendini&amp;vqite=itl&amp;vqitrt=Safetynet&amp;vqith=658b081bf3e567bb8a2d3ccfaeced527\" target=\"_blank\" rel=\"noopener\"><img loading=\"lazy\" decoding=\"async\" class=\"alignnone wp-image-5291\" src=\"https:\/\/web.archive.org\/web\/20201127002602im_\/http:\/\/aguijontheater.org\/wp-content\/uploads\/2018\/09\/Buy-Tickets.png\" alt=\"\" width=\"175\" height=\"48\"> Nota: https:\/\/tickets.vendini.com\/ticket-software.html?t=tix&amp;e=0d7520f53736d5696866b65f22774c4a&amp;vqitq=86bc8054-0326-401f-9201-b964f9945ed9&amp;vqitp=ee698662-9945ed9&amp;vqitp=ee69866dts-e9498c- Safetynet &amp; vqith = 658b081bf3e567bb8a2d3ccfaeced527<\/a><\/p>\n<div id=\"bpt_eventbody\">\n<hr>\n<p><strong>1 &#8211; 24 DE NOVIEMBRE DE 2019<\/strong><\/p>\n<p>VIERNES Y S\u00c1BADOS A LAS 8PM<br \/>DOMINGOS A LAS 6 PM*<\/p>\n<p>*<strong> La presentaci\u00f3n final el domingo 24 de noviembre es a las 3 p.m.<\/strong><\/p>\n<\/div>\n<p><a href=\"https:\/\/web.archive.org\/web\/20201127002602\/https:\/\/www.brownpapertickets.com\/event\/4325259\" target=\"_blank\" rel=\"noopener\"><img loading=\"lazy\" decoding=\"async\" class=\"alignnone wp-image-5291\" src=\"https:\/\/web.archive.org\/web\/20201127002602im_\/http:\/\/aguijontheater.org\/wp-content\/uploads\/2018\/09\/Buy-Tickets.png\" alt=\"\" width=\"175\" height=\"48\"> Nota: https:\/\/web.archive.org\/web\/20201126042956\/https:\/\/www.brownpapertickets.com\/event\/4325259<\/a><\/p>\n<hr>\n<p>TODAS LAS ACTUACIONES EN<br \/><strong>Teatro Aguij\u00f3n, 2707 N. Laramie Avenue, Chicago<\/strong><\/p>\n<\/div>\n<p>[\/et_pb_tab][\/et_pb_tabs][\/et_pb_column][\/et_pb_row][\/et_pb_section][et_pb_section fb_built=\u00bb1&#8243; admin_label=\u00bbFooter\u00bb _builder_version=\u00bb4.16&#8243; use_background_color_gradient=\u00bbon\u00bb background_color_gradient_stops=\u00bb#000000 0%|rgba(0,0,0,0.6) 50%\u00bb background_color_gradient_overlays_image=\u00bbon\u00bb background_color_gradient_start=\u00bb#000000&#8243; background_color_gradient_end=\u00bbrgba(0,0,0,0.6)\u00bb background_color_gradient_end_position=\u00bb50%\u00bb background_image=\u00bbhttps:\/\/aguijontheater.org\/wp-content\/uploads\/2021\/03\/aguijon-theater-hero-sized-mosaic.jpg\u00bb background_color_gradient_stops_tablet=\u00bb#000000 0%|rgba(0,0,0,0.6) 50%\u00bb background_color_gradient_stops_phone=\u00bb#000000 0%|rgba(0,0,0,0.6) 50%\u00bb global_module=\u00bb334&#8243; saved_tabs=\u00bball\u00bb locked=\u00bboff\u00bb global_colors_info=\u00bb{}\u00bb][et_pb_row column_structure=\u00bb1_4,1_4,1_4,1_4&#8243; make_equal=\u00bbon\u00bb _builder_version=\u00bb4.16&#8243; custom_padding=\u00bb||0px|||\u00bb locked=\u00bboff\u00bb global_colors_info=\u00bb{}\u00bb][et_pb_column type=\u00bb1_4&#8243; _builder_version=\u00bb4.16&#8243; global_colors_info=\u00bb{}\u00bb][et_pb_text _builder_version=\u00bb4.16&#8243; header_2_font=\u00bbMontserrat|300|||||||\u00bb header_2_font_size=\u00bb40px\u00bb header_2_line_height=\u00bb1.2em\u00bb header_3_font=\u00bbMontserrat|700||on|||||\u00bb header_3_text_color=\u00bb#f9002b\u00bb header_3_font_size=\u00bb16px\u00bb header_3_letter_spacing=\u00bb2px\u00bb header_3_line_height=\u00bb1.4em\u00bb background_layout=\u00bbdark\u00bb max_width=\u00bb600px\u00bb header_2_font_size_tablet=\u00bb30px\u00bb header_2_font_size_phone=\u00bb20px\u00bb header_2_font_size_last_edited=\u00bbon|phone\u00bb header_3_font_size_tablet=\u00bb14px\u00bb header_3_font_size_phone=\u00bb\u00bb header_3_font_size_last_edited=\u00bbon|phone\u00bb locked=\u00bboff\u00bb global_colors_info=\u00bb{}\u00bb]<\/p>\n<h2>Aguij\u00f3n <br \/><strong>Teatro <\/strong><\/h2>\n<h3>exploraci\u00f3n cultural<\/h3>\n<p>[\/et_pb_text][\/et_pb_column][et_pb_column type=\u00bb1_4&#8243; _builder_version=\u00bb4.16&#8243; global_colors_info=\u00bb{}\u00bb][et_pb_text _builder_version=\u00bb4.16&#8243; text_font_size=\u00bb13px\u00bb text_line_height=\u00bb1.4em\u00bb link_text_align=\u00bbleft\u00bb link_text_color=\u00bb#ffffff\u00bb header_4_font=\u00bbMontserrat|700||on|||||\u00bb header_4_text_color=\u00bbrgba(255,255,255,0.5)\u00bb header_4_font_size=\u00bb14px\u00bb header_4_letter_spacing=\u00bb2px\u00bb header_4_line_height=\u00bb1.4em\u00bb background_layout=\u00bbdark\u00bb max_width=\u00bb600px\u00bb text_text_shadow_style=\u00bbpreset1&#8243; text_text_shadow_color=\u00bb#000000&#8243; locked=\u00bboff\u00bb global_colors_info=\u00bb{}\u00bb]<\/p>\n<h4>Acerca de<\/h4>\n<p><strong>El Teatro Aguij\u00f3n se dedica a crear experiencias teatrales emocionantes y significativas a trav\u00e9s de la exploraci\u00f3n cultural, la discusi\u00f3n y la representaci\u00f3n de obras biling\u00fces y en espa\u00f1ol de alta calidad.<\/strong><\/p>\n<p>[\/et_pb_text][et_pb_text _builder_version=\u00bb4.16&#8243; text_font_size=\u00bb13px\u00bb text_line_height=\u00bb1.4em\u00bb link_text_align=\u00bbleft\u00bb link_text_color=\u00bb#ffffff\u00bb header_4_font=\u00bbMontserrat|700||on|||||\u00bb header_4_text_color=\u00bbrgba(255,255,255,0.5)\u00bb header_4_font_size=\u00bb14px\u00bb header_4_letter_spacing=\u00bb2px\u00bb header_4_line_height=\u00bb1.4em\u00bb background_layout=\u00bbdark\u00bb max_width=\u00bb600px\u00bb text_text_shadow_style=\u00bbpreset1&#8243; text_text_shadow_color=\u00bb#000000&#8243; header_4_text_shadow_style=\u00bbpreset1&#8243; header_4_text_shadow_color=\u00bb#000000&#8243; locked=\u00bboff\u00bb global_colors_info=\u00bb{}\u00bb]<\/p>\n<h4>Habla a<\/h4>\n<p><strong>2707 N. Laramime Ave.<\/strong><br \/><strong>Chicago, IL 60639<\/strong><\/p>\n<p>[\/et_pb_text][et_pb_text _builder_version=\u00bb4.16&#8243; text_font_size=\u00bb13px\u00bb text_line_height=\u00bb1.4em\u00bb link_text_align=\u00bbleft\u00bb link_text_color=\u00bb#ffffff\u00bb header_4_font=\u00bbMontserrat|700||on|||||\u00bb header_4_text_color=\u00bbrgba(255,255,255,0.5)\u00bb header_4_font_size=\u00bb14px\u00bb header_4_letter_spacing=\u00bb2px\u00bb header_4_line_height=\u00bb1.4em\u00bb background_layout=\u00bbdark\u00bb max_width=\u00bb600px\u00bb text_text_shadow_style=\u00bbpreset1&#8243; text_text_shadow_color=\u00bb#000000&#8243; header_4_text_shadow_style=\u00bbpreset1&#8243; header_4_text_shadow_color=\u00bb#000000&#8243; locked=\u00bboff\u00bb global_colors_info=\u00bb{}\u00bb]<\/p>\n<h4>Contacto<\/h4>\n<p><strong>(773) 637-5899<\/strong><br \/><strong>info@aguijontheater.org<\/strong><\/p>\n<p>[\/et_pb_text][\/et_pb_column][et_pb_column type=\u00bb1_4&#8243; _builder_version=\u00bb4.16&#8243; global_colors_info=\u00bb{}\u00bb][et_pb_text _builder_version=\u00bb4.16&#8243; text_font_size=\u00bb13px\u00bb text_line_height=\u00bb1.4em\u00bb link_text_align=\u00bbleft\u00bb link_text_color=\u00bb#ffffff\u00bb header_4_font=\u00bbMontserrat|700||on|||||\u00bb header_4_text_color=\u00bbrgba(255,255,255,0.5)\u00bb header_4_font_size=\u00bb14px\u00bb header_4_letter_spacing=\u00bb2px\u00bb header_4_line_height=\u00bb1.4em\u00bb background_layout=\u00bbdark\u00bb max_width=\u00bb600px\u00bb text_text_shadow_style=\u00bbpreset1&#8243; text_text_shadow_color=\u00bb#000000&#8243; header_4_text_shadow_style=\u00bbpreset1&#8243; header_4_text_shadow_color=\u00bb#000000&#8243; locked=\u00bboff\u00bb global_colors_info=\u00bb{}\u00bb]<\/p>\n<h4>Producciones actuales<\/h4>\n<p><strong>Lorem ipsum dolor sit amet, consectetuer adipiscing elit.<\/strong><br \/>\n<strong>Aliquam tincidunt mauris eu risus.<\/strong><br \/>\n<strong>Vestibulum auctor dapibus neque.<\/strong><br \/>\n<strong>Nunc dignissim risus id metus.<\/strong><br \/>\n<strong>Cras ornare tristique elit.<\/strong><strong> <\/strong><\/p>\n<p><img src=%22https:\/\/aguijontheater.org\/wp-content\/uploads\/2021\/04\/Calendar-Icon.png%22 width=%2225%22 height=%2226%22 alt=%22%22> Ver todos los eventos<br \/>\n<img src=%22https:\/\/aguijontheater.org\/wp-content\/uploads\/2021\/04\/Ticket-Icon.png%22 width=%2223%22 height=%2225%22 alt=%22%22> Comprar entradas[\/et_pb_text][\/et_pb_column][et_pb_column type=\u00bb1_4&#8243; _builder_version=\u00bb4.16&#8243; global_colors_info=\u00bb{}\u00bb][et_pb_text _builder_version=\u00bb4.16&#8243; text_font_size=\u00bb13px\u00bb text_line_height=\u00bb1.4em\u00bb link_text_align=\u00bbleft\u00bb link_text_color=\u00bb#ffffff\u00bb header_4_font=\u00bbMontserrat|700||on|||||\u00bb header_4_text_color=\u00bbrgba(255,255,255,0.5)\u00bb header_4_font_size=\u00bb14px\u00bb header_4_letter_spacing=\u00bb2px\u00bb header_4_line_height=\u00bb1.4em\u00bb background_layout=\u00bbdark\u00bb max_width=\u00bb600px\u00bb text_text_shadow_style=\u00bbpreset1&#8243; text_text_shadow_color=\u00bb#000000&#8243; header_4_text_shadow_style=\u00bbpreset1&#8243; header_4_text_shadow_color=\u00bb#000000&#8243; locked=\u00bboff\u00bb global_colors_info=\u00bb{}\u00bb]<\/p>\n<h4>Formaci\u00f3n, clases de actuaci\u00f3n y talleres<\/h4>\n<p><img src=%22https:\/\/aguijontheater.org\/wp-content\/uploads\/2021\/04\/Acting-Icon.png%22 width=%2235%22 height=%2225%22 alt=%22%22 class=%22wp-image-324 alignnone size-full%22> Adultos<br \/>\n<img src=%22https:\/\/aguijontheater.org\/wp-content\/uploads\/2021\/04\/Acting-Icon.png%22 width=%2235%22 height=%2225%22 alt=%22%22 class=%22wp-image-324 alignnone size-full%22> Adolescentes<br \/>\n<img src=%22https:\/\/aguijontheater.org\/wp-content\/uploads\/2021\/04\/Acting-Icon.png%22 width=%2235%22 height=%2225%22 alt=%22%22 class=%22wp-image-324 alignnone size-full%22> Ni\u00f1os[\/et_pb_text][et_pb_text _builder_version=\u00bb4.16&#8243; text_font_size=\u00bb13px\u00bb text_line_height=\u00bb1.4em\u00bb link_text_align=\u00bbleft\u00bb link_text_color=\u00bb#ffffff\u00bb header_4_font=\u00bbMontserrat|700||on|||||\u00bb header_4_text_color=\u00bbrgba(255,255,255,0.5)\u00bb header_4_font_size=\u00bb14px\u00bb header_4_letter_spacing=\u00bb2px\u00bb header_4_line_height=\u00bb1.4em\u00bb background_layout=\u00bbdark\u00bb max_width=\u00bb600px\u00bb text_text_shadow_style=\u00bbpreset1&#8243; text_text_shadow_color=\u00bb#000000&#8243; header_4_text_shadow_style=\u00bbpreset1&#8243; header_4_text_shadow_color=\u00bb#000000&#8243; locked=\u00bboff\u00bb global_colors_info=\u00bb{}\u00bb]<\/p>\n<h4>Involucrarse<\/h4>\n<p><img src=%22https:\/\/aguijontheater.org\/wp-content\/uploads\/2021\/04\/Gift-Icon.png%22 width=%2223%22 height=%2225%22 alt=%22%22 class=%22wp-image-328 alignnone size-full%22> Donar<br \/><img src=%22https:\/\/aguijontheater.org\/wp-content\/uploads\/2021\/04\/Gift-Icon.png%22 width=%2223%22 height=%2225%22 alt=%22%22 class=%22wp-image-328 alignnone size-full%22> Comprar certificados de regalo<br \/><img src=%22https:\/\/aguijontheater.org\/wp-content\/uploads\/2021\/04\/Volunteer-Icon.png%22 width=%2221%22 height=%2225%22 alt=%22%22 class=%22wp-image-330 alignnone size-full%22> Voluntario<\/p>\n<p>[\/et_pb_text][\/et_pb_column][\/et_pb_row][\/et_pb_section]<\/p>\n","protected":false},"excerpt":{"rendered":"<p>Exquisita Agon\u00eda Despu\u00e9s de perder a su famoso esposo Lorenzo, m\u00fasico cl\u00e1sico, en un fatal accidente automovil\u00edstico, la cantante de \u00f3pera Millie Marcel se entrega a su dolor y obsesi\u00f3n rom\u00e1ntica al perseguir sin descanso al agradecido receptor de su coraz\u00f3n trasplantado. El dramaturgo ganador del premio Pulitzer Nilo Cruz teje una historia de amor [&hellip;]<\/p>\n","protected":false},"author":1,"featured_media":0,"parent":66,"menu_order":0,"comment_status":"closed","ping_status":"closed","template":"","meta":{"_et_pb_use_builder":"on","_et_pb_old_content":"","_et_gb_content_width":"","footnotes":""},"dipi_cpt_category":[],"class_list":["post-241595","page","type-page","status-publish","hentry"],"_links":{"self":[{"href":"https:\/\/aguijontheater.org\/es\/wp-json\/wp\/v2\/pages\/241595"}],"collection":[{"href":"https:\/\/aguijontheater.org\/es\/wp-json\/wp\/v2\/pages"}],"about":[{"href":"https:\/\/aguijontheater.org\/es\/wp-json\/wp\/v2\/types\/page"}],"author":[{"embeddable":true,"href":"https:\/\/aguijontheater.org\/es\/wp-json\/wp\/v2\/users\/1"}],"replies":[{"embeddable":true,"href":"https:\/\/aguijontheater.org\/es\/wp-json\/wp\/v2\/comments?post=241595"}],"version-history":[{"count":7,"href":"https:\/\/aguijontheater.org\/es\/wp-json\/wp\/v2\/pages\/241595\/revisions"}],"predecessor-version":[{"id":250943,"href":"https:\/\/aguijontheater.org\/es\/wp-json\/wp\/v2\/pages\/241595\/revisions\/250943"}],"up":[{"embeddable":true,"href":"https:\/\/aguijontheater.org\/es\/wp-json\/wp\/v2\/pages\/66"}],"wp:attachment":[{"href":"https:\/\/aguijontheater.org\/es\/wp-json\/wp\/v2\/media?parent=241595"}],"wp:term":[{"taxonomy":"dipi_cpt_category","embeddable":true,"href":"https:\/\/aguijontheater.org\/es\/wp-json\/wp\/v2\/dipi_cpt_category?post=241595"}],"curies":[{"name":"wp","href":"https:\/\/api.w.org\/{rel}","templated":true}]}}