{"id":241581,"date":"2021-07-27T19:27:59","date_gmt":"2021-07-27T19:27:59","guid":{"rendered":"https:\/\/aguijon.xblu.com\/historia\/"},"modified":"2024-08-29T06:35:13","modified_gmt":"2024-08-29T06:35:13","slug":"historia","status":"publish","type":"page","link":"https:\/\/aguijontheater.org\/es\/historia\/","title":{"rendered":"Historia"},"content":{"rendered":"<p>[et_pb_section fb_built=\u00bb1&#8243; admin_label=\u00bbHeader\u00bb _builder_version=\u00bb4.16&#8243; use_background_color_gradient=\u00bbon\u00bb background_color_gradient_type=\u00bbcircular\u00bb background_color_gradient_stops=\u00bbrgba(255,255,255,0.52) 0%|#ffffff 100%\u00bb background_color_gradient_overlays_image=\u00bbon\u00bb background_color_gradient_start=\u00bbrgba(255,255,255,0.52)\u00bb background_color_gradient_end=\u00bb#ffffff\u00bb background_image=\u00bbhttps:\/\/aguijontheater.org\/wp-content\/uploads\/2021\/11\/at-bg.png\u00bb background_position=\u00bbtop_center\u00bb top_divider_style=\u00bbslant2&#8243; top_divider_color=\u00bb#000000&#8243; top_divider_flip=\u00bbhorizontal\u00bb bottom_divider_style=\u00bbslant2&#8243; bottom_divider_color=\u00bb#000000&#8243; locked=\u00bboff\u00bb global_colors_info=\u00bb{}\u00bb][et_pb_row disabled_on=\u00bboff|off|off\u00bb _builder_version=\u00bb4.27.0&#8243; custom_padding=\u00bb||9px|||\u00bb global_colors_info=\u00bb{}\u00bb][et_pb_column type=\u00bb4_4&#8243; _builder_version=\u00bb4.16&#8243; global_colors_info=\u00bb{}\u00bb][et_pb_text _builder_version=\u00bb4.16&#8243; text_font=\u00bb||||||||\u00bb text_text_color=\u00bb#000000&#8243; text_font_size=\u00bb16px\u00bb text_line_height=\u00bb1.8em\u00bb header_font=\u00bbMontserrat|600||on|||||\u00bb header_font_size=\u00bb42px\u00bb header_2_font=\u00bbMontserrat|300|||||||\u00bb header_2_text_color=\u00bb#6b6b6b\u00bb header_2_font_size=\u00bb50px\u00bb header_2_line_height=\u00bb1.1em\u00bb header_3_font=\u00bbMontserrat|700||on|||||\u00bb header_3_text_color=\u00bb#fe0000&#8243; header_3_font_size=\u00bb14px\u00bb header_3_letter_spacing=\u00bb2px\u00bb header_3_line_height=\u00bb1.4em\u00bb background_enable_color=\u00bboff\u00bb background_layout=\u00bbdark\u00bb custom_margin=\u00bb||||false|false\u00bb custom_padding=\u00bb13px|15px|13px|15px|false|false\u00bb header_2_font_size_tablet=\u00bb40px\u00bb header_2_font_size_phone=\u00bb30px\u00bb header_2_font_size_last_edited=\u00bbon|phone\u00bb header_3_font_size_tablet=\u00bb14px\u00bb header_3_font_size_phone=\u00bb\u00bb header_3_font_size_last_edited=\u00bbon|phone\u00bb text_text_align=\u00bbleft\u00bb locked=\u00bboff\u00bb global_colors_info=\u00bb{%22gcid-d5593506-794c-4e2e-8fea-c2751d9fe364%22:%91%22header_3_text_color%22%93,%22gcid-6737696d-265b-47ae-8080-27bb358a6235%22:%91%22header_2_text_color%22%93}\u00bb]<\/p>\n<h3><span style=\"color: #ff0000;\">Historia del Aguij\u00f3n theater company of Chicago<\/span><\/h3>\n<h1><span style=\"color: #000000;\">Historia<\/span><\/h1>\n<p>[\/et_pb_text][\/et_pb_column][\/et_pb_row][et_pb_row disabled_on=\u00bboff|off|off\u00bb _builder_version=\u00bb4.27.0&#8243; _module_preset=\u00bbdefault\u00bb background_color=\u00bbrgba(255,255,255,0.81)\u00bb custom_padding=\u00bb9px|||||\u00bb global_colors_info=\u00bb{}\u00bb][et_pb_column type=\u00bb4_4&#8243; _builder_version=\u00bb4.16&#8243; _module_preset=\u00bbdefault\u00bb global_colors_info=\u00bb{}\u00bb][et_pb_text _builder_version=\u00bb4.27.0&#8243; _module_preset=\u00bbad511e44-b2b2-463b-848a-c39b36c14859&#8243; text_font=\u00bb||||||||\u00bb text_text_color=\u00bb#000000&#8243; text_line_height=\u00bb1.8em\u00bb header_font=\u00bbMontserrat|600||on|||||\u00bb header_font_size=\u00bb42px\u00bb header_2_font=\u00bbMontserrat|300|||||||\u00bb header_2_text_color=\u00bb#6b6b6b\u00bb header_2_font_size=\u00bb50px\u00bb header_2_line_height=\u00bb1.1em\u00bb header_3_font=\u00bbMontserrat|700||on|||||\u00bb header_3_text_color=\u00bb#fe0000&#8243; header_3_font_size=\u00bb14px\u00bb header_3_letter_spacing=\u00bb2px\u00bb header_3_line_height=\u00bb1.4em\u00bb hover_enabled=\u00bb0&#8243; header_2_font_size_tablet=\u00bb40px\u00bb header_2_font_size_phone=\u00bb30px\u00bb header_2_font_size_last_edited=\u00bbon|phone\u00bb header_3_font_size_tablet=\u00bb14px\u00bb header_3_font_size_phone=\u00bb\u00bb header_3_font_size_last_edited=\u00bbon|phone\u00bb global_colors_info=\u00bb{%22gcid-d5593506-794c-4e2e-8fea-c2751d9fe364%22:%91%22header_3_text_color%22%93,%22gcid-6737696d-265b-47ae-8080-27bb358a6235%22:%91%22header_2_text_color%22%93}\u00bb sticky_enabled=\u00bb0&#8243;]<\/p>\n<p><strong>Aguij\u00f3n Theater Company of Chicago<\/strong><span>\u00a0<\/span>es una compa\u00f1\u00eda de teatro independiente fundada en 1989 por la actriz y directora Rosario Vargas, establecida e incorporada como organizaci\u00f3n sin fines de lucro 501 (c) (3) el 22 de agosto de 1990. La junta se estableci\u00f3 y se ampli\u00f3 de agosto a diciembre de 1990. En 1992, Marcela Mu\u00f1oz se convirti\u00f3 en miembro integral de<span>\u00a0<\/span><span>Aguij\u00f3n Theater<\/span>, transformando su estructura con su visi\u00f3n y compromiso. En 2008, Marcela se uni\u00f3 a Rosario como Co-directora art\u00edstica de Aguij\u00f3n Theater.<\/p>\n<p>Inicios:<\/p>\n<p>Una tarde de agosto de 1989, en el entonces domicilio oficial de la compa\u00f1\u00eda, (4318 N. Central Park Ave de Chicago), Augusto Yanacopulos, Rosario Vargas, Mar\u00eda Teresa Ayala y Mar\u00eda Vargas<span>\u00a0<\/span><span lang=\"ES-CO\">se reunieron para discutir el proyecto de establecer una compa\u00f1\u00eda de teatro, cuya misi\u00f3n y objetivo principal ser\u00eda\u00a0 promover y fomentar un teatro en espa\u00f1ol que abordara espec\u00edficamente los problemas sociales que afectan a la comunidad latina de Estados Unidos,<span>\u00a0<\/span><span>como a otros sectores de la sociedad,<\/span><span>\u00a0<\/span>construyendo puentes de entendimiento entre las nuevas generaciones de latinos e inculc\u00e1ndoles el orgullo por la riqueza de su herencia cultural; donde artistas de diferentes disciplinas pudieran representar en su propio idioma sus experiencias y logros.<\/span><span>\u00a0<\/span><\/p>\n<p><span lang=\"ES-CO\">Optaron por nombrar a la nueva compa\u00f1\u00eda<span>\u00a0<\/span><strong><em>Aguij\u00f3n II<\/em><\/strong>, ya que Rosario Vargas hab\u00eda fundado otro grupo teatral con ese mismo nombre en su natal Colombia a mediados de los<span>\u00a0<\/span><\/span>70. <span>Tanto aqu\u00ed como all\u00e1 eran tiempos de agitaci\u00f3n pol\u00edtica y r\u00e1pidos cambios sociales y las obras que presentaban eran profundamente pol\u00edticas y pro derechos de los m\u00e1s vulnerables. Como en el Aguij\u00f3n original, la misi\u00f3n de esta nueva compa\u00f1\u00eda ser\u00eda similar, pero \u00a0con el orgullo de tener al idioma espa\u00f1ol como lengua oficial de todas sus producciones. <\/span><strong><em>Aguij\u00f3n II<\/em><\/strong><span>\u00a0<\/span>era el nombre con el que se conoc\u00eda la compa\u00f1\u00eda en sus primeros a\u00f1os, en el a\u00f1o 2000, se modific\u00f3 eliminando el n\u00famero romano, y desde entonces se llama<span>\u00a0<\/span><strong>Aguij\u00f3n Theater Company of Chicago<\/strong>.<\/p>\n<p><span lang=\"ES-CO\"><span>La palabra Aguij\u00f3n significa:\u00a0<\/span><em>\u201c<\/em><\/span><em><span lang=\"ES-CO\">\u00d3rgano puntiagudo al final del est\u00f3mago de abejas y otros insectos himen\u00f3pteros\u201d<span>\u00a0<\/span><\/span><\/em><span lang=\"ES-CO\">y denota el compromiso de la compa\u00f1\u00eda de\u00a0<em><span>aguijonear<\/span><\/em><span>\u00a0<\/span>la conciencia social de sus audiencias.\u00a0<\/span><\/p>\n<p>La primera obra de teatro que present\u00f3 la compa\u00f1\u00eda fue<span>\u00a0<\/span><em><strong>Homenaje a Sor Juana In\u00e9s de la Cruz<\/strong>,<span>\u00a0<\/span><\/em>espect\u00e1culo creado y dirigido por Rosario Vargas e inspirado en el<span>\u00a0<\/span><strong><em>Eterno Femenino<\/em><\/strong>, de Rosario Castellanos. Fue presentada en el<span>\u00a0<\/span>National Museum of Mexican Art<span>\u00a0<\/span>(antes Mexican Fine Arts Center Museum) en 1990; luego en 1994 en el Festival<span>\u00a0<\/span><strong><em>Sor Juana In\u00e9s de la Cruz<\/em><\/strong>. Su tema cl\u00e1sico fue bien recibido por el p\u00fablico. El reparto estaba formado por dos actrices adolescentes, Marcela Mu\u00f1oz y Gloria Garc\u00eda, y la violinista Maruca Helguera, todas ellas artistas muy j\u00f3venes. Otras producciones incluyen:<span>\u00a0<\/span><strong><em>Orqu\u00eddeas a la luz de la luna<\/em>\u00a0<\/strong>de Carlos Fuentes, estrenada en el National Museum of Mexican Art en 1991, y presentada nuevamente en Chicago University en 1992 como parte de la conferencia internacional<span>\u00a0<\/span><strong><em>Cruzando fronteras, creando espacios: Las Mujeres mexicanas y chicanas 1848-1992<\/em><\/strong><span>\u00a0<\/span>;<span>\u00a0<\/span><strong><em>Kinsey Report<\/em><\/strong>, unipersonal inspirado en el poema del mismo nombre de Rosario Castellanos, creado, actuado y dirigido por Rosario Vargas quien inaugur\u00f3 el nuevo auditorio de la Biblioteca Harold Washington el 14 de octubre de 1991. En 1994 Aguij\u00f3n Theater present\u00f3 su primera obra de teatro con traducci\u00f3n simult\u00e1nea biling\u00fce (espa\u00f1ol-ingl\u00e9s)<span>\u00a0<\/span><strong><em>La Chunga<\/em><\/strong>\u00a0de Mario Vargas Llosa, que fue bien recibida por el p\u00fablico. Y desde entonces todas las producciones se han presentado en ambos idiomas, ya sea con traducci\u00f3n simult\u00e1nea, biling\u00fce (espa\u00f1ol-ingl\u00e9s) o con supert\u00edtulos, como se hace actualmente.<\/p>\n<p>[\/et_pb_text][dipi_masonry_gallery images=\u00bb244416,244414,244410&#8243; gallery_ids=\u00bb244416,244414,244410&#8243; gallery_orderby=\u00bbrand\u00bb columns=\u00bb3&#8243; gutter=\u00bb20&#8243; columns_tablet=\u00bb3&#8243; columns_phone=\u00bb1&#8243; columns_last_edited=\u00bbon|phone\u00bb overlay_bg_color_gradient_type_tablet=\u00bblinear\u00bb overlay_bg_color_gradient_type_phone=\u00bblinear\u00bb _builder_version=\u00bb4.16&#8243; _module_preset=\u00bbdefault\u00bb global_colors_info=\u00bb{}\u00bb overlay_bg_color_gradient_type__hover=\u00bblinear\u00bb image_bg_color_gradient_type__hover=\u00bblinear\u00bb content_bg_color_gradient_type=\u00bblinear\u00bb content_hover_bg_color_gradient_type=\u00bblinear\u00bb item_bg_color_gradient_type=\u00bblinear\u00bb image_bg_color_gradient_type=\u00bblinear\u00bb front_side_bg_color_gradient_type=\u00bblinear\u00bb back_side_bg_color_gradient_type=\u00bblinear\u00bb first_heading_color_gradient_type=\u00bblinear\u00bb second_heading_color_gradient_type=\u00bblinear\u00bb background_text_color_gradient_type=\u00bblinear\u00bb fh_reveal_effect_color_gradient_type=\u00bblinear\u00bb sh_reveal_effect_color_gradient_type=\u00bblinear\u00bb][\/dipi_masonry_gallery][et_pb_text _builder_version=\u00bb4.24.2&#8243; _module_preset=\u00bbad511e44-b2b2-463b-848a-c39b36c14859&#8243; text_font=\u00bb||||||||\u00bb text_text_color=\u00bb#000000&#8243; text_line_height=\u00bb1.8em\u00bb header_font=\u00bbMontserrat|600||on|||||\u00bb header_font_size=\u00bb42px\u00bb header_2_font=\u00bbMontserrat|300|||||||\u00bb header_2_text_color=\u00bb#6b6b6b\u00bb header_2_font_size=\u00bb50px\u00bb header_2_line_height=\u00bb1.1em\u00bb header_3_font=\u00bbMontserrat|700||on|||||\u00bb header_3_text_color=\u00bb#fe0000&#8243; header_3_font_size=\u00bb14px\u00bb header_3_letter_spacing=\u00bb2px\u00bb header_3_line_height=\u00bb1.4em\u00bb header_2_font_size_tablet=\u00bb40px\u00bb header_2_font_size_phone=\u00bb30px\u00bb header_2_font_size_last_edited=\u00bbon|phone\u00bb header_3_font_size_tablet=\u00bb14px\u00bb header_3_font_size_phone=\u00bb\u00bb header_3_font_size_last_edited=\u00bbon|phone\u00bb global_colors_info=\u00bb{%22gcid-d5593506-794c-4e2e-8fea-c2751d9fe364%22:%91%22header_3_text_color%22%93,%22gcid-6737696d-265b-47ae-8080-27bb358a6235%22:%91%22header_2_text_color%22%93}\u00bb]<\/p>\n<p>Hasta 1999 Aguij\u00f3n ten\u00eda su sede en Truman College (1145 W. Wilson, Chicago) en el barrio Uptown, gracias al acuerdo alcanzado entre Madeline Rom\u00e1n-Vargas, la Dra. Mar\u00eda Vargas y la Dra. Ruth Burgos-Sasscer, entonces Presidenta de Truman College. La compa\u00f1\u00eda operaba como un teatro itinerante, llevando sus producciones a diferentes escuelas, bibliotecas y centros comunitarios de la ciudad y los suburbios aleda\u00f1os, National Museum of Mexican Art, Iglesia San P\u00edo, Centro Cultural Ruiz Belvis, Museo de Ciencia e Industria, Caf\u00e9 Teatro Batey, La D\u00e9cima Musa, Biblioteca Rudy Lozano, Biblioteca Harold Washington, Chicago Cutural Center, DePaw University, Dominican University, Purdue University, St. Augustine College, por nombrar algunos. De esta forma la compa\u00f1\u00eda pudo presentar su trabajo a diferentes p\u00fablicos que de otra manera no habri\u00e1n tenido acceso a sus espectaculos. Y desde aquellos viejos tiempos n\u00f3madas cre\u00f3 un p\u00fablico que, ahora que Aguij\u00f3n tiene su propio local, viene de todas partes de la ciudad para ver obras.<\/p>\n<p>En la primavera de 1999, Augusto Yanacopulos y Rosario Vargas compraron un antiguo edificio en el lado noroeste de Chicago para donarlo a la compa\u00f1\u00eda. Ese verano, con la ayuda de Marcela Mu\u00f1oz, Keith Werner, Juan Ram\u00edrez, Gregorio G\u00f3mez y Jos\u00e9 Arturo Burgos trabajaron para adaptarlo como teatro. En diciembre de 1999, Aguij\u00f3n Theater abri\u00f3 las puertas de su propia casa en 2707 North Laramie Avenue en el vecindario Belmont-Cragin de Chicago. Aguij\u00f3n se enorgullece de servir a esta comunidad en la que, aunque el espa\u00f1ol es uno de los idiomas m\u00e1s hablados y los latinos son el 65% de la poblaci\u00f3n, el acceso a las artes en espa\u00f1ol eran inexistentes antes de que la compa\u00f1\u00eda se mudara a este vecindario. Ahora, la compa\u00f1\u00eda cuenta con el creciente apoyo de los vecinos.<\/p>\n<p>A trav\u00e9s de sus a\u00f1os de existencia y de un refinado y arduo trabajo, Aguij\u00f3n Theater, se ha consolidado como una de las compa\u00f1\u00edas m\u00e1s conocidas y respetadas, no solo en la comunidad latina, sino de Chicago y Estados Unidos. La compa\u00f1\u00eda se mantiene activa con tres producciones anuales, adem\u00e1s de presentar conciertos, recitales, talleres, y presentaciones de libros, entre otros eventos.<\/p>\n<p>Aguij\u00f3n Theater ha recibido reconocimiento local e internacional. En 2003, Aguij\u00f3n particip\u00f3 en el<span>\u00a0<\/span><span>I <strong>Latino Theater Festival\u00a0<\/strong><\/span>de\u00a0Goodman Theater con su aclamada obra<span>\u00a0<\/span><strong><em>La casa de Bernarda Alba<\/em><\/strong><span>\u00a0<\/span>de Federico Garc\u00eda Lorca. Aguij\u00f3n fue la \u00fanica compa\u00f1\u00eda que present\u00f3 en espa\u00f1ol y abri\u00f3 el festival con taquilla agotada. El p\u00fablico recibi\u00f3 la obra con una gran ovaci\u00f3n. En 2004, Aguij\u00f3n fue nuevamente invitado a participar en este festival con su producci\u00f3n<span>\u00a0<\/span><strong><em>Bodas de sangre<\/em><\/strong><span>\u00a0<\/span>de Federico Garc\u00eda Lorca, obteniendo nuevamente excelentes cr\u00edticas. En noviembre de 2004, Aguij\u00f3n fue invitado a participar en el <em><strong>V Encuentro Internacional\u00a0M\u00e1scaras del Tiempo<\/strong><\/em>, el festival de teatro m\u00e1s importante del sur del Per\u00fa, que se realiza en Arequipa, y el V Festival Latinoamericano de Teatro del Cusco en Cusco. La compa\u00f1\u00eda present\u00f3 en esta ocasi\u00f3n<span>\u00a0<\/span><span><em>Perversiones<\/em><\/span>, una farsa sobre la guerra de los dramaturgos Jos\u00e9 Castro Urioste y Eduardo Cabrera y<span>\u00a0<\/span><strong><em>Lorca!<\/em><\/strong><span>\u00a0<\/span>un espect\u00e1culo de m\u00fasica, danza y teatro a trav\u00e9s de la poes\u00eda de Federico Garc\u00eda Lorca, muy aclamado por la prensa. En septiembre y octubre de 2005, Aguij\u00f3n regres\u00f3 a esos festivales en Per\u00fa y continu\u00f3 con la<span>\u00a0<\/span><span>I Cumbre Internacional de Teatro Lorquiano<\/span>, auspiciada por la Universidad Nacional General Sarmiento en San Miguel, Argentina, con su producci\u00f3n<span>\u00a0<\/span><strong><em>La Casa de Bernarda Alba<\/em>.<\/strong> En 2006 Aguij\u00f3n Theater present\u00f3<span>\u00a0<\/span><strong><em>Yerma<\/em><\/strong>\u00a0en el<span>\u00a0<\/span><span>III Latino theater Festival of\u00a0Goodman Theater<\/span>, completando as\u00ed la trilog\u00eda Lorquiana.<\/p>\n<p>[\/et_pb_text][dipi_masonry_gallery images=\u00bb244426,244424,244422,244420,244418,244412,244406,244408&#8243; gallery_ids=\u00bb244426,244424,244422,244420,244418,244412,244406,244408&#8243; gallery_orderby=\u00bbrand\u00bb columns=\u00bb3&#8243; gutter=\u00bb20&#8243; columns_tablet=\u00bb3&#8243; columns_phone=\u00bb1&#8243; columns_last_edited=\u00bbon|phone\u00bb overlay_bg_color_gradient_type_tablet=\u00bblinear\u00bb overlay_bg_color_gradient_type_phone=\u00bblinear\u00bb _builder_version=\u00bb4.16&#8243; _module_preset=\u00bbdefault\u00bb locked=\u00bboff\u00bb global_colors_info=\u00bb{}\u00bb overlay_bg_color_gradient_type__hover=\u00bblinear\u00bb image_bg_color_gradient_type__hover=\u00bblinear\u00bb content_bg_color_gradient_type=\u00bblinear\u00bb content_hover_bg_color_gradient_type=\u00bblinear\u00bb item_bg_color_gradient_type=\u00bblinear\u00bb image_bg_color_gradient_type=\u00bblinear\u00bb front_side_bg_color_gradient_type=\u00bblinear\u00bb back_side_bg_color_gradient_type=\u00bblinear\u00bb first_heading_color_gradient_type=\u00bblinear\u00bb second_heading_color_gradient_type=\u00bblinear\u00bb background_text_color_gradient_type=\u00bblinear\u00bb fh_reveal_effect_color_gradient_type=\u00bblinear\u00bb sh_reveal_effect_color_gradient_type=\u00bblinear\u00bb][\/dipi_masonry_gallery][et_pb_text _builder_version=\u00bb4.24.2&#8243; _module_preset=\u00bbad511e44-b2b2-463b-848a-c39b36c14859&#8243; text_font=\u00bb||||||||\u00bb text_text_color=\u00bb#000000&#8243; text_line_height=\u00bb1.8em\u00bb header_font=\u00bbMontserrat|600||on|||||\u00bb header_font_size=\u00bb42px\u00bb header_2_font=\u00bbMontserrat|300|||||||\u00bb header_2_text_color=\u00bb#6b6b6b\u00bb header_2_font_size=\u00bb50px\u00bb header_2_line_height=\u00bb1.1em\u00bb header_3_font=\u00bbMontserrat|700||on|||||\u00bb header_3_text_color=\u00bb#fe0000&#8243; header_3_font_size=\u00bb14px\u00bb header_3_letter_spacing=\u00bb2px\u00bb header_3_line_height=\u00bb1.4em\u00bb header_2_font_size_tablet=\u00bb40px\u00bb header_2_font_size_phone=\u00bb30px\u00bb header_2_font_size_last_edited=\u00bbon|phone\u00bb header_3_font_size_tablet=\u00bb14px\u00bb header_3_font_size_phone=\u00bb\u00bb header_3_font_size_last_edited=\u00bbon|phone\u00bb global_colors_info=\u00bb{%22gcid-d5593506-794c-4e2e-8fea-c2751d9fe364%22:%91%22header_3_text_color%22%93,%22gcid-6737696d-265b-47ae-8080-27bb358a6235%22:%91%22header_2_text_color%22%93}\u00bb]<\/p>\n<p>Para la temporada 2008\/2009, Aguij\u00f3n Theater decidi\u00f3 explorar la experiencia latina a trav\u00e9s de los cl\u00e1sicos del teatro estadounidense, quienes en su momento dieron forma a la lucha de grupos marginados (inmigrantes europeos durante la gran depresi\u00f3n, afroamericanos, trabajadores de clase media, etc.) en sus obras. Se extendi\u00f3 una invitaci\u00f3n a los escritores latinos que viven en los Estados Unidos para crear obras inspiradas en estos textos. El primer resultado de una estrecha colaboraci\u00f3n entre la directora Marcela Mu\u00f1oz y el escritor mexicano Ra\u00fal Dorantes fue<span>\u00a0<\/span><strong><em>Hasta los gorriones dejan su nido<\/em><\/strong>, una obra inspirada en<span>\u00a0<\/span><em><strong>The Strangest Kind of Romance<\/strong><span>\u00a0<\/span><\/em>(1942), del c\u00e9lebre dramaturgo estadounidense Tennessee Williams. En este trabajo, Ra\u00fal Dorantes ilustra los obst\u00e1culos que enfrentan muchos inmigrantes indocumentados cuando intentan construir su vida en el exterior: racismo, soledad y miedo al desarraigo. La obra tuvo su estreno mundial en agosto de 2008, dentro del<span>\u00a0<\/span><span><strong>IV Latino Theater Festival<\/strong> de Goodman Theater<\/span><span>\u00a0<\/span>seguido de una temporada en la sede del Aguij\u00f3n Theater, ante un auditorio completo y con excelentes cr\u00edticas. Aguij\u00f3n Theater aprovecha todas estas oportunidades para mostrar su trabajo y misi\u00f3n de producir teatro de calidad en espa\u00f1ol y para compartir con el mundo un vistazo de la vibrante comunidad art\u00edstica de Illinois.<\/p>\n<p>En 2009 Aguij\u00f3n Theater celebr\u00f3 su vig\u00e9simo aniversario, trayendo como invitada de honor a la gran escritora y periodista mexicana Elena Poniatowska. La temporada 2009\/2010,<span>\u00a0<\/span><strong><em>De la p\u00e1gina a las tablas<\/em><\/strong><span>\u00a0<\/span>fue un proyecto que buscaba explorar y desarrollar la literatura latinoamericana para llevarla al teatro. De ah\u00ed surge<span>\u00a0<\/span><strong><em>Soldaderas<\/em><\/strong>, obra original escrita por Oswaldo Calder\u00f3n, integrante del elenco de planta de Aguij\u00f3n Theater, que se bas\u00f3 en un ensayo que escribi\u00f3 la escritora mexicana Elena Poniatowska en 1999, que narra el rol femenino en la Revoluci\u00f3n Mexicana, sin el cual, seg\u00fan Poniatowska, habr\u00eda sido una guerra est\u00e9ril.<span>\u00a0<\/span><em>Soldaderas<\/em><span>\u00a0<\/span>se present\u00f3 en ingl\u00e9s y espa\u00f1ol, en noches alternas con un elenco totalmente biling\u00fce, y tuvo su estreno mundial en el<span>\u00a0<\/span><span>V Latino Theater Festival of Goodman Theater<\/span>, seguido de una temporada en Aguij\u00f3n Theater. Luego presentada en<span>\u00a0<\/span><strong>XXII Festival Mujeres en Escena por la Paz<\/strong>\u00a0en Bogot\u00e1, Colombia.<\/p>\n<p>En 2012 la compa\u00f1\u00eda viaj\u00f3 a Cartagena, Colombia para presentar la lectura dram\u00e1tizada de la obra<span>\u00a0<\/span><span><em><strong>Un extra\u00f1o cad\u00e1ver color malva<\/strong>\u00a0<\/em><\/span>del dramaturgo cartagenero Alberto Mar\u00edn Llerena, como parte de su temporada<span>\u00a0<\/span><span>Voces Caribe\u00f1as<\/span><span>\u00a0<\/span>con la que Aguij\u00f3n Theater decidi\u00f3 darle un vistazo m\u00e1s a fondo al Caribe hispanohablante y explorar a trav\u00e9s del teatro, las diferencias y similitudes de los pueblos que comparten conexiones culturales tan fuertes e hist\u00f3ricas. Esta presentaci\u00f3n se realiz\u00f3 en el<span>\u00a0<\/span><span>Museo de Arte Moderno de Cartagena<\/span>. Como parte de esa temporada tuvo lugar el estreno mundial de<span>\u00a0<\/span><strong><em>Adentro<\/em><\/strong>, obra original del dramaturgo cubano Abel Gonz\u00e1lez Melo, quien lleg\u00f3 desde Madrid invitado por la compa\u00f1\u00eda. La obra se represent\u00f3 en ingl\u00e9s y espa\u00f1ol.<\/p>\n<p><span>Voces Caribe\u00f1as<\/span><span>\u00a0<\/span>cerr\u00f3 con<span>\u00a0<\/span><strong><em>Las penas saben nadar<\/em><\/strong><span>\u00a0<\/span>del dramaturgo cubano Abelardo Estorino, obra que obtuvo elogios de p\u00fablico y cr\u00edtica, tanto en Chicago, como en Argentina, donde fue presentada en octubre de 2013 a trav\u00e9s de una invitaci\u00f3n a participar en el<span>\u00a0<\/span><span>IX Encuentro de Teatro y Territorio\u00a0<\/span>en la Universidad General Sarmiento, tanto en San Miguel como en Buenos Aires. En abril y mayo de 2014 se present\u00f3 nuevamente en Chicago.<\/p>\n<p>En 2014, Aguij\u00f3n Theater celebr\u00f3 sus 25 a\u00f1os. La junta y los artistas que actualmente conforman la compa\u00f1\u00eda, con su fuerte compromiso, contin\u00faan expandiendo la visi\u00f3n de Aguij\u00f3n Theater que sigue recibiendo y agradeciendo el apoyo de organizaciones como:<span>\u00a0<\/span><strong>Illinois Art Counsil, Chicago Cultural Affairs, National Museum of Mexican Art, Richard Driehaus Foundation, MacArthur Foundation, Chicago Community Trust, Instituto Cervantes of Chicago, Crossroads Foundation<\/strong>,<span>\u00a0<\/span><span>entre otros\u2026<\/span> Sin embargo, la vida de la compa\u00f1\u00eda tambi\u00e9n depende del apoyo incondicional de una red de voluntarios que creen en su misi\u00f3n y donan su tiempo y energ\u00eda para asegurar su \u00e9xito continuo\u2026<\/p>\n<p>[\/et_pb_text][\/et_pb_column][\/et_pb_row][\/et_pb_section]<\/p>\n","protected":false},"excerpt":{"rendered":"<p>Historia del Aguij\u00f3n theater company of Chicago HistoriaAguij\u00f3n Theater Company of Chicago\u00a0es una compa\u00f1\u00eda de teatro independiente fundada en 1989 por la actriz y directora Rosario Vargas, establecida e incorporada como organizaci\u00f3n sin fines de lucro 501 (c) (3) el 22 de agosto de 1990. La junta se estableci\u00f3 y se ampli\u00f3 de agosto a [&hellip;]<\/p>\n","protected":false},"author":1,"featured_media":0,"parent":0,"menu_order":0,"comment_status":"closed","ping_status":"closed","template":"","meta":{"_et_pb_use_builder":"on","_et_pb_old_content":"","_et_gb_content_width":"","footnotes":""},"dipi_cpt_category":[],"class_list":["post-241581","page","type-page","status-publish","hentry"],"_links":{"self":[{"href":"https:\/\/aguijontheater.org\/es\/wp-json\/wp\/v2\/pages\/241581"}],"collection":[{"href":"https:\/\/aguijontheater.org\/es\/wp-json\/wp\/v2\/pages"}],"about":[{"href":"https:\/\/aguijontheater.org\/es\/wp-json\/wp\/v2\/types\/page"}],"author":[{"embeddable":true,"href":"https:\/\/aguijontheater.org\/es\/wp-json\/wp\/v2\/users\/1"}],"replies":[{"embeddable":true,"href":"https:\/\/aguijontheater.org\/es\/wp-json\/wp\/v2\/comments?post=241581"}],"version-history":[{"count":76,"href":"https:\/\/aguijontheater.org\/es\/wp-json\/wp\/v2\/pages\/241581\/revisions"}],"predecessor-version":[{"id":249473,"href":"https:\/\/aguijontheater.org\/es\/wp-json\/wp\/v2\/pages\/241581\/revisions\/249473"}],"wp:attachment":[{"href":"https:\/\/aguijontheater.org\/es\/wp-json\/wp\/v2\/media?parent=241581"}],"wp:term":[{"taxonomy":"dipi_cpt_category","embeddable":true,"href":"https:\/\/aguijontheater.org\/es\/wp-json\/wp\/v2\/dipi_cpt_category?post=241581"}],"curies":[{"name":"wp","href":"https:\/\/api.w.org\/{rel}","templated":true}]}}