{"id":241574,"date":"2021-07-27T19:27:45","date_gmt":"2021-07-27T19:27:45","guid":{"rendered":"https:\/\/aguijon.xblu.com\/mision\/"},"modified":"2024-09-01T15:37:26","modified_gmt":"2024-09-01T15:37:26","slug":"mision","status":"publish","type":"page","link":"https:\/\/aguijontheater.org\/es\/mision\/","title":{"rendered":"Misi\u00f3n"},"content":{"rendered":"<p>[et_pb_section fb_built=\u00bb1&#8243; admin_label=\u00bbHeader\u00bb _builder_version=\u00bb4.27.0&#8243; top_divider_style=\u00bbslant2&#8243; top_divider_color=\u00bb#000000&#8243; top_divider_flip=\u00bbvertical\u00bb bottom_divider_style=\u00bbslant2&#8243; bottom_divider_color=\u00bb#000000&#8243; bottom_divider_flip=\u00bbhorizontal\u00bb hover_enabled=\u00bb0&#8243; locked=\u00bboff\u00bb global_colors_info=\u00bb{}\u00bb background_color=\u00bbRGBA(255,255,255,0)\u00bb sticky_enabled=\u00bb0&#8243; background_enable_image=\u00bboff\u00bb][et_pb_row disabled_on=\u00bboff|off|off\u00bb _builder_version=\u00bb4.27.0&#8243; _module_preset=\u00bbdefault\u00bb background_color=\u00bb#000000&#8243; custom_padding=\u00bb4px|||||\u00bb global_colors_info=\u00bb{}\u00bb][et_pb_column type=\u00bb4_4&#8243; _builder_version=\u00bb4.16&#8243; _module_preset=\u00bbdefault\u00bb global_colors_info=\u00bb{}\u00bb][et_pb_text _builder_version=\u00bb4.27.0&#8243; _module_preset=\u00bbdefault\u00bb text_font=\u00bb||||||||\u00bb text_text_color=\u00bb#FFFFFF\u00bb text_line_height=\u00bb1em\u00bb header_font=\u00bb|700||on|||||\u00bb header_font_size=\u00bb42px\u00bb header_2_font=\u00bbMontserrat|300|||||||\u00bb header_2_text_color=\u00bbgcid-6737696d-265b-47ae-8080-27bb358a6235&#8243; header_2_font_size=\u00bb50px\u00bb header_2_line_height=\u00bb1.1em\u00bb header_3_font=\u00bbMontserrat|700||on|||||\u00bb header_3_text_color=\u00bbgcid-d5593506-794c-4e2e-8fea-c2751d9fe364&#8243; header_3_font_size=\u00bb14px\u00bb header_3_letter_spacing=\u00bb2px\u00bb header_3_line_height=\u00bb1.4em\u00bb background_color=\u00bb#000000&#8243; custom_margin=\u00bb|||0px|false|false\u00bb custom_padding=\u00bb50px|50px|50px|50px|true|true\u00bb hover_enabled=\u00bb0&#8243; header_2_font_size_tablet=\u00bb40px\u00bb header_2_font_size_phone=\u00bb30px\u00bb header_2_font_size_last_edited=\u00bbon|phone\u00bb header_3_font_size_tablet=\u00bb14px\u00bb header_3_font_size_phone=\u00bb\u00bb header_3_font_size_last_edited=\u00bbon|phone\u00bb global_colors_info=\u00bb{%22gcid-d5593506-794c-4e2e-8fea-c2751d9fe364%22:%91%22header_3_text_color%22%93,%22gcid-6737696d-265b-47ae-8080-27bb358a6235%22:%91%22header_2_text_color%22%93}\u00bb text_font_size=\u00bb18px\u00bb border_radii=\u00bbon|20px|20px|20px|20px\u00bb sticky_enabled=\u00bb0&#8243;]<\/p>\n<p><span style=\"color: #ffffff;\">N<\/span><span style=\"color: #ffffff;\">UESTRA MISI\u00d3N<\/span><\/p>\n<p><span>Aguij\u00f3n Theater se dedica a crear experiencias teatrales emocionantes y significativas a trav\u00e9s de la exploraci\u00f3n cultural, la discusi\u00f3n y la representaci\u00f3n de obras biling\u00fces y en espa\u00f1ol de alta calidad. Con su impactante trabajo art\u00edstico, Aguij\u00f3n promueve la diversidad y desaf\u00eda e inspira a su audiencia a superar barreras idiom\u00e1ticas y cruzar fronteras culturales.<\/span><\/p>\n<p><span>La misi\u00f3n de Aguij\u00f3n Theater es promover y fomentar un teatro que aborde los problemas sociales que afectan, espec\u00edficamente, a la comunidad latina en los Estados Unidos, como a otros sectores de la sociedad, construyendo puentes de comunicaci\u00f3n y entendimiento entre las nuevas generaciones latinas, e inculc\u00e1ndoles el orgullo por la riqueza de su herencia cultural; donde artistas de diferentes disciplinas puedan representar en su propio idioma sus experiencias y logros. La compa\u00f1\u00eda produce obras de teatro cl\u00e1sicas y contempor\u00e1neas; a trav\u00e9s de las colaboraciones art\u00edsticas, las adaptaciones literarias, y el estudio de obras originales, expone al p\u00fablico latino y no latino al teatro en espa\u00f1ol de alta calidad con fines educativos y literarios.<\/span><\/p>\n<p><span>Aguij\u00f3n no discrimina por motivos de nacionalidad, raza, religi\u00f3n, sexo, orientaci\u00f3n sexual o credo pol\u00edtico. La compa\u00f1\u00eda se esfuerza por aumentar las oportunidades creativas y econ\u00f3micas para actores, directores y trabajadores del teatro de diferentes or\u00edgenes raciales y \u00e9tnicos y proporciona un foro en el que mostrar sus talentos.<\/span><span style=\"font-family: inherit;\"><\/span><\/p>\n<p>[\/et_pb_text][et_pb_image src=\u00bbhttps:\/\/aguijontheater.org\/wp-content\/uploads\/2021\/04\/13403943_993808634022364_8700421267051405508_o.jpg\u00bb title_text=\u00bb13403943_993808634022364_8700421267051405508_o\u00bb align=\u00bbcenter\u00bb _builder_version=\u00bb4.27.0&#8243; _module_preset=\u00bbdefault\u00bb hover_enabled=\u00bb0&#8243; global_colors_info=\u00bb{}\u00bb custom_padding=\u00bb||||true\u00bb border_radii=\u00bbon|20px|20px|20px|20px\u00bb sticky_enabled=\u00bb0&#8243;][\/et_pb_image][\/et_pb_column][\/et_pb_row][\/et_pb_section]<\/p>\n","protected":false},"excerpt":{"rendered":"<p>NUESTRA MISI\u00d3N Aguij\u00f3n Theater se dedica a crear experiencias teatrales emocionantes y significativas a trav\u00e9s de la exploraci\u00f3n cultural, la discusi\u00f3n y la representaci\u00f3n de obras biling\u00fces y en espa\u00f1ol de alta calidad. Con su impactante trabajo art\u00edstico, Aguij\u00f3n promueve la diversidad y desaf\u00eda e inspira a su audiencia a superar barreras idiom\u00e1ticas y cruzar [&hellip;]<\/p>\n","protected":false},"author":1,"featured_media":0,"parent":0,"menu_order":0,"comment_status":"closed","ping_status":"closed","template":"","meta":{"_et_pb_use_builder":"on","_et_pb_old_content":"","_et_gb_content_width":"","footnotes":""},"dipi_cpt_category":[],"class_list":["post-241574","page","type-page","status-publish","hentry"],"_links":{"self":[{"href":"https:\/\/aguijontheater.org\/es\/wp-json\/wp\/v2\/pages\/241574"}],"collection":[{"href":"https:\/\/aguijontheater.org\/es\/wp-json\/wp\/v2\/pages"}],"about":[{"href":"https:\/\/aguijontheater.org\/es\/wp-json\/wp\/v2\/types\/page"}],"author":[{"embeddable":true,"href":"https:\/\/aguijontheater.org\/es\/wp-json\/wp\/v2\/users\/1"}],"replies":[{"embeddable":true,"href":"https:\/\/aguijontheater.org\/es\/wp-json\/wp\/v2\/comments?post=241574"}],"version-history":[{"count":36,"href":"https:\/\/aguijontheater.org\/es\/wp-json\/wp\/v2\/pages\/241574\/revisions"}],"predecessor-version":[{"id":249485,"href":"https:\/\/aguijontheater.org\/es\/wp-json\/wp\/v2\/pages\/241574\/revisions\/249485"}],"wp:attachment":[{"href":"https:\/\/aguijontheater.org\/es\/wp-json\/wp\/v2\/media?parent=241574"}],"wp:term":[{"taxonomy":"dipi_cpt_category","embeddable":true,"href":"https:\/\/aguijontheater.org\/es\/wp-json\/wp\/v2\/dipi_cpt_category?post=241574"}],"curies":[{"name":"wp","href":"https:\/\/api.w.org\/{rel}","templated":true}]}}